{"id":10515,"date":"2026-03-01T22:56:48","date_gmt":"2026-03-01T22:56:48","guid":{"rendered":"https:\/\/bioterme.si\/?page_id=10515"},"modified":"2026-03-01T23:31:04","modified_gmt":"2026-03-01T23:31:04","slug":"iz-globin-za-vase-zdravje","status":"publish","type":"page","link":"https:\/\/bioterme.si\/de\/iz-globin-za-vase-zdravje\/","title":{"rendered":"Aus der Tiefe f\u00fcr Ihre Gesundheit"},"content":{"rendered":"<div data-elementor-type=\"wp-page\" data-elementor-id=\"10515\" class=\"elementor elementor-10515\" data-elementor-post-type=\"page\">\n\t\t\t\t\t\t<section class=\"elementor-section elementor-top-section elementor-element elementor-element-de0d5bf elementor-section-height-min-height elementor-section-boxed elementor-section-height-default elementor-section-items-middle\" data-id=\"de0d5bf\" data-element_type=\"section\" data-settings=\"{&quot;background_background&quot;:&quot;classic&quot;}\">\n\t\t\t\t\t\t\t<div class=\"elementor-background-overlay\"><\/div>\n\t\t\t\t\t\t\t<div class=\"elementor-container elementor-column-gap-default\">\n\t\t\t\t\t<div class=\"elementor-column elementor-col-100 elementor-top-column elementor-element elementor-element-2798bb3\" data-id=\"2798bb3\" data-element_type=\"column\">\n\t\t\t<div class=\"elementor-widget-wrap elementor-element-populated\">\n\t\t\t\t\t\t<div class=\"elementor-element elementor-element-3d1d603 elementor-widget elementor-widget-heading\" data-id=\"3d1d603\" data-element_type=\"widget\" data-widget_type=\"heading.default\">\n\t\t\t\t<div class=\"elementor-widget-container\">\n\t\t\t\t\t<h2 class=\"elementor-heading-title elementor-size-default\">AUS DER TIEFE F\u00dcR IHRE GESUNDHEIT<\/h2>\t\t\t\t<\/div>\n\t\t\t\t<\/div>\n\t\t\t\t\t<\/div>\n\t\t<\/div>\n\t\t\t\t\t<\/div>\n\t\t<\/section>\n\t\t<div class=\"elementor-element elementor-element-d970a6a e-flex e-con-boxed e-con e-parent\" data-id=\"d970a6a\" data-element_type=\"container\" data-settings=\"{&quot;background_background&quot;:&quot;classic&quot;}\">\n\t\t\t\t\t<div class=\"e-con-inner\">\n\t\t<div class=\"elementor-element elementor-element-e727b59 e-con-full e-flex e-con e-child\" data-id=\"e727b59\" data-element_type=\"container\">\n\t\t\t\t<div class=\"elementor-element elementor-element-c62a93b elementor-widget-divider--view-line elementor-widget elementor-widget-divider\" data-id=\"c62a93b\" data-element_type=\"widget\" data-widget_type=\"divider.default\">\n\t\t\t\t<div class=\"elementor-widget-container\">\n\t\t\t\t\t\t\t<div class=\"elementor-divider\">\n\t\t\t<span class=\"elementor-divider-separator\">\n\t\t\t\t\t\t<\/span>\n\t\t<\/div>\n\t\t\t\t\t\t<\/div>\n\t\t\t\t<\/div>\n\t\t\t\t<div class=\"elementor-element elementor-element-feaef7b elementor-widget elementor-widget-heading\" data-id=\"feaef7b\" data-element_type=\"widget\" data-widget_type=\"heading.default\">\n\t\t\t\t<div class=\"elementor-widget-container\">\n\t\t\t\t\t<h2 class=\"elementor-heading-title elementor-size-default\"><b>Ein nat\u00fcrliches Heilmittel:<\/b><br> Bioterm thermomineralisches Wasser<\/h2>\t\t\t\t<\/div>\n\t\t\t\t<\/div>\n\t\t\t\t<div class=\"elementor-element elementor-element-acc60d0 elementor-widget elementor-widget-text-editor\" data-id=\"acc60d0\" data-element_type=\"widget\" data-widget_type=\"text-editor.default\">\n\t\t\t\t<div class=\"elementor-widget-container\">\n\t\t\t\t\t\t\t\t\t<p style=\"font-weight: 400;\">Die Besonderheit von Bioterme ist sein thermomineralisches Wasser, das aus zwei Tiefbrunnen stammt:<\/p><ul style=\"font-weight: 400;\"><li><strong>2.273 m<\/strong><\/li><li><strong>1.537 m<\/strong><\/li><\/ul><p style=\"font-weight: 400;\">Die Wassertemperatur an der Quelle liegt zwischen <strong>42 \u00b0C und 51 \u00b0C<\/strong>.<\/p><p style=\"font-weight: 400;\">Das Wasser ist rein, frei von Verunreinigungen, hyperthermisch und von hoher Qualit\u00e4t. Seine chemische Zusammensetzung ist reich an Natrium, Kalium und Bikarbonat. Seine stabile Mineralstruktur ist das Ergebnis nat\u00fcrlicher geologischer Prozesse in den tiefen Schichten des Pannonischen Beckens.<\/p><p style=\"font-weight: 400;\">Die heilenden Wirkungen von thermomineralischem Wasser werden definiert und validiert in <strong>Beschluss Nr. 1612-9\/2009\/13 des Gesundheitsministeriums \u00fcber die Deklaration eines Naturarzneimittels<\/strong>, ausgestellt vom Gesundheitsministerium der Republik Slowenien.<\/p><p style=\"font-weight: 400;\">Die Studie \u00fcber die medizinischen Wirkungen wurde von Prof. Janez Kra\u0161evec, MD, Spezialist f\u00fcr Balneologie, durchgef\u00fchrt.<\/p>\t\t\t\t\t\t\t\t<\/div>\n\t\t\t\t<\/div>\n\t\t\t\t<div class=\"elementor-element elementor-element-8d9988d elementor-align-left elementor-widget elementor-widget-button\" data-id=\"8d9988d\" data-element_type=\"widget\" data-widget_type=\"button.default\">\n\t\t\t\t<div class=\"elementor-widget-container\">\n\t\t\t\t\t\t\t\t\t<div class=\"elementor-button-wrapper\">\n\t\t\t\t\t<a class=\"elementor-button elementor-button-link elementor-size-sm\" href=\"https:\/\/bioterme.si\/de\/paketi\/\">\n\t\t\t\t\t\t<span class=\"elementor-button-content-wrapper\">\n\t\t\t\t\t\t<span class=\"elementor-button-icon\">\n\t\t\t\t<i aria-hidden=\"true\" class=\"fas fa-angle-right\"><\/i>\t\t\t<\/span>\n\t\t\t\t\t\t\t\t\t<span class=\"elementor-button-text\">Pr\u00fcfen Sie das Angebot<\/span>\n\t\t\t\t\t<\/span>\n\t\t\t\t\t<\/a>\n\t\t\t\t<\/div>\n\t\t\t\t\t\t\t\t<\/div>\n\t\t\t\t<\/div>\n\t\t\t\t<\/div>\n\t\t<div class=\"elementor-element elementor-element-bd91331 e-con-full e-flex e-con e-child\" data-id=\"bd91331\" data-element_type=\"container\">\n\t\t\t\t<div class=\"elementor-element elementor-element-148cf1e elementor-widget elementor-widget-image\" data-id=\"148cf1e\" data-element_type=\"widget\" data-widget_type=\"image.default\">\n\t\t\t\t<div class=\"elementor-widget-container\">\n\t\t\t\t\t\t\t\t\t\t\t\t\t\t\t<img fetchpriority=\"high\" decoding=\"async\" width=\"2560\" height=\"1707\" src=\"https:\/\/bioterme.si\/wp-content\/uploads\/2023\/04\/mediaspeed0070-scaled.jpg\" class=\"attachment-full size-full wp-image-2981\" alt=\"\" srcset=\"https:\/\/bioterme.si\/wp-content\/uploads\/2023\/04\/mediaspeed0070-scaled.jpg 2560w, https:\/\/bioterme.si\/wp-content\/uploads\/2023\/04\/mediaspeed0070-300x200.jpg 300w, https:\/\/bioterme.si\/wp-content\/uploads\/2023\/04\/mediaspeed0070-1024x683.jpg 1024w, https:\/\/bioterme.si\/wp-content\/uploads\/2023\/04\/mediaspeed0070-768x512.jpg 768w, https:\/\/bioterme.si\/wp-content\/uploads\/2023\/04\/mediaspeed0070-1536x1024.jpg 1536w, https:\/\/bioterme.si\/wp-content\/uploads\/2023\/04\/mediaspeed0070-2048x1365.jpg 2048w, https:\/\/bioterme.si\/wp-content\/uploads\/2023\/04\/mediaspeed0070-18x12.jpg 18w\" sizes=\"(max-width: 2560px) 100vw, 2560px\" \/>\t\t\t\t\t\t\t\t\t\t\t\t\t\t\t<\/div>\n\t\t\t\t<\/div>\n\t\t\t\t<\/div>\n\t\t\t\t\t<\/div>\n\t\t\t\t<\/div>\n\t\t<div class=\"elementor-element elementor-element-c6c864c e-flex e-con-boxed e-con e-parent\" data-id=\"c6c864c\" data-element_type=\"container\" data-settings=\"{&quot;background_background&quot;:&quot;classic&quot;}\">\n\t\t\t\t\t<div class=\"e-con-inner\">\n\t\t<div class=\"elementor-element elementor-element-da37f61 e-con-full e-flex e-con e-child\" data-id=\"da37f61\" data-element_type=\"container\">\n\t\t\t\t<div class=\"elementor-element elementor-element-68d2cce elementor-widget-divider--view-line elementor-widget elementor-widget-divider\" data-id=\"68d2cce\" data-element_type=\"widget\" data-widget_type=\"divider.default\">\n\t\t\t\t<div class=\"elementor-widget-container\">\n\t\t\t\t\t\t\t<div class=\"elementor-divider\">\n\t\t\t<span class=\"elementor-divider-separator\">\n\t\t\t\t\t\t<\/span>\n\t\t<\/div>\n\t\t\t\t\t\t<\/div>\n\t\t\t\t<\/div>\n\t\t\t\t<div class=\"elementor-element elementor-element-f2a8d15 elementor-widget elementor-widget-heading\" data-id=\"f2a8d15\" data-element_type=\"widget\" data-widget_type=\"heading.default\">\n\t\t\t\t<div class=\"elementor-widget-container\">\n\t\t\t\t\t<h2 class=\"elementor-heading-title elementor-size-default translation-block\">Empfohlene <b>Verwendung<\/b><\/h2>\t\t\t\t<\/div>\n\t\t\t\t<\/div>\n\t\t\t\t<div class=\"elementor-element elementor-element-15a50ea elementor-widget elementor-widget-text-editor\" data-id=\"15a50ea\" data-element_type=\"widget\" data-widget_type=\"text-editor.default\">\n\t\t\t\t<div class=\"elementor-widget-container\">\n\t\t\t\t\t\t\t\t\t<p style=\"font-weight: 400;\">Thermo-Mineralwasser ist geeignet f\u00fcr:<\/p><ul style=\"font-weight: 400;\"><li>chronische degenerative Ver\u00e4nderungen der Wirbels\u00e4ule und der Gelenke<\/li><li>chronisch rheumatische Ver\u00e4nderungen<\/li><li>Fortsetzung der Physiotherapie nach vorheriger Behandlung<\/li><li>Reflexdystrophien<\/li><li>Muskelerschlaffung<\/li><li>Pr\u00e4ventionsprogramme f\u00fcr Wirbels\u00e4ule und Gelenke<\/li><li>Programme zur Vorbeugung von Osteoporose<\/li><li>Erholung, Unterwassermassagen und sportliche Aktivit\u00e4ten<\/li><\/ul><p style=\"font-weight: 400;\">Sie hat eine positive Wirkung auf die Erhaltung der Funktionsf\u00e4higkeit des Bewegungsapparates und unterst\u00fctzt die Regeneration und die allgemeine Entspannung.<\/p>\t\t\t\t\t\t\t\t<\/div>\n\t\t\t\t<\/div>\n\t\t\t\t<\/div>\n\t\t\t\t\t<\/div>\n\t\t\t\t<\/div>\n\t\t<div class=\"elementor-element elementor-element-888c5dd e-flex e-con-boxed e-con e-parent\" data-id=\"888c5dd\" data-element_type=\"container\" data-settings=\"{&quot;background_background&quot;:&quot;classic&quot;}\">\n\t\t\t\t\t<div class=\"e-con-inner\">\n\t\t<div class=\"elementor-element elementor-element-c8cd8cc e-con-full e-flex e-con e-child\" data-id=\"c8cd8cc\" data-element_type=\"container\">\n\t\t\t\t<div class=\"elementor-element elementor-element-3249680 elementor-widget-divider--view-line elementor-widget elementor-widget-divider\" data-id=\"3249680\" data-element_type=\"widget\" data-widget_type=\"divider.default\">\n\t\t\t\t<div class=\"elementor-widget-container\">\n\t\t\t\t\t\t\t<div class=\"elementor-divider\">\n\t\t\t<span class=\"elementor-divider-separator\">\n\t\t\t\t\t\t<\/span>\n\t\t<\/div>\n\t\t\t\t\t\t<\/div>\n\t\t\t\t<\/div>\n\t\t\t\t<div class=\"elementor-element elementor-element-c3e9933 elementor-widget elementor-widget-heading\" data-id=\"c3e9933\" data-element_type=\"widget\" data-widget_type=\"heading.default\">\n\t\t\t\t<div class=\"elementor-widget-container\">\n\t\t\t\t\t<h2 class=\"elementor-heading-title elementor-size-default\"><b>Geothermische Rahmenbedingungen in Nordostslowenien<\/b>\n<\/h2>\t\t\t\t<\/div>\n\t\t\t\t<\/div>\n\t\t\t\t<div class=\"elementor-element elementor-element-4faa7a8 elementor-widget elementor-widget-text-editor\" data-id=\"4faa7a8\" data-element_type=\"widget\" data-widget_type=\"text-editor.default\">\n\t\t\t\t<div class=\"elementor-widget-container\">\n\t\t\t\t\t\t\t\t\t<p style=\"font-weight: 400;\">Der Nordosten Sloweniens liegt im Pannonischen Becken, einem der reichsten geothermischen Gebiete des Landes. Der erh\u00f6hte geothermische Gradient erw\u00e4rmt das Grundwasser in tiefen Schichten auf nat\u00fcrliche Weise und reichert es mit Mineralien an.<\/p><p style=\"font-weight: 400;\">Biotermes nutzt diese nat\u00fcrliche Ressource auf verantwortungsvolle und nachhaltige Weise mit zwei eigenen Tiefbohrungen, die einen stabilen und langfristigen Zugang zu thermo-mineralischem Wasser erm\u00f6glichen.<\/p>\t\t\t\t\t\t\t\t<\/div>\n\t\t\t\t<\/div>\n\t\t\t\t<\/div>\n\t\t<div class=\"elementor-element elementor-element-5a96b3a e-con-full e-flex e-con e-child\" data-id=\"5a96b3a\" data-element_type=\"container\">\n\t\t\t\t<div class=\"elementor-element elementor-element-ad3cb64 elementor-widget elementor-widget-image\" data-id=\"ad3cb64\" data-element_type=\"widget\" data-widget_type=\"image.default\">\n\t\t\t\t<div class=\"elementor-widget-container\">\n\t\t\t\t\t\t\t\t\t\t\t\t\t\t\t<img decoding=\"async\" width=\"2560\" height=\"1707\" src=\"https:\/\/bioterme.si\/wp-content\/uploads\/2023\/04\/mediaspeed0015-scaled.jpg\" class=\"attachment-full size-full wp-image-2970\" alt=\"\" srcset=\"https:\/\/bioterme.si\/wp-content\/uploads\/2023\/04\/mediaspeed0015-scaled.jpg 2560w, https:\/\/bioterme.si\/wp-content\/uploads\/2023\/04\/mediaspeed0015-300x200.jpg 300w, https:\/\/bioterme.si\/wp-content\/uploads\/2023\/04\/mediaspeed0015-1024x683.jpg 1024w, https:\/\/bioterme.si\/wp-content\/uploads\/2023\/04\/mediaspeed0015-768x512.jpg 768w, https:\/\/bioterme.si\/wp-content\/uploads\/2023\/04\/mediaspeed0015-1536x1024.jpg 1536w, https:\/\/bioterme.si\/wp-content\/uploads\/2023\/04\/mediaspeed0015-2048x1365.jpg 2048w, https:\/\/bioterme.si\/wp-content\/uploads\/2023\/04\/mediaspeed0015-18x12.jpg 18w\" sizes=\"(max-width: 2560px) 100vw, 2560px\" \/>\t\t\t\t\t\t\t\t\t\t\t\t\t\t\t<\/div>\n\t\t\t\t<\/div>\n\t\t\t\t<\/div>\n\t\t\t\t\t<\/div>\n\t\t\t\t<\/div>\n\t\t\t\t<\/div>","protected":false},"excerpt":{"rendered":"<p>IZ GLOBIN ZA VA\u0160E ZDRAVJE Naravno zdravilno sredstvo: termo-mineralna voda Bioterm Posebnost Bioterme je termo-mineralna voda, ki izvira iz dveh globinskih vrtin: 2.273 m 1.537 m Temperatura vode na izviru zna\u0161a med 42 \u00b0C in 51 \u00b0C. Voda je \u010dista, brez primesi, hipertermalna in visoko kakovostna. Po kemijski sestavi je bogata z natrijem, kalijem in [&hellip;]<\/p>","protected":false},"author":9,"featured_media":0,"parent":0,"menu_order":0,"comment_status":"closed","ping_status":"closed","template":"elementor_header_footer","meta":{"footnotes":""},"class_list":["post-10515","page","type-page","status-publish","hentry"],"_links":{"self":[{"href":"https:\/\/bioterme.si\/de\/wp-json\/wp\/v2\/pages\/10515","targetHints":{"allow":["GET"]}}],"collection":[{"href":"https:\/\/bioterme.si\/de\/wp-json\/wp\/v2\/pages"}],"about":[{"href":"https:\/\/bioterme.si\/de\/wp-json\/wp\/v2\/types\/page"}],"author":[{"embeddable":true,"href":"https:\/\/bioterme.si\/de\/wp-json\/wp\/v2\/users\/9"}],"replies":[{"embeddable":true,"href":"https:\/\/bioterme.si\/de\/wp-json\/wp\/v2\/comments?post=10515"}],"version-history":[{"count":19,"href":"https:\/\/bioterme.si\/de\/wp-json\/wp\/v2\/pages\/10515\/revisions"}],"predecessor-version":[{"id":10540,"href":"https:\/\/bioterme.si\/de\/wp-json\/wp\/v2\/pages\/10515\/revisions\/10540"}],"wp:attachment":[{"href":"https:\/\/bioterme.si\/de\/wp-json\/wp\/v2\/media?parent=10515"}],"curies":[{"name":"wp","href":"https:\/\/api.w.org\/{rel}","templated":true}]}}