{"id":10604,"date":"2026-03-10T13:32:22","date_gmt":"2026-03-10T13:32:22","guid":{"rendered":"https:\/\/bioterme.si\/?page_id=10604"},"modified":"2026-03-10T13:43:27","modified_gmt":"2026-03-10T13:43:27","slug":"razpis-racunovodja","status":"publish","type":"page","link":"https:\/\/bioterme.si\/de\/razpis-racunovodja\/","title":{"rendered":"Razpis za prosto delovno mesto"},"content":{"rendered":"<div data-elementor-type=\"wp-page\" data-elementor-id=\"10604\" class=\"elementor elementor-10604\" data-elementor-post-type=\"page\">\n\t\t\t\t\t\t<section class=\"elementor-section elementor-top-section elementor-element elementor-element-a92f522 elementor-section-height-min-height elementor-section-boxed elementor-section-height-default elementor-section-items-middle\" data-id=\"a92f522\" data-element_type=\"section\" data-settings=\"{&quot;background_background&quot;:&quot;classic&quot;}\">\n\t\t\t\t\t\t\t<div class=\"elementor-background-overlay\"><\/div>\n\t\t\t\t\t\t\t<div class=\"elementor-container elementor-column-gap-default\">\n\t\t\t\t\t<div class=\"elementor-column elementor-col-100 elementor-top-column elementor-element elementor-element-fadc6d0\" data-id=\"fadc6d0\" data-element_type=\"column\">\n\t\t\t<div class=\"elementor-widget-wrap elementor-element-populated\">\n\t\t\t\t\t\t<div class=\"elementor-element elementor-element-309a8a3 elementor-widget elementor-widget-heading\" data-id=\"309a8a3\" data-element_type=\"widget\" data-widget_type=\"heading.default\">\n\t\t\t\t<div class=\"elementor-widget-container\">\n\t\t\t\t\t<h2 class=\"elementor-heading-title elementor-size-default\">RAZPIS ZA PROSTO DELOVNO MESTO<br> <b>RA\u010cUNOVODJA <\/b><\/h2>\t\t\t\t<\/div>\n\t\t\t\t<\/div>\n\t\t\t\t\t<\/div>\n\t\t<\/div>\n\t\t\t\t\t<\/div>\n\t\t<\/section>\n\t\t\t\t<section class=\"elementor-section elementor-top-section elementor-element elementor-element-f852128 elementor-section-height-min-height elementor-section-boxed elementor-section-height-default elementor-section-items-middle\" data-id=\"f852128\" data-element_type=\"section\">\n\t\t\t\t\t\t<div class=\"elementor-container elementor-column-gap-default\">\n\t\t\t\t\t<div class=\"elementor-column elementor-col-100 elementor-top-column elementor-element elementor-element-7ba33cb\" data-id=\"7ba33cb\" data-element_type=\"column\">\n\t\t\t<div class=\"elementor-widget-wrap elementor-element-populated\">\n\t\t\t\t\t\t<div class=\"elementor-element elementor-element-e240a14 elementor-widget-divider--view-line elementor-widget elementor-widget-divider\" data-id=\"e240a14\" data-element_type=\"widget\" data-widget_type=\"divider.default\">\n\t\t\t\t<div class=\"elementor-widget-container\">\n\t\t\t\t\t\t\t<div class=\"elementor-divider\">\n\t\t\t<span class=\"elementor-divider-separator\">\n\t\t\t\t\t\t<\/span>\n\t\t<\/div>\n\t\t\t\t\t\t<\/div>\n\t\t\t\t<\/div>\n\t\t\t\t<div class=\"elementor-element elementor-element-1d78786 elementor-widget elementor-widget-heading\" data-id=\"1d78786\" data-element_type=\"widget\" data-widget_type=\"heading.default\">\n\t\t\t\t<div class=\"elementor-widget-container\">\n\t\t\t\t\t<h2 class=\"elementor-heading-title elementor-size-default\">RAZPIS ZA PROSTO DELOVNO MESTO: <br><b>RA\u010cUNOVODJA M\/\u017d v PODJETJU SEGRAP D.O.O., LJUTOMER<\/b><\/h2>\t\t\t\t<\/div>\n\t\t\t\t<\/div>\n\t\t\t\t<div class=\"elementor-element elementor-element-26bda62 elementor-widget elementor-widget-text-editor\" data-id=\"26bda62\" data-element_type=\"widget\" data-widget_type=\"text-editor.default\">\n\t\t\t\t<div class=\"elementor-widget-container\">\n\t\t\t\t\t\t\t\t\t<p><span style=\"font-weight: 400;\">Trajanje zaposlitve: nedolo\u010den \u010das<\/span><\/p><p><span style=\"font-weight: 400;\">Vrsta zaposlitve: polni delovni \u010das (40 ur)<\/span><\/p><p><span style=\"font-weight: 400;\">Poskusno delo: 3 mesece<\/span><\/p><p><span style=\"font-weight: 400;\">Zahtevane delovne izku\u0161nje: 1 leto<\/span><\/p><p><span style=\"font-weight: 400;\">Zahtevan vozni\u0161ki izpit kategorije B<\/span><\/p><p><span style=\"font-weight: 400;\">Zahtevana izobrazba: VI. Ali VII. Stopnja \u2013 smer ra\u010dunovodstvo\u00a0<\/span><\/p><p><span style=\"font-weight: 400;\">Znanja:\u00a0Poznavanje SRS (Slovenskih ra\u010dunovodskih standardov), dav\u010dne zakonodaje, dela z ra\u010dunovodskimi programi.<\/span><\/p><p>\u00a0<\/p><h4><strong>Opis del in nalog:<\/strong><\/h4><ul><li style=\"font-weight: 400;\" aria-level=\"1\"><span style=\"font-weight: 400;\">Samostojno izvajanje ra\u010dunovodskih del<\/span><\/li><li style=\"font-weight: 400;\" aria-level=\"1\"><span style=\"font-weight: 400;\">Sestavljanje ra\u010dunovodskih izkazov za vodstvo firme,\u00a0<\/span><\/li><li style=\"font-weight: 400;\" aria-level=\"1\"><span style=\"font-weight: 400;\">Izdelava in oddaja bilanc in izkazov na AJPES, FURS,\u2026<\/span><\/li><li style=\"font-weight: 400;\" aria-level=\"1\"><span style=\"font-weight: 400;\">Vodenje glavne knjige in analiti\u010dna evidenca saldakontov.<\/span><\/li><li style=\"font-weight: 400;\" aria-level=\"1\"><span style=\"font-weight: 400;\">Obra\u010dun davka na dodano vrednost ter vodenje dav\u010dnih evidenc.<\/span><\/li><li style=\"font-weight: 400;\" aria-level=\"1\"><span style=\"font-weight: 400;\">Obra\u010dun davkov od dobi\u010dka<\/span><\/li><li style=\"font-weight: 400;\" aria-level=\"1\"><span style=\"font-weight: 400;\">Kontrola knjigovodskih listin in ra\u010dunovodskih obra\u010dunov<\/span><\/li><li style=\"font-weight: 400;\" aria-level=\"1\"><span style=\"font-weight: 400;\">Seznam, amortizacija in prevrednotenje osnovnih sredstev.<\/span><\/li><li style=\"font-weight: 400;\" aria-level=\"1\"><span style=\"font-weight: 400;\">Priprava in izdelava dolo\u010denih statisti\u010dnih podatkov<\/span><\/li><li style=\"font-weight: 400;\" aria-level=\"1\"><span style=\"font-weight: 400;\">Arhiviranje knjigovodskih listin, obra\u010dunov in poslovnih knjig<\/span><\/li><li style=\"font-weight: 400;\" aria-level=\"1\"><span style=\"font-weight: 400;\">Druga dela po navodilih nadrejenega v skladu s strokovno in delovno usposobljenosti<\/span><\/li><\/ul><p>\u00a0<\/p><p><span style=\"font-weight: 400;\"><strong>Rok za prijavo kandidatov:<\/strong> 24.3.2026<\/span><\/p><p><span style=\"font-weight: 400;\"><strong>Na\u010din prijave:<\/strong> po mailu na <a href=\"mailto:info@segrap.si\">info@segrap.si<\/a><\/span><\/p><p><span style=\"font-weight: 400;\"><strong>Kontaktna oseba:<\/strong> Tina Geder,<a href=\"tel:025851700\"> 02\/585-1700<\/a><\/span><\/p>\t\t\t\t\t\t\t\t<\/div>\n\t\t\t\t<\/div>\n\t\t\t\t\t<\/div>\n\t\t<\/div>\n\t\t\t\t\t<\/div>\n\t\t<\/section>\n\t\t\t\t<\/div>","protected":false},"excerpt":{"rendered":"<p>RAZPIS ZA PROSTO DELOVNO MESTO RA\u010cUNOVODJA RAZPIS ZA PROSTO DELOVNO MESTO: RA\u010cUNOVODJA M\/\u017d v PODJETJU SEGRAP D.O.O., LJUTOMER Trajanje zaposlitve: nedolo\u010den \u010das Vrsta zaposlitve: polni delovni \u010das (40 ur) Poskusno delo: 3 mesece Zahtevane delovne izku\u0161nje: 1 leto Zahtevan vozni\u0161ki izpit kategorije B Zahtevana izobrazba: VI. Ali VII. Stopnja \u2013 smer ra\u010dunovodstvo\u00a0 Znanja:\u00a0Poznavanje SRS (Slovenskih [&hellip;]<\/p>","protected":false},"author":9,"featured_media":0,"parent":0,"menu_order":0,"comment_status":"closed","ping_status":"closed","template":"","meta":{"footnotes":""},"class_list":["post-10604","page","type-page","status-publish","hentry"],"_links":{"self":[{"href":"https:\/\/bioterme.si\/de\/wp-json\/wp\/v2\/pages\/10604","targetHints":{"allow":["GET"]}}],"collection":[{"href":"https:\/\/bioterme.si\/de\/wp-json\/wp\/v2\/pages"}],"about":[{"href":"https:\/\/bioterme.si\/de\/wp-json\/wp\/v2\/types\/page"}],"author":[{"embeddable":true,"href":"https:\/\/bioterme.si\/de\/wp-json\/wp\/v2\/users\/9"}],"replies":[{"embeddable":true,"href":"https:\/\/bioterme.si\/de\/wp-json\/wp\/v2\/comments?post=10604"}],"version-history":[{"count":11,"href":"https:\/\/bioterme.si\/de\/wp-json\/wp\/v2\/pages\/10604\/revisions"}],"predecessor-version":[{"id":10618,"href":"https:\/\/bioterme.si\/de\/wp-json\/wp\/v2\/pages\/10604\/revisions\/10618"}],"wp:attachment":[{"href":"https:\/\/bioterme.si\/de\/wp-json\/wp\/v2\/media?parent=10604"}],"curies":[{"name":"wp","href":"https:\/\/api.w.org\/{rel}","templated":true}]}}