{"id":107,"date":"2023-01-18T14:40:03","date_gmt":"2023-01-18T14:40:03","guid":{"rendered":"https:\/\/online-narocanje.si\/?page_id=107"},"modified":"2025-08-25T22:49:10","modified_gmt":"2025-08-25T22:49:10","slug":"sezonska-ponudba","status":"publish","type":"page","link":"https:\/\/bioterme.si\/de\/sezonska-ponudba\/","title":{"rendered":"Saisonales Angebot"},"content":{"rendered":"<div data-elementor-type=\"wp-page\" data-elementor-id=\"107\" class=\"elementor elementor-107\" data-elementor-post-type=\"page\">\n\t\t\t\t\t\t<section class=\"elementor-section elementor-top-section elementor-element elementor-element-16855bd elementor-section-height-min-height elementor-section-boxed elementor-section-height-default elementor-section-items-middle\" data-id=\"16855bd\" data-element_type=\"section\" data-settings=\"{&quot;background_background&quot;:&quot;classic&quot;}\">\n\t\t\t\t\t\t\t<div class=\"elementor-background-overlay\"><\/div>\n\t\t\t\t\t\t\t<div class=\"elementor-container elementor-column-gap-default\">\n\t\t\t\t\t<div class=\"elementor-column elementor-col-100 elementor-top-column elementor-element elementor-element-adc2aef\" data-id=\"adc2aef\" data-element_type=\"column\">\n\t\t\t<div class=\"elementor-widget-wrap elementor-element-populated\">\n\t\t\t\t\t\t<div class=\"elementor-element elementor-element-aa9c243 elementor-widget elementor-widget-heading\" data-id=\"aa9c243\" data-element_type=\"widget\" data-widget_type=\"heading.default\">\n\t\t\t\t<div class=\"elementor-widget-container\">\n\t\t\t\t\t<h2 class=\"elementor-heading-title elementor-size-default translation-block\"><b>Saisonales Angebot<\/b><\/h2>\t\t\t\t<\/div>\n\t\t\t\t<\/div>\n\t\t\t\t\t<\/div>\n\t\t<\/div>\n\t\t\t\t\t<\/div>\n\t\t<\/section>\n\t\t\t\t<section class=\"elementor-section elementor-top-section elementor-element elementor-element-2dbca50 elementor-section-height-min-height elementor-section-boxed elementor-section-height-default elementor-section-items-middle\" data-id=\"2dbca50\" data-element_type=\"section\" data-settings=\"{&quot;background_background&quot;:&quot;classic&quot;}\">\n\t\t\t\t\t\t<div class=\"elementor-container elementor-column-gap-default\">\n\t\t\t\t\t<div class=\"elementor-column elementor-col-100 elementor-top-column elementor-element elementor-element-8964252\" data-id=\"8964252\" data-element_type=\"column\">\n\t\t\t<div class=\"elementor-widget-wrap elementor-element-populated\">\n\t\t\t\t\t\t<div class=\"elementor-element elementor-element-d977c36 elementor-widget-divider--view-line elementor-widget elementor-widget-divider\" data-id=\"d977c36\" data-element_type=\"widget\" data-widget_type=\"divider.default\">\n\t\t\t\t<div class=\"elementor-widget-container\">\n\t\t\t\t\t\t\t<div class=\"elementor-divider\">\n\t\t\t<span class=\"elementor-divider-separator\">\n\t\t\t\t\t\t<\/span>\n\t\t<\/div>\n\t\t\t\t\t\t<\/div>\n\t\t\t\t<\/div>\n\t\t\t\t<div class=\"elementor-element elementor-element-38f6530 elementor-widget elementor-widget-heading\" data-id=\"38f6530\" data-element_type=\"widget\" data-widget_type=\"heading.default\">\n\t\t\t\t<div class=\"elementor-widget-container\">\n\t\t\t\t\t<h2 class=\"elementor-heading-title elementor-size-default translation-block\">Liebe <b>G\u00e4ste!<\/b><\/h2>\t\t\t\t<\/div>\n\t\t\t\t<\/div>\n\t\t\t\t<div class=\"elementor-element elementor-element-76ec222 elementor-widget elementor-widget-text-editor\" data-id=\"76ec222\" data-element_type=\"widget\" data-widget_type=\"text-editor.default\">\n\t\t\t\t<div class=\"elementor-widget-container\">\n\t\t\t\t\t\t\t\t\t<p><b>Unser Urlaubsangebot umfasst zahlreiche Leistungen, die f\u00fcr einen vollkommen sorglosen Aufenthalt inmitten der Natur sorgen.<\/b><\/p><p style=\"font-weight: 400;\">Um das beste Angebot zu erhalten, empfehlen wir Ihnen, uns Ihren gew\u00fcnschten Aufenthaltstermin sowie die Anzahl der Personen per E-Mail <a href=\"mailto:booking@bioterme.si\">booking@bioterme.si<\/a> zu senden.<\/p><p style=\"font-weight: 400;\">Vergessen Sie bei der Buchung nicht, auch unsere zus\u00e4tzlichen Erlebnisse zu w\u00e4hlen \u2013 Verw\u00f6hnmomente in privaten romantischen B\u00e4dern, klassische oder Ayurveda-Massagen oder die Anmietung einer privaten Sauna f\u00fcr absolute Privatsph\u00e4re.<\/p><p style=\"font-weight: 400;\">Bereichern Sie Ihren Aufenthalt mit dem Besuch von Sehensw\u00fcrdigkeiten in der Umgebung, wo Sie bei unseren Partnern von besonderen Vorteilen und Rabatten profitieren k\u00f6nnen.<\/p>\t\t\t\t\t\t\t\t<\/div>\n\t\t\t\t<\/div>\n\t\t\t\t<div class=\"elementor-element elementor-element-b86612f elementor-align-center elementor-widget elementor-widget-button\" data-id=\"b86612f\" data-element_type=\"widget\" data-widget_type=\"button.default\">\n\t\t\t\t<div class=\"elementor-widget-container\">\n\t\t\t\t\t\t\t\t\t<div class=\"elementor-button-wrapper\">\n\t\t\t\t\t<a class=\"elementor-button elementor-button-link elementor-size-sm\" href=\"https:\/\/bioterme.si\/de\/povprasevanje\/\">\n\t\t\t\t\t\t<span class=\"elementor-button-content-wrapper\">\n\t\t\t\t\t\t<span class=\"elementor-button-icon\">\n\t\t\t\t<i aria-hidden=\"true\" class=\"fas fa-angle-right\"><\/i>\t\t\t<\/span>\n\t\t\t\t\t\t\t\t\t<span class=\"elementor-button-text\">Buchung<\/span>\n\t\t\t\t\t<\/span>\n\t\t\t\t\t<\/a>\n\t\t\t\t<\/div>\n\t\t\t\t\t\t\t\t<\/div>\n\t\t\t\t<\/div>\n\t\t\t\t\t<\/div>\n\t\t<\/div>\n\t\t\t\t\t<\/div>\n\t\t<\/section>\n\t\t<div class=\"elementor-element elementor-element-0a0b134 e-flex e-con-boxed e-con e-parent\" data-id=\"0a0b134\" data-element_type=\"container\">\n\t\t\t\t\t<div class=\"e-con-inner\">\n\t\t\t\t<div class=\"elementor-element elementor-element-ae3c80d elementor-widget elementor-widget-ucaddon_post_blocks\" data-id=\"ae3c80d\" data-element_type=\"widget\" data-widget_type=\"ucaddon_post_blocks.default\">\n\t\t\t\t<div class=\"elementor-widget-container\">\n\t\t\t\t\t\n<!-- start Post Blocks -->\n\t\t<link id='font-awesome-css' href='https:\/\/bioterme.si\/wp-content\/plugins\/unlimited-elements-for-elementor\/assets_libraries\/font-awesome6\/fontawesome-all.min.css' type='text\/css' rel='stylesheet' >\n\t\t<link id='font-awesome-4-shim-css' href='https:\/\/bioterme.si\/wp-content\/plugins\/unlimited-elements-for-elementor\/assets_libraries\/font-awesome6\/fontawesome-v4-shims.min.css' type='text\/css' rel='stylesheet' >\n\n<style>\/* widget: Post Blocks *\/\n\n\n\n#uc_post_blocks_elementor_ae3c80d {\n    display:grid;\n}\n#uc_post_blocks_elementor_ae3c80d .ue_post_blocks_box\n{\n  overflow:hidden;\n}\n\n#uc_post_blocks_elementor_ae3c80d .ue_post_blocks_image\n{\n  overflow:hidden;\n}\n#uc_post_blocks_elementor_ae3c80d .ue_post_blocks_image img\n{\n  width:100%;\n  display:block;\n}\n#uc_post_blocks_elementor_ae3c80d .ue_post_blocks_link a\n{\n  display:inline-block;\n  text-decoration:none;\n  text-align:center;\n}\n\n\n#uc_post_blocks_elementor_ae3c80d .ue-grid-item-meta-data\n{\n  display:inlin-flex;\n  flex-wrap: wrap;\n}\n\n.ue-grid-item-meta-data\n{\n  font-size:12px;\n}\n\n#uc_post_blocks_elementor_ae3c80d .ue-grid-item-meta-data-icon\n{\n  line-height:1em;\n}\n\n#uc_post_blocks_elementor_ae3c80d .ue-grid-item-meta-data-icon svg\n{\n  width:1em;\n  height:1em;\n}\n\n#uc_post_blocks_elementor_ae3c80d .ue_post_blocks_box{\n  display: flex;\n  flex-direction: column;\n}\n#uc_post_blocks_elementor_ae3c80d .ue_post_blocks_content{\n display: flex; flex-grow: 1;\n flex-direction: column;\n}\n#uc_post_blocks_elementor_ae3c80d .ue_post_blocks_link{ margin-top: auto;\n}\n\n.ue-grid-item-category a\n{\n  display:inline-block;\n  font-size:10px;\n  text-transform:uppercase;\n}\n\n\n\n\n<\/style>\n\n<div id=\"uc_post_blocks_elementor_ae3c80d\" class=\"ue_post_blocks uc-items-wrapper\" >\n    <div class=\"ue_post_blocks_box\">\n    <div class=\"ue_post_blocks_image\">\n    <a href=\"https:\/\/bioterme.si\/de\/termalni-oddih\/\" style=\"display:block;\"><img fetchpriority=\"high\" decoding=\"async\" src=\"https:\/\/bioterme.si\/wp-content\/uploads\/2025\/08\/28.07.2025-Bioterme-Session-3-13-768x512.jpg\"  alt=\"28.07\" width=\"768\" height=\"512\"><\/a>\n  <\/div>\n    <div class=\"ue_post_blocks_content\">\n      \n     \n         \n    <div class=\"ue_post_blocks_title\"><a href=\"https:\/\/bioterme.si\/de\/termalni-oddih\/\">Thermen Urlaub<\/a><\/div>    \n        \n    \n    <div class=\"ue_post_blocks_text\">Spa-Pakete ab 51 \u20ac.<\/div>        \t<div class=\"ue_post_blocks_link\">\n          <a class=\"\" href='https:\/\/bioterme.si\/de\/termalni-oddih\/'>Mehr Lesen<\/a>\n    \t<\/div>\n      <\/div>\n<\/div>\n<div class=\"ue_post_blocks_box\">\n    <div class=\"ue_post_blocks_image\">\n    <a href=\"https:\/\/bioterme.si\/de\/pocitnice-in-prazniki-za-druzine\/\" style=\"display:block;\"><img decoding=\"async\" src=\"https:\/\/bioterme.si\/wp-content\/uploads\/2026\/01\/Druzina-v-bazenu_2025-1-768x432.jpg\"  alt=\"Happy family in the pool\" width=\"768\" height=\"432\"><\/a>\n  <\/div>\n    <div class=\"ue_post_blocks_content\">\n      \n     \n         \n    <div class=\"ue_post_blocks_title\"><a href=\"https:\/\/bioterme.si\/de\/pocitnice-in-prazniki-za-druzine\/\">Feiertage und Feste f\u00fcr Familien<\/a><\/div>    \n        \n    \n    <div class=\"ue_post_blocks_text\">Urlaubsangebot f\u00fcr Familien, Preise ab 79 \u20ac.<\/div>        \t<div class=\"ue_post_blocks_link\">\n          <a class=\"\" href='https:\/\/bioterme.si\/de\/pocitnice-in-prazniki-za-druzine\/'>Mehr Lesen<\/a>\n    \t<\/div>\n      <\/div>\n<\/div>\n<div class=\"ue_post_blocks_box\">\n    <div class=\"ue_post_blocks_image\">\n    <a href=\"https:\/\/bioterme.si\/de\/murski-wellness\/\" style=\"display:block;\"><img decoding=\"async\" src=\"https:\/\/bioterme.si\/wp-content\/uploads\/2024\/01\/DCD_Mura_02-05-2022_16-02-07_DSC_6431-\u2013-kopija-768x292.jpg\"  alt=\"DCD_Mura_02-05-2022_16-02-07_DSC_6431 \u2013 kopija\" width=\"768\" height=\"292\"><\/a>\n  <\/div>\n    <div class=\"ue_post_blocks_content\">\n      \n     \n         \n    <div class=\"ue_post_blocks_title\"><a href=\"https:\/\/bioterme.si\/de\/murski-wellness\/\">M\u00fcrska Wellness<\/a><\/div>    \n        \n    \n    <div class=\"ue_post_blocks_text\">Murska Wellness - Entspannungspaket f\u00fcr zwei Personen ab 399 \u20ac.<\/div>        \t<div class=\"ue_post_blocks_link\">\n          <a class=\"\" href='https:\/\/bioterme.si\/de\/murski-wellness\/'>Mehr Lesen<\/a>\n    \t<\/div>\n      <\/div>\n<\/div>\n<div class=\"ue_post_blocks_box\">\n    <div class=\"ue_post_blocks_image\">\n    <a href=\"https:\/\/bioterme.si\/de\/prlekija-vabi-2\/\" style=\"display:block;\"><img loading=\"lazy\" decoding=\"async\" src=\"https:\/\/bioterme.si\/wp-content\/uploads\/2023\/05\/JBA_0987_jeruzalem_jurebanfi-768x512.jpg\"  alt=\"JBA_0987_jeruzalem_jurebanfi\" width=\"768\" height=\"512\"><\/a>\n  <\/div>\n    <div class=\"ue_post_blocks_content\">\n      \n     \n         \n    <div class=\"ue_post_blocks_title\"><a href=\"https:\/\/bioterme.si\/de\/prlekija-vabi-2\/\">Prlekija l\u00e4dt ein<\/a><\/div>    \n        \n    \n    <div class=\"ue_post_blocks_text\">Prlekija l\u00e4dt Sie ein - ein Verw\u00f6hnpaket f\u00fcr zwei Personen ab 479 \u20ac.<\/div>        \t<div class=\"ue_post_blocks_link\">\n          <a class=\"\" href='https:\/\/bioterme.si\/de\/prlekija-vabi-2\/'>Mehr Lesen<\/a>\n    \t<\/div>\n      <\/div>\n<\/div>\n<div class=\"ue_post_blocks_box\">\n    <div class=\"ue_post_blocks_image\">\n    <a href=\"https:\/\/bioterme.si\/de\/razvajajta-se-skupaj\/\" style=\"display:block;\"><img loading=\"lazy\" decoding=\"async\" src=\"https:\/\/bioterme.si\/wp-content\/uploads\/2026\/01\/27.07.2025-Bioterme-Session-1-66-768x512.jpg\"  alt=\"27.07\" width=\"768\" height=\"512\"><\/a>\n  <\/div>\n    <div class=\"ue_post_blocks_content\">\n      \n     \n         \n    <div class=\"ue_post_blocks_title\"><a href=\"https:\/\/bioterme.si\/de\/razvajajta-se-skupaj\/\">Eine Auszeit zu zweit<\/a><\/div>    \n        \n    \n    <div class=\"ue_post_blocks_text\">Romantikpakete f\u00fcr eine Auszeit zu zweit - Verw\u00f6hnung ab 459 \u20ac.<\/div>        \t<div class=\"ue_post_blocks_link\">\n          <a class=\"\" href='https:\/\/bioterme.si\/de\/razvajajta-se-skupaj\/'>Mehr Lesen<\/a>\n    \t<\/div>\n      <\/div>\n<\/div>\n<div class=\"ue_post_blocks_box\">\n    <div class=\"ue_post_blocks_image\">\n    <a href=\"https:\/\/bioterme.si\/de\/poslovno-bivanje\/\" style=\"display:block;\"><img loading=\"lazy\" decoding=\"async\" src=\"https:\/\/bioterme.si\/wp-content\/uploads\/2023\/03\/Group-98-5-768x267.jpg\"  alt=\"Group 98-5\" width=\"768\" height=\"267\"><\/a>\n  <\/div>\n    <div class=\"ue_post_blocks_content\">\n      \n     \n         \n    <div class=\"ue_post_blocks_title\"><a href=\"https:\/\/bioterme.si\/de\/poslovno-bivanje\/\">Gesch\u00e4ftlicher Aufenthalt<\/a><\/div>    \n        \n    \n    <div class=\"ue_post_blocks_text\">Pakete f\u00fcr Gesch\u00e4ftsreisende ab 79 \u20ac.<\/div>        \t<div class=\"ue_post_blocks_link\">\n          <a class=\"\" href='https:\/\/bioterme.si\/de\/poslovno-bivanje\/'>Mehr Lesen<\/a>\n    \t<\/div>\n      <\/div>\n<\/div>\n<div class=\"ue_post_blocks_box\">\n    <div class=\"ue_post_blocks_image\">\n    <a href=\"https:\/\/bioterme.si\/de\/darilni-boni\/\" style=\"display:block;\"><img loading=\"lazy\" decoding=\"async\" src=\"https:\/\/bioterme.si\/wp-content\/uploads\/2026\/03\/501143-768x384.jpg\"  alt=\"501143\" width=\"768\" height=\"384\"><\/a>\n  <\/div>\n    <div class=\"ue_post_blocks_content\">\n      \n     \n         \n    <div class=\"ue_post_blocks_title\"><a href=\"https:\/\/bioterme.si\/de\/darilni-boni\/\">Geschenkgutscheine<\/a><\/div>    \n        \n    \n    <div class=\"ue_post_blocks_text\">Geschenkgutscheine - schenken Sie ein unvergessliches Erlebnis.<\/div>        \t<div class=\"ue_post_blocks_link\">\n          <a class=\"\" href='https:\/\/bioterme.si\/de\/darilni-boni\/'>Mehr Lesen<\/a>\n    \t<\/div>\n      <\/div>\n<\/div>\n<div class=\"ue_post_blocks_box\">\n    <div class=\"ue_post_blocks_image\">\n    <a href=\"https:\/\/bioterme.si\/de\/otroski-rojstni-dnevi-v-biotermah\/\" style=\"display:block;\"><img loading=\"lazy\" decoding=\"async\" src=\"https:\/\/bioterme.si\/wp-content\/uploads\/2026\/03\/26363-768x512.jpg\"  alt=\"26363\" width=\"768\" height=\"512\"><\/a>\n  <\/div>\n    <div class=\"ue_post_blocks_content\">\n      \n     \n         \n    <div class=\"ue_post_blocks_title\"><a href=\"https:\/\/bioterme.si\/de\/otroski-rojstni-dnevi-v-biotermah\/\">Kindergeburtstage bei Bioterme<\/a><\/div>    \n        \n    \n    <div class=\"ue_post_blocks_text\">Kindergeburtstage - ein unvergesslicher Spa\u00df f\u00fcr die Kleinsten.<\/div>        \t<div class=\"ue_post_blocks_link\">\n          <a class=\"\" href='https:\/\/bioterme.si\/de\/otroski-rojstni-dnevi-v-biotermah\/'>Mehr Lesen<\/a>\n    \t<\/div>\n      <\/div>\n<\/div>\n<div class=\"ue_post_blocks_box\">\n    <div class=\"ue_post_blocks_image\">\n    <a href=\"https:\/\/bioterme.si\/de\/ajurveda-vikend-paket\/\" style=\"display:block;\"><img loading=\"lazy\" decoding=\"async\" src=\"https:\/\/bioterme.si\/wp-content\/uploads\/2023\/04\/J9A6996-2-768x412.jpg\"  alt=\"_J9A6996 (2)\" width=\"768\" height=\"412\"><\/a>\n  <\/div>\n    <div class=\"ue_post_blocks_content\">\n      \n     \n         \n    <div class=\"ue_post_blocks_title\"><a href=\"https:\/\/bioterme.si\/de\/ajurveda-vikend-paket\/\">AYURVEDA WOCHENENDE PAKET<\/a><\/div>    \n        \n    \n    <div class=\"ue_post_blocks_text\">Ayurveda-Wochenendpaket - Entspannende Flucht und K\u00f6rperbalance ab 229 \u20ac<\/div>        \t<div class=\"ue_post_blocks_link\">\n          <a class=\"\" href='https:\/\/bioterme.si\/de\/ajurveda-vikend-paket\/'>Mehr Lesen<\/a>\n    \t<\/div>\n      <\/div>\n<\/div>\n<div class=\"ue_post_blocks_box\">\n    <div class=\"ue_post_blocks_image\">\n    <a href=\"https:\/\/bioterme.si\/de\/senior-paket\/\" style=\"display:block;\"><img loading=\"lazy\" decoding=\"async\" src=\"https:\/\/bioterme.si\/wp-content\/uploads\/2023\/03\/28.07.2025-Bioterme-Session-3-16-768x512.jpg\"  alt=\"28.07\" width=\"768\" height=\"512\"><\/a>\n  <\/div>\n    <div class=\"ue_post_blocks_content\">\n      \n     \n         \n    <div class=\"ue_post_blocks_title\"><a href=\"https:\/\/bioterme.si\/de\/senior-paket\/\">Senior Paket<\/a><\/div>    \n        \n    \n    <div class=\"ue_post_blocks_text\">Seniorenpaket - Komfort und Entspannung ab 50 \u20ac.<\/div>        \t<div class=\"ue_post_blocks_link\">\n          <a class=\"\" href='https:\/\/bioterme.si\/de\/senior-paket\/'>Mehr Lesen<\/a>\n    \t<\/div>\n      <\/div>\n<\/div>\n\n<\/div>\n<!-- end Post Blocks -->\t\t\t\t<\/div>\n\t\t\t\t<\/div>\n\t\t\t\t\t<\/div>\n\t\t\t\t<\/div>\n\t\t\t\t<\/div>","protected":false},"excerpt":{"rendered":"<p>Saisonale Angebote Liebe G\u00e4ste! Unser Urlaubsangebot umfasst eine Reihe von Leistungen, die Ihnen einen rundum sorglosen Urlaub inmitten der Natur garantieren. Um das beste Angebot zu erhalten, empfehlen wir Ihnen, uns Ihre bevorzugten Aufenthaltsdaten und die Anzahl der Personen an unsere E-Mail Adresse booking@bioterme.si zu schicken. Vergessen Sie bei der Buchung nicht, zus\u00e4tzliche Erlebnisse auszuw\u00e4hlen - Verw\u00f6hnung in privaten romantischen B\u00e4dern, klassische oder ayurvedische Massagen [...]<\/p>","protected":false},"author":1,"featured_media":0,"parent":0,"menu_order":0,"comment_status":"closed","ping_status":"closed","template":"elementor_header_footer","meta":{"footnotes":""},"class_list":["post-107","page","type-page","status-publish","hentry"],"_links":{"self":[{"href":"https:\/\/bioterme.si\/de\/wp-json\/wp\/v2\/pages\/107","targetHints":{"allow":["GET"]}}],"collection":[{"href":"https:\/\/bioterme.si\/de\/wp-json\/wp\/v2\/pages"}],"about":[{"href":"https:\/\/bioterme.si\/de\/wp-json\/wp\/v2\/types\/page"}],"author":[{"embeddable":true,"href":"https:\/\/bioterme.si\/de\/wp-json\/wp\/v2\/users\/1"}],"replies":[{"embeddable":true,"href":"https:\/\/bioterme.si\/de\/wp-json\/wp\/v2\/comments?post=107"}],"version-history":[{"count":166,"href":"https:\/\/bioterme.si\/de\/wp-json\/wp\/v2\/pages\/107\/revisions"}],"predecessor-version":[{"id":8427,"href":"https:\/\/bioterme.si\/de\/wp-json\/wp\/v2\/pages\/107\/revisions\/8427"}],"wp:attachment":[{"href":"https:\/\/bioterme.si\/de\/wp-json\/wp\/v2\/media?parent=107"}],"curies":[{"name":"wp","href":"https:\/\/api.w.org\/{rel}","templated":true}]}}