{"id":157,"date":"2023-01-18T15:05:48","date_gmt":"2023-01-18T15:05:48","guid":{"rendered":"https:\/\/online-narocanje.si\/?page_id=157"},"modified":"2025-08-31T12:31:52","modified_gmt":"2025-08-31T12:31:52","slug":"hotelski-bazen-bioterme","status":"publish","type":"page","link":"https:\/\/bioterme.si\/de\/hotelski-bazen-bioterme\/","title":{"rendered":"Schwimmbad des Hotels Bioterme"},"content":{"rendered":"<div data-elementor-type=\"wp-page\" data-elementor-id=\"157\" class=\"elementor elementor-157\" data-elementor-post-type=\"page\">\n\t\t\t\t\t\t<section class=\"elementor-section elementor-top-section elementor-element elementor-element-a4a8f9e elementor-section-height-min-height elementor-section-boxed elementor-section-height-default elementor-section-items-middle\" data-id=\"a4a8f9e\" data-element_type=\"section\" data-settings=\"{&quot;background_background&quot;:&quot;classic&quot;}\">\n\t\t\t\t\t\t<div class=\"elementor-container elementor-column-gap-default\">\n\t\t\t\t\t<div class=\"elementor-column elementor-col-100 elementor-top-column elementor-element elementor-element-75d4e3e\" data-id=\"75d4e3e\" data-element_type=\"column\">\n\t\t\t<div class=\"elementor-widget-wrap elementor-element-populated\">\n\t\t\t\t\t\t<div class=\"elementor-element elementor-element-c029a2e elementor-widget elementor-widget-heading\" data-id=\"c029a2e\" data-element_type=\"widget\" data-widget_type=\"heading.default\">\n\t\t\t\t<div class=\"elementor-widget-container\">\n\t\t\t\t\t<h2 class=\"elementor-heading-title elementor-size-default\"><b>Hotelbecken<\/b><\/h2>\t\t\t\t<\/div>\n\t\t\t\t<\/div>\n\t\t\t\t\t<\/div>\n\t\t<\/div>\n\t\t\t\t\t<\/div>\n\t\t<\/section>\n\t\t\t\t<section class=\"elementor-section elementor-top-section elementor-element elementor-element-dc0e87e elementor-section-height-min-height elementor-section-boxed elementor-section-height-default elementor-section-items-middle\" data-id=\"dc0e87e\" data-element_type=\"section\" data-settings=\"{&quot;background_background&quot;:&quot;classic&quot;}\">\n\t\t\t\t\t\t<div class=\"elementor-container elementor-column-gap-default\">\n\t\t\t\t\t<div class=\"elementor-column elementor-col-100 elementor-top-column elementor-element elementor-element-4901e91\" data-id=\"4901e91\" data-element_type=\"column\">\n\t\t\t<div class=\"elementor-widget-wrap elementor-element-populated\">\n\t\t\t\t\t\t<div class=\"elementor-element elementor-element-d250db7 elementor-widget-divider--view-line elementor-widget elementor-widget-divider\" data-id=\"d250db7\" data-element_type=\"widget\" data-widget_type=\"divider.default\">\n\t\t\t\t<div class=\"elementor-widget-container\">\n\t\t\t\t\t\t\t<div class=\"elementor-divider\">\n\t\t\t<span class=\"elementor-divider-separator\">\n\t\t\t\t\t\t<\/span>\n\t\t<\/div>\n\t\t\t\t\t\t<\/div>\n\t\t\t\t<\/div>\n\t\t\t\t<div class=\"elementor-element elementor-element-49259c7 elementor-widget elementor-widget-text-editor\" data-id=\"49259c7\" data-element_type=\"widget\" data-widget_type=\"text-editor.default\">\n\t\t\t\t<div class=\"elementor-widget-container\">\n\t\t\t\t\t\t\t\t\t<p>In der ersten Etage des Hotels Bioterme**** k\u00f6nnen Sie die entspannende und ruhige Atmosph\u00e4re des Au\u00dfenschwimmbads genie\u00dfen.&nbsp;<\/p>\n<p>Das Becken ist nur f\u00fcr Hotel- und Glamping- G\u00e4ste reserviert.&nbsp;<span style=\"color: var( --e-global-color-primary );\">Sun Valley. Es arbeitet nur <\/span><b style=\"color: var( --e-global-color-primary );\">IM JULI UND AUGUST<\/b><span style=\"color: var( --e-global-color-primary );\">.<\/span><\/p>\n<p>Direkt vom Hotel aus k\u00f6nnen Sie im Au\u00dfenbecken mit Wasserliegen und im kleineren runden Becken baden,&nbsp;<\/p>\n<p>entspannen oder einfach die Massaged\u00fcsen und Wassereffekte genie\u00dfen.<\/p>\n<p>Das Hotelbecken hat eine Wasserfl\u00e4che von 100 m2. Es stehen auch Liegest\u00fchle zur Verf\u00fcgung, um den sanften Genuss der Sonnenstrahlen zu erm\u00f6glichen.<\/p>\n<p>Der gr\u00f6\u00dfte Luxus ist die Natur selbst. Bei einem besonderen Wassererlebnis k\u00f6nnen Sie sich selbst davon \u00fcberzeugen!<\/p>\t\t\t\t\t\t\t\t<\/div>\n\t\t\t\t<\/div>\n\t\t\t\t\t<\/div>\n\t\t<\/div>\n\t\t\t\t\t<\/div>\n\t\t<\/section>\n\t\t\t\t<section class=\"elementor-section elementor-top-section elementor-element elementor-element-82aaf78 elementor-section-full_width elementor-section-height-default elementor-section-height-default\" data-id=\"82aaf78\" data-element_type=\"section\">\n\t\t\t\t\t\t<div class=\"elementor-container elementor-column-gap-default\">\n\t\t\t\t\t<div class=\"elementor-column elementor-col-100 elementor-top-column elementor-element elementor-element-eca7dc9\" data-id=\"eca7dc9\" data-element_type=\"column\">\n\t\t\t<div class=\"elementor-widget-wrap elementor-element-populated\">\n\t\t\t\t\t\t<div class=\"elementor-element elementor-element-65f6b1a elementor--h-position-center elementor--v-position-middle elementor-pagination-position-inside elementor-widget elementor-widget-slides\" data-id=\"65f6b1a\" data-element_type=\"widget\" data-settings=\"{&quot;navigation&quot;:&quot;dots&quot;,&quot;autoplay&quot;:&quot;yes&quot;,&quot;pause_on_hover&quot;:&quot;yes&quot;,&quot;pause_on_interaction&quot;:&quot;yes&quot;,&quot;autoplay_speed&quot;:5000,&quot;infinite&quot;:&quot;yes&quot;,&quot;transition&quot;:&quot;slide&quot;,&quot;transition_speed&quot;:500}\" data-widget_type=\"slides.default\">\n\t\t\t\t<div class=\"elementor-widget-container\">\n\t\t\t\t\t\t\t\t\t<div class=\"elementor-swiper\">\n\t\t\t\t\t<div class=\"elementor-slides-wrapper elementor-main-swiper swiper\" role=\"region\" aria-roledescription=\"carousel\" aria-label=\"Folien\" dir=\"ltr\" data-animation=\"fadeInUp\">\n\t\t\t\t<div class=\"swiper-wrapper elementor-slides\">\n\t\t\t\t\t\t\t\t\t\t<div class=\"elementor-repeater-item-4932e38 swiper-slide\" role=\"group\" aria-roledescription=\"slide\"><div class=\"swiper-slide-bg\" role=\"img\"><\/div><div class=\"swiper-slide-inner\" ><div class=\"swiper-slide-contents\"><div class=\"elementor-slide-description\">L<\/div><\/div><\/div><\/div><div class=\"elementor-repeater-item-7efe36b swiper-slide\" role=\"group\" aria-roledescription=\"slide\"><div class=\"swiper-slide-bg\" role=\"img\"><\/div><div class=\"swiper-slide-inner\" ><div class=\"swiper-slide-contents\"><div class=\"elementor-slide-description\">L<\/div><\/div><\/div><\/div><div class=\"elementor-repeater-item-51607f9 swiper-slide\" role=\"group\" aria-roledescription=\"slide\"><div class=\"swiper-slide-bg\" role=\"img\"><\/div><div class=\"swiper-slide-inner\" ><div class=\"swiper-slide-contents\"><div class=\"elementor-slide-description\">L<\/div><\/div><\/div><\/div><div class=\"elementor-repeater-item-fe600b2 swiper-slide\" role=\"group\" aria-roledescription=\"slide\"><div class=\"swiper-slide-bg\" role=\"img\"><\/div><div class=\"swiper-slide-inner\" ><div class=\"swiper-slide-contents\"><div class=\"elementor-slide-description\">L<\/div><\/div><\/div><\/div><div class=\"elementor-repeater-item-611701d swiper-slide\" role=\"group\" aria-roledescription=\"slide\"><div class=\"swiper-slide-bg\" role=\"img\"><\/div><div class=\"swiper-slide-inner\" ><div class=\"swiper-slide-contents\"><div class=\"elementor-slide-description\">L<\/div><\/div><\/div><\/div><div class=\"elementor-repeater-item-0888750 swiper-slide\" role=\"group\" aria-roledescription=\"slide\"><div class=\"swiper-slide-bg\" role=\"img\"><\/div><div class=\"swiper-slide-inner\" ><div class=\"swiper-slide-contents\"><div class=\"elementor-slide-description\">L<\/div><\/div><\/div><\/div><div class=\"elementor-repeater-item-8025de0 swiper-slide\" role=\"group\" aria-roledescription=\"slide\"><div class=\"swiper-slide-bg\" role=\"img\"><\/div><div class=\"swiper-slide-inner\" ><div class=\"swiper-slide-contents\"><div class=\"elementor-slide-description\">L<\/div><\/div><\/div><\/div><div class=\"elementor-repeater-item-89e3046 swiper-slide\" role=\"group\" aria-roledescription=\"slide\"><div class=\"swiper-slide-bg\" role=\"img\"><\/div><div class=\"swiper-slide-inner\" ><div class=\"swiper-slide-contents\"><div class=\"elementor-slide-description\">L<\/div><\/div><\/div><\/div><div class=\"elementor-repeater-item-092f6bd swiper-slide\" role=\"group\" aria-roledescription=\"slide\"><div class=\"swiper-slide-bg\" role=\"img\"><\/div><div class=\"swiper-slide-inner\" ><div class=\"swiper-slide-contents\"><div class=\"elementor-slide-description\">L<\/div><\/div><\/div><\/div><div class=\"elementor-repeater-item-c6161ea swiper-slide\" role=\"group\" aria-roledescription=\"slide\"><div class=\"swiper-slide-bg\" role=\"img\"><\/div><div class=\"swiper-slide-inner\" ><div class=\"swiper-slide-contents\"><div class=\"elementor-slide-description\">L<\/div><\/div><\/div><\/div>\t\t\t\t<\/div>\n\t\t\t\t\t\t\t\t\t\t\t\t\t\t\t\t\t\t\t\t<div class=\"swiper-pagination\"><\/div>\n\t\t\t\t\t\t\t\t\t\t\t\t<\/div>\n\t\t\t\t<\/div>\n\t\t\t\t\t\t\t\t<\/div>\n\t\t\t\t<\/div>\n\t\t\t\t\t<\/div>\n\t\t<\/div>\n\t\t\t\t\t<\/div>\n\t\t<\/section>\n\t\t\t\t<section class=\"elementor-section elementor-top-section elementor-element elementor-element-eea814a elementor-section-boxed elementor-section-height-default elementor-section-height-default\" data-id=\"eea814a\" data-element_type=\"section\" data-settings=\"{&quot;background_background&quot;:&quot;classic&quot;}\">\n\t\t\t\t\t\t<div class=\"elementor-container elementor-column-gap-default\">\n\t\t\t\t\t<div class=\"elementor-column elementor-col-100 elementor-top-column elementor-element elementor-element-d88cd5e\" data-id=\"d88cd5e\" data-element_type=\"column\">\n\t\t\t<div class=\"elementor-widget-wrap elementor-element-populated\">\n\t\t\t\t\t\t<div class=\"elementor-element elementor-element-4a358cf elementor-widget-divider--view-line elementor-widget elementor-widget-divider\" data-id=\"4a358cf\" data-element_type=\"widget\" data-widget_type=\"divider.default\">\n\t\t\t\t<div class=\"elementor-widget-container\">\n\t\t\t\t\t\t\t<div class=\"elementor-divider\">\n\t\t\t<span class=\"elementor-divider-separator\">\n\t\t\t\t\t\t<\/span>\n\t\t<\/div>\n\t\t\t\t\t\t<\/div>\n\t\t\t\t<\/div>\n\t\t\t\t<div class=\"elementor-element elementor-element-ae9bca7 elementor-widget elementor-widget-heading\" data-id=\"ae9bca7\" data-element_type=\"widget\" data-widget_type=\"heading.default\">\n\t\t\t\t<div class=\"elementor-widget-container\">\n\t\t\t\t\t<h2 class=\"elementor-heading-title elementor-size-default translation-block\">Aktuelles <b>Angebot<\/b><\/h2>\t\t\t\t<\/div>\n\t\t\t\t<\/div>\n\t\t\t\t\t<\/div>\n\t\t<\/div>\n\t\t\t\t\t<\/div>\n\t\t<\/section>\n\t\t\t\t<section class=\"elementor-section elementor-top-section elementor-element elementor-element-27e21f0 elementor-section-boxed elementor-section-height-default elementor-section-height-default\" data-id=\"27e21f0\" data-element_type=\"section\" data-settings=\"{&quot;background_background&quot;:&quot;classic&quot;}\">\n\t\t\t\t\t\t<div class=\"elementor-container elementor-column-gap-default\">\n\t\t\t\t\t<div class=\"elementor-column elementor-col-100 elementor-top-column elementor-element elementor-element-d63c4eb\" data-id=\"d63c4eb\" data-element_type=\"column\">\n\t\t\t<div class=\"elementor-widget-wrap elementor-element-populated\">\n\t\t\t\t\t\t<div class=\"elementor-element elementor-element-ceb3047 elementor-widget elementor-widget-ucaddon_uc_card_post_carousel\" data-id=\"ceb3047\" data-element_type=\"widget\" data-widget_type=\"ucaddon_uc_card_post_carousel.default\">\n\t\t\t\t<div class=\"elementor-widget-container\">\n\t\t\t\t\t\n<!-- start Post Carousel Lite -->\n\t\t<link id='font-awesome-css' href='https:\/\/bioterme.si\/wp-content\/plugins\/unlimited-elements-for-elementor\/assets_libraries\/font-awesome6\/fontawesome-all.min.css' type='text\/css' rel='stylesheet' >\n\t\t<link id='font-awesome-4-shim-css' href='https:\/\/bioterme.si\/wp-content\/plugins\/unlimited-elements-for-elementor\/assets_libraries\/font-awesome6\/fontawesome-v4-shims.min.css' type='text\/css' rel='stylesheet' >\n\t\t<link id='owl-carousel-css' href='https:\/\/bioterme.si\/wp-content\/plugins\/unlimited-elements-for-elementor\/assets_libraries\/owl-carousel-new\/assets\/owl.carousel.css' type='text\/css' rel='stylesheet' >\n\n<style>\/* widget: Post Carousel Lite *\/\n\n#uc_uc_card_post_carousel_elementor_ceb3047 *{\n  box-sizing:border-box;\n}\n#uc_uc_card_post_carousel_elementor_ceb3047{\n  position:relative;\n  min-height:1px;\n}\n#uc_uc_card_post_carousel_elementor_ceb3047 .uc_image_carousel_content{\n\ttext-align:left;\n    display: flex;\n     flex-flow: column nowrap;\n}\n#uc_uc_card_post_carousel_elementor_ceb3047 .ue_post_carousel_item\n{\n  overflow:hidden;\n  \n}\n\n#uc_uc_card_post_carousel_elementor_ceb3047 .ue_post_btn_holder\n{\n  margin-top:auto;\n}\n\n#uc_uc_card_post_carousel_elementor_ceb3047 .uc_more_btn{\n\n  display:inline-block;\n  text-align:center;\n  text-decoration:none;\n} \n\n.uc_overlay_image_carousel .uc_more_btn{\n  text-decoration:none;\n  display:inline-block;\n}\n\n.uc_overlay_image_carousel .uc_post_title{\n  font-size:21px;\n  text-decoration:none;\n}\n\n#uc_uc_card_post_carousel_elementor_ceb3047 .owl-nav .owl-prev{\n    position:absolute;\n    display:inline-block;\n    text-align:center;\n}\n#uc_uc_card_post_carousel_elementor_ceb3047 .owl-nav .owl-next{\n  position:absolute;\n  display:inline-block;\n  text-align:center;\n}\n\n\n#uc_uc_card_post_carousel_elementor_ceb3047 .owl-dots {\noverflow:hidden;\ndisplay:false !important;\ntext-align:center;\n}\n\n#uc_uc_card_post_carousel_elementor_ceb3047 .owl-dot {\nborder-radius:50%;\ndisplay:inline-block;\n}\n\n<\/style>\n\n<div class=\"uc_overlay_image_carousel\" id=\"uc_uc_card_post_carousel_elementor_ceb3047\" data-custom-sethtml=\"true\" >\n   <div class=\"uc_carousel owl-carousel owl-theme uc-items-wrapper\">\n   \t\t<div class=\"uc_image_carousel_container_holder ue_post_carousel_item ue-SEZONSKA PONUDBA\">\n  <div class=\"uc_image_carousel_placeholder\">\n    <a href=\"https:\/\/bioterme.si\/de\/termalni-oddih\/\"><div style=\"background-image:url(https:\/\/bioterme.si\/wp-content\/uploads\/2025\/08\/28.07.2025-Bioterme-Session-3-13-768x512.jpg); background-size:cover; background-position:center; height:200px;\"><\/div><\/a>\n  <\/div>\n\n  <div class=\"uc_image_carousel_content\" >\n                <a href=\"https:\/\/bioterme.si\/de\/termalni-oddih\/\" style=\"text-decoration:none;\"><div class=\"uc_post_title\" style=\"text-decoration:none;\">Thermen Urlaub<\/div><\/a>    <div class=\"ue_post_intro\">Spa-Pakete ab 51 \u20ac.<\/div>    <div class=\"ue_post_btn_holder\"><a class=\"uc_more_btn\"  href=\"https:\/\/bioterme.si\/de\/termalni-oddih\/\">Mehr Lesen<\/a><\/div>  <\/div>\n<\/div>\n<div class=\"uc_image_carousel_container_holder ue_post_carousel_item ue-Paketi\">\n  <div class=\"uc_image_carousel_placeholder\">\n    <a href=\"https:\/\/bioterme.si\/de\/pocitnice-in-prazniki-za-druzine\/\"><div style=\"background-image:url(https:\/\/bioterme.si\/wp-content\/uploads\/2026\/01\/Druzina-v-bazenu_2025-1-768x432.jpg); background-size:cover; background-position:center; height:200px;\"><\/div><\/a>\n  <\/div>\n\n  <div class=\"uc_image_carousel_content\" >\n                <a href=\"https:\/\/bioterme.si\/de\/pocitnice-in-prazniki-za-druzine\/\" style=\"text-decoration:none;\"><div class=\"uc_post_title\" style=\"text-decoration:none;\">Feiertage und Feste f\u00fcr Familien<\/div><\/a>    <div class=\"ue_post_intro\">Urlaubsangebot f\u00fcr Familien, Preise ab 79 \u20ac.<\/div>    <div class=\"ue_post_btn_holder\"><a class=\"uc_more_btn\"  href=\"https:\/\/bioterme.si\/de\/pocitnice-in-prazniki-za-druzine\/\">Mehr Lesen<\/a><\/div>  <\/div>\n<\/div>\n<div class=\"uc_image_carousel_container_holder ue_post_carousel_item ue-SEZONSKA PONUDBA\">\n  <div class=\"uc_image_carousel_placeholder\">\n    <a href=\"https:\/\/bioterme.si\/de\/murski-wellness\/\"><div style=\"background-image:url(https:\/\/bioterme.si\/wp-content\/uploads\/2024\/01\/DCD_Mura_02-05-2022_16-02-07_DSC_6431-\u2013-kopija-768x292.jpg); background-size:cover; background-position:center; height:200px;\"><\/div><\/a>\n  <\/div>\n\n  <div class=\"uc_image_carousel_content\" >\n                <a href=\"https:\/\/bioterme.si\/de\/murski-wellness\/\" style=\"text-decoration:none;\"><div class=\"uc_post_title\" style=\"text-decoration:none;\">M\u00fcrska Wellness<\/div><\/a>    <div class=\"ue_post_intro\">Murska Wellness - Entspannungspaket f\u00fcr zwei Personen ab 399 \u20ac.<\/div>    <div class=\"ue_post_btn_holder\"><a class=\"uc_more_btn\"  href=\"https:\/\/bioterme.si\/de\/murski-wellness\/\">Mehr Lesen<\/a><\/div>  <\/div>\n<\/div>\n<div class=\"uc_image_carousel_container_holder ue_post_carousel_item ue-Paketi\">\n  <div class=\"uc_image_carousel_placeholder\">\n    <a href=\"https:\/\/bioterme.si\/de\/prlekija-vabi-2\/\"><div style=\"background-image:url(https:\/\/bioterme.si\/wp-content\/uploads\/2023\/05\/JBA_0987_jeruzalem_jurebanfi-768x512.jpg); background-size:cover; background-position:center; height:200px;\"><\/div><\/a>\n  <\/div>\n\n  <div class=\"uc_image_carousel_content\" >\n                <a href=\"https:\/\/bioterme.si\/de\/prlekija-vabi-2\/\" style=\"text-decoration:none;\"><div class=\"uc_post_title\" style=\"text-decoration:none;\">Prlekija l\u00e4dt ein<\/div><\/a>    <div class=\"ue_post_intro\">Prlekija l\u00e4dt Sie ein - ein Verw\u00f6hnpaket f\u00fcr zwei Personen ab 479 \u20ac.<\/div>    <div class=\"ue_post_btn_holder\"><a class=\"uc_more_btn\"  href=\"https:\/\/bioterme.si\/de\/prlekija-vabi-2\/\">Mehr Lesen<\/a><\/div>  <\/div>\n<\/div>\n<div class=\"uc_image_carousel_container_holder ue_post_carousel_item ue-Paketi\">\n  <div class=\"uc_image_carousel_placeholder\">\n    <a href=\"https:\/\/bioterme.si\/de\/razvajajta-se-skupaj\/\"><div style=\"background-image:url(https:\/\/bioterme.si\/wp-content\/uploads\/2026\/01\/27.07.2025-Bioterme-Session-1-66-768x512.jpg); background-size:cover; background-position:center; height:200px;\"><\/div><\/a>\n  <\/div>\n\n  <div class=\"uc_image_carousel_content\" >\n                <a href=\"https:\/\/bioterme.si\/de\/razvajajta-se-skupaj\/\" style=\"text-decoration:none;\"><div class=\"uc_post_title\" style=\"text-decoration:none;\">Eine Auszeit zu zweit<\/div><\/a>    <div class=\"ue_post_intro\">Romantikpakete f\u00fcr eine Auszeit zu zweit - Verw\u00f6hnung ab 459 \u20ac.<\/div>    <div class=\"ue_post_btn_holder\"><a class=\"uc_more_btn\"  href=\"https:\/\/bioterme.si\/de\/razvajajta-se-skupaj\/\">Mehr Lesen<\/a><\/div>  <\/div>\n<\/div>\n<div class=\"uc_image_carousel_container_holder ue_post_carousel_item ue-Paketi\">\n  <div class=\"uc_image_carousel_placeholder\">\n    <a href=\"https:\/\/bioterme.si\/de\/poslovno-bivanje\/\"><div style=\"background-image:url(https:\/\/bioterme.si\/wp-content\/uploads\/2023\/03\/Group-98-5-768x267.jpg); background-size:cover; background-position:center; height:200px;\"><\/div><\/a>\n  <\/div>\n\n  <div class=\"uc_image_carousel_content\" >\n                <a href=\"https:\/\/bioterme.si\/de\/poslovno-bivanje\/\" style=\"text-decoration:none;\"><div class=\"uc_post_title\" style=\"text-decoration:none;\">Gesch\u00e4ftlicher Aufenthalt<\/div><\/a>    <div class=\"ue_post_intro\">Pakete f\u00fcr Gesch\u00e4ftsreisende ab 79 \u20ac.<\/div>    <div class=\"ue_post_btn_holder\"><a class=\"uc_more_btn\"  href=\"https:\/\/bioterme.si\/de\/poslovno-bivanje\/\">Mehr Lesen<\/a><\/div>  <\/div>\n<\/div>\n<div class=\"uc_image_carousel_container_holder ue_post_carousel_item ue-Paketi\">\n  <div class=\"uc_image_carousel_placeholder\">\n    <a href=\"https:\/\/bioterme.si\/de\/darilni-boni\/\"><div style=\"background-image:url(https:\/\/bioterme.si\/wp-content\/uploads\/2026\/03\/501143-768x384.jpg); background-size:cover; background-position:center; height:200px;\"><\/div><\/a>\n  <\/div>\n\n  <div class=\"uc_image_carousel_content\" >\n                <a href=\"https:\/\/bioterme.si\/de\/darilni-boni\/\" style=\"text-decoration:none;\"><div class=\"uc_post_title\" style=\"text-decoration:none;\">Geschenkgutscheine<\/div><\/a>    <div class=\"ue_post_intro\">Geschenkgutscheine - schenken Sie ein unvergessliches Erlebnis.<\/div>    <div class=\"ue_post_btn_holder\"><a class=\"uc_more_btn\"  href=\"https:\/\/bioterme.si\/de\/darilni-boni\/\">Mehr Lesen<\/a><\/div>  <\/div>\n<\/div>\n<div class=\"uc_image_carousel_container_holder ue_post_carousel_item ue-Paketi\">\n  <div class=\"uc_image_carousel_placeholder\">\n    <a href=\"https:\/\/bioterme.si\/de\/otroski-rojstni-dnevi-v-biotermah\/\"><div style=\"background-image:url(https:\/\/bioterme.si\/wp-content\/uploads\/2026\/03\/26363-768x512.jpg); background-size:cover; background-position:center; height:200px;\"><\/div><\/a>\n  <\/div>\n\n  <div class=\"uc_image_carousel_content\" >\n                <a href=\"https:\/\/bioterme.si\/de\/otroski-rojstni-dnevi-v-biotermah\/\" style=\"text-decoration:none;\"><div class=\"uc_post_title\" style=\"text-decoration:none;\">Kindergeburtstage bei Bioterme<\/div><\/a>    <div class=\"ue_post_intro\">Kindergeburtstage - ein unvergesslicher Spa\u00df f\u00fcr die Kleinsten.<\/div>    <div class=\"ue_post_btn_holder\"><a class=\"uc_more_btn\"  href=\"https:\/\/bioterme.si\/de\/otroski-rojstni-dnevi-v-biotermah\/\">Mehr Lesen<\/a><\/div>  <\/div>\n<\/div>\n<div class=\"uc_image_carousel_container_holder ue_post_carousel_item ue-Paketi\">\n  <div class=\"uc_image_carousel_placeholder\">\n    <a href=\"https:\/\/bioterme.si\/de\/ajurveda-vikend-paket\/\"><div style=\"background-image:url(https:\/\/bioterme.si\/wp-content\/uploads\/2023\/04\/J9A6996-2-768x412.jpg); background-size:cover; background-position:center; height:200px;\"><\/div><\/a>\n  <\/div>\n\n  <div class=\"uc_image_carousel_content\" >\n                <a href=\"https:\/\/bioterme.si\/de\/ajurveda-vikend-paket\/\" style=\"text-decoration:none;\"><div class=\"uc_post_title\" style=\"text-decoration:none;\">AYURVEDA WOCHENENDE PAKET<\/div><\/a>    <div class=\"ue_post_intro\">Ayurveda-Wochenendpaket - Entspannende Flucht und K\u00f6rperbalance ab 229 \u20ac<\/div>    <div class=\"ue_post_btn_holder\"><a class=\"uc_more_btn\"  href=\"https:\/\/bioterme.si\/de\/ajurveda-vikend-paket\/\">Mehr Lesen<\/a><\/div>  <\/div>\n<\/div>\n<div class=\"uc_image_carousel_container_holder ue_post_carousel_item ue-Paketi\">\n  <div class=\"uc_image_carousel_placeholder\">\n    <a href=\"https:\/\/bioterme.si\/de\/senior-paket\/\"><div style=\"background-image:url(https:\/\/bioterme.si\/wp-content\/uploads\/2023\/03\/28.07.2025-Bioterme-Session-3-16-768x512.jpg); background-size:cover; background-position:center; height:200px;\"><\/div><\/a>\n  <\/div>\n\n  <div class=\"uc_image_carousel_content\" >\n                <a href=\"https:\/\/bioterme.si\/de\/senior-paket\/\" style=\"text-decoration:none;\"><div class=\"uc_post_title\" style=\"text-decoration:none;\">Senior Paket<\/div><\/a>    <div class=\"ue_post_intro\">Seniorenpaket - Komfort und Entspannung ab 50 \u20ac.<\/div>    <div class=\"ue_post_btn_holder\"><a class=\"uc_more_btn\"  href=\"https:\/\/bioterme.si\/de\/senior-paket\/\">Mehr Lesen<\/a><\/div>  <\/div>\n<\/div>\n\n   <\/div>\t\n<\/div>\n\n<!-- --->\n<!-- --->\n<!-- --->\n<!-- end Post Carousel Lite -->\t\t\t\t<\/div>\n\t\t\t\t<\/div>\n\t\t\t\t\t<\/div>\n\t\t<\/div>\n\t\t\t\t\t<\/div>\n\t\t<\/section>\n\t\t\t\t<section class=\"elementor-section elementor-top-section elementor-element elementor-element-95aa516 elementor-section-boxed elementor-section-height-default elementor-section-height-default\" data-id=\"95aa516\" data-element_type=\"section\" data-settings=\"{&quot;background_background&quot;:&quot;classic&quot;}\">\n\t\t\t\t\t\t<div class=\"elementor-container elementor-column-gap-default\">\n\t\t\t\t\t<div class=\"elementor-column elementor-col-100 elementor-top-column elementor-element elementor-element-8ef6c8d\" data-id=\"8ef6c8d\" data-element_type=\"column\">\n\t\t\t<div class=\"elementor-widget-wrap elementor-element-populated\">\n\t\t\t\t\t\t<div class=\"elementor-element elementor-element-2cf5106 elementor-align-right elementor-widget elementor-widget-button\" data-id=\"2cf5106\" data-element_type=\"widget\" data-widget_type=\"button.default\">\n\t\t\t\t<div class=\"elementor-widget-container\">\n\t\t\t\t\t\t\t\t\t<div class=\"elementor-button-wrapper\">\n\t\t\t\t\t<a class=\"elementor-button elementor-button-link elementor-size-sm\" href=\"https:\/\/bioterme.si\/de\/paketi\/\">\n\t\t\t\t\t\t<span class=\"elementor-button-content-wrapper\">\n\t\t\t\t\t\t<span class=\"elementor-button-icon\">\n\t\t\t\t<i aria-hidden=\"true\" class=\"fas fa-angle-right\"><\/i>\t\t\t<\/span>\n\t\t\t\t\t\t\t\t\t<span class=\"elementor-button-text\">Alle Angebote<\/span>\n\t\t\t\t\t<\/span>\n\t\t\t\t\t<\/a>\n\t\t\t\t<\/div>\n\t\t\t\t\t\t\t\t<\/div>\n\t\t\t\t<\/div>\n\t\t\t\t\t<\/div>\n\t\t<\/div>\n\t\t\t\t\t<\/div>\n\t\t<\/section>\n\t\t\t\t<\/div>","protected":false},"excerpt":{"rendered":"<p>hotelski bazen V prvem nadstropju hotela Bioterme**** lahko na zunanjem bazenu u\u017eivate v spro\u0161\u010dujo\u010dem in mirnem vzdu\u0161ju.&nbsp; Bazen je namenjen gostom hotela Bioterme in glamping naselja&nbsp;Son\u010dna dolina. Obratuje samo V JULIJU IN AVGUSTU. Neposredno iz hotela lahko zaplavate v zunanji bazen z vodnimi le\u017ealniki, v manj\u0161em okroglem&nbsp;bazenu&nbsp; se lahko predajate po\u010ditku ali preprosto u\u017eivate v [&hellip;]<\/p>","protected":false},"author":1,"featured_media":0,"parent":0,"menu_order":0,"comment_status":"closed","ping_status":"closed","template":"elementor_header_footer","meta":{"footnotes":""},"class_list":["post-157","page","type-page","status-publish","hentry"],"_links":{"self":[{"href":"https:\/\/bioterme.si\/de\/wp-json\/wp\/v2\/pages\/157","targetHints":{"allow":["GET"]}}],"collection":[{"href":"https:\/\/bioterme.si\/de\/wp-json\/wp\/v2\/pages"}],"about":[{"href":"https:\/\/bioterme.si\/de\/wp-json\/wp\/v2\/types\/page"}],"author":[{"embeddable":true,"href":"https:\/\/bioterme.si\/de\/wp-json\/wp\/v2\/users\/1"}],"replies":[{"embeddable":true,"href":"https:\/\/bioterme.si\/de\/wp-json\/wp\/v2\/comments?post=157"}],"version-history":[{"count":70,"href":"https:\/\/bioterme.si\/de\/wp-json\/wp\/v2\/pages\/157\/revisions"}],"predecessor-version":[{"id":8469,"href":"https:\/\/bioterme.si\/de\/wp-json\/wp\/v2\/pages\/157\/revisions\/8469"}],"wp:attachment":[{"href":"https:\/\/bioterme.si\/de\/wp-json\/wp\/v2\/media?parent=157"}],"curies":[{"name":"wp","href":"https:\/\/api.w.org\/{rel}","templated":true}]}}