{"id":6001,"date":"2024-11-27T09:54:57","date_gmt":"2024-11-27T09:54:57","guid":{"rendered":"https:\/\/bioterme.si\/?page_id=6001"},"modified":"2025-07-01T11:47:59","modified_gmt":"2025-07-01T11:47:59","slug":"posta-slovenije-e-polnilnica-in-bankomat","status":"publish","type":"page","link":"https:\/\/bioterme.si\/de\/posta-slovenije-e-polnilnica-in-bankomat\/","title":{"rendered":"Postamt von Slowenien, E-Ladestation und Geldautomat"},"content":{"rendered":"<div data-elementor-type=\"wp-page\" data-elementor-id=\"6001\" class=\"elementor elementor-6001\" data-elementor-post-type=\"page\">\n\t\t\t\t\t\t<section class=\"elementor-section elementor-top-section elementor-element elementor-element-fbcabbc elementor-section-height-min-height elementor-section-boxed elementor-section-height-default elementor-section-items-middle\" data-id=\"fbcabbc\" data-element_type=\"section\" data-settings=\"{&quot;background_background&quot;:&quot;classic&quot;}\">\n\t\t\t\t\t\t<div class=\"elementor-container elementor-column-gap-default\">\n\t\t\t\t\t<div class=\"elementor-column elementor-col-100 elementor-top-column elementor-element elementor-element-7ac1ac3\" data-id=\"7ac1ac3\" data-element_type=\"column\">\n\t\t\t<div class=\"elementor-widget-wrap\">\n\t\t\t\t\t\t\t<\/div>\n\t\t<\/div>\n\t\t\t\t\t<\/div>\n\t\t<\/section>\n\t\t\t\t<section class=\"elementor-section elementor-top-section elementor-element elementor-element-352e272 elementor-section-height-min-height elementor-section-boxed elementor-section-height-default elementor-section-items-middle\" data-id=\"352e272\" data-element_type=\"section\" data-settings=\"{&quot;background_background&quot;:&quot;classic&quot;}\">\n\t\t\t\t\t\t<div class=\"elementor-container elementor-column-gap-default\">\n\t\t\t\t\t<div class=\"elementor-column elementor-col-100 elementor-top-column elementor-element elementor-element-b6af3ec\" data-id=\"b6af3ec\" data-element_type=\"column\">\n\t\t\t<div class=\"elementor-widget-wrap elementor-element-populated\">\n\t\t\t\t\t\t<div class=\"elementor-element elementor-element-c9fdec9 elementor-widget-divider--view-line elementor-widget elementor-widget-divider\" data-id=\"c9fdec9\" data-element_type=\"widget\" data-widget_type=\"divider.default\">\n\t\t\t\t<div class=\"elementor-widget-container\">\n\t\t\t\t\t\t\t<div class=\"elementor-divider\">\n\t\t\t<span class=\"elementor-divider-separator\">\n\t\t\t\t\t\t<\/span>\n\t\t<\/div>\n\t\t\t\t\t\t<\/div>\n\t\t\t\t<\/div>\n\t\t\t\t<div class=\"elementor-element elementor-element-e58a613 elementor-widget elementor-widget-heading\" data-id=\"e58a613\" data-element_type=\"widget\" data-widget_type=\"heading.default\">\n\t\t\t\t<div class=\"elementor-widget-container\">\n\t\t\t\t\t<h2 class=\"elementor-heading-title elementor-size-default\"><b>POST VON SLOWENIEN<\/b>, <b>E-F\u00dcLLER,<\/b> <b>ATM <b><\/b><\/b>UND <b>HANDEL<\/b><\/h2>\t\t\t\t<\/div>\n\t\t\t\t<\/div>\n\t\t\t\t<div class=\"elementor-element elementor-element-a3a3871 elementor-widget elementor-widget-text-editor\" data-id=\"a3a3871\" data-element_type=\"widget\" data-widget_type=\"text-editor.default\">\n\t\t\t\t<div class=\"elementor-widget-container\">\n\t\t\t\t\t\t\t\t\t<p style=\"font-weight: 400;\"><strong>Der Bioterme-Komplex verf\u00fcgt auch \u00fcber ein Postamt, eine E-Ladestation, einen Geldautomaten und ein Gesch\u00e4ft.<\/strong><\/p>\n<p><span style=\"font-weight: 400;\">Von <\/span><b>Post von Slowenien&nbsp;<\/b>und<b> Biolek Laden<\/b>&nbsp;befinden sich im Hotel Bioterme,&nbsp;<\/p>\n<p>genauer gesagt im Verbindungsgang zwischen der Hotelrezeption und der Rezeption des Thermalparks.&nbsp;<\/p>\n<p style=\"\"><span style=\"font-weight: 400;\">Unter<\/span><b>&nbsp;Post Slovenije<\/b> Sie k\u00f6nnen auch Bargeld abheben, Postkarten bei Bioterm und Souvenirs bei Prlekija kaufen.<\/p>\n<p style=\"font-weight: 400;\"><strong>Das Postamt ist ge\u00f6ffnet:<\/strong><\/p>\n<p>Montag, Dienstag und Freitag von 8 bis 13 Uhr,<\/p>\n<p>Mittwochs und donnerstags von 13:00 - 18:00 Uhr.<\/p>\n<p>Samstag: geschlossen!<\/p><p><b>Biolek einkaufen<\/b> bietet eine gro\u00dfe Auswahl an Kleinigkeiten, die Sie vielleicht zu Hause vergessen haben (Bademode,&nbsp;<\/p><p>Babyschwimmwindeln, Flip-Flops, Sonnencreme), Souvenirs und eine Zeitung.&nbsp;<\/p><p><span style=\"font-weight: 700;\">\u00d6ffnungszeiten:<\/span><\/p><p>Montag - Donnerstag: 9 - 12 Uhr<\/p><p>Freitag, Samstag: 9 - 12 Uhr und 16 - 19 Uhr.<\/p><p>Sonntag: geschlossen!<\/p>\n<p><strong>E-Ladeger\u00e4t mit zwei Ladepunkten<\/strong><b> <\/b><span style=\"font-weight: 400;\">befindet sich auf dem \u00fcberdachten Parkplatz gegen\u00fcber dem Hotel Bioterme.<\/span><\/p>\n<p style=\"font-weight: 400;\">Zum Aufladen m\u00fcssen Sie Ihren Ausweis an der Hotelrezeption vorlegen, wo Sie eine Aufladekarte erhalten.<\/p>\n<p style=\"font-weight: 400;\">Der Ausweis wird aufbewahrt, bis die Karte zur\u00fcckgegeben und die Aufladung vorgenommen wird.&nbsp;<\/p>\n<p style=\"font-weight: 400;\"><strong>Das Aufladen kann zwischen 6 Uhr morgens und 22 Uhr abends erfolgen.<\/strong><\/p>\n<p><strong>ATM<\/strong> Die Gorenjska banka befindet sich auf der linken Seite des Eingangs zum Hotel Bioterme. <strong style=\"font-weight: 400;\">Sie ist 24 Stunden am Tag zug\u00e4nglich.<\/strong><\/p>\t\t\t\t\t\t\t\t<\/div>\n\t\t\t\t<\/div>\n\t\t<div class=\"elementor-element elementor-element-6445fec e-flex e-con-boxed e-con e-parent\" data-id=\"6445fec\" data-element_type=\"container\">\n\t\t\t\t\t<div class=\"e-con-inner\">\n\t\t<div class=\"elementor-element elementor-element-1f72c3c e-flex e-con-boxed e-con e-child\" data-id=\"1f72c3c\" data-element_type=\"container\">\n\t\t\t\t\t<div class=\"e-con-inner\">\n\t\t\t\t<div class=\"elementor-element elementor-element-3ff7b57 elementor-widget elementor-widget-image\" data-id=\"3ff7b57\" data-element_type=\"widget\" data-widget_type=\"image.default\">\n\t\t\t\t<div class=\"elementor-widget-container\">\n\t\t\t\t\t\t\t\t\t\t\t\t\t\t\t<img decoding=\"async\" width=\"206\" height=\"206\" src=\"https:\/\/bioterme.si\/wp-content\/uploads\/2024\/11\/461173089_1036933398436172_8670169757494972921_n.jpg\" class=\"attachment-large size-large wp-image-6004\" alt=\"\" srcset=\"https:\/\/bioterme.si\/wp-content\/uploads\/2024\/11\/461173089_1036933398436172_8670169757494972921_n.jpg 206w, https:\/\/bioterme.si\/wp-content\/uploads\/2024\/11\/461173089_1036933398436172_8670169757494972921_n-150x150.jpg 150w, https:\/\/bioterme.si\/wp-content\/uploads\/2024\/11\/461173089_1036933398436172_8670169757494972921_n-12x12.jpg 12w\" sizes=\"(max-width: 206px) 100vw, 206px\" \/>\t\t\t\t\t\t\t\t\t\t\t\t\t\t\t<\/div>\n\t\t\t\t<\/div>\n\t\t\t\t\t<\/div>\n\t\t\t\t<\/div>\n\t\t<div class=\"elementor-element elementor-element-47d2a22 e-flex e-con-boxed e-con e-child\" data-id=\"47d2a22\" data-element_type=\"container\">\n\t\t\t\t\t<div class=\"e-con-inner\">\n\t\t\t\t<div class=\"elementor-element elementor-element-baed8c1 elementor-widget elementor-widget-image\" data-id=\"baed8c1\" data-element_type=\"widget\" data-widget_type=\"image.default\">\n\t\t\t\t<div class=\"elementor-widget-container\">\n\t\t\t\t\t\t\t\t\t\t\t\t\t\t\t<img decoding=\"async\" width=\"206\" height=\"206\" src=\"https:\/\/bioterme.si\/wp-content\/uploads\/2024\/11\/460832728_1036932655102913_997676715339360252_n.jpg\" class=\"attachment-large size-large wp-image-6003\" alt=\"\" srcset=\"https:\/\/bioterme.si\/wp-content\/uploads\/2024\/11\/460832728_1036932655102913_997676715339360252_n.jpg 206w, https:\/\/bioterme.si\/wp-content\/uploads\/2024\/11\/460832728_1036932655102913_997676715339360252_n-150x150.jpg 150w, https:\/\/bioterme.si\/wp-content\/uploads\/2024\/11\/460832728_1036932655102913_997676715339360252_n-12x12.jpg 12w\" sizes=\"(max-width: 206px) 100vw, 206px\" \/>\t\t\t\t\t\t\t\t\t\t\t\t\t\t\t<\/div>\n\t\t\t\t<\/div>\n\t\t\t\t\t<\/div>\n\t\t\t\t<\/div>\n\t\t\t\t\t<\/div>\n\t\t\t\t<\/div>\n\t\t\t\t\t<\/div>\n\t\t<\/div>\n\t\t\t\t\t<\/div>\n\t\t<\/section>\n\t\t\t\t<\/div>","protected":false},"excerpt":{"rendered":"<p>POSTAMT, E-FILLING, ATM UND SHOP Der Bioterme-Komplex verf\u00fcgt auch \u00fcber ein Postamt, E-Filling, ATM und einen Shop. Das Postamt Sloweniens und der Biolek-Shop befinden sich im Hotel Bioterme, genauer gesagt im Verbindungsgang zwischen der Hotelrezeption und der Rezeption des Thermalparks.  Im Postamt Sloweniens k\u00f6nnen Sie auch Bargeld abheben, Postkarten von Bioterme und Souvenirs von Prlekija kaufen. Montag, [...]<\/p>","protected":false},"author":3,"featured_media":0,"parent":0,"menu_order":0,"comment_status":"closed","ping_status":"closed","template":"","meta":{"footnotes":""},"class_list":["post-6001","page","type-page","status-publish","hentry"],"_links":{"self":[{"href":"https:\/\/bioterme.si\/de\/wp-json\/wp\/v2\/pages\/6001","targetHints":{"allow":["GET"]}}],"collection":[{"href":"https:\/\/bioterme.si\/de\/wp-json\/wp\/v2\/pages"}],"about":[{"href":"https:\/\/bioterme.si\/de\/wp-json\/wp\/v2\/types\/page"}],"author":[{"embeddable":true,"href":"https:\/\/bioterme.si\/de\/wp-json\/wp\/v2\/users\/3"}],"replies":[{"embeddable":true,"href":"https:\/\/bioterme.si\/de\/wp-json\/wp\/v2\/comments?post=6001"}],"version-history":[{"count":32,"href":"https:\/\/bioterme.si\/de\/wp-json\/wp\/v2\/pages\/6001\/revisions"}],"predecessor-version":[{"id":7865,"href":"https:\/\/bioterme.si\/de\/wp-json\/wp\/v2\/pages\/6001\/revisions\/7865"}],"wp:attachment":[{"href":"https:\/\/bioterme.si\/de\/wp-json\/wp\/v2\/media?parent=6001"}],"curies":[{"name":"wp","href":"https:\/\/api.w.org\/{rel}","templated":true}]}}