{"id":6632,"date":"2025-03-04T13:39:21","date_gmt":"2025-03-04T13:39:21","guid":{"rendered":"https:\/\/bioterme.si\/?page_id=6632"},"modified":"2026-04-08T11:40:49","modified_gmt":"2026-04-08T11:40:49","slug":"kolesarimo-za-zdravje","status":"publish","type":"page","link":"https:\/\/bioterme.si\/de\/kolesarimo-za-zdravje\/","title":{"rendered":"Radfahren f\u00fcr die Gesundheit"},"content":{"rendered":"<div data-elementor-type=\"wp-page\" data-elementor-id=\"6632\" class=\"elementor elementor-6632\" data-elementor-post-type=\"page\">\n\t\t\t\t<div class=\"elementor-element elementor-element-b138669 e-flex e-con-boxed e-con e-parent\" data-id=\"b138669\" data-element_type=\"container\" data-settings=\"{&quot;background_background&quot;:&quot;classic&quot;}\">\n\t\t\t\t\t<div class=\"e-con-inner\">\n\t\t\t\t<div class=\"elementor-element elementor-element-ce39447 elementor-widget elementor-widget-heading\" data-id=\"ce39447\" data-element_type=\"widget\" data-widget_type=\"heading.default\">\n\t\t\t\t<div class=\"elementor-widget-container\">\n\t\t\t\t\t<h2 class=\"elementor-heading-title elementor-size-default\">RADFAHREN F\u00dcR DIE GESUNDHEIT<\/h2>\t\t\t\t<\/div>\n\t\t\t\t<\/div>\n\t\t\t\t\t<\/div>\n\t\t\t\t<\/div>\n\t\t<div class=\"elementor-element elementor-element-d64689a e-flex e-con-boxed e-con e-parent\" data-id=\"d64689a\" data-element_type=\"container\" data-settings=\"{&quot;background_background&quot;:&quot;classic&quot;}\">\n\t\t\t\t\t<div class=\"e-con-inner\">\n\t\t<div class=\"elementor-element elementor-element-0e161a5 e-con-full e-flex e-con e-child\" data-id=\"0e161a5\" data-element_type=\"container\">\n\t\t<div class=\"elementor-element elementor-element-0eb0288 e-con-full e-flex e-con e-child\" data-id=\"0eb0288\" data-element_type=\"container\">\n\t\t<div class=\"elementor-element elementor-element-045940a e-con-full e-flex e-con e-child\" data-id=\"045940a\" data-element_type=\"container\">\n\t\t<div class=\"elementor-element elementor-element-b9635b0 e-con-full e-flex e-con e-child\" data-id=\"b9635b0\" data-element_type=\"container\" data-settings=\"{&quot;background_background&quot;:&quot;classic&quot;}\">\n\t\t<div class=\"elementor-element elementor-element-3aaab90 e-con-full e-flex e-con e-child\" data-id=\"3aaab90\" data-element_type=\"container\">\n\t\t\t\t<div class=\"elementor-element elementor-element-e2b50cc elementor-widget elementor-widget-heading\" data-id=\"e2b50cc\" data-element_type=\"widget\" data-widget_type=\"heading.default\">\n\t\t\t\t<div class=\"elementor-widget-container\">\n\t\t\t\t\t<h2 class=\"elementor-heading-title elementor-size-default\">TOUR DE LOTMERK<\/h2>\t\t\t\t<\/div>\n\t\t\t\t<\/div>\n\t\t\t\t<div class=\"elementor-element elementor-element-22f195f elementor-widget elementor-widget-text-editor\" data-id=\"22f195f\" data-element_type=\"widget\" data-widget_type=\"text-editor.default\">\n\t\t\t\t<div class=\"elementor-widget-container\">\n\t\t\t\t\t\t\t\t\t<ul><li><u>2.8.2026 um 9.00 Uhr<\/u><\/li><li>Start Ljutomer<\/li><li>weitere Informationen werden folgen<\/li><\/ul>\t\t\t\t\t\t\t\t<\/div>\n\t\t\t\t<\/div>\n\t\t\t\t<\/div>\n\t\t\t\t<\/div>\n\t\t\t\t<\/div>\n\t\t<div class=\"elementor-element elementor-element-c086125 e-con-full e-flex e-con e-child\" data-id=\"c086125\" data-element_type=\"container\">\n\t\t<div class=\"elementor-element elementor-element-6fbcc3a e-con-full e-flex e-con e-child\" data-id=\"6fbcc3a\" data-element_type=\"container\" data-settings=\"{&quot;background_background&quot;:&quot;classic&quot;}\">\n\t\t<div class=\"elementor-element elementor-element-9160d63 e-con-full e-flex e-con e-child\" data-id=\"9160d63\" data-element_type=\"container\">\n\t\t\t\t<div class=\"elementor-element elementor-element-80eb36b elementor-widget elementor-widget-heading\" data-id=\"80eb36b\" data-element_type=\"widget\" data-widget_type=\"heading.default\">\n\t\t\t\t<div class=\"elementor-widget-container\">\n\t\t\t\t\t<h2 class=\"elementor-heading-title elementor-size-default\">BIOTERME-RADFESTIVAL<\/h2>\t\t\t\t<\/div>\n\t\t\t\t<\/div>\n\t\t\t\t<div class=\"elementor-element elementor-element-4915a55 elementor-widget elementor-widget-text-editor\" data-id=\"4915a55\" data-element_type=\"widget\" data-widget_type=\"text-editor.default\">\n\t\t\t\t<div class=\"elementor-widget-container\">\n\t\t\t\t\t\t\t\t\t<ul>\n<li><u>12.9.2026 um 10.00 Uhr<\/u><\/li>\n<li>Start und Ziel vor dem Hotel Bioterme<\/li>\n<li>geeignet f\u00fcr alle Arten von Fahrr\u00e4dern, Einzelpersonen und Familien<\/li>\n<li>nach dem Radfahren, einem Snack und einem Bad in der Bioterme erwarten Sie angenehme Geselligkeit, eine Verlosung und sch\u00f6ne Preise<\/li>\n<\/ul>\t\t\t\t\t\t\t\t<\/div>\n\t\t\t\t<\/div>\n\t\t\t\t<\/div>\n\t\t\t\t<\/div>\n\t\t\t\t<\/div>\n\t\t\t\t<\/div>\n\t\t\t\t<\/div>\n\t\t\t\t\t<\/div>\n\t\t\t\t<\/div>\n\t\t<div class=\"elementor-element elementor-element-6c9190c e-flex e-con-boxed e-con e-parent\" data-id=\"6c9190c\" data-element_type=\"container\">\n\t\t\t\t\t<div class=\"e-con-inner\">\n\t\t\t\t<div class=\"elementor-element elementor-element-1ccab2e elementor-widget elementor-widget-image\" data-id=\"1ccab2e\" data-element_type=\"widget\" data-widget_type=\"image.default\">\n\t\t\t\t<div class=\"elementor-widget-container\">\n\t\t\t\t\t\t\t\t\t\t\t\t\t\t\t<img fetchpriority=\"high\" decoding=\"async\" width=\"768\" height=\"1088\" src=\"https:\/\/bioterme.si\/wp-content\/uploads\/2026\/04\/kolesarski-festival-768x1088.png\" class=\"attachment-medium_large size-medium_large wp-image-10825\" alt=\"\" srcset=\"https:\/\/bioterme.si\/wp-content\/uploads\/2026\/04\/kolesarski-festival-768x1088.png 768w, https:\/\/bioterme.si\/wp-content\/uploads\/2026\/04\/kolesarski-festival-212x300.png 212w, https:\/\/bioterme.si\/wp-content\/uploads\/2026\/04\/kolesarski-festival-723x1024.png 723w, https:\/\/bioterme.si\/wp-content\/uploads\/2026\/04\/kolesarski-festival-8x12.png 8w, https:\/\/bioterme.si\/wp-content\/uploads\/2026\/04\/kolesarski-festival.png 846w\" sizes=\"(max-width: 768px) 100vw, 768px\" \/>\t\t\t\t\t\t\t\t\t\t\t\t\t\t\t<\/div>\n\t\t\t\t<\/div>\n\t\t\t\t\t<\/div>\n\t\t\t\t<\/div>\n\t\t<div class=\"elementor-element elementor-element-3ff0dbf e-flex e-con-boxed e-con e-parent\" data-id=\"3ff0dbf\" data-element_type=\"container\" data-settings=\"{&quot;background_background&quot;:&quot;classic&quot;}\">\n\t\t\t\t\t<div class=\"e-con-inner\">\n\t\t\t\t<div class=\"elementor-element elementor-element-047cf43 elementor-widget elementor-widget-text-editor\" data-id=\"047cf43\" data-element_type=\"widget\" data-widget_type=\"text-editor.default\">\n\t\t\t\t<div class=\"elementor-widget-container\">\n\t\t\t\t\t\t\t\t\t<p>Buchen Sie Ihre Termine und halten Sie sich auf unserer Facebook-Seite \u00fcber die neuesten Nachrichten auf dem Laufenden <a href=\"https:\/\/www.facebook.com\/mtbprlekija\" target=\"_blank\" rel=\"noopener\"><strong>MTB Prlekija<\/strong><\/a> und nehmen Sie an unseren Fahrradabenteuern teil! Alle Veranstaltungen sind Freizeitveranstaltungen - organisiert in kleinen Gruppen und mit moderner Navigation, um eine sichere und angenehme Fahrt zu gew\u00e4hrleisten. Jede Veranstaltung bringt neue Freundschaften und unerwartete \u00dcberraschungen auf dem Weg und am Ziel.<\/p><p>Sie sind herzlich eingeladen, sich uns anzuschlie\u00dfen!<\/p>\t\t\t\t\t\t\t\t<\/div>\n\t\t\t\t<\/div>\n\t\t\t\t\t<\/div>\n\t\t\t\t<\/div>\n\t\t\t\t<\/div>","protected":false},"excerpt":{"rendered":"<p>KOLESARIMO ZA ZDRAVJE TOUR DE LOTMERK 2.8.2026 ob 9.00 uri start Ljutomer ve\u010d informacij sledi KOLESARSKI FESTIVAL BIOTERME 12.9.2026 ob 10.00 uri start in cilj pred Hotelom Bioterme primerno za vse vrste koles, posameznike in dru\u017eine po kolesarjenju vas v Biotermah \u010daka malica in kopanje, prijetno dru\u017eenje, nagradno \u017erebanje in lepe nagrade Rezervirajte si datume, [&hellip;]<\/p>","protected":false},"author":9,"featured_media":0,"parent":0,"menu_order":0,"comment_status":"closed","ping_status":"closed","template":"","meta":{"footnotes":""},"class_list":["post-6632","page","type-page","status-publish","hentry"],"_links":{"self":[{"href":"https:\/\/bioterme.si\/de\/wp-json\/wp\/v2\/pages\/6632","targetHints":{"allow":["GET"]}}],"collection":[{"href":"https:\/\/bioterme.si\/de\/wp-json\/wp\/v2\/pages"}],"about":[{"href":"https:\/\/bioterme.si\/de\/wp-json\/wp\/v2\/types\/page"}],"author":[{"embeddable":true,"href":"https:\/\/bioterme.si\/de\/wp-json\/wp\/v2\/users\/9"}],"replies":[{"embeddable":true,"href":"https:\/\/bioterme.si\/de\/wp-json\/wp\/v2\/comments?post=6632"}],"version-history":[{"count":52,"href":"https:\/\/bioterme.si\/de\/wp-json\/wp\/v2\/pages\/6632\/revisions"}],"predecessor-version":[{"id":10849,"href":"https:\/\/bioterme.si\/de\/wp-json\/wp\/v2\/pages\/6632\/revisions\/10849"}],"wp:attachment":[{"href":"https:\/\/bioterme.si\/de\/wp-json\/wp\/v2\/media?parent=6632"}],"curies":[{"name":"wp","href":"https:\/\/api.w.org\/{rel}","templated":true}]}}