{"id":6775,"date":"2025-03-20T09:34:00","date_gmt":"2025-03-20T09:34:00","guid":{"rendered":"https:\/\/bioterme.si\/?page_id=6775"},"modified":"2025-04-15T10:39:43","modified_gmt":"2025-04-15T10:39:43","slug":"delujemo-okolju-prijazno","status":"publish","type":"page","link":"https:\/\/bioterme.si\/de\/delujemo-okolju-prijazno\/","title":{"rendered":"Wir arbeiten auf umweltfreundliche Weise"},"content":{"rendered":"<div data-elementor-type=\"wp-page\" data-elementor-id=\"6775\" class=\"elementor elementor-6775\" data-elementor-post-type=\"page\">\n\t\t\t\t<div class=\"elementor-element elementor-element-4c4be41 e-flex e-con-boxed e-con e-parent\" data-id=\"4c4be41\" data-element_type=\"container\" data-settings=\"{&quot;background_background&quot;:&quot;classic&quot;}\">\n\t\t\t\t\t<div class=\"e-con-inner\">\n\t\t<div class=\"elementor-element elementor-element-53f8588 e-con-full e-flex e-con e-child\" data-id=\"53f8588\" data-element_type=\"container\">\n\t\t\t\t<div class=\"elementor-element elementor-element-9176191 elementor-widget elementor-widget-heading\" data-id=\"9176191\" data-element_type=\"widget\" data-widget_type=\"heading.default\">\n\t\t\t\t<div class=\"elementor-widget-container\">\n\t\t\t\t\t<h2 class=\"elementor-heading-title elementor-size-default\"><b>Wir arbeiten auf umweltfreundliche Weise<\/b><\/h2>\t\t\t\t<\/div>\n\t\t\t\t<\/div>\n\t\t\t\t<\/div>\n\t\t\t\t\t<\/div>\n\t\t\t\t<\/div>\n\t\t\t\t<section class=\"elementor-section elementor-top-section elementor-element elementor-element-3347674 elementor-section-height-min-height elementor-section-boxed elementor-section-height-default elementor-section-items-middle\" data-id=\"3347674\" data-element_type=\"section\" data-settings=\"{&quot;background_background&quot;:&quot;classic&quot;}\">\n\t\t\t\t\t\t<div class=\"elementor-container elementor-column-gap-default\">\n\t\t\t\t\t<div class=\"elementor-column elementor-col-100 elementor-top-column elementor-element elementor-element-063e9e0\" data-id=\"063e9e0\" data-element_type=\"column\">\n\t\t\t<div class=\"elementor-widget-wrap elementor-element-populated\">\n\t\t\t\t\t\t<div class=\"elementor-element elementor-element-c4bc09e elementor-widget-divider--view-line elementor-widget elementor-widget-divider\" data-id=\"c4bc09e\" data-element_type=\"widget\" data-widget_type=\"divider.default\">\n\t\t\t\t<div class=\"elementor-widget-container\">\n\t\t\t\t\t\t\t<div class=\"elementor-divider\">\n\t\t\t<span class=\"elementor-divider-separator\">\n\t\t\t\t\t\t<\/span>\n\t\t<\/div>\n\t\t\t\t\t\t<\/div>\n\t\t\t\t<\/div>\n\t\t\t\t<div class=\"elementor-element elementor-element-d72cbc2 elementor-widget elementor-widget-heading\" data-id=\"d72cbc2\" data-element_type=\"widget\" data-widget_type=\"heading.default\">\n\t\t\t\t<div class=\"elementor-widget-container\">\n\t\t\t\t\t<h2 class=\"elementor-heading-title elementor-size-default\">Unser Engagement - <b>nachhaltiger Tourismus<\/b><\/h2>\t\t\t\t<\/div>\n\t\t\t\t<\/div>\n\t\t\t\t<div class=\"elementor-element elementor-element-33dbc64 elementor-widget elementor-widget-text-editor\" data-id=\"33dbc64\" data-element_type=\"widget\" data-widget_type=\"text-editor.default\">\n\t\t\t\t<div class=\"elementor-widget-container\">\n\t\t\t\t\t\t\t\t\t<p>Das nat\u00fcrliche Erbe der Umwelt gibt uns die M\u00f6glichkeit, den Trends des nachhaltigen Tourismus zu folgen, f\u00fcr die sich Bioterme in seinem Unternehmen stark einsetzt - mit dem Ziel, die Natur f\u00fcr die kommenden Generationen in gutem Zustand zu erhalten.<\/p><p>Im Hotel Bioterme respektieren wir dies, indem wir das Umweltzeichen <strong>\u00d6ko-G\u00e4nsebl\u00fcmchen <\/strong>und das Zeichen <strong>Sloweniens Gr\u00fcne Unterkunft erhalten haben.<\/strong>Die gleiche Geschichte wird im Glamping-Resort von Sonnental verfolgt. Beide \u00d6kosiegel sind ein Vorteil f\u00fcr unser Unternehmen und spiegeln die Tatsache wider, dass der Tourismuskomplex mit umwelt- und menschenfreundlichen Materialien gebaut wurde und dass wir auf diese Weise wirtschaften.<\/p><p>Die Hauptaufgabe der Eco-G\u00e4nsebl\u00fcmchen lieght darin, auf alle Ressourcen (Strom, Wasser, Heiz- und K\u00fchlenergie, Reinigungsmittel, Papier usw.) zu achten, so viele Produkte wie m\u00f6glich wiederzuverwenden (entweder durch uns selbst oder indem wir sie jemandem spenden) und zu recyceln.<\/p>\t\t\t\t\t\t\t\t<\/div>\n\t\t\t\t<\/div>\n\t\t\t\t\t<\/div>\n\t\t<\/div>\n\t\t\t\t\t<\/div>\n\t\t<\/section>\n\t\t<div class=\"elementor-element elementor-element-dd8eef6 e-flex e-con-boxed e-con e-parent\" data-id=\"dd8eef6\" data-element_type=\"container\" data-settings=\"{&quot;background_background&quot;:&quot;classic&quot;}\">\n\t\t\t\t\t<div class=\"e-con-inner\">\n\t\t<div class=\"elementor-element elementor-element-d864696 e-con-full e-flex e-con e-child\" data-id=\"d864696\" data-element_type=\"container\">\n\t\t\t\t<div class=\"elementor-element elementor-element-668110c elementor-widget elementor-widget-image\" data-id=\"668110c\" data-element_type=\"widget\" data-widget_type=\"image.default\">\n\t\t\t\t<div class=\"elementor-widget-container\">\n\t\t\t\t\t\t\t\t\t\t\t\t\t\t\t<img fetchpriority=\"high\" decoding=\"async\" width=\"800\" height=\"640\" src=\"https:\/\/bioterme.si\/wp-content\/uploads\/2025\/03\/2148884835-1024x819.jpg\" class=\"attachment-large size-large wp-image-6777\" alt=\"\" srcset=\"https:\/\/bioterme.si\/wp-content\/uploads\/2025\/03\/2148884835-1024x819.jpg 1024w, https:\/\/bioterme.si\/wp-content\/uploads\/2025\/03\/2148884835-300x240.jpg 300w, https:\/\/bioterme.si\/wp-content\/uploads\/2025\/03\/2148884835-768x614.jpg 768w, https:\/\/bioterme.si\/wp-content\/uploads\/2025\/03\/2148884835-15x12.jpg 15w, https:\/\/bioterme.si\/wp-content\/uploads\/2025\/03\/2148884835.jpg 1500w\" sizes=\"(max-width: 800px) 100vw, 800px\" \/>\t\t\t\t\t\t\t\t\t\t\t\t\t\t\t<\/div>\n\t\t\t\t<\/div>\n\t\t\t\t<\/div>\n\t\t<div class=\"elementor-element elementor-element-04b6757 e-con-full e-flex e-con e-child\" data-id=\"04b6757\" data-element_type=\"container\">\n\t\t\t\t<div class=\"elementor-element elementor-element-a1cc378 elementor-widget-divider--view-line elementor-widget elementor-widget-divider\" data-id=\"a1cc378\" data-element_type=\"widget\" data-widget_type=\"divider.default\">\n\t\t\t\t<div class=\"elementor-widget-container\">\n\t\t\t\t\t\t\t<div class=\"elementor-divider\">\n\t\t\t<span class=\"elementor-divider-separator\">\n\t\t\t\t\t\t<\/span>\n\t\t<\/div>\n\t\t\t\t\t\t<\/div>\n\t\t\t\t<\/div>\n\t\t\t\t<div class=\"elementor-element elementor-element-67e3ff8 elementor-widget elementor-widget-heading\" data-id=\"67e3ff8\" data-element_type=\"widget\" data-widget_type=\"heading.default\">\n\t\t\t\t<div class=\"elementor-widget-container\">\n\t\t\t\t\t<h2 class=\"elementor-heading-title elementor-size-default\">Unsere Praxis <b>nachhaltiges Leben<\/b><\/h2>\t\t\t\t<\/div>\n\t\t\t\t<\/div>\n\t\t\t\t<div class=\"elementor-element elementor-element-b79ec94 elementor-widget elementor-widget-text-editor\" data-id=\"b79ec94\" data-element_type=\"widget\" data-widget_type=\"text-editor.default\">\n\t\t\t\t<div class=\"elementor-widget-container\">\n\t\t\t\t\t\t\t\t\t<p>Unsere wichtigsten Ma\u00dfnahmen f\u00fcr ein ges\u00fcnderes und gr\u00fcneres Leben:<\/p>\n<ul>\n<li>Alle Hotelzimmer sind mit nat\u00fcrlichen Materialien eingerichtet, das Holz ist gewachst und die W\u00e4nde sind mit Biofarben gestrichen,<\/li>\n<li>Das Thermalwasser wird auch zur Beheizung des Hotels verwendet,<\/li>\n<li>Weniger als ein Drittel des Stroms, den wir ben\u00f6tigen, wird durch unsere eigenen Sonnenkollektoren erzeugt,<\/li>\n<li>Der Grundriss des Hotels l\u00e4sst mehr nat\u00fcrliches Tageslicht herein und f\u00f6rdert so die Energieeinsparung,<\/li>\n<li>die Zusammenarbeit mit lokalen Erzeugern zu f\u00f6rdern,<\/li>\n<li><span style=\"background-color: transparent; color: var( --e-global-color-primary );\">wir verwenden Reinigungsmittel auf nat\u00fcrlicher Basis,<\/span><\/li>\n<li>Der gesamte Hotelm\u00fcll wird in der hoteleigenen M\u00fcllpresse behandelt,<\/li>\n<li>In der eigenen Kl\u00e4ranlage werden die Abw\u00e4sser aus den Schwimmb\u00e4dern f\u00fcr die Toilettensp\u00fclung aufbereitet.<\/li>\n<\/ul>\t\t\t\t\t\t\t\t<\/div>\n\t\t\t\t<\/div>\n\t\t\t\t<\/div>\n\t\t\t\t\t<\/div>\n\t\t\t\t<\/div>\n\t\t<div class=\"elementor-element elementor-element-29944b9 e-flex e-con-boxed e-con e-parent\" data-id=\"29944b9\" data-element_type=\"container\" data-settings=\"{&quot;background_background&quot;:&quot;classic&quot;}\">\n\t\t\t\t\t<div class=\"e-con-inner\">\n\t\t<div class=\"elementor-element elementor-element-89a1541 e-con-full e-flex e-con e-child\" data-id=\"89a1541\" data-element_type=\"container\">\n\t\t\t\t<div class=\"elementor-element elementor-element-c41abec elementor-widget-divider--view-line elementor-widget elementor-widget-divider\" data-id=\"c41abec\" data-element_type=\"widget\" data-widget_type=\"divider.default\">\n\t\t\t\t<div class=\"elementor-widget-container\">\n\t\t\t\t\t\t\t<div class=\"elementor-divider\">\n\t\t\t<span class=\"elementor-divider-separator\">\n\t\t\t\t\t\t<\/span>\n\t\t<\/div>\n\t\t\t\t\t\t<\/div>\n\t\t\t\t<\/div>\n\t\t\t\t<div class=\"elementor-element elementor-element-161730b elementor-widget elementor-widget-heading\" data-id=\"161730b\" data-element_type=\"widget\" data-widget_type=\"heading.default\">\n\t\t\t\t<div class=\"elementor-widget-container\">\n\t\t\t\t\t<h2 class=\"elementor-heading-title elementor-size-default\"><b>Nachhaltigkeit <\/b>- ein Wert f\u00fcr uns alle<\/h2>\t\t\t\t<\/div>\n\t\t\t\t<\/div>\n\t\t\t\t<div class=\"elementor-element elementor-element-107d138 elementor-widget elementor-widget-text-editor\" data-id=\"107d138\" data-element_type=\"widget\" data-widget_type=\"text-editor.default\">\n\t\t\t\t<div class=\"elementor-widget-container\">\n\t\t\t\t\t\t\t\t\t<p>Auch die Mitarbeiter haben sich mit diesen beiden Symbolen identifiziert, so dass wir jeden Mitarbeiter sorgf\u00e4ltig \u00fcber nachhaltiges Wirtschaften aufkl\u00e4ren und von ihm erwarten, dass er sich aktiv an der Umsetzung der Ma\u00dfnahmen beteiligt.<\/p><p>Unsere wesentliche Aufgabe ist es, unseren G\u00e4sten ein Beispiel zu geben und sie zu umweltfreundlichem Verhalten zu ermutigen. Wir freuen uns daher sehr, wenn unsere G\u00e4ste w\u00e4hrend ihres Aufenthaltes diesen Aufgaben nachkommen. Noch mehr freuen wir uns, wenn sie nachhaltige Praktiken in ihr t\u00e4gliches Leben \u00fcbernehmen.<\/p><p>Unsere Aufgabe ist es auch, Vorschl\u00e4ge zu sammeln, wie wir unsere Gesch\u00e4ftst\u00e4tigkeit auf nachhaltige Weise verbessern k\u00f6nnen, und wir begr\u00fc\u00dfen jeden Vorschlag.<\/p>\t\t\t\t\t\t\t\t<\/div>\n\t\t\t\t<\/div>\n\t\t\t\t<\/div>\n\t\t<div class=\"elementor-element elementor-element-0ef2489 e-con-full e-flex e-con e-child\" data-id=\"0ef2489\" data-element_type=\"container\">\n\t\t\t\t<div class=\"elementor-element elementor-element-ba5eb3c elementor-widget elementor-widget-image\" data-id=\"ba5eb3c\" data-element_type=\"widget\" data-widget_type=\"image.default\">\n\t\t\t\t<div class=\"elementor-widget-container\">\n\t\t\t\t\t\t\t\t\t\t\t\t\t\t\t<img decoding=\"async\" width=\"800\" height=\"534\" src=\"https:\/\/bioterme.si\/wp-content\/uploads\/2025\/03\/15276-1024x683.jpg\" class=\"attachment-large size-large wp-image-6792\" alt=\"\" srcset=\"https:\/\/bioterme.si\/wp-content\/uploads\/2025\/03\/15276-1024x683.jpg 1024w, https:\/\/bioterme.si\/wp-content\/uploads\/2025\/03\/15276-300x200.jpg 300w, https:\/\/bioterme.si\/wp-content\/uploads\/2025\/03\/15276-768x512.jpg 768w, https:\/\/bioterme.si\/wp-content\/uploads\/2025\/03\/15276-18x12.jpg 18w, https:\/\/bioterme.si\/wp-content\/uploads\/2025\/03\/15276.jpg 1500w\" sizes=\"(max-width: 800px) 100vw, 800px\" \/>\t\t\t\t\t\t\t\t\t\t\t\t\t\t\t<\/div>\n\t\t\t\t<\/div>\n\t\t\t\t<\/div>\n\t\t\t\t\t<\/div>\n\t\t\t\t<\/div>\n\t\t<div class=\"elementor-element elementor-element-55e3aec e-flex e-con-boxed e-con e-parent\" data-id=\"55e3aec\" data-element_type=\"container\" data-settings=\"{&quot;background_background&quot;:&quot;classic&quot;}\">\n\t\t\t\t\t<div class=\"e-con-inner\">\n\t\t<div class=\"elementor-element elementor-element-239eb51 e-con-full e-flex e-con e-child\" data-id=\"239eb51\" data-element_type=\"container\">\n\t\t\t\t<div class=\"elementor-element elementor-element-8e5b765 elementor-widget elementor-widget-text-editor\" data-id=\"8e5b765\" data-element_type=\"widget\" data-widget_type=\"text-editor.default\">\n\t\t\t\t<div class=\"elementor-widget-container\">\n\t\t\t\t\t\t\t\t\t<p>Um sicherzustellen, dass wir so nachhaltig wie m\u00f6glich sind und die Natur erhalten, laden wir alle unsere Mitarbeiter, Bewohner und G\u00e4ste ein, zu Hause dasselbe zu tun wie wir mit unseren Ressourcen. Nur so kann unser blauer Planet auch f\u00fcr kommende Generationen ein sicheres und angenehmes Zuhause bleiben.<\/p><p><strong>LASST UNS ALLE NACH NEUEN M\u00d6GLICHKEITEN AUSSCHAU HALTEN, GR\u00dcN ZU WERDEN!<\/strong><\/p>\t\t\t\t\t\t\t\t<\/div>\n\t\t\t\t<\/div>\n\t\t\t\t<\/div>\n\t\t\t\t\t<\/div>\n\t\t\t\t<\/div>\n\t\t\t\t<\/div>","protected":false},"excerpt":{"rendered":"<p>Wir sind umweltfreundlich Unser Engagement f\u00fcr einen nachhaltigen Tourismus Das nat\u00fcrliche Erbe der Umwelt gibt uns die M\u00f6glichkeit, den Richtlinien und Trends des nachhaltigen Tourismus zu folgen, denen sich Bioterme in seiner T\u00e4tigkeit stark verpflichtet f\u00fchlt - mit dem Ziel, die Natur f\u00fcr k\u00fcnftige Generationen in gutem Zustand zu erhalten. Bei Bioterme zeigen wir unseren Respekt vor dieser Tatsache, indem wir [...]<\/p>","protected":false},"author":9,"featured_media":0,"parent":0,"menu_order":0,"comment_status":"closed","ping_status":"closed","template":"","meta":{"footnotes":""},"class_list":["post-6775","page","type-page","status-publish","hentry"],"_links":{"self":[{"href":"https:\/\/bioterme.si\/de\/wp-json\/wp\/v2\/pages\/6775","targetHints":{"allow":["GET"]}}],"collection":[{"href":"https:\/\/bioterme.si\/de\/wp-json\/wp\/v2\/pages"}],"about":[{"href":"https:\/\/bioterme.si\/de\/wp-json\/wp\/v2\/types\/page"}],"author":[{"embeddable":true,"href":"https:\/\/bioterme.si\/de\/wp-json\/wp\/v2\/users\/9"}],"replies":[{"embeddable":true,"href":"https:\/\/bioterme.si\/de\/wp-json\/wp\/v2\/comments?post=6775"}],"version-history":[{"count":31,"href":"https:\/\/bioterme.si\/de\/wp-json\/wp\/v2\/pages\/6775\/revisions"}],"predecessor-version":[{"id":7108,"href":"https:\/\/bioterme.si\/de\/wp-json\/wp\/v2\/pages\/6775\/revisions\/7108"}],"wp:attachment":[{"href":"https:\/\/bioterme.si\/de\/wp-json\/wp\/v2\/media?parent=6775"}],"curies":[{"name":"wp","href":"https:\/\/api.w.org\/{rel}","templated":true}]}}