{"id":737,"date":"2023-02-09T09:58:08","date_gmt":"2023-02-09T09:58:08","guid":{"rendered":"https:\/\/online-narocanje.si\/?page_id=737"},"modified":"2026-01-14T20:20:44","modified_gmt":"2026-01-14T20:20:44","slug":"fitnes","status":"publish","type":"page","link":"https:\/\/bioterme.si\/de\/fitnes\/","title":{"rendered":"Fitness"},"content":{"rendered":"<div data-elementor-type=\"wp-page\" data-elementor-id=\"737\" class=\"elementor elementor-737\" data-elementor-post-type=\"page\">\n\t\t\t\t\t\t<section class=\"elementor-section elementor-top-section elementor-element elementor-element-8949fad elementor-section-height-min-height elementor-section-boxed elementor-section-height-default elementor-section-items-middle\" data-id=\"8949fad\" data-element_type=\"section\" data-settings=\"{&quot;background_background&quot;:&quot;classic&quot;}\">\n\t\t\t\t\t\t<div class=\"elementor-container elementor-column-gap-default\">\n\t\t\t\t\t<div class=\"elementor-column elementor-col-100 elementor-top-column elementor-element elementor-element-b17d81d\" data-id=\"b17d81d\" data-element_type=\"column\">\n\t\t\t<div class=\"elementor-widget-wrap elementor-element-populated\">\n\t\t\t\t\t\t<div class=\"elementor-element elementor-element-a010033 elementor-widget elementor-widget-heading\" data-id=\"a010033\" data-element_type=\"widget\" data-widget_type=\"heading.default\">\n\t\t\t\t<div class=\"elementor-widget-container\">\n\t\t\t\t\t<h2 class=\"elementor-heading-title elementor-size-default\">Fitness<\/h2>\t\t\t\t<\/div>\n\t\t\t\t<\/div>\n\t\t\t\t\t<\/div>\n\t\t<\/div>\n\t\t\t\t\t<\/div>\n\t\t<\/section>\n\t\t\t\t<section class=\"elementor-section elementor-top-section elementor-element elementor-element-bc02674 elementor-section-height-min-height elementor-section-boxed elementor-section-height-default elementor-section-items-middle\" data-id=\"bc02674\" data-element_type=\"section\" data-settings=\"{&quot;background_background&quot;:&quot;classic&quot;}\">\n\t\t\t\t\t\t<div class=\"elementor-container elementor-column-gap-default\">\n\t\t\t\t\t<div class=\"elementor-column elementor-col-100 elementor-top-column elementor-element elementor-element-07ef5e0\" data-id=\"07ef5e0\" data-element_type=\"column\">\n\t\t\t<div class=\"elementor-widget-wrap elementor-element-populated\">\n\t\t\t\t\t\t<div class=\"elementor-element elementor-element-8c03326 elementor-widget-divider--view-line elementor-widget elementor-widget-divider\" data-id=\"8c03326\" data-element_type=\"widget\" data-widget_type=\"divider.default\">\n\t\t\t\t<div class=\"elementor-widget-container\">\n\t\t\t\t\t\t\t<div class=\"elementor-divider\">\n\t\t\t<span class=\"elementor-divider-separator\">\n\t\t\t\t\t\t<\/span>\n\t\t<\/div>\n\t\t\t\t\t\t<\/div>\n\t\t\t\t<\/div>\n\t\t\t\t<div class=\"elementor-element elementor-element-a3ffca5 elementor-widget elementor-widget-heading\" data-id=\"a3ffca5\" data-element_type=\"widget\" data-widget_type=\"heading.default\">\n\t\t\t\t<div class=\"elementor-widget-container\">\n\t\t\t\t\t<h2 class=\"elementor-heading-title elementor-size-default translation-block\">Trainieren Sie <b>im Fitness<\/b><\/h2>\t\t\t\t<\/div>\n\t\t\t\t<\/div>\n\t\t\t\t<div class=\"elementor-element elementor-element-cffb99c elementor-widget elementor-widget-text-editor\" data-id=\"cffb99c\" data-element_type=\"widget\" data-widget_type=\"text-editor.default\">\n\t\t\t\t<div class=\"elementor-widget-container\">\n\t\t\t\t\t\t\t\t\t<p>Fitness ist f\u00fcr alle Lebensabschnitte, f\u00fcr beide Geschlechter und f\u00fcr unterschiedliche Fitnessniveaus geeignet. Es ist einfach durchzuf\u00fchren, da man keine besonderen sportlichen F\u00e4higkeiten braucht und die Muskeln des ganzen K\u00f6rpers trainieren kann. Der Schwierigkeitsgrad des Trainings wird individuell angepasst, so dass ein hohes Ma\u00df an Sicherheit und ein sehr geringes Verletzungsrisiko gegeben ist.<\/p>\t\t\t\t\t\t\t\t<\/div>\n\t\t\t\t<\/div>\n\t\t\t\t\t<\/div>\n\t\t<\/div>\n\t\t\t\t\t<\/div>\n\t\t<\/section>\n\t\t\t\t<section class=\"elementor-section elementor-top-section elementor-element elementor-element-3fc25ee elementor-section-boxed elementor-section-height-default elementor-section-height-default\" data-id=\"3fc25ee\" data-element_type=\"section\" data-settings=\"{&quot;background_background&quot;:&quot;classic&quot;}\">\n\t\t\t\t\t\t<div class=\"elementor-container elementor-column-gap-default\">\n\t\t\t\t\t<div class=\"elementor-column elementor-col-50 elementor-top-column elementor-element elementor-element-257b4f6\" data-id=\"257b4f6\" data-element_type=\"column\">\n\t\t\t<div class=\"elementor-widget-wrap elementor-element-populated\">\n\t\t\t\t\t\t<div class=\"elementor-element elementor-element-e5615df elementor-widget elementor-widget-image\" data-id=\"e5615df\" data-element_type=\"widget\" data-widget_type=\"image.default\">\n\t\t\t\t<div class=\"elementor-widget-container\">\n\t\t\t\t\t\t\t\t\t\t\t\t\t\t\t<img fetchpriority=\"high\" decoding=\"async\" width=\"800\" height=\"584\" src=\"https:\/\/bioterme.si\/wp-content\/uploads\/2023\/02\/Rectangle-12-13-1024x748.jpg\" class=\"attachment-large size-large wp-image-745\" alt=\"\" srcset=\"https:\/\/bioterme.si\/wp-content\/uploads\/2023\/02\/Rectangle-12-13-1024x748.jpg 1024w, https:\/\/bioterme.si\/wp-content\/uploads\/2023\/02\/Rectangle-12-13-300x219.jpg 300w, https:\/\/bioterme.si\/wp-content\/uploads\/2023\/02\/Rectangle-12-13-768x561.jpg 768w, https:\/\/bioterme.si\/wp-content\/uploads\/2023\/02\/Rectangle-12-13.jpg 1040w\" sizes=\"(max-width: 800px) 100vw, 800px\" \/>\t\t\t\t\t\t\t\t\t\t\t\t\t\t\t<\/div>\n\t\t\t\t<\/div>\n\t\t\t\t\t<\/div>\n\t\t<\/div>\n\t\t\t\t<div class=\"elementor-column elementor-col-50 elementor-top-column elementor-element elementor-element-8844d29\" data-id=\"8844d29\" data-element_type=\"column\">\n\t\t\t<div class=\"elementor-widget-wrap elementor-element-populated\">\n\t\t\t\t\t\t<div class=\"elementor-element elementor-element-6fc9e15 elementor-widget elementor-widget-text-editor\" data-id=\"6fc9e15\" data-element_type=\"widget\" data-widget_type=\"text-editor.default\">\n\t\t\t\t<div class=\"elementor-widget-container\">\n\t\t\t\t\t\t\t\t\t<p class=\"translation-block\">Das Training im Fitnessstudio unter fachkundiger Anleitung erm\u00f6glicht es Ihnen, Ihre Ziele in k\u00fcrzester Zeit und auf sichere Art und Weise zu erreichen.<br><br>Zus\u00e4tzliche Programme werden entworfen und auf Ihre F\u00e4higkeiten zugeschnitten. Dabei werden Gesundheitszustand, Geschlecht, Alter, bisherige Trainingserfahrung und nat\u00fcrlich die W\u00fcnsche und Ziele des Trainierenden ber\u00fccksichtigt.<\/p>\t\t\t\t\t\t\t\t<\/div>\n\t\t\t\t<\/div>\n\t\t\t\t\t<\/div>\n\t\t<\/div>\n\t\t\t\t\t<\/div>\n\t\t<\/section>\n\t\t\t\t<section class=\"elementor-section elementor-top-section elementor-element elementor-element-8da44ba elementor-section-full_width elementor-section-height-default elementor-section-height-default\" data-id=\"8da44ba\" data-element_type=\"section\" data-settings=\"{&quot;background_background&quot;:&quot;classic&quot;}\">\n\t\t\t\t\t\t<div class=\"elementor-container elementor-column-gap-default\">\n\t\t\t\t\t<div class=\"elementor-column elementor-col-100 elementor-top-column elementor-element elementor-element-247962c\" data-id=\"247962c\" data-element_type=\"column\">\n\t\t\t<div class=\"elementor-widget-wrap elementor-element-populated\">\n\t\t\t\t\t\t<div class=\"elementor-element elementor-element-b77e4dc elementor--h-position-center elementor--v-position-middle elementor-pagination-position-inside elementor-widget elementor-widget-slides\" data-id=\"b77e4dc\" data-element_type=\"widget\" data-settings=\"{&quot;navigation&quot;:&quot;dots&quot;,&quot;autoplay&quot;:&quot;yes&quot;,&quot;pause_on_hover&quot;:&quot;yes&quot;,&quot;pause_on_interaction&quot;:&quot;yes&quot;,&quot;autoplay_speed&quot;:5000,&quot;infinite&quot;:&quot;yes&quot;,&quot;transition&quot;:&quot;slide&quot;,&quot;transition_speed&quot;:500}\" data-widget_type=\"slides.default\">\n\t\t\t\t<div class=\"elementor-widget-container\">\n\t\t\t\t\t\t\t\t\t<div class=\"elementor-swiper\">\n\t\t\t\t\t<div class=\"elementor-slides-wrapper elementor-main-swiper swiper\" role=\"region\" aria-roledescription=\"carousel\" aria-label=\"Folien\" dir=\"ltr\" data-animation=\"fadeInUp\">\n\t\t\t\t<div class=\"swiper-wrapper elementor-slides\">\n\t\t\t\t\t\t\t\t\t\t<div class=\"elementor-repeater-item-4932e38 swiper-slide\" role=\"group\" aria-roledescription=\"slide\"><div class=\"swiper-slide-bg\" role=\"img\"><\/div><div class=\"swiper-slide-inner\" ><div class=\"swiper-slide-contents\"><div class=\"elementor-slide-description\">L<\/div><\/div><\/div><\/div><div class=\"elementor-repeater-item-e916a7d swiper-slide\" role=\"group\" aria-roledescription=\"slide\"><div class=\"swiper-slide-bg\" role=\"img\"><\/div><div class=\"swiper-slide-inner\" ><div class=\"swiper-slide-contents\"><div class=\"elementor-slide-description\">L<\/div><\/div><\/div><\/div><div class=\"elementor-repeater-item-2a27bbe swiper-slide\" role=\"group\" aria-roledescription=\"slide\"><div class=\"swiper-slide-bg\" role=\"img\"><\/div><div class=\"swiper-slide-inner\" ><div class=\"swiper-slide-contents\"><div class=\"elementor-slide-description\">L<\/div><\/div><\/div><\/div><div class=\"elementor-repeater-item-b420d01 swiper-slide\" role=\"group\" aria-roledescription=\"slide\"><div class=\"swiper-slide-bg\" role=\"img\"><\/div><div class=\"swiper-slide-inner\" ><div class=\"swiper-slide-contents\"><div class=\"elementor-slide-description\">L<\/div><\/div><\/div><\/div>\t\t\t\t<\/div>\n\t\t\t\t\t\t\t\t\t\t\t\t\t\t\t\t\t\t\t\t<div class=\"swiper-pagination\"><\/div>\n\t\t\t\t\t\t\t\t\t\t\t\t<\/div>\n\t\t\t\t<\/div>\n\t\t\t\t\t\t\t\t<\/div>\n\t\t\t\t<\/div>\n\t\t\t\t\t<\/div>\n\t\t<\/div>\n\t\t\t\t\t<\/div>\n\t\t<\/section>\n\t\t\t\t<section class=\"elementor-section elementor-top-section elementor-element elementor-element-15cd9d0 elementor-section-boxed elementor-section-height-default elementor-section-height-default\" data-id=\"15cd9d0\" data-element_type=\"section\" data-settings=\"{&quot;background_background&quot;:&quot;classic&quot;}\">\n\t\t\t\t\t\t<div class=\"elementor-container elementor-column-gap-default\">\n\t\t\t\t\t<div class=\"elementor-column elementor-col-100 elementor-top-column elementor-element elementor-element-2bd9f98\" data-id=\"2bd9f98\" data-element_type=\"column\">\n\t\t\t<div class=\"elementor-widget-wrap elementor-element-populated\">\n\t\t\t\t\t\t<div class=\"elementor-element elementor-element-8d25036 elementor-widget-divider--view-line elementor-widget elementor-widget-divider\" data-id=\"8d25036\" data-element_type=\"widget\" data-widget_type=\"divider.default\">\n\t\t\t\t<div class=\"elementor-widget-container\">\n\t\t\t\t\t\t\t<div class=\"elementor-divider\">\n\t\t\t<span class=\"elementor-divider-separator\">\n\t\t\t\t\t\t<\/span>\n\t\t<\/div>\n\t\t\t\t\t\t<\/div>\n\t\t\t\t<\/div>\n\t\t\t\t<div class=\"elementor-element elementor-element-d5917ee elementor-widget elementor-widget-heading\" data-id=\"d5917ee\" data-element_type=\"widget\" data-widget_type=\"heading.default\">\n\t\t\t\t<div class=\"elementor-widget-container\">\n\t\t\t\t\t<h2 class=\"elementor-heading-title elementor-size-default translation-block\">Aktuelles <b>Angebot<\/b><\/h2>\t\t\t\t<\/div>\n\t\t\t\t<\/div>\n\t\t\t\t\t<\/div>\n\t\t<\/div>\n\t\t\t\t\t<\/div>\n\t\t<\/section>\n\t\t\t\t<section class=\"elementor-section elementor-top-section elementor-element elementor-element-928b8ca elementor-section-boxed elementor-section-height-default elementor-section-height-default\" data-id=\"928b8ca\" data-element_type=\"section\" data-settings=\"{&quot;background_background&quot;:&quot;classic&quot;}\">\n\t\t\t\t\t\t<div class=\"elementor-container elementor-column-gap-default\">\n\t\t\t\t\t<div class=\"elementor-column elementor-col-100 elementor-top-column elementor-element elementor-element-6e1e745\" data-id=\"6e1e745\" data-element_type=\"column\">\n\t\t\t<div class=\"elementor-widget-wrap elementor-element-populated\">\n\t\t\t\t\t\t<div class=\"elementor-element elementor-element-b9e04c8 elementor-widget elementor-widget-ucaddon_uc_card_post_carousel\" data-id=\"b9e04c8\" data-element_type=\"widget\" data-widget_type=\"ucaddon_uc_card_post_carousel.default\">\n\t\t\t\t<div class=\"elementor-widget-container\">\n\t\t\t\t\t\n<!-- start Post Carousel Lite -->\n\t\t<link id='font-awesome-css' href='https:\/\/bioterme.si\/wp-content\/plugins\/unlimited-elements-for-elementor\/assets_libraries\/font-awesome6\/fontawesome-all.min.css' type='text\/css' rel='stylesheet' >\n\t\t<link id='font-awesome-4-shim-css' href='https:\/\/bioterme.si\/wp-content\/plugins\/unlimited-elements-for-elementor\/assets_libraries\/font-awesome6\/fontawesome-v4-shims.min.css' type='text\/css' rel='stylesheet' >\n\t\t<link id='owl-carousel-css' href='https:\/\/bioterme.si\/wp-content\/plugins\/unlimited-elements-for-elementor\/assets_libraries\/owl-carousel-new\/assets\/owl.carousel.css' type='text\/css' rel='stylesheet' >\n\n<style>\/* widget: Post Carousel Lite *\/\n\n#uc_uc_card_post_carousel_elementor_b9e04c8 *{\n  box-sizing:border-box;\n}\n#uc_uc_card_post_carousel_elementor_b9e04c8{\n  position:relative;\n  min-height:1px;\n}\n#uc_uc_card_post_carousel_elementor_b9e04c8 .uc_image_carousel_content{\n\ttext-align:left;\n    display: flex;\n     flex-flow: column nowrap;\n}\n#uc_uc_card_post_carousel_elementor_b9e04c8 .ue_post_carousel_item\n{\n  overflow:hidden;\n  \n}\n\n#uc_uc_card_post_carousel_elementor_b9e04c8 .ue_post_btn_holder\n{\n  margin-top:auto;\n}\n\n#uc_uc_card_post_carousel_elementor_b9e04c8 .uc_more_btn{\n\n  display:inline-block;\n  text-align:center;\n  text-decoration:none;\n} \n\n.uc_overlay_image_carousel .uc_more_btn{\n  text-decoration:none;\n  display:inline-block;\n}\n\n.uc_overlay_image_carousel .uc_post_title{\n  font-size:21px;\n  text-decoration:none;\n}\n\n#uc_uc_card_post_carousel_elementor_b9e04c8 .owl-nav .owl-prev{\n    position:absolute;\n    display:inline-block;\n    text-align:center;\n}\n#uc_uc_card_post_carousel_elementor_b9e04c8 .owl-nav .owl-next{\n  position:absolute;\n  display:inline-block;\n  text-align:center;\n}\n\n\n#uc_uc_card_post_carousel_elementor_b9e04c8 .owl-dots {\noverflow:hidden;\ndisplay:false !important;\ntext-align:center;\n}\n\n#uc_uc_card_post_carousel_elementor_b9e04c8 .owl-dot {\nborder-radius:50%;\ndisplay:inline-block;\n}\n\n<\/style>\n\n<div class=\"uc_overlay_image_carousel\" id=\"uc_uc_card_post_carousel_elementor_b9e04c8\" data-custom-sethtml=\"true\" >\n   <div class=\"uc_carousel owl-carousel owl-theme uc-items-wrapper\">\n   \t\t<div class=\"uc_image_carousel_container_holder ue_post_carousel_item ue-SEZONSKA PONUDBA\">\n  <div class=\"uc_image_carousel_placeholder\">\n    <a href=\"https:\/\/bioterme.si\/de\/termalni-oddih\/\"><div style=\"background-image:url(https:\/\/bioterme.si\/wp-content\/uploads\/2025\/08\/28.07.2025-Bioterme-Session-3-13-768x512.jpg); background-size:cover; background-position:center; height:200px;\"><\/div><\/a>\n  <\/div>\n\n  <div class=\"uc_image_carousel_content\" >\n                <a href=\"https:\/\/bioterme.si\/de\/termalni-oddih\/\" style=\"text-decoration:none;\"><div class=\"uc_post_title\" style=\"text-decoration:none;\">Thermen Urlaub<\/div><\/a>    <div class=\"ue_post_intro\">Spa-Pakete ab 51 \u20ac.<\/div>    <div class=\"ue_post_btn_holder\"><a class=\"uc_more_btn\"  href=\"https:\/\/bioterme.si\/de\/termalni-oddih\/\">Mehr Lesen<\/a><\/div>  <\/div>\n<\/div>\n<div class=\"uc_image_carousel_container_holder ue_post_carousel_item ue-Paketi\">\n  <div class=\"uc_image_carousel_placeholder\">\n    <a href=\"https:\/\/bioterme.si\/de\/pocitnice-in-prazniki-za-druzine\/\"><div style=\"background-image:url(https:\/\/bioterme.si\/wp-content\/uploads\/2026\/01\/Druzina-v-bazenu_2025-1-768x432.jpg); background-size:cover; background-position:center; height:200px;\"><\/div><\/a>\n  <\/div>\n\n  <div class=\"uc_image_carousel_content\" >\n                <a href=\"https:\/\/bioterme.si\/de\/pocitnice-in-prazniki-za-druzine\/\" style=\"text-decoration:none;\"><div class=\"uc_post_title\" style=\"text-decoration:none;\">Feiertage und Feste f\u00fcr Familien<\/div><\/a>    <div class=\"ue_post_intro\">Urlaubsangebot f\u00fcr Familien, Preise ab 79 \u20ac.<\/div>    <div class=\"ue_post_btn_holder\"><a class=\"uc_more_btn\"  href=\"https:\/\/bioterme.si\/de\/pocitnice-in-prazniki-za-druzine\/\">Mehr Lesen<\/a><\/div>  <\/div>\n<\/div>\n<div class=\"uc_image_carousel_container_holder ue_post_carousel_item ue-SEZONSKA PONUDBA\">\n  <div class=\"uc_image_carousel_placeholder\">\n    <a href=\"https:\/\/bioterme.si\/de\/murski-wellness\/\"><div style=\"background-image:url(https:\/\/bioterme.si\/wp-content\/uploads\/2024\/01\/DCD_Mura_02-05-2022_16-02-07_DSC_6431-\u2013-kopija-768x292.jpg); background-size:cover; background-position:center; height:200px;\"><\/div><\/a>\n  <\/div>\n\n  <div class=\"uc_image_carousel_content\" >\n                <a href=\"https:\/\/bioterme.si\/de\/murski-wellness\/\" style=\"text-decoration:none;\"><div class=\"uc_post_title\" style=\"text-decoration:none;\">M\u00fcrska Wellness<\/div><\/a>    <div class=\"ue_post_intro\">Murska Wellness - Entspannungspaket f\u00fcr zwei Personen ab 399 \u20ac.<\/div>    <div class=\"ue_post_btn_holder\"><a class=\"uc_more_btn\"  href=\"https:\/\/bioterme.si\/de\/murski-wellness\/\">Mehr Lesen<\/a><\/div>  <\/div>\n<\/div>\n<div class=\"uc_image_carousel_container_holder ue_post_carousel_item ue-Paketi\">\n  <div class=\"uc_image_carousel_placeholder\">\n    <a href=\"https:\/\/bioterme.si\/de\/prlekija-vabi-2\/\"><div style=\"background-image:url(https:\/\/bioterme.si\/wp-content\/uploads\/2023\/05\/JBA_0987_jeruzalem_jurebanfi-768x512.jpg); background-size:cover; background-position:center; height:200px;\"><\/div><\/a>\n  <\/div>\n\n  <div class=\"uc_image_carousel_content\" >\n                <a href=\"https:\/\/bioterme.si\/de\/prlekija-vabi-2\/\" style=\"text-decoration:none;\"><div class=\"uc_post_title\" style=\"text-decoration:none;\">Prlekija l\u00e4dt ein<\/div><\/a>    <div class=\"ue_post_intro\">Prlekija l\u00e4dt Sie ein - ein Verw\u00f6hnpaket f\u00fcr zwei Personen ab 479 \u20ac.<\/div>    <div class=\"ue_post_btn_holder\"><a class=\"uc_more_btn\"  href=\"https:\/\/bioterme.si\/de\/prlekija-vabi-2\/\">Mehr Lesen<\/a><\/div>  <\/div>\n<\/div>\n<div class=\"uc_image_carousel_container_holder ue_post_carousel_item ue-Paketi\">\n  <div class=\"uc_image_carousel_placeholder\">\n    <a href=\"https:\/\/bioterme.si\/de\/razvajajta-se-skupaj\/\"><div style=\"background-image:url(https:\/\/bioterme.si\/wp-content\/uploads\/2026\/01\/27.07.2025-Bioterme-Session-1-66-768x512.jpg); background-size:cover; background-position:center; height:200px;\"><\/div><\/a>\n  <\/div>\n\n  <div class=\"uc_image_carousel_content\" >\n                <a href=\"https:\/\/bioterme.si\/de\/razvajajta-se-skupaj\/\" style=\"text-decoration:none;\"><div class=\"uc_post_title\" style=\"text-decoration:none;\">Eine Auszeit zu zweit<\/div><\/a>    <div class=\"ue_post_intro\">Romantikpakete f\u00fcr eine Auszeit zu zweit - Verw\u00f6hnung ab 459 \u20ac.<\/div>    <div class=\"ue_post_btn_holder\"><a class=\"uc_more_btn\"  href=\"https:\/\/bioterme.si\/de\/razvajajta-se-skupaj\/\">Mehr Lesen<\/a><\/div>  <\/div>\n<\/div>\n<div class=\"uc_image_carousel_container_holder ue_post_carousel_item ue-Paketi\">\n  <div class=\"uc_image_carousel_placeholder\">\n    <a href=\"https:\/\/bioterme.si\/de\/poslovno-bivanje\/\"><div style=\"background-image:url(https:\/\/bioterme.si\/wp-content\/uploads\/2023\/03\/Group-98-5-768x267.jpg); background-size:cover; background-position:center; height:200px;\"><\/div><\/a>\n  <\/div>\n\n  <div class=\"uc_image_carousel_content\" >\n                <a href=\"https:\/\/bioterme.si\/de\/poslovno-bivanje\/\" style=\"text-decoration:none;\"><div class=\"uc_post_title\" style=\"text-decoration:none;\">Gesch\u00e4ftlicher Aufenthalt<\/div><\/a>    <div class=\"ue_post_intro\">Pakete f\u00fcr Gesch\u00e4ftsreisende ab 79 \u20ac.<\/div>    <div class=\"ue_post_btn_holder\"><a class=\"uc_more_btn\"  href=\"https:\/\/bioterme.si\/de\/poslovno-bivanje\/\">Mehr Lesen<\/a><\/div>  <\/div>\n<\/div>\n<div class=\"uc_image_carousel_container_holder ue_post_carousel_item ue-Paketi\">\n  <div class=\"uc_image_carousel_placeholder\">\n    <a href=\"https:\/\/bioterme.si\/de\/darilni-boni\/\"><div style=\"background-image:url(https:\/\/bioterme.si\/wp-content\/uploads\/2026\/03\/501143-768x384.jpg); background-size:cover; background-position:center; height:200px;\"><\/div><\/a>\n  <\/div>\n\n  <div class=\"uc_image_carousel_content\" >\n                <a href=\"https:\/\/bioterme.si\/de\/darilni-boni\/\" style=\"text-decoration:none;\"><div class=\"uc_post_title\" style=\"text-decoration:none;\">Geschenkgutscheine<\/div><\/a>    <div class=\"ue_post_intro\">Geschenkgutscheine - schenken Sie ein unvergessliches Erlebnis.<\/div>    <div class=\"ue_post_btn_holder\"><a class=\"uc_more_btn\"  href=\"https:\/\/bioterme.si\/de\/darilni-boni\/\">Mehr Lesen<\/a><\/div>  <\/div>\n<\/div>\n<div class=\"uc_image_carousel_container_holder ue_post_carousel_item ue-Paketi\">\n  <div class=\"uc_image_carousel_placeholder\">\n    <a href=\"https:\/\/bioterme.si\/de\/otroski-rojstni-dnevi-v-biotermah\/\"><div style=\"background-image:url(https:\/\/bioterme.si\/wp-content\/uploads\/2026\/03\/26363-768x512.jpg); background-size:cover; background-position:center; height:200px;\"><\/div><\/a>\n  <\/div>\n\n  <div class=\"uc_image_carousel_content\" >\n                <a href=\"https:\/\/bioterme.si\/de\/otroski-rojstni-dnevi-v-biotermah\/\" style=\"text-decoration:none;\"><div class=\"uc_post_title\" style=\"text-decoration:none;\">Kindergeburtstage bei Bioterme<\/div><\/a>    <div class=\"ue_post_intro\">Kindergeburtstage - ein unvergesslicher Spa\u00df f\u00fcr die Kleinsten.<\/div>    <div class=\"ue_post_btn_holder\"><a class=\"uc_more_btn\"  href=\"https:\/\/bioterme.si\/de\/otroski-rojstni-dnevi-v-biotermah\/\">Mehr Lesen<\/a><\/div>  <\/div>\n<\/div>\n<div class=\"uc_image_carousel_container_holder ue_post_carousel_item ue-Paketi\">\n  <div class=\"uc_image_carousel_placeholder\">\n    <a href=\"https:\/\/bioterme.si\/de\/ajurveda-vikend-paket\/\"><div style=\"background-image:url(https:\/\/bioterme.si\/wp-content\/uploads\/2023\/04\/J9A6996-2-768x412.jpg); background-size:cover; background-position:center; height:200px;\"><\/div><\/a>\n  <\/div>\n\n  <div class=\"uc_image_carousel_content\" >\n                <a href=\"https:\/\/bioterme.si\/de\/ajurveda-vikend-paket\/\" style=\"text-decoration:none;\"><div class=\"uc_post_title\" style=\"text-decoration:none;\">AYURVEDA WOCHENENDE PAKET<\/div><\/a>    <div class=\"ue_post_intro\">Ayurveda-Wochenendpaket - Entspannende Flucht und K\u00f6rperbalance ab 229 \u20ac<\/div>    <div class=\"ue_post_btn_holder\"><a class=\"uc_more_btn\"  href=\"https:\/\/bioterme.si\/de\/ajurveda-vikend-paket\/\">Mehr Lesen<\/a><\/div>  <\/div>\n<\/div>\n<div class=\"uc_image_carousel_container_holder ue_post_carousel_item ue-Paketi\">\n  <div class=\"uc_image_carousel_placeholder\">\n    <a href=\"https:\/\/bioterme.si\/de\/senior-paket\/\"><div style=\"background-image:url(https:\/\/bioterme.si\/wp-content\/uploads\/2023\/03\/28.07.2025-Bioterme-Session-3-16-768x512.jpg); background-size:cover; background-position:center; height:200px;\"><\/div><\/a>\n  <\/div>\n\n  <div class=\"uc_image_carousel_content\" >\n                <a href=\"https:\/\/bioterme.si\/de\/senior-paket\/\" style=\"text-decoration:none;\"><div class=\"uc_post_title\" style=\"text-decoration:none;\">Senior Paket<\/div><\/a>    <div class=\"ue_post_intro\">Seniorenpaket - Komfort und Entspannung ab 50 \u20ac.<\/div>    <div class=\"ue_post_btn_holder\"><a class=\"uc_more_btn\"  href=\"https:\/\/bioterme.si\/de\/senior-paket\/\">Mehr Lesen<\/a><\/div>  <\/div>\n<\/div>\n\n   <\/div>\t\n<\/div>\n\n<!-- --->\n<!-- --->\n<!-- --->\n<!-- end Post Carousel Lite -->\t\t\t\t<\/div>\n\t\t\t\t<\/div>\n\t\t\t\t\t<\/div>\n\t\t<\/div>\n\t\t\t\t\t<\/div>\n\t\t<\/section>\n\t\t\t\t<section class=\"elementor-section elementor-top-section elementor-element elementor-element-c9b5743 elementor-section-boxed elementor-section-height-default elementor-section-height-default\" data-id=\"c9b5743\" data-element_type=\"section\" data-settings=\"{&quot;background_background&quot;:&quot;classic&quot;}\">\n\t\t\t\t\t\t<div class=\"elementor-container elementor-column-gap-default\">\n\t\t\t\t\t<div class=\"elementor-column elementor-col-100 elementor-top-column elementor-element elementor-element-3361742\" data-id=\"3361742\" data-element_type=\"column\">\n\t\t\t<div class=\"elementor-widget-wrap elementor-element-populated\">\n\t\t\t\t\t\t<div class=\"elementor-element elementor-element-327f979 elementor-align-right elementor-widget elementor-widget-button\" data-id=\"327f979\" data-element_type=\"widget\" data-widget_type=\"button.default\">\n\t\t\t\t<div class=\"elementor-widget-container\">\n\t\t\t\t\t\t\t\t\t<div class=\"elementor-button-wrapper\">\n\t\t\t\t\t<a class=\"elementor-button elementor-button-link elementor-size-sm\" href=\"https:\/\/bioterme.si\/de\/paketi\/\">\n\t\t\t\t\t\t<span class=\"elementor-button-content-wrapper\">\n\t\t\t\t\t\t<span class=\"elementor-button-icon\">\n\t\t\t\t<i aria-hidden=\"true\" class=\"fas fa-angle-right\"><\/i>\t\t\t<\/span>\n\t\t\t\t\t\t\t\t\t<span class=\"elementor-button-text\">Alle Angebote<\/span>\n\t\t\t\t\t<\/span>\n\t\t\t\t\t<\/a>\n\t\t\t\t<\/div>\n\t\t\t\t\t\t\t\t<\/div>\n\t\t\t\t<\/div>\n\t\t\t\t\t<\/div>\n\t\t<\/div>\n\t\t\t\t\t<\/div>\n\t\t<\/section>\n\t\t\t\t<\/div>","protected":false},"excerpt":{"rendered":"<p>Fitness Fitness Fitness Fitness Fitness ist f\u00fcr alle Lebensabschnitte, f\u00fcr beide Geschlechter und f\u00fcr unterschiedliche Fitnessniveaus geeignet. Es ist einfach durchzuf\u00fchren, da man keine besonderen sportlichen F\u00e4higkeiten ben\u00f6tigt und die M\u00f6glichkeit hat, die Muskeln des gesamten K\u00f6rpers zu trainieren. Der Schwierigkeitsgrad des Trainings wird an den Einzelnen angepasst, was ein hohes Ma\u00df an Sicherheit und [...]<\/p>","protected":false},"author":1,"featured_media":0,"parent":0,"menu_order":0,"comment_status":"closed","ping_status":"closed","template":"elementor_header_footer","meta":{"footnotes":""},"class_list":["post-737","page","type-page","status-publish","hentry"],"_links":{"self":[{"href":"https:\/\/bioterme.si\/de\/wp-json\/wp\/v2\/pages\/737","targetHints":{"allow":["GET"]}}],"collection":[{"href":"https:\/\/bioterme.si\/de\/wp-json\/wp\/v2\/pages"}],"about":[{"href":"https:\/\/bioterme.si\/de\/wp-json\/wp\/v2\/types\/page"}],"author":[{"embeddable":true,"href":"https:\/\/bioterme.si\/de\/wp-json\/wp\/v2\/users\/1"}],"replies":[{"embeddable":true,"href":"https:\/\/bioterme.si\/de\/wp-json\/wp\/v2\/comments?post=737"}],"version-history":[{"count":28,"href":"https:\/\/bioterme.si\/de\/wp-json\/wp\/v2\/pages\/737\/revisions"}],"predecessor-version":[{"id":10067,"href":"https:\/\/bioterme.si\/de\/wp-json\/wp\/v2\/pages\/737\/revisions\/10067"}],"wp:attachment":[{"href":"https:\/\/bioterme.si\/de\/wp-json\/wp\/v2\/media?parent=737"}],"curies":[{"name":"wp","href":"https:\/\/api.w.org\/{rel}","templated":true}]}}