{"id":7390,"date":"2025-05-22T20:04:49","date_gmt":"2025-05-22T20:04:49","guid":{"rendered":"https:\/\/bioterme.si\/?page_id=7390"},"modified":"2025-07-04T11:02:46","modified_gmt":"2025-07-04T11:02:46","slug":"poroka-v-biotermah","status":"publish","type":"page","link":"https:\/\/bioterme.si\/de\/poroka-v-biotermah\/","title":{"rendered":"Hochzeit in Bioterme"},"content":{"rendered":"<div data-elementor-type=\"wp-page\" data-elementor-id=\"7390\" class=\"elementor elementor-7390\" data-elementor-post-type=\"page\">\n\t\t\t\t<div class=\"elementor-element elementor-element-0c27dd8 e-flex e-con-boxed e-con e-parent\" data-id=\"0c27dd8\" data-element_type=\"container\" data-settings=\"{&quot;background_background&quot;:&quot;classic&quot;}\">\n\t\t\t\t\t<div class=\"e-con-inner\">\n\t\t<div class=\"elementor-element elementor-element-e7d41db e-con-full e-flex e-con e-child\" data-id=\"e7d41db\" data-element_type=\"container\">\n\t\t\t\t<div class=\"elementor-element elementor-element-3ea291a elementor-widget elementor-widget-heading\" data-id=\"3ea291a\" data-element_type=\"widget\" data-widget_type=\"heading.default\">\n\t\t\t\t<div class=\"elementor-widget-container\">\n\t\t\t\t\t<h2 class=\"elementor-heading-title elementor-size-default\">Hochzeit in Bioterrassen<\/h2>\t\t\t\t<\/div>\n\t\t\t\t<\/div>\n\t\t\t\t<\/div>\n\t\t\t\t\t<\/div>\n\t\t\t\t<\/div>\n\t\t<div class=\"elementor-element elementor-element-2178793 e-flex e-con-boxed e-con e-parent\" data-id=\"2178793\" data-element_type=\"container\" data-settings=\"{&quot;background_background&quot;:&quot;classic&quot;}\">\n\t\t\t\t\t<div class=\"e-con-inner\">\n\t\t<div class=\"elementor-element elementor-element-933047d e-con-full e-flex e-con e-child\" data-id=\"933047d\" data-element_type=\"container\">\n\t\t\t\t<div class=\"elementor-element elementor-element-fdcdf18 elementor-widget elementor-widget-image\" data-id=\"fdcdf18\" data-element_type=\"widget\" data-widget_type=\"image.default\">\n\t\t\t\t<div class=\"elementor-widget-container\">\n\t\t\t\t\t\t\t\t\t\t\t\t\t\t\t<img fetchpriority=\"high\" decoding=\"async\" width=\"800\" height=\"600\" src=\"https:\/\/bioterme.si\/wp-content\/uploads\/2025\/05\/POROKA-2-pop-dodatno_Radiant-1024x768.jpg\" class=\"attachment-large size-large wp-image-7441\" alt=\"\" srcset=\"https:\/\/bioterme.si\/wp-content\/uploads\/2025\/05\/POROKA-2-pop-dodatno_Radiant-1024x768.jpg 1024w, https:\/\/bioterme.si\/wp-content\/uploads\/2025\/05\/POROKA-2-pop-dodatno_Radiant-300x225.jpg 300w, https:\/\/bioterme.si\/wp-content\/uploads\/2025\/05\/POROKA-2-pop-dodatno_Radiant-768x576.jpg 768w, https:\/\/bioterme.si\/wp-content\/uploads\/2025\/05\/POROKA-2-pop-dodatno_Radiant-1536x1152.jpg 1536w, https:\/\/bioterme.si\/wp-content\/uploads\/2025\/05\/POROKA-2-pop-dodatno_Radiant-2048x1536.jpg 2048w, https:\/\/bioterme.si\/wp-content\/uploads\/2025\/05\/POROKA-2-pop-dodatno_Radiant-16x12.jpg 16w\" sizes=\"(max-width: 800px) 100vw, 800px\" \/>\t\t\t\t\t\t\t\t\t\t\t\t\t\t\t<\/div>\n\t\t\t\t<\/div>\n\t\t\t\t<\/div>\n\t\t<div class=\"elementor-element elementor-element-1f7a80e e-con-full e-flex e-con e-child\" data-id=\"1f7a80e\" data-element_type=\"container\">\n\t\t\t\t<div class=\"elementor-element elementor-element-0b65cdd elementor-widget-divider--view-line elementor-widget elementor-widget-divider\" data-id=\"0b65cdd\" data-element_type=\"widget\" data-widget_type=\"divider.default\">\n\t\t\t\t<div class=\"elementor-widget-container\">\n\t\t\t\t\t\t\t<div class=\"elementor-divider\">\n\t\t\t<span class=\"elementor-divider-separator\">\n\t\t\t\t\t\t<\/span>\n\t\t<\/div>\n\t\t\t\t\t\t<\/div>\n\t\t\t\t<\/div>\n\t\t\t\t<div class=\"elementor-element elementor-element-e075bde elementor-widget elementor-widget-heading\" data-id=\"e075bde\" data-element_type=\"widget\" data-widget_type=\"heading.default\">\n\t\t\t\t<div class=\"elementor-widget-container\">\n\t\t\t\t\t<h2 class=\"elementor-heading-title elementor-size-default\">Feiern Sie die sch\u00f6nsten Momente im <b>umgeben von Natur.<\/b><\/h2>\t\t\t\t<\/div>\n\t\t\t\t<\/div>\n\t\t\t\t<div class=\"elementor-element elementor-element-053f67d elementor-widget elementor-widget-text-editor\" data-id=\"053f67d\" data-element_type=\"widget\" data-widget_type=\"text-editor.default\">\n\t\t\t\t<div class=\"elementor-widget-container\">\n\t\t\t\t\t\t\t\t\t<p>Stellen Sie sich eine Trauung an einem friedlichen Teich vor, wo das Wasser in der Sonne glitzert, die V\u00f6gel leise zwitschern und die frische Brise den Duft von Wiesen mit sich bringt.<\/p><p>Hochzeiten finden hier nicht statt - sie werden hier erlebt. Die grasbewachsene Lichtung am Wasser wird zur B\u00fchne f\u00fcr Ihre Geschichte, und die Natur wird Ihr Zeuge.<\/p>\t\t\t\t\t\t\t\t<\/div>\n\t\t\t\t<\/div>\n\t\t\t\t<\/div>\n\t\t\t\t\t<\/div>\n\t\t\t\t<\/div>\n\t\t<div class=\"elementor-element elementor-element-eeb9f8f e-flex e-con-boxed e-con e-parent\" data-id=\"eeb9f8f\" data-element_type=\"container\" data-settings=\"{&quot;background_background&quot;:&quot;classic&quot;}\">\n\t\t\t\t\t<div class=\"e-con-inner\">\n\t\t<div class=\"elementor-element elementor-element-3f5ae98 e-con-full e-flex e-con e-child\" data-id=\"3f5ae98\" data-element_type=\"container\">\n\t\t\t\t<div class=\"elementor-element elementor-element-8d4792b elementor-widget-divider--view-line elementor-widget elementor-widget-divider\" data-id=\"8d4792b\" data-element_type=\"widget\" data-widget_type=\"divider.default\">\n\t\t\t\t<div class=\"elementor-widget-container\">\n\t\t\t\t\t\t\t<div class=\"elementor-divider\">\n\t\t\t<span class=\"elementor-divider-separator\">\n\t\t\t\t\t\t<\/span>\n\t\t<\/div>\n\t\t\t\t\t\t<\/div>\n\t\t\t\t<\/div>\n\t\t\t\t<div class=\"elementor-element elementor-element-6aff7bb elementor-widget elementor-widget-heading\" data-id=\"6aff7bb\" data-element_type=\"widget\" data-widget_type=\"heading.default\">\n\t\t\t\t<div class=\"elementor-widget-container\">\n\t\t\t\t\t<h2 class=\"elementor-heading-title elementor-size-default\">Wir von Bioterma lassen Ihre Veranstaltung Wirklichkeit werden <b>Unvergesslich!<\/b><\/h2>\t\t\t\t<\/div>\n\t\t\t\t<\/div>\n\t\t\t\t<div class=\"elementor-element elementor-element-bda0b4b elementor-widget elementor-widget-text-editor\" data-id=\"bda0b4b\" data-element_type=\"widget\" data-widget_type=\"text-editor.default\">\n\t\t\t\t<div class=\"elementor-widget-container\">\n\t\t\t\t\t\t\t\t\t<p style=\"font-weight: 400;\">Der sch\u00f6ne Steinsaal, in dem bis zu 110 Personen Platz finden, bietet ein einzigartiges Raumerlebnis mit technischer Ausstattung. Neben dem Saal befinden sich auch Toiletten und Garderoben.<\/p>\t\t\t\t\t\t\t\t<\/div>\n\t\t\t\t<\/div>\n\t\t\t\t<\/div>\n\t\t<div class=\"elementor-element elementor-element-9caca49 e-con-full e-flex e-con e-child\" data-id=\"9caca49\" data-element_type=\"container\">\n\t\t\t\t<div class=\"elementor-element elementor-element-42d9dac elementor-widget elementor-widget-image\" data-id=\"42d9dac\" data-element_type=\"widget\" data-widget_type=\"image.default\">\n\t\t\t\t<div class=\"elementor-widget-container\">\n\t\t\t\t\t\t\t\t\t\t\t\t\t\t\t<img decoding=\"async\" width=\"2560\" height=\"1707\" src=\"https:\/\/bioterme.si\/wp-content\/uploads\/2025\/05\/POROKA-DVORANA-3-scaled.jpg\" class=\"attachment-full size-full wp-image-7442\" alt=\"\" srcset=\"https:\/\/bioterme.si\/wp-content\/uploads\/2025\/05\/POROKA-DVORANA-3-scaled.jpg 2560w, https:\/\/bioterme.si\/wp-content\/uploads\/2025\/05\/POROKA-DVORANA-3-300x200.jpg 300w, https:\/\/bioterme.si\/wp-content\/uploads\/2025\/05\/POROKA-DVORANA-3-1024x683.jpg 1024w, https:\/\/bioterme.si\/wp-content\/uploads\/2025\/05\/POROKA-DVORANA-3-768x512.jpg 768w, https:\/\/bioterme.si\/wp-content\/uploads\/2025\/05\/POROKA-DVORANA-3-1536x1024.jpg 1536w, https:\/\/bioterme.si\/wp-content\/uploads\/2025\/05\/POROKA-DVORANA-3-2048x1365.jpg 2048w, https:\/\/bioterme.si\/wp-content\/uploads\/2025\/05\/POROKA-DVORANA-3-18x12.jpg 18w\" sizes=\"(max-width: 2560px) 100vw, 2560px\" \/>\t\t\t\t\t\t\t\t\t\t\t\t\t\t\t<\/div>\n\t\t\t\t<\/div>\n\t\t\t\t<\/div>\n\t\t\t\t\t<\/div>\n\t\t\t\t<\/div>\n\t\t<div class=\"elementor-element elementor-element-909b76f e-flex e-con-boxed e-con e-parent\" data-id=\"909b76f\" data-element_type=\"container\" data-settings=\"{&quot;background_background&quot;:&quot;classic&quot;}\">\n\t\t\t\t\t<div class=\"e-con-inner\">\n\t\t<div class=\"elementor-element elementor-element-3993aa0 e-con-full e-flex e-con e-child\" data-id=\"3993aa0\" data-element_type=\"container\">\n\t\t\t\t<div class=\"elementor-element elementor-element-5636fbf elementor-widget elementor-widget-image\" data-id=\"5636fbf\" data-element_type=\"widget\" data-widget_type=\"image.default\">\n\t\t\t\t<div class=\"elementor-widget-container\">\n\t\t\t\t\t\t\t\t\t\t\t\t\t\t\t<img decoding=\"async\" width=\"800\" height=\"534\" src=\"https:\/\/bioterme.si\/wp-content\/uploads\/2025\/05\/POROKA-DVORANA-2-1024x683.jpg\" class=\"attachment-large size-large wp-image-7443\" alt=\"\" srcset=\"https:\/\/bioterme.si\/wp-content\/uploads\/2025\/05\/POROKA-DVORANA-2-1024x683.jpg 1024w, https:\/\/bioterme.si\/wp-content\/uploads\/2025\/05\/POROKA-DVORANA-2-300x200.jpg 300w, https:\/\/bioterme.si\/wp-content\/uploads\/2025\/05\/POROKA-DVORANA-2-768x512.jpg 768w, https:\/\/bioterme.si\/wp-content\/uploads\/2025\/05\/POROKA-DVORANA-2-1536x1024.jpg 1536w, https:\/\/bioterme.si\/wp-content\/uploads\/2025\/05\/POROKA-DVORANA-2-2048x1365.jpg 2048w, https:\/\/bioterme.si\/wp-content\/uploads\/2025\/05\/POROKA-DVORANA-2-18x12.jpg 18w\" sizes=\"(max-width: 800px) 100vw, 800px\" \/>\t\t\t\t\t\t\t\t\t\t\t\t\t\t\t<\/div>\n\t\t\t\t<\/div>\n\t\t\t\t<\/div>\n\t\t<div class=\"elementor-element elementor-element-5f016a6 e-con-full e-flex e-con e-child\" data-id=\"5f016a6\" data-element_type=\"container\">\n\t\t\t\t<div class=\"elementor-element elementor-element-a7a0e9d elementor-widget elementor-widget-text-editor\" data-id=\"a7a0e9d\" data-element_type=\"widget\" data-widget_type=\"text-editor.default\">\n\t\t\t\t<div class=\"elementor-widget-container\">\n\t\t\t\t\t\t\t\t\t<p>W\u00e4hlen Sie aus 4 verschiedenen Men\u00fcs, die f\u00fcr jeden Geschmack etwas bieten.<\/p><p>Auf Wunsch bereiten wir auch einen leckeren Kuchen vor und organisieren eine musikalische Begleitung.<\/p>\t\t\t\t\t\t\t\t<\/div>\n\t\t\t\t<\/div>\n\t\t\t\t<\/div>\n\t\t\t\t\t<\/div>\n\t\t\t\t<\/div>\n\t\t<div class=\"elementor-element elementor-element-b6545d9 e-flex e-con-boxed e-con e-parent\" data-id=\"b6545d9\" data-element_type=\"container\" data-settings=\"{&quot;background_background&quot;:&quot;classic&quot;}\">\n\t\t\t\t\t<div class=\"e-con-inner\">\n\t\t<div class=\"elementor-element elementor-element-f33f099 e-con-full e-flex e-con e-child\" data-id=\"f33f099\" data-element_type=\"container\">\n\t\t\t\t<div class=\"elementor-element elementor-element-b63e182 elementor-widget elementor-widget-text-editor\" data-id=\"b63e182\" data-element_type=\"widget\" data-widget_type=\"text-editor.default\">\n\t\t\t\t<div class=\"elementor-widget-container\">\n\t\t\t\t\t\t\t\t\t<p style=\"font-weight: 400;\">F\u00fcr den vollen Komfort k\u00f6nnen Sie und Ihre G\u00e4ste auch in unserem Hotel \u00fcbernachten, wo Sie sich am n\u00e4chsten Tag mit Thermalwasser und Natur entspannen k\u00f6nnen.<\/p><p style=\"font-weight: 400;\">Das Brautpaar kann in einem Hotel \u00fcbernachten, wo das Fr\u00fchst\u00fcck auf dem Zimmer serviert wird.<\/p>\t\t\t\t\t\t\t\t<\/div>\n\t\t\t\t<\/div>\n\t\t\t\t<\/div>\n\t\t<div class=\"elementor-element elementor-element-e90faad e-con-full e-flex e-con e-child\" data-id=\"e90faad\" data-element_type=\"container\">\n\t\t\t\t<div class=\"elementor-element elementor-element-6eb53e6 elementor-widget elementor-widget-image\" data-id=\"6eb53e6\" data-element_type=\"widget\" data-widget_type=\"image.default\">\n\t\t\t\t<div class=\"elementor-widget-container\">\n\t\t\t\t\t\t\t\t\t\t\t\t\t\t\t<img loading=\"lazy\" decoding=\"async\" width=\"2560\" height=\"1703\" src=\"https:\/\/bioterme.si\/wp-content\/uploads\/2025\/05\/DSC3558-scaled.jpg\" class=\"attachment-full size-full wp-image-7445\" alt=\"\" srcset=\"https:\/\/bioterme.si\/wp-content\/uploads\/2025\/05\/DSC3558-scaled.jpg 2560w, https:\/\/bioterme.si\/wp-content\/uploads\/2025\/05\/DSC3558-300x200.jpg 300w, https:\/\/bioterme.si\/wp-content\/uploads\/2025\/05\/DSC3558-1024x681.jpg 1024w, https:\/\/bioterme.si\/wp-content\/uploads\/2025\/05\/DSC3558-768x511.jpg 768w, https:\/\/bioterme.si\/wp-content\/uploads\/2025\/05\/DSC3558-1536x1022.jpg 1536w, https:\/\/bioterme.si\/wp-content\/uploads\/2025\/05\/DSC3558-2048x1363.jpg 2048w, https:\/\/bioterme.si\/wp-content\/uploads\/2025\/05\/DSC3558-18x12.jpg 18w\" sizes=\"(max-width: 2560px) 100vw, 2560px\" \/>\t\t\t\t\t\t\t\t\t\t\t\t\t\t\t<\/div>\n\t\t\t\t<\/div>\n\t\t\t\t<\/div>\n\t\t\t\t\t<\/div>\n\t\t\t\t<\/div>\n\t\t<div class=\"elementor-element elementor-element-a34687c e-flex e-con-boxed e-con e-parent\" data-id=\"a34687c\" data-element_type=\"container\">\n\t\t\t\t\t<div class=\"e-con-inner\">\n\t\t\t\t<div class=\"elementor-element elementor-element-9b1ffb7 elementor-widget elementor-widget-ucaddon_pdf_viewer\" data-id=\"9b1ffb7\" data-element_type=\"widget\" data-widget_type=\"ucaddon_pdf_viewer.default\">\n\t\t\t\t<div class=\"elementor-widget-container\">\n\t\t\t\t\t\n<!-- start PDF Viewer -->\n<style>\/* widget: PDF Viewer *\/\n\n#uc_pdf_viewer_elementor_9b1ffb7{\n  min-height: 1px;\n}\n\n#uc_pdf_viewer_elementor_9b1ffb7 .ue-pdf-viewer-nav-buttons{\n  display: flex;\n}\n\n#uc_pdf_viewer_elementor_9b1ffb7 .ue-pdf-viewer-nav-arrow{\n  display: inline-flex;\n  align-items: center;\n  justify-content: center;\n  cursor: pointer;\n}\n\n#uc_pdf_viewer_elementor_9b1ffb7 .ue-pdf-viewer-nav-arrow-icon{\n  display: flex;\n  align-items: center;\n  justify-content: center;\n}\n\n#uc_pdf_viewer_elementor_9b1ffb7 .ue-pdf-viewer-nav{\n  display: flex;\n}\n\n#uc_pdf_viewer_elementor_9b1ffb7 .ue-pdf-viewer-fullscreen{\n  display: inline-block;\n  transition: all .3s ease;\n}\n\n<\/style>\n\n\n<div id=\"uc_pdf_viewer_elementor_9b1ffb7\" class=\"ue-pdf-viewer\">\n  \n       \n  \n      \t  \t      <a class=\"ue-pdf-viewer-fullscreen\" href=\"https:\/\/bioterme.si\/wp-content\/uploads\/2025\/07\/POROCNI-PDF-1.pdf\"  >PDF \u00f6ffnen<\/a>\n  \n  \n  \t\t<iframe src=\"https:\/\/bioterme.si\/wp-content\/uploads\/2025\/07\/POROCNI-PDF-1.pdf\" width=\"100%\" height=\"600px\"><\/iframe>\n  \t<\/div>\n\n<script type=\"module\">\n\n<\/script>\n<!-- end PDF Viewer -->\t\t\t\t<\/div>\n\t\t\t\t<\/div>\n\t\t\t\t\t<\/div>\n\t\t\t\t<\/div>\n\t\t\t\t<section class=\"elementor-section elementor-top-section elementor-element elementor-element-ae1a8c2 elementor-section-height-min-height elementor-section-boxed elementor-section-height-default elementor-section-items-middle\" data-id=\"ae1a8c2\" data-element_type=\"section\" data-settings=\"{&quot;background_background&quot;:&quot;classic&quot;}\">\n\t\t\t\t\t\t<div class=\"elementor-container elementor-column-gap-default\">\n\t\t\t\t\t<div class=\"elementor-column elementor-col-100 elementor-top-column elementor-element elementor-element-f0dc9cf\" data-id=\"f0dc9cf\" data-element_type=\"column\">\n\t\t\t<div class=\"elementor-widget-wrap elementor-element-populated\">\n\t\t\t\t\t\t<div class=\"elementor-element elementor-element-c471b33 elementor-widget-divider--view-line elementor-widget elementor-widget-divider\" data-id=\"c471b33\" data-element_type=\"widget\" data-widget_type=\"divider.default\">\n\t\t\t\t<div class=\"elementor-widget-container\">\n\t\t\t\t\t\t\t<div class=\"elementor-divider\">\n\t\t\t<span class=\"elementor-divider-separator\">\n\t\t\t\t\t\t<\/span>\n\t\t<\/div>\n\t\t\t\t\t\t<\/div>\n\t\t\t\t<\/div>\n\t\t\t\t<div class=\"elementor-element elementor-element-72874e8 elementor-widget elementor-widget-heading\" data-id=\"72874e8\" data-element_type=\"widget\" data-widget_type=\"heading.default\">\n\t\t\t\t<div class=\"elementor-widget-container\">\n\t\t\t\t\t<h2 class=\"elementor-heading-title elementor-size-default\">Machen Sie Ihre Hochzeit nicht nur zu einem Ereignis, sondern zu einem Moment, der f\u00fcr immer in Erinnerung bleibt.<\/h2>\t\t\t\t<\/div>\n\t\t\t\t<\/div>\n\t\t\t\t<div class=\"elementor-element elementor-element-a06fc56 elementor-widget elementor-widget-heading\" data-id=\"a06fc56\" data-element_type=\"widget\" data-widget_type=\"heading.default\">\n\t\t\t\t<div class=\"elementor-widget-container\">\n\t\t\t\t\t<h2 class=\"elementor-heading-title elementor-size-default\">Willkommen bei Biotherm.<b> Ihre Geschichte beginnt hier. <\/h2>\t\t\t\t<\/div>\n\t\t\t\t<\/div>\n\t\t\t\t\t<\/div>\n\t\t<\/div>\n\t\t\t\t\t<\/div>\n\t\t<\/section>\n\t\t<div class=\"elementor-element elementor-element-2c0aaa7 e-flex e-con-boxed e-con e-parent\" data-id=\"2c0aaa7\" data-element_type=\"container\" data-settings=\"{&quot;background_background&quot;:&quot;classic&quot;}\">\n\t\t\t\t\t<div class=\"e-con-inner\">\n\t\t<div class=\"elementor-element elementor-element-714e0a5 e-con-full e-flex e-con e-child\" data-id=\"714e0a5\" data-element_type=\"container\">\n\t\t\t\t<div class=\"elementor-element elementor-element-0f1f09a elementor-widget-divider--view-line elementor-widget elementor-widget-divider\" data-id=\"0f1f09a\" data-element_type=\"widget\" data-widget_type=\"divider.default\">\n\t\t\t\t<div class=\"elementor-widget-container\">\n\t\t\t\t\t\t\t<div class=\"elementor-divider\">\n\t\t\t<span class=\"elementor-divider-separator\">\n\t\t\t\t\t\t<\/span>\n\t\t<\/div>\n\t\t\t\t\t\t<\/div>\n\t\t\t\t<\/div>\n\t\t\t\t<div class=\"elementor-element elementor-element-7abadb5 elementor-widget elementor-widget-heading\" data-id=\"7abadb5\" data-element_type=\"widget\" data-widget_type=\"heading.default\">\n\t\t\t\t<div class=\"elementor-widget-container\">\n\t\t\t\t\t<h2 class=\"elementor-heading-title elementor-size-default\">F\u00fcr Reservierungen und weitere Informationen stehen wir Ihnen gerne zur Verf\u00fcgung.\n\n<\/h2>\t\t\t\t<\/div>\n\t\t\t\t<\/div>\n\t\t\t\t<div class=\"elementor-element elementor-element-824a89e elementor-align-center elementor-icon-list--layout-traditional elementor-list-item-link-full_width elementor-widget elementor-widget-icon-list\" data-id=\"824a89e\" data-element_type=\"widget\" data-widget_type=\"icon-list.default\">\n\t\t\t\t<div class=\"elementor-widget-container\">\n\t\t\t\t\t\t\t<ul class=\"elementor-icon-list-items\">\n\t\t\t\t\t\t\t<li class=\"elementor-icon-list-item\">\n\t\t\t\t\t\t\t\t\t\t\t<a href=\"tel:+386%202%2056%2052%20000\">\n\n\t\t\t\t\t\t\t\t\t\t\t\t<span class=\"elementor-icon-list-icon\">\n\t\t\t\t\t\t\t<svg xmlns=\"http:\/\/www.w3.org\/2000\/svg\" width=\"20\" height=\"20\" viewbox=\"0 0 20 20\" fill=\"none\"><path d=\"M17.4993 19.75H17.3718C2.63433 18.9025 0.541831 6.4675 0.249331 2.6725C0.225763 2.37744 0.260648 2.08062 0.351987 1.79906C0.443327 1.5175 0.589326 1.25673 0.781619 1.03169C0.973912 0.80665 1.20872 0.621766 1.47259 0.48763C1.73646 0.353493 2.0242 0.272741 2.31933 0.250001H6.45183C6.75225 0.24971 7.04583 0.339633 7.29456 0.508122C7.54328 0.676611 7.73568 0.915903 7.84683 1.195L8.98683 4C9.09659 4.27266 9.12383 4.57156 9.06517 4.85957C9.0065 5.14758 8.86451 5.412 8.65683 5.62L7.05933 7.2325C7.30887 8.65056 7.98797 9.95775 9.00475 10.9772C10.0215 11.9967 11.3269 12.6792 12.7443 12.9325L14.3718 11.32C14.583 11.1146 14.8499 10.9759 15.1393 10.9213C15.4287 10.8666 15.7278 10.8983 15.9993 11.0125L18.8268 12.145C19.1017 12.2597 19.3363 12.4536 19.5005 12.702C19.6648 12.9504 19.7514 13.2422 19.7493 13.54V17.5C19.7493 18.0967 19.5123 18.669 19.0903 19.091C18.6684 19.5129 18.0961 19.75 17.4993 19.75ZM2.49933 1.75C2.30042 1.75 2.10965 1.82902 1.969 1.96967C1.82835 2.11032 1.74933 2.30109 1.74933 2.5V2.56C2.09433 7 4.30683 17.5 17.4543 18.25C17.5529 18.2561 17.6516 18.2427 17.745 18.2105C17.8383 18.1783 17.9244 18.1281 17.9982 18.0626C18.0721 17.9971 18.1323 17.9176 18.1754 17.8288C18.2185 17.74 18.2436 17.6436 18.2493 17.545V13.54L15.4218 12.4075L13.2693 14.545L12.9093 14.5C6.38433 13.6825 5.49933 7.1575 5.49933 7.09L5.45433 6.73L7.58433 4.5775L6.45933 1.75H2.49933Z\" fill=\"#002A42\"><\/path><\/svg>\t\t\t\t\t\t<\/span>\n\t\t\t\t\t\t\t\t\t\t<span class=\"elementor-icon-list-text\">+386 2 56 52 000<\/span>\n\t\t\t\t\t\t\t\t\t\t\t<\/a>\n\t\t\t\t\t\t\t\t\t<\/li>\n\t\t\t\t\t\t<\/ul>\n\t\t\t\t\t\t<\/div>\n\t\t\t\t<\/div>\n\t\t\t\t<div class=\"elementor-element elementor-element-e7b97a3 elementor-align-center elementor-icon-list--layout-traditional elementor-list-item-link-full_width elementor-widget elementor-widget-icon-list\" data-id=\"e7b97a3\" data-element_type=\"widget\" data-widget_type=\"icon-list.default\">\n\t\t\t\t<div class=\"elementor-widget-container\">\n\t\t\t\t\t\t\t<ul class=\"elementor-icon-list-items\">\n\t\t\t\t\t\t\t<li class=\"elementor-icon-list-item\">\n\t\t\t\t\t\t\t\t\t\t\t<a href=\"mailto:booking@bioterme.si\">\n\n\t\t\t\t\t\t\t\t\t\t\t\t<span class=\"elementor-icon-list-icon\">\n\t\t\t\t\t\t\t<svg xmlns=\"http:\/\/www.w3.org\/2000\/svg\" width=\"22\" height=\"16\" viewbox=\"0 0 22 16\" fill=\"none\"><path d=\"M20 0.5H2C1.60218 0.5 1.22064 0.658035 0.93934 0.93934C0.658035 1.22064 0.5 1.60218 0.5 2V14C0.5 14.3978 0.658035 14.7794 0.93934 15.0607C1.22064 15.342 1.60218 15.5 2 15.5H20C20.3978 15.5 20.7794 15.342 21.0607 15.0607C21.342 14.7794 21.5 14.3978 21.5 14V2C21.5 1.60218 21.342 1.22064 21.0607 0.93934C20.7794 0.658035 20.3978 0.5 20 0.5V0.5ZM18.35 2L11 7.085L3.65 2H18.35ZM2 14V2.6825L10.5725 8.615C10.698 8.7021 10.8472 8.74877 11 8.74877C11.1528 8.74877 11.302 8.7021 11.4275 8.615L20 2.6825V14H2Z\" fill=\"#002A42\"><\/path><\/svg>\t\t\t\t\t\t<\/span>\n\t\t\t\t\t\t\t\t\t\t<span class=\"elementor-icon-list-text\">booking@bioterme.si<\/span>\n\t\t\t\t\t\t\t\t\t\t\t<\/a>\n\t\t\t\t\t\t\t\t\t<\/li>\n\t\t\t\t\t\t<\/ul>\n\t\t\t\t\t\t<\/div>\n\t\t\t\t<\/div>\n\t\t\t\t<\/div>\n\t\t\t\t\t<\/div>\n\t\t\t\t<\/div>\n\t\t\t\t<\/div>","protected":false},"excerpt":{"rendered":"<p>Biothermische Hochzeiten Zelebrieren Sie die sch\u00f6nsten Momente inmitten der Natur. Stellen Sie sich eine Trauung an einem ruhigen Teich vor, wo das Wasser in der Sonne glitzert, die V\u00f6gel leise zwitschern und die frische Brise den Duft von Wiesen bringt. Hochzeiten finden hier nicht statt - sie werden hier erlebt. Die grasbewachsene Lichtung am Wasser wird zur B\u00fchne f\u00fcr Ihre Geschichte, und die Natur wird Ihr Zeuge. Bei Bioterme [...]<\/p>","protected":false},"author":9,"featured_media":0,"parent":0,"menu_order":0,"comment_status":"closed","ping_status":"closed","template":"","meta":{"footnotes":""},"class_list":["post-7390","page","type-page","status-publish","hentry"],"_links":{"self":[{"href":"https:\/\/bioterme.si\/de\/wp-json\/wp\/v2\/pages\/7390","targetHints":{"allow":["GET"]}}],"collection":[{"href":"https:\/\/bioterme.si\/de\/wp-json\/wp\/v2\/pages"}],"about":[{"href":"https:\/\/bioterme.si\/de\/wp-json\/wp\/v2\/types\/page"}],"author":[{"embeddable":true,"href":"https:\/\/bioterme.si\/de\/wp-json\/wp\/v2\/users\/9"}],"replies":[{"embeddable":true,"href":"https:\/\/bioterme.si\/de\/wp-json\/wp\/v2\/comments?post=7390"}],"version-history":[{"count":37,"href":"https:\/\/bioterme.si\/de\/wp-json\/wp\/v2\/pages\/7390\/revisions"}],"predecessor-version":[{"id":7892,"href":"https:\/\/bioterme.si\/de\/wp-json\/wp\/v2\/pages\/7390\/revisions\/7892"}],"wp:attachment":[{"href":"https:\/\/bioterme.si\/de\/wp-json\/wp\/v2\/media?parent=7390"}],"curies":[{"name":"wp","href":"https:\/\/api.w.org\/{rel}","templated":true}]}}