{"id":8519,"date":"2025-09-06T00:29:27","date_gmt":"2025-09-06T00:29:27","guid":{"rendered":"https:\/\/bioterme.si\/?page_id=8519"},"modified":"2026-04-02T12:21:49","modified_gmt":"2026-04-02T12:21:49","slug":"najem-glamping-hisk","status":"publish","type":"page","link":"https:\/\/bioterme.si\/de\/najem-glamping-hisk\/","title":{"rendered":"Glamping H\u00fctten zu vermieten"},"content":{"rendered":"<div data-elementor-type=\"wp-page\" data-elementor-id=\"8519\" class=\"elementor elementor-8519\" data-elementor-post-type=\"page\">\n\t\t\t\t<div class=\"elementor-element elementor-element-bdcc29d e-flex e-con-boxed e-con e-parent\" data-id=\"bdcc29d\" data-element_type=\"container\" data-settings=\"{&quot;background_background&quot;:&quot;classic&quot;}\">\n\t\t\t\t\t<div class=\"e-con-inner\">\n\t\t\t\t<div class=\"elementor-element elementor-element-992e5be elementor-widget elementor-widget-heading\" data-id=\"992e5be\" data-element_type=\"widget\" data-widget_type=\"heading.default\">\n\t\t\t\t<div class=\"elementor-widget-container\">\n\t\t\t\t\t<h2 class=\"elementor-heading-title elementor-size-default\">Glamping H\u00e4user und Zelte<\/h2>\t\t\t\t<\/div>\n\t\t\t\t<\/div>\n\t\t\t\t\t<\/div>\n\t\t\t\t<\/div>\n\t\t<div class=\"elementor-element elementor-element-61266b9 e-flex e-con-boxed e-con e-parent\" data-id=\"61266b9\" data-element_type=\"container\" data-settings=\"{&quot;background_background&quot;:&quot;classic&quot;}\">\n\t\t\t\t\t<div class=\"e-con-inner\">\n\t\t<div class=\"elementor-element elementor-element-a5ba424 e-con-full e-flex e-con e-child\" data-id=\"a5ba424\" data-element_type=\"container\">\n\t\t\t\t<div class=\"elementor-element elementor-element-aee090d elementor-widget elementor-widget-heading\" data-id=\"aee090d\" data-element_type=\"widget\" data-widget_type=\"heading.default\">\n\t\t\t\t<div class=\"elementor-widget-container\">\n\t\t\t\t\t<h2 class=\"elementor-heading-title elementor-size-default\"><b>Glamping H\u00fctten\/Zelte zu vermieten<\/b><\/h2>\t\t\t\t<\/div>\n\t\t\t\t<\/div>\n\t\t\t\t<div class=\"elementor-element elementor-element-4432089 e-n-tabs-none elementor-widget elementor-widget-n-tabs\" data-id=\"4432089\" data-element_type=\"widget\" data-settings=\"{&quot;tabs_justify_horizontal_mobile&quot;:&quot;start&quot;,&quot;tabs_justify_horizontal&quot;:&quot;end&quot;,&quot;horizontal_scroll&quot;:&quot;disable&quot;}\" data-widget_type=\"nested-tabs.default\">\n\t\t\t\t<div class=\"elementor-widget-container\">\n\t\t\t\t\t\t\t<div class=\"e-n-tabs\" data-widget-number=\"71508105\" aria-label=\"Registerkarten. \u00d6ffnen Sie Elemente mit Enter oder Space, schlie\u00dfen Sie sie mit Escape und navigieren Sie mit den Pfeiltasten.\" data-no-translation-aria-label=\"\">\n\t\t\t<div class=\"e-n-tabs-heading\" role=\"tablist\">\n\t\t\t\t\t<button id=\"e-n-tab-title-715081051\" data-tab-title-id=\"e-n-tab-title-715081051\" class=\"e-n-tab-title\" aria-selected=\"true\" data-tab-index=\"1\" role=\"tab\" tabindex=\"0\" aria-controls=\"e-n-tab-content-715081051\" style=\"--n-tabs-title-order: 1;\">\n\t\t\t\t\t\t<span class=\"e-n-tab-title-text\">\n\t\t\t\t13.1. - 24.6.2026\t\t\t<\/span>\n\t\t<\/button>\n\t\t\t\t<button id=\"e-n-tab-title-715081052\" data-tab-title-id=\"e-n-tab-title-715081052\" class=\"e-n-tab-title\" aria-selected=\"false\" data-tab-index=\"2\" role=\"tab\" tabindex=\"-1\" aria-controls=\"e-n-tab-content-715081052\" style=\"--n-tabs-title-order: 2;\">\n\t\t\t\t\t\t<span class=\"e-n-tab-title-text\">\n\t\t\t\t24.6. - 30.8.2026\t\t\t<\/span>\n\t\t<\/button>\n\t\t\t\t\t<\/div>\n\t\t\t<div class=\"e-n-tabs-content\">\n\t\t\t\t<div id=\"e-n-tab-content-715081051\" role=\"tabpanel\" aria-labelledby=\"e-n-tab-title-715081051\" data-tab-index=\"1\" style=\"--n-tabs-title-order: 1;\" class=\"e-active elementor-element elementor-element-c14e245 e-con-full e-flex e-con e-child\" data-id=\"c14e245\" data-element_type=\"container\">\n\t\t<div class=\"elementor-element elementor-element-6305edc e-flex e-con-boxed e-con e-child\" data-id=\"6305edc\" data-element_type=\"container\" data-settings=\"{&quot;background_background&quot;:&quot;classic&quot;}\">\n\t\t\t\t\t<div class=\"e-con-inner\">\n\t\t\t\t<div class=\"elementor-element elementor-element-0280bed elementor-widget elementor-widget-text-editor\" data-id=\"0280bed\" data-element_type=\"widget\" data-widget_type=\"text-editor.default\">\n\t\t\t\t<div class=\"elementor-widget-container\">\n\t\t\t\t\t\t\t\t\t<p>H\u00fctten und Zelte zur Vermietung au\u00dferhalb der Ferien (mit Schwimmbad, Parkplatz, Wifi, Animation, Fitness)<\/p><table><tbody><tr><td width=\"132\"><h5><strong>HAUSHALT\/SHOT<\/strong><\/h5><div><strong>Die Zelte sind w\u00e4hrend der Sommersaison (26.4. - 30.9.) ge\u00f6ffnet.<\/strong><\/div><\/td><td width=\"94\"><h5><strong>TAGESMIETE F\u00dcR<\/strong><\/h5><h5><strong>6 PERSONEN\u00a0<\/strong><\/h5><\/td><td width=\"95\"><h5><strong>TAGESMIETE F\u00dcR<\/strong><\/h5><h5><strong>4 PERSONEN\u00a0<\/strong><\/h5><\/td><td width=\"85\"><h5><strong>TAGESMIETE F\u00dcR\u00a0<\/strong><\/h5><h5><strong>2 PERSONEN\u00a0<\/strong><\/h5><\/td><\/tr><tr><td width=\"132\"><p>ZWISCHEN DEN WOCHEN<\/p><\/td><td width=\"94\"><p>209,00 EUR<\/p><\/td><td width=\"95\"><p>149,00 EUR<\/p><\/td><td width=\"85\"><p>79,00 EUR<\/p><\/td><\/tr><tr><td width=\"132\"><p>WOCHENENDE<\/p><\/td><td width=\"94\"><p>259,00 EUR<\/p><\/td><td width=\"95\"><p>179,00 EUR<\/p><\/td><td width=\"85\"><p>89,00 EUR<\/p><\/td><\/tr><\/tbody><\/table>\t\t\t\t\t\t\t\t<\/div>\n\t\t\t\t<\/div>\n\t\t\t\t\t<\/div>\n\t\t\t\t<\/div>\n\t\t\t\t<\/div>\n\t\t<div id=\"e-n-tab-content-715081052\" role=\"tabpanel\" aria-labelledby=\"e-n-tab-title-715081052\" data-tab-index=\"2\" style=\"--n-tabs-title-order: 2;\" class=\"elementor-element elementor-element-1d41b82 e-con-full e-flex e-con e-child\" data-id=\"1d41b82\" data-element_type=\"container\">\n\t\t<div class=\"elementor-element elementor-element-246f92d e-flex e-con-boxed e-con e-child\" data-id=\"246f92d\" data-element_type=\"container\" data-settings=\"{&quot;background_background&quot;:&quot;classic&quot;}\">\n\t\t\t\t\t<div class=\"e-con-inner\">\n\t\t\t\t<div class=\"elementor-element elementor-element-3e8c54f elementor-widget elementor-widget-text-editor\" data-id=\"3e8c54f\" data-element_type=\"widget\" data-widget_type=\"text-editor.default\">\n\t\t\t\t<div class=\"elementor-widget-container\">\n\t\t\t\t\t\t\t\t\t<p>H\u00fctten und Zelte zur Vermietung au\u00dferhalb der Ferien (mit Schwimmbad, Parkplatz, Wifi, Animation, Fitness)<\/p><table><tbody><tr><td width=\"132\"><h5><strong>HAUSHALT\/SHOT<\/strong><\/h5><div><strong>Die Zelte sind w\u00e4hrend der Sommersaison (26.4. - 30.9.) ge\u00f6ffnet.<\/strong><\/div><\/td><td width=\"94\"><h5><strong>TAGESMIETE F\u00dcR<\/strong><\/h5><h5><strong>6 PERSONEN\u00a0<\/strong><\/h5><\/td><td width=\"95\"><h5><strong>TAGESMIETE F\u00dcR<\/strong><\/h5><h5><strong>4 PERSONEN\u00a0<\/strong><\/h5><\/td><td width=\"85\"><h5><strong>TAGESMIETE F\u00dcR\u00a0<\/strong><\/h5><h5><strong>2 PERSONEN\u00a0<\/strong><\/h5><\/td><\/tr><tr><td width=\"132\"><p>ZWISCHEN DEN WOCHEN<\/p><\/td><td width=\"94\"><p>229,00 EUR\u00a0<\/p><\/td><td width=\"95\"><p>169,00 EUR<\/p><\/td><td width=\"85\"><p>89,00 EUR<\/p><\/td><\/tr><tr><td width=\"132\"><p>WOCHENENDE<\/p><\/td><td width=\"94\"><p>279,00 EUR<\/p><\/td><td width=\"95\"><p>189,00 EUR<\/p><\/td><td width=\"85\"><p>99,00 EUR<\/p><\/td><\/tr><\/tbody><\/table>\t\t\t\t\t\t\t\t<\/div>\n\t\t\t\t<\/div>\n\t\t\t\t\t<\/div>\n\t\t\t\t<\/div>\n\t\t\t\t<\/div>\n\t\t\t\t\t<\/div>\n\t\t<\/div>\n\t\t\t\t\t\t<\/div>\n\t\t\t\t<\/div>\n\t\t\t\t<\/div>\n\t\t\t\t\t<\/div>\n\t\t\t\t<\/div>\n\t\t<div class=\"elementor-element elementor-element-586c476 e-con-full elementor-hidden-desktop elementor-hidden-tablet elementor-hidden-mobile e-flex e-con e-child\" data-id=\"586c476\" data-element_type=\"container\">\n\t\t\t\t<div class=\"elementor-element elementor-element-706c91c elementor-widget elementor-widget-heading\" data-id=\"706c91c\" data-element_type=\"widget\" data-widget_type=\"heading.default\">\n\t\t\t\t<div class=\"elementor-widget-container\">\n\t\t\t\t\t<h2 class=\"elementor-heading-title elementor-size-default\"><b>Glamping H\u00fctten\/Zelte zu vermieten<\/b><br><br>10.1. - 24.6.2026<\/h2>\t\t\t\t<\/div>\n\t\t\t\t<\/div>\n\t\t\t\t<div class=\"elementor-element elementor-element-766f6f4 elementor-widget elementor-widget-text-editor\" data-id=\"766f6f4\" data-element_type=\"widget\" data-widget_type=\"text-editor.default\">\n\t\t\t\t<div class=\"elementor-widget-container\">\n\t\t\t\t\t\t\t\t\t<p>H\u00fctten und Zelte zur Vermietung au\u00dferhalb der Ferien (mit Schwimmbad, Parkplatz, Wifi, Animation, Fitness)<\/p><table><tbody><tr><td width=\"132\"><h5><strong>HAUSHALT\/SHOT<\/strong><\/h5><div><strong>Die Zelte sind w\u00e4hrend der Sommersaison (26.4. - 30.9.) ge\u00f6ffnet.<\/strong><\/div><\/td><td width=\"94\"><h5><strong>TAGESMIETE F\u00dcR<\/strong><\/h5><h5><strong>6 PERSONEN in EUR<\/strong><\/h5><\/td><td width=\"95\"><h5><strong>TAGESMIETE F\u00dcR<\/strong><\/h5><h5><strong>4 PERSONEN in EUR<\/strong><\/h5><\/td><td width=\"85\"><h5><strong>TAGESMIETE F\u00dcR\u00a0<\/strong><\/h5><h5><strong>2 PERSONEN in EUR<\/strong><\/h5><\/td><\/tr><tr><td width=\"132\"><p>ZWISCHEN DEN WOCHEN<\/p><\/td><td width=\"94\"><p>209,00\u00a0<\/p><\/td><td width=\"95\"><p>149,00<\/p><\/td><td width=\"85\"><p>79,00<\/p><\/td><\/tr><tr><td width=\"132\"><p>WOCHENENDE<\/p><\/td><td width=\"94\"><p>259,00<\/p><\/td><td width=\"95\"><p>179,00<\/p><\/td><td width=\"85\"><p>89,00<\/p><\/td><\/tr><\/tbody><\/table>\t\t\t\t\t\t\t\t<\/div>\n\t\t\t\t<\/div>\n\t\t\t\t<\/div>\n\t\t<div class=\"elementor-element elementor-element-4e67d4a e-flex e-con-boxed e-con e-parent\" data-id=\"4e67d4a\" data-element_type=\"container\" data-settings=\"{&quot;background_background&quot;:&quot;classic&quot;}\">\n\t\t\t\t\t<div class=\"e-con-inner\">\n\t\t<div class=\"elementor-element elementor-element-f1696d9 e-con-full e-flex e-con e-child\" data-id=\"f1696d9\" data-element_type=\"container\">\n\t\t\t\t<div class=\"elementor-element elementor-element-aac8c42 elementor-widget elementor-widget-heading\" data-id=\"aac8c42\" data-element_type=\"widget\" data-widget_type=\"heading.default\">\n\t\t\t\t<div class=\"elementor-widget-container\">\n\t\t\t\t\t<h2 class=\"elementor-heading-title elementor-size-default translation-block\">ALLES \u00dcBER DAS <b>PAKET<\/b><\/h2>\t\t\t\t<\/div>\n\t\t\t\t<\/div>\n\t\t\t\t<div class=\"elementor-element elementor-element-3af12cc elementor-tabs-view-horizontal elementor-widget elementor-widget-tabs\" data-id=\"3af12cc\" data-element_type=\"widget\" data-widget_type=\"tabs.default\">\n\t\t\t\t<div class=\"elementor-widget-container\">\n\t\t\t\t\t\t\t<div class=\"elementor-tabs\">\n\t\t\t<div class=\"elementor-tabs-wrapper\" role=\"tablist\" >\n\t\t\t\t\t\t\t\t\t<div id=\"elementor-tab-title-6181\" class=\"elementor-tab-title elementor-tab-desktop-title\" aria-selected=\"true\" data-tab=\"1\" role=\"tab\" tabindex=\"0\" aria-controls=\"elementor-tab-content-6181\" aria-expanded=\"false\">+ PREIS BEINHALTET:<\/div>\n\t\t\t\t\t\t\t\t\t<div id=\"elementor-tab-title-6182\" class=\"elementor-tab-title elementor-tab-desktop-title\" aria-selected=\"false\" data-tab=\"2\" role=\"tab\" tabindex=\"-1\" aria-controls=\"elementor-tab-content-6182\" aria-expanded=\"false\">+ OBLIGATORISCHE ZUSCHL\u00c4GE:<\/div>\n\t\t\t\t\t\t\t\t\t<div id=\"elementor-tab-title-6183\" class=\"elementor-tab-title elementor-tab-desktop-title\" aria-selected=\"false\" data-tab=\"3\" role=\"tab\" tabindex=\"-1\" aria-controls=\"elementor-tab-content-6183\" aria-expanded=\"false\">+ M\u00d6GLICHE ERG\u00c4NZUNGEN:<\/div>\n\t\t\t\t\t\t\t<\/div>\n\t\t\t<div class=\"elementor-tabs-content-wrapper\" role=\"tablist\" aria-orientation=\"vertical\">\n\t\t\t\t\t\t\t\t\t<div class=\"elementor-tab-title elementor-tab-mobile-title\" aria-selected=\"true\" data-tab=\"1\" role=\"tab\" tabindex=\"0\" aria-controls=\"elementor-tab-content-6181\" aria-expanded=\"false\">+ PREIS BEINHALTET:<\/div>\n\t\t\t\t\t<div id=\"elementor-tab-content-6181\" class=\"elementor-tab-content elementor-clearfix\" data-tab=\"1\" role=\"tabpanel\" aria-labelledby=\"elementor-tab-title-6181\" tabindex=\"0\" hidden=\"false\"><ul>\n<li>Unterkunft in einem Glamping-Haus\/Zelt,<\/li>\n<li>unbegrenztes Baden in den Becken des Thermalparks (auch am An- und Abreisetag),<\/li>\n<li>Zugang zum Fitnesscenter,<\/li>\n<li style=\"font-size: 16px;\">Zugang zur Saunawelt alle zwei Tage (Aufpreis von 9,90 \u20ac pro Person am Abreisetag f\u00fcr die Nutzung der Sauna nach 15:00 Uhr),<\/li>\n<li style=\"font-size: 16px;\">Bademantel,&nbsp;<\/li>\n<li>Animationsprogramm,<\/li>\n<li>Kostenloses Wi-Fi,<\/li>\n<li>Kostenlose \u00fcberdachte Parkpl\u00e4tze,<\/li>\n<li>30% Rabatt auf klassische Massagen,&nbsp;<\/li>\n<li>F\u00f6rderung des Gleichgewichts, der Koordination und des Zusammenspiels auf dem Barfu\u00dfpfad,<\/li>\n<li>St\u00e4rkung der Energie des inneren Friedens und der Harmonie an den Energiepunkten,<\/li>\n<li>G\u00e4stekomfort bei Bioterm in umliegenden Anbietern,<\/li><li style=\"font-size: 16px;\">f\u00fcr Glamping-G\u00e4ste ein kostenloses Angelerlebnis \u2013 das Catch-and-Release-Erlebnis.<\/li>\n<\/ul><\/div>\n\t\t\t\t\t\t\t\t\t<div class=\"elementor-tab-title elementor-tab-mobile-title\" aria-selected=\"false\" data-tab=\"2\" role=\"tab\" tabindex=\"-1\" aria-controls=\"elementor-tab-content-6182\" aria-expanded=\"false\">+ OBLIGATORISCHE ZUSCHL\u00c4GE:<\/div>\n\t\t\t\t\t<div id=\"elementor-tab-content-6182\" class=\"elementor-tab-content elementor-clearfix\" data-tab=\"2\" role=\"tabpanel\" aria-labelledby=\"elementor-tab-title-6182\" tabindex=\"0\" hidden=\"hidden\"><ul><li>Ortstakse 2,50 \u20ac pro Person pro Nacht (Kinder von 7 bis 17,99. in 1,25 \u20ac pro Nacht),<\/li><li>Eintrittspreis 2,50 \u20ac (ab 4 Jahren),<\/li><li>Glamping-Villa mit Badewanne auf Terrasse \u20ac 12,00 pro Nacht.<\/li><\/ul><\/div>\n\t\t\t\t\t\t\t\t\t<div class=\"elementor-tab-title elementor-tab-mobile-title\" aria-selected=\"false\" data-tab=\"3\" role=\"tab\" tabindex=\"-1\" aria-controls=\"elementor-tab-content-6183\" aria-expanded=\"false\">+ M\u00d6GLICHE ERG\u00c4NZUNGEN:<\/div>\n\t\t\t\t\t<div id=\"elementor-tab-content-6183\" class=\"elementor-tab-content elementor-clearfix\" data-tab=\"3\" role=\"tabpanel\" aria-labelledby=\"elementor-tab-title-6183\" tabindex=\"0\" hidden=\"hidden\"><ul><li>Fr\u00fchst\u00fcck \u20ac 15,00 pro Person und Nacht,<\/li><li>Mittagessen 18,00 \u20ac pro Person und Nacht,<\/li><li>Abendessen 20,00 pro Person und Nacht,<\/li><li>Garage 5,00 \u20ac pro Nacht,<\/li><li>M\u00f6glichkeit f\u00fcr Late check out bis 16.00 Uhr ist 35,00 \u20ac auf die Wohneinheit,<\/li><li>M\u00f6glichkeit von der schnellen Ankunft in das Zimmer vom 8.00 Uhr ist 35,00 \u20ac auf die Wohneinheit,<\/li><li>Gr\u00f6\u00dfere Glamping Einheit 12,00 \u20ac pro Nacht,<\/li><li>Fr\u00fchst\u00fcck in der Villa 6,00 \u20ac pro Person pro Tag,<\/li><li>F\u00fcr Haustiere bis zu 15 kg wird ein Zuschlag von 20,00 \u20ac pro Nacht erhoben (nur in bestimmten Einheiten des Glamping-Resorts),<\/li><li>Bademantel \u20ac 5,00 pro Person,<\/li><li>Verkostung von 4 Weinen eines lokalen Erzeugers \u20ac 10,00 pro Person,<\/li><li>Besichtigung des therapeutischen Bienenstocks mit Produktverkostung 8,00 \u20ac pro Person,<\/li><li>45-min\u00fctige Yoga-Sitzungen 3 Mal pro Woche, ein Besuch \u20ac 10,00 pro Person,<\/li><li>Verleih von Nordic-Walking-St\u00f6cken \u20ac 3,00 pro Benutzung.<\/li><\/ul><\/div>\n\t\t\t\t\t\t\t<\/div>\n\t\t<\/div>\n\t\t\t\t\t\t<\/div>\n\t\t\t\t<\/div>\n\t\t\t\t<\/div>\n\t\t\t\t\t<\/div>\n\t\t\t\t<\/div>\n\t\t\t\t<section class=\"elementor-section elementor-top-section elementor-element elementor-element-8ac94bd elementor-section-height-min-height elementor-section-boxed elementor-section-height-default elementor-section-items-middle\" data-id=\"8ac94bd\" data-element_type=\"section\" data-settings=\"{&quot;background_background&quot;:&quot;classic&quot;}\">\n\t\t\t\t\t\t<div class=\"elementor-container elementor-column-gap-default\">\n\t\t\t\t\t<div class=\"elementor-column elementor-col-100 elementor-top-column elementor-element elementor-element-d07faa0\" data-id=\"d07faa0\" data-element_type=\"column\">\n\t\t\t<div class=\"elementor-widget-wrap elementor-element-populated\">\n\t\t\t\t\t\t<div class=\"elementor-element elementor-element-99d8098 elementor-widget elementor-widget-heading\" data-id=\"99d8098\" data-element_type=\"widget\" data-widget_type=\"heading.default\">\n\t\t\t\t<div class=\"elementor-widget-container\">\n\t\t\t\t\t<h2 class=\"elementor-heading-title elementor-size-default translation-block\">Alle <br><b>Pakete anschauen!<\/b><\/h2>\t\t\t\t<\/div>\n\t\t\t\t<\/div>\n\t\t\t\t<div class=\"elementor-element elementor-element-b59627f elementor-align-right elementor-widget elementor-widget-button\" data-id=\"b59627f\" data-element_type=\"widget\" data-widget_type=\"button.default\">\n\t\t\t\t<div class=\"elementor-widget-container\">\n\t\t\t\t\t\t\t\t\t<div class=\"elementor-button-wrapper\">\n\t\t\t\t\t<a class=\"elementor-button elementor-button-link elementor-size-sm\" href=\"https:\/\/bioterme.si\/de\/paketi\/\">\n\t\t\t\t\t\t<span class=\"elementor-button-content-wrapper\">\n\t\t\t\t\t\t<span class=\"elementor-button-icon\">\n\t\t\t\t<i aria-hidden=\"true\" class=\"fas fa-angle-right\"><\/i>\t\t\t<\/span>\n\t\t\t\t\t\t\t\t\t<span class=\"elementor-button-text\">Siehe<\/span>\n\t\t\t\t\t<\/span>\n\t\t\t\t\t<\/a>\n\t\t\t\t<\/div>\n\t\t\t\t\t\t\t\t<\/div>\n\t\t\t\t<\/div>\n\t\t\t\t\t<\/div>\n\t\t<\/div>\n\t\t\t\t\t<\/div>\n\t\t<\/section>\n\t\t\t\t<section class=\"elementor-section elementor-top-section elementor-element elementor-element-e880c7c elementor-section-boxed elementor-section-height-default elementor-section-height-default\" data-id=\"e880c7c\" data-element_type=\"section\" data-settings=\"{&quot;background_background&quot;:&quot;classic&quot;}\">\n\t\t\t\t\t\t<div class=\"elementor-container elementor-column-gap-default\">\n\t\t\t\t\t<div class=\"elementor-column elementor-col-100 elementor-top-column elementor-element elementor-element-e26e0c5\" data-id=\"e26e0c5\" data-element_type=\"column\">\n\t\t\t<div class=\"elementor-widget-wrap elementor-element-populated\">\n\t\t\t\t\t\t<div class=\"elementor-element elementor-element-d0e811b elementor-widget elementor-widget-text-editor\" data-id=\"d0e811b\" data-element_type=\"widget\" data-widget_type=\"text-editor.default\">\n\t\t\t\t<div class=\"elementor-widget-container\">\n\t\t\t\t\t\t\t\t\t<p><strong>KONTAKTINFORMATIONEN:<\/strong><\/p>\n<p>BIOTERME Mala Nedelja, Moravci v Slovenskih goricah 34b, SI - 9243 Mala Nedelja<\/p>\n<p><strong>T: +386 2 56 52 000; E: <a href=\"mailto:booking@bioterme.si\">booking@bioterme.si<\/a><\/strong><br><strong>www.bioterme.si<\/strong><\/p>\t\t\t\t\t\t\t\t<\/div>\n\t\t\t\t<\/div>\n\t\t\t\t\t<\/div>\n\t\t<\/div>\n\t\t\t\t\t<\/div>\n\t\t<\/section>\n\t\t\t\t<\/div>","protected":false},"excerpt":{"rendered":"<p>Glamping hi\u0161ke in \u0161otori Najem Glamping hi\u0161k \/ \u0161otorov 13.1. &#8211; 24.6.2026 24.6. &#8211; 30.8.2026 Najem hi\u0161k in \u0161otorov izven praznikov in po\u010ditnic (s kopanjem, parkiri\u0161\u010dem, wifi, animacijo, fitnes) HI\u0160KA\/\u0160OTOR \u0160otori so odprti v poletni sezoni (26.4. &#8211; 30.9.). DNEVNI NAJEM ZA 6 OSEB\u00a0 DNEVNI NAJEM ZA 4 OSEBE\u00a0 DNEVNI NAJEM ZA\u00a0 2 OSEBI\u00a0 MED [&hellip;]<\/p>","protected":false},"author":9,"featured_media":0,"parent":0,"menu_order":0,"comment_status":"closed","ping_status":"closed","template":"","meta":{"footnotes":""},"class_list":["post-8519","page","type-page","status-publish","hentry"],"_links":{"self":[{"href":"https:\/\/bioterme.si\/de\/wp-json\/wp\/v2\/pages\/8519","targetHints":{"allow":["GET"]}}],"collection":[{"href":"https:\/\/bioterme.si\/de\/wp-json\/wp\/v2\/pages"}],"about":[{"href":"https:\/\/bioterme.si\/de\/wp-json\/wp\/v2\/types\/page"}],"author":[{"embeddable":true,"href":"https:\/\/bioterme.si\/de\/wp-json\/wp\/v2\/users\/9"}],"replies":[{"embeddable":true,"href":"https:\/\/bioterme.si\/de\/wp-json\/wp\/v2\/comments?post=8519"}],"version-history":[{"count":37,"href":"https:\/\/bioterme.si\/de\/wp-json\/wp\/v2\/pages\/8519\/revisions"}],"predecessor-version":[{"id":10802,"href":"https:\/\/bioterme.si\/de\/wp-json\/wp\/v2\/pages\/8519\/revisions\/10802"}],"wp:attachment":[{"href":"https:\/\/bioterme.si\/de\/wp-json\/wp\/v2\/media?parent=8519"}],"curies":[{"name":"wp","href":"https:\/\/api.w.org\/{rel}","templated":true}]}}