{"id":855,"date":"2023-02-09T10:55:46","date_gmt":"2023-02-09T10:55:46","guid":{"rendered":"https:\/\/online-narocanje.si\/?page_id=855"},"modified":"2025-03-20T10:56:18","modified_gmt":"2025-03-20T10:56:18","slug":"nase-nagrade","status":"publish","type":"page","link":"https:\/\/bioterme.si\/de\/nase-nagrade\/","title":{"rendered":"Unsere Auszeichnungen"},"content":{"rendered":"<div data-elementor-type=\"wp-page\" data-elementor-id=\"855\" class=\"elementor elementor-855\" data-elementor-post-type=\"page\">\n\t\t\t\t\t\t<section class=\"elementor-section elementor-top-section elementor-element elementor-element-b68f8d6 elementor-section-height-min-height elementor-section-boxed elementor-section-height-default elementor-section-items-middle\" data-id=\"b68f8d6\" data-element_type=\"section\" data-settings=\"{&quot;background_background&quot;:&quot;classic&quot;}\">\n\t\t\t\t\t\t<div class=\"elementor-container elementor-column-gap-default\">\n\t\t\t\t\t<div class=\"elementor-column elementor-col-100 elementor-top-column elementor-element elementor-element-b4a0d8b\" data-id=\"b4a0d8b\" data-element_type=\"column\">\n\t\t\t<div class=\"elementor-widget-wrap\">\n\t\t\t\t\t\t\t<\/div>\n\t\t<\/div>\n\t\t\t\t\t<\/div>\n\t\t<\/section>\n\t\t\t\t<section class=\"elementor-section elementor-top-section elementor-element elementor-element-bad3456 elementor-section-boxed elementor-section-height-default elementor-section-height-default\" data-id=\"bad3456\" data-element_type=\"section\" data-settings=\"{&quot;background_background&quot;:&quot;classic&quot;}\">\n\t\t\t\t\t\t<div class=\"elementor-container elementor-column-gap-default\">\n\t\t\t\t\t<div class=\"elementor-column elementor-col-100 elementor-top-column elementor-element elementor-element-10b8c02\" data-id=\"10b8c02\" data-element_type=\"column\">\n\t\t\t<div class=\"elementor-widget-wrap elementor-element-populated\">\n\t\t\t\t\t\t<div class=\"elementor-element elementor-element-7cd589a elementor-widget elementor-widget-heading\" data-id=\"7cd589a\" data-element_type=\"widget\" data-widget_type=\"heading.default\">\n\t\t\t\t<div class=\"elementor-widget-container\">\n\t\t\t\t\t<h2 class=\"elementor-heading-title elementor-size-default\">Zertifikate und Auszeichnungen<\/h2>\t\t\t\t<\/div>\n\t\t\t\t<\/div>\n\t\t\t\t\t<\/div>\n\t\t<\/div>\n\t\t\t\t\t<\/div>\n\t\t<\/section>\n\t\t\t\t<section class=\"elementor-section elementor-top-section elementor-element elementor-element-bd56b36 elementor-section-boxed elementor-section-height-default elementor-section-height-default\" data-id=\"bd56b36\" data-element_type=\"section\" data-settings=\"{&quot;background_background&quot;:&quot;classic&quot;}\">\n\t\t\t\t\t\t<div class=\"elementor-container elementor-column-gap-default\">\n\t\t\t\t\t<div class=\"elementor-column elementor-col-20 elementor-top-column elementor-element elementor-element-43f1791\" data-id=\"43f1791\" data-element_type=\"column\">\n\t\t\t<div class=\"elementor-widget-wrap elementor-element-populated\">\n\t\t\t\t\t\t<div class=\"elementor-element elementor-element-89f46de elementor-widget elementor-widget-image\" data-id=\"89f46de\" data-element_type=\"widget\" data-widget_type=\"image.default\">\n\t\t\t\t<div class=\"elementor-widget-container\">\n\t\t\t\t\t\t\t\t\t\t\t\t\t\t\t<img fetchpriority=\"high\" decoding=\"async\" width=\"500\" height=\"300\" src=\"https:\/\/bioterme.si\/wp-content\/uploads\/2023\/02\/Rectangle-16-15.jpg\" class=\"attachment-large size-large wp-image-865\" alt=\"\" srcset=\"https:\/\/bioterme.si\/wp-content\/uploads\/2023\/02\/Rectangle-16-15.jpg 500w, https:\/\/bioterme.si\/wp-content\/uploads\/2023\/02\/Rectangle-16-15-300x180.jpg 300w\" sizes=\"(max-width: 500px) 100vw, 500px\" \/>\t\t\t\t\t\t\t\t\t\t\t\t\t\t\t<\/div>\n\t\t\t\t<\/div>\n\t\t\t\t<div class=\"elementor-element elementor-element-bd66ab3 elementor-widget elementor-widget-heading\" data-id=\"bd66ab3\" data-element_type=\"widget\" data-widget_type=\"heading.default\">\n\t\t\t\t<div class=\"elementor-widget-container\">\n\t\t\t\t\t<h2 class=\"elementor-heading-title elementor-size-default\">\u00d6ko-G\u00e4nsebl\u00fcmchen<\/h2>\t\t\t\t<\/div>\n\t\t\t\t<\/div>\n\t\t\t\t<div class=\"elementor-element elementor-element-2038be3 elementor-widget elementor-widget-text-editor\" data-id=\"2038be3\" data-element_type=\"widget\" data-widget_type=\"text-editor.default\">\n\t\t\t\t<div class=\"elementor-widget-container\">\n\t\t\t\t\t\t\t\t\t<p>Das Hotel Bioterme**** ist das erste Hotel in Pomurje, das mit dem Eco-Daisy-Siegel ausgezeichnet wurde. Das Label garantiert, dass Produkte und Dienstleistungen weniger negative Auswirkungen auf die Umwelt haben.<\/p>\t\t\t\t\t\t\t\t<\/div>\n\t\t\t\t<\/div>\n\t\t\t\t\t<\/div>\n\t\t<\/div>\n\t\t\t\t<div class=\"elementor-column elementor-col-20 elementor-top-column elementor-element elementor-element-6e33082\" data-id=\"6e33082\" data-element_type=\"column\">\n\t\t\t<div class=\"elementor-widget-wrap elementor-element-populated\">\n\t\t\t\t\t\t<div class=\"elementor-element elementor-element-b666627 elementor-widget elementor-widget-image\" data-id=\"b666627\" data-element_type=\"widget\" data-widget_type=\"image.default\">\n\t\t\t\t<div class=\"elementor-widget-container\">\n\t\t\t\t\t\t\t\t\t\t\t\t\t\t\t<img decoding=\"async\" width=\"500\" height=\"300\" src=\"https:\/\/bioterme.si\/wp-content\/uploads\/2023\/02\/Rectangle-16-12-1.jpg\" class=\"attachment-large size-large wp-image-862\" alt=\"\" srcset=\"https:\/\/bioterme.si\/wp-content\/uploads\/2023\/02\/Rectangle-16-12-1.jpg 500w, https:\/\/bioterme.si\/wp-content\/uploads\/2023\/02\/Rectangle-16-12-1-300x180.jpg 300w\" sizes=\"(max-width: 500px) 100vw, 500px\" \/>\t\t\t\t\t\t\t\t\t\t\t\t\t\t\t<\/div>\n\t\t\t\t<\/div>\n\t\t\t\t<div class=\"elementor-element elementor-element-97580c9 elementor-widget elementor-widget-heading\" data-id=\"97580c9\" data-element_type=\"widget\" data-widget_type=\"heading.default\">\n\t\t\t\t<div class=\"elementor-widget-container\">\n\t\t\t\t\t<h2 class=\"elementor-heading-title elementor-size-default\">Sloweniens Gr\u00fcne Unterkunft erhalten haben.<\/h2>\t\t\t\t<\/div>\n\t\t\t\t<\/div>\n\t\t\t\t<div class=\"elementor-element elementor-element-ad688f1 elementor-widget elementor-widget-text-editor\" data-id=\"ad688f1\" data-element_type=\"widget\" data-widget_type=\"text-editor.default\">\n\t\t\t\t<div class=\"elementor-widget-container\">\n\t\t\t\t\t\t\t\t\t<p>Das Hotel Bioterme**** ist auch ein zertifiziertes slowenisches \"Green Accommodation\"-Hotel. Das Zertifikat \"Slovenia Green Accommodation\" garantiert ein nachhaltiges Angebot.<\/p>\t\t\t\t\t\t\t\t<\/div>\n\t\t\t\t<\/div>\n\t\t\t\t\t<\/div>\n\t\t<\/div>\n\t\t\t\t<div class=\"elementor-column elementor-col-20 elementor-top-column elementor-element elementor-element-74ccefb\" data-id=\"74ccefb\" data-element_type=\"column\">\n\t\t\t<div class=\"elementor-widget-wrap elementor-element-populated\">\n\t\t\t\t\t\t<div class=\"elementor-element elementor-element-4026e66 elementor-widget elementor-widget-image\" data-id=\"4026e66\" data-element_type=\"widget\" data-widget_type=\"image.default\">\n\t\t\t\t<div class=\"elementor-widget-container\">\n\t\t\t\t\t\t\t\t\t\t\t\t\t\t\t<img decoding=\"async\" width=\"800\" height=\"800\" src=\"https:\/\/bioterme.si\/wp-content\/uploads\/2024\/11\/NajKopalisce2024_Bioterme-1024x1024.png\" class=\"attachment-large size-large wp-image-5941\" alt=\"\" srcset=\"https:\/\/bioterme.si\/wp-content\/uploads\/2024\/11\/NajKopalisce2024_Bioterme-1024x1024.png 1024w, https:\/\/bioterme.si\/wp-content\/uploads\/2024\/11\/NajKopalisce2024_Bioterme-300x300.png 300w, https:\/\/bioterme.si\/wp-content\/uploads\/2024\/11\/NajKopalisce2024_Bioterme-150x150.png 150w, https:\/\/bioterme.si\/wp-content\/uploads\/2024\/11\/NajKopalisce2024_Bioterme-768x768.png 768w, https:\/\/bioterme.si\/wp-content\/uploads\/2024\/11\/NajKopalisce2024_Bioterme-1536x1536.png 1536w, https:\/\/bioterme.si\/wp-content\/uploads\/2024\/11\/NajKopalisce2024_Bioterme-2048x2048.png 2048w, https:\/\/bioterme.si\/wp-content\/uploads\/2024\/11\/NajKopalisce2024_Bioterme-12x12.png 12w\" sizes=\"(max-width: 800px) 100vw, 800px\" \/>\t\t\t\t\t\t\t\t\t\t\t\t\t\t\t<\/div>\n\t\t\t\t<\/div>\n\t\t\t\t<div class=\"elementor-element elementor-element-2615fe2 elementor-widget elementor-widget-heading\" data-id=\"2615fe2\" data-element_type=\"widget\" data-widget_type=\"heading.default\">\n\t\t\t\t<div class=\"elementor-widget-container\">\n\t\t\t\t\t<h2 class=\"elementor-heading-title elementor-size-default\">Bester Ort zum Baden 2024<\/h2>\t\t\t\t<\/div>\n\t\t\t\t<\/div>\n\t\t\t\t<div class=\"elementor-element elementor-element-f2bcd32 elementor-widget elementor-widget-text-editor\" data-id=\"f2bcd32\" data-element_type=\"widget\" data-widget_type=\"text-editor.default\">\n\t\t\t\t<div class=\"elementor-widget-container\">\n\t\t\t\t\t\t\t\t\t<p>Im Jahr 2024 wird sie erneut der beste Badeort in der Kategorie der mittelgro\u00dfen St\u00e4dte sein.<\/p>\t\t\t\t\t\t\t\t<\/div>\n\t\t\t\t<\/div>\n\t\t\t\t\t<\/div>\n\t\t<\/div>\n\t\t\t\t<div class=\"elementor-column elementor-col-20 elementor-top-column elementor-element elementor-element-bc18bc8\" data-id=\"bc18bc8\" data-element_type=\"column\">\n\t\t\t<div class=\"elementor-widget-wrap elementor-element-populated\">\n\t\t\t\t\t\t<div class=\"elementor-element elementor-element-4a61f72 elementor-widget elementor-widget-image\" data-id=\"4a61f72\" data-element_type=\"widget\" data-widget_type=\"image.default\">\n\t\t\t\t<div class=\"elementor-widget-container\">\n\t\t\t\t\t\t\t\t\t\t\t\t\t\t\t<img loading=\"lazy\" decoding=\"async\" width=\"500\" height=\"300\" src=\"https:\/\/bioterme.si\/wp-content\/uploads\/2023\/02\/Rectangle-16-14.jpg\" class=\"attachment-full size-full wp-image-864\" alt=\"\" srcset=\"https:\/\/bioterme.si\/wp-content\/uploads\/2023\/02\/Rectangle-16-14.jpg 500w, https:\/\/bioterme.si\/wp-content\/uploads\/2023\/02\/Rectangle-16-14-300x180.jpg 300w\" sizes=\"(max-width: 500px) 100vw, 500px\" \/>\t\t\t\t\t\t\t\t\t\t\t\t\t\t\t<\/div>\n\t\t\t\t<\/div>\n\t\t\t\t<div class=\"elementor-element elementor-element-ef26c43 elementor-widget elementor-widget-heading\" data-id=\"ef26c43\" data-element_type=\"widget\" data-widget_type=\"heading.default\">\n\t\t\t\t<div class=\"elementor-widget-container\">\n\t\t\t\t\t<h2 class=\"elementor-heading-title elementor-size-default\">Gr\u00fcn&amp;Sicher<\/h2>\t\t\t\t<\/div>\n\t\t\t\t<\/div>\n\t\t\t\t<div class=\"elementor-element elementor-element-ad55941 elementor-widget elementor-widget-text-editor\" data-id=\"ad55941\" data-element_type=\"widget\" data-widget_type=\"text-editor.default\">\n\t\t\t\t<div class=\"elementor-widget-container\">\n\t\t\t\t\t\t\t\t\t<p>Durch Aktivit\u00e4ten, die auf Sicherheit, Verantwortung und Nachhaltigkeit basieren, st\u00e4rken wir das Vertrauen unserer G\u00e4ste und sorgen daf\u00fcr, dass der Bioterme Tourist Complex ein gr\u00fcner und sicherer Anbieter ist.<\/p>\t\t\t\t\t\t\t\t<\/div>\n\t\t\t\t<\/div>\n\t\t\t\t\t<\/div>\n\t\t<\/div>\n\t\t\t\t<div class=\"elementor-column elementor-col-20 elementor-top-column elementor-element elementor-element-1157c9a\" data-id=\"1157c9a\" data-element_type=\"column\">\n\t\t\t<div class=\"elementor-widget-wrap elementor-element-populated\">\n\t\t\t\t\t\t<div class=\"elementor-element elementor-element-6f6807b elementor-widget elementor-widget-image\" data-id=\"6f6807b\" data-element_type=\"widget\" data-widget_type=\"image.default\">\n\t\t\t\t<div class=\"elementor-widget-container\">\n\t\t\t\t\t\t\t\t\t\t\t\t\t\t\t<img loading=\"lazy\" decoding=\"async\" width=\"1530\" height=\"2040\" src=\"https:\/\/bioterme.si\/wp-content\/uploads\/2024\/11\/Naj-Kopalisce-2024.jpg\" class=\"attachment-full size-full wp-image-5958\" alt=\"\" srcset=\"https:\/\/bioterme.si\/wp-content\/uploads\/2024\/11\/Naj-Kopalisce-2024.jpg 1530w, https:\/\/bioterme.si\/wp-content\/uploads\/2024\/11\/Naj-Kopalisce-2024-225x300.jpg 225w, https:\/\/bioterme.si\/wp-content\/uploads\/2024\/11\/Naj-Kopalisce-2024-768x1024.jpg 768w, https:\/\/bioterme.si\/wp-content\/uploads\/2024\/11\/Naj-Kopalisce-2024-1152x1536.jpg 1152w, https:\/\/bioterme.si\/wp-content\/uploads\/2024\/11\/Naj-Kopalisce-2024-9x12.jpg 9w\" sizes=\"(max-width: 1530px) 100vw, 1530px\" \/>\t\t\t\t\t\t\t\t\t\t\t\t\t\t\t<\/div>\n\t\t\t\t<\/div>\n\t\t\t\t<div class=\"elementor-element elementor-element-c0b2ad7 elementor-widget elementor-widget-heading\" data-id=\"c0b2ad7\" data-element_type=\"widget\" data-widget_type=\"heading.default\">\n\t\t\t\t<div class=\"elementor-widget-container\">\n\t\t\t\t\t<h2 class=\"elementor-heading-title elementor-size-default\">Storch-Statue<\/h2>\t\t\t\t<\/div>\n\t\t\t\t<\/div>\n\t\t\t\t<div class=\"elementor-element elementor-element-9e86e86 elementor-widget elementor-widget-text-editor\" data-id=\"9e86e86\" data-element_type=\"widget\" data-widget_type=\"text-editor.default\">\n\t\t\t\t<div class=\"elementor-widget-container\">\n\t\t\t\t\t\t\t\t\t<p>Die h\u00f6chste Auszeichnung des Fremdenverkehrsamtes von Pomurje f\u00fcr die verdienstvollste Person im Bereich des Tourismus.<\/p>\t\t\t\t\t\t\t\t<\/div>\n\t\t\t\t<\/div>\n\t\t\t\t\t<\/div>\n\t\t<\/div>\n\t\t\t\t\t<\/div>\n\t\t<\/section>\n\t\t\t\t<\/div>","protected":false},"excerpt":{"rendered":"<p>Eko marjetica-Zertifikate und -Auszeichnungen Das Hotel Bioterme**** ist das erste Hotel in Pomurje, das mit dem Eko marjetica-Label ausgezeichnet wurde. Das Siegel garantiert, dass Produkte und Dienstleistungen die Umwelt weniger stark belasten. Slovenia Green Accommodation Das Hotel Bioterme**** ist auch als Slovenia Green Accommodation zertifiziert. Das Zertifikat Slovenia Green Accommodation garantiert, dass das Hotel Unterk\u00fcnfte anbietet, die auf nachhaltigen Prinzipien basieren. [...]<\/p>","protected":false},"author":1,"featured_media":0,"parent":0,"menu_order":0,"comment_status":"closed","ping_status":"closed","template":"elementor_header_footer","meta":{"footnotes":""},"class_list":["post-855","page","type-page","status-publish","hentry"],"_links":{"self":[{"href":"https:\/\/bioterme.si\/de\/wp-json\/wp\/v2\/pages\/855","targetHints":{"allow":["GET"]}}],"collection":[{"href":"https:\/\/bioterme.si\/de\/wp-json\/wp\/v2\/pages"}],"about":[{"href":"https:\/\/bioterme.si\/de\/wp-json\/wp\/v2\/types\/page"}],"author":[{"embeddable":true,"href":"https:\/\/bioterme.si\/de\/wp-json\/wp\/v2\/users\/1"}],"replies":[{"embeddable":true,"href":"https:\/\/bioterme.si\/de\/wp-json\/wp\/v2\/comments?post=855"}],"version-history":[{"count":22,"href":"https:\/\/bioterme.si\/de\/wp-json\/wp\/v2\/pages\/855\/revisions"}],"predecessor-version":[{"id":6802,"href":"https:\/\/bioterme.si\/de\/wp-json\/wp\/v2\/pages\/855\/revisions\/6802"}],"wp:attachment":[{"href":"https:\/\/bioterme.si\/de\/wp-json\/wp\/v2\/media?parent=855"}],"curies":[{"name":"wp","href":"https:\/\/api.w.org\/{rel}","templated":true}]}}