{"id":896,"date":"2023-02-09T11:31:49","date_gmt":"2023-02-09T11:31:49","guid":{"rendered":"https:\/\/online-narocanje.si\/?page_id=896"},"modified":"2025-03-14T16:29:51","modified_gmt":"2025-03-14T16:29:51","slug":"samopostrezno-vikend-kosilo","status":"publish","type":"page","link":"https:\/\/bioterme.si\/de\/samopostrezno-vikend-kosilo\/","title":{"rendered":"Mittagsbuffet am Wochenende"},"content":{"rendered":"<div data-elementor-type=\"wp-page\" data-elementor-id=\"896\" class=\"elementor elementor-896\" data-elementor-post-type=\"page\">\n\t\t\t\t\t\t<section class=\"elementor-section elementor-top-section elementor-element elementor-element-e67479a elementor-section-height-min-height elementor-section-boxed elementor-section-height-default elementor-section-items-middle\" data-id=\"e67479a\" data-element_type=\"section\" data-settings=\"{&quot;background_background&quot;:&quot;classic&quot;}\">\n\t\t\t\t\t\t<div class=\"elementor-container elementor-column-gap-default\">\n\t\t\t\t\t<div class=\"elementor-column elementor-col-100 elementor-top-column elementor-element elementor-element-97f2410\" data-id=\"97f2410\" data-element_type=\"column\">\n\t\t\t<div class=\"elementor-widget-wrap elementor-element-populated\">\n\t\t\t\t\t\t<div class=\"elementor-element elementor-element-3824589 elementor-widget elementor-widget-heading\" data-id=\"3824589\" data-element_type=\"widget\" data-widget_type=\"heading.default\">\n\t\t\t\t<div class=\"elementor-widget-container\">\n\t\t\t\t\t<h2 class=\"elementor-heading-title elementor-size-default\">SELBSTVERST\u00c4NDLICH<\/h2>\t\t\t\t<\/div>\n\t\t\t\t<\/div>\n\t\t\t\t<div class=\"elementor-element elementor-element-fc35039 elementor-widget elementor-widget-heading\" data-id=\"fc35039\" data-element_type=\"widget\" data-widget_type=\"heading.default\">\n\t\t\t\t<div class=\"elementor-widget-container\">\n\t\t\t\t\t<h2 class=\"elementor-heading-title elementor-size-default\">Ratenzahlungen<\/h2>\t\t\t\t<\/div>\n\t\t\t\t<\/div>\n\t\t\t\t\t<\/div>\n\t\t<\/div>\n\t\t\t\t\t<\/div>\n\t\t<\/section>\n\t\t\t\t<section class=\"elementor-section elementor-top-section elementor-element elementor-element-5f24ab9 elementor-section-height-min-height elementor-section-boxed elementor-section-height-default elementor-section-items-middle\" data-id=\"5f24ab9\" data-element_type=\"section\" data-settings=\"{&quot;background_background&quot;:&quot;classic&quot;}\">\n\t\t\t\t\t\t<div class=\"elementor-container elementor-column-gap-default\">\n\t\t\t\t\t<div class=\"elementor-column elementor-col-100 elementor-top-column elementor-element elementor-element-ae7b214\" data-id=\"ae7b214\" data-element_type=\"column\">\n\t\t\t<div class=\"elementor-widget-wrap\">\n\t\t\t\t\t\t\t<\/div>\n\t\t<\/div>\n\t\t\t\t\t<\/div>\n\t\t<\/section>\n\t\t\t\t<section class=\"elementor-section elementor-top-section elementor-element elementor-element-2e883aa elementor-section-height-min-height elementor-section-boxed elementor-section-height-default elementor-section-items-middle\" data-id=\"2e883aa\" data-element_type=\"section\" data-settings=\"{&quot;background_background&quot;:&quot;classic&quot;}\">\n\t\t\t\t\t\t<div class=\"elementor-container elementor-column-gap-default\">\n\t\t\t\t\t<div class=\"elementor-column elementor-col-100 elementor-top-column elementor-element elementor-element-9be585a\" data-id=\"9be585a\" data-element_type=\"column\">\n\t\t\t<div class=\"elementor-widget-wrap elementor-element-populated\">\n\t\t\t\t\t\t<div class=\"elementor-element elementor-element-cbb608c elementor-widget elementor-widget-text-editor\" data-id=\"cbb608c\" data-element_type=\"widget\" data-widget_type=\"text-editor.default\">\n\t\t\t\t<div class=\"elementor-widget-container\">\n\t\t\t\t\t\t\t\t\t<p><b>NEHMEN SIE SICH ZEIT F\u00dcR SICH SELBST, IHRE FAMILIE ODER FREUNDE. SIE SIND HERZLICH EINGELADEN, SIE ZU VERW\u00d6HNEN UND WERTVOLLE MOMENTE MIT IHNEN UNBESCHWERT ZU VERBRINGEN!<\/b><\/p>\n<p>&nbsp;F\u00fcr mehr als 5 Personen&nbsp;<span style=\"color: var( --e-global-color-primary );\">VERBINDLICHE RESERVIERUNGEN<\/span><span style=\"color: var( --e-global-color-primary );\">&nbsp;an:<\/span><strong style=\"color: var( --e-global-color-primary );\">&nbsp;+386&nbsp;<a href=\"tel:026562002\">2 56 52 002&nbsp;<\/a><\/strong><span style=\"color: var( --e-global-color-primary );\">oder <\/span><strong style=\"color: var( --e-global-color-primary );\"><a href=\"mailto:hotel@bioterme.si\">hotel@bioterme.si<\/a><\/strong><span style=\"color: var( --e-global-color-primary );\">.<\/span><\/p>\t\t\t\t\t\t\t\t<\/div>\n\t\t\t\t<\/div>\n\t\t\t\t<section class=\"elementor-section elementor-inner-section elementor-element elementor-element-f0c1e1d elementor-section-full_width elementor-section-height-default elementor-section-height-default\" data-id=\"f0c1e1d\" data-element_type=\"section\" data-settings=\"{&quot;background_background&quot;:&quot;classic&quot;}\">\n\t\t\t\t\t\t<div class=\"elementor-container elementor-column-gap-default\">\n\t\t\t\t\t<div class=\"elementor-column elementor-col-50 elementor-inner-column elementor-element elementor-element-9db64f7\" data-id=\"9db64f7\" data-element_type=\"column\">\n\t\t\t<div class=\"elementor-widget-wrap elementor-element-populated\">\n\t\t\t\t\t\t<div class=\"elementor-element elementor-element-8708dfd elementor-widget elementor-widget-heading\" data-id=\"8708dfd\" data-element_type=\"widget\" data-widget_type=\"heading.default\">\n\t\t\t\t<div class=\"elementor-widget-container\">\n\t\t\t\t\t<h2 class=\"elementor-heading-title elementor-size-default\"><b>SELBSTBEDIENUNGSFR\u00dcHST\u00dcCK (auch Bio-Fr\u00fchst\u00fcck) <\/b> jeden Tag zwischen 7<b>.<\/b> und <b>10. <\/b>Uhr - 15,00 \u20ac\/Person<br><br><span style=\"color: var( --e-global-color-primary );font-weight: 700\">BUFFET-MITTAGESSEN <\/span><span style=\"color: var( --e-global-color-primary )\"> jeden Tag zwischen <\/span><span style=\"color: var( --e-global-color-primary );font-weight: 700\">12.<\/span><span style=\"color: var( --e-global-color-primary )\"> und <\/span><span style=\"color: var( --e-global-color-primary );font-weight: 700\">14.<\/span><span style=\"color: var( --e-global-color-primary )\"> Uhr - 18,00 \u20ac\/Person<\/span><br><br><span style=\"color: var( --e-global-color-primary )\"><b>BUFFET-ABENDESSEN <\/b> jeden Tag zwischen <\/span><span style=\"color: var( --e-global-color-primary );font-weight: 700\">17.30<\/span><span style=\"color: var( --e-global-color-primary )\"> und 20<\/span><span style=\"color: var( --e-global-color-primary );font-weight: 700\">.<\/span><span style=\"color: var( --e-global-color-primary )\"> Uhr - 20,00 \u20ac\/Person<\/span><\/h2>\t\t\t\t<\/div>\n\t\t\t\t<\/div>\n\t\t\t\t<div class=\"elementor-element elementor-element-0f307ca elementor-widget elementor-widget-heading\" data-id=\"0f307ca\" data-element_type=\"widget\" data-widget_type=\"heading.default\">\n\t\t\t\t<div class=\"elementor-widget-container\">\n\t\t\t\t\t<h2 class=\"elementor-heading-title elementor-size-default\"><br>Kinder bis 4 Jahre haben KOSTENLOSES Mittagessen, von 4 bis 14 Jahren 30% Rabatt.<\/h2>\t\t\t\t<\/div>\n\t\t\t\t<\/div>\n\t\t\t\t\t<\/div>\n\t\t<\/div>\n\t\t\t\t<div class=\"elementor-column elementor-col-50 elementor-inner-column elementor-element elementor-element-471ae89\" data-id=\"471ae89\" data-element_type=\"column\">\n\t\t\t<div class=\"elementor-widget-wrap elementor-element-populated\">\n\t\t\t\t\t\t<div class=\"elementor-element elementor-element-1037c5d elementor-align-right elementor-mobile-align-left elementor-hidden-desktop elementor-hidden-tablet elementor-hidden-mobile elementor-widget elementor-widget-button\" data-id=\"1037c5d\" data-element_type=\"widget\" data-widget_type=\"button.default\">\n\t\t\t\t<div class=\"elementor-widget-container\">\n\t\t\t\t\t\t\t\t\t<div class=\"elementor-button-wrapper\">\n\t\t\t\t\t<a class=\"elementor-button elementor-button-link elementor-size-sm\" href=\"#\">\n\t\t\t\t\t\t<span class=\"elementor-button-content-wrapper\">\n\t\t\t\t\t\t\t\t\t<span class=\"elementor-button-text\">Jetzt buchen<\/span>\n\t\t\t\t\t<\/span>\n\t\t\t\t\t<\/a>\n\t\t\t\t<\/div>\n\t\t\t\t\t\t\t\t<\/div>\n\t\t\t\t<\/div>\n\t\t\t\t\t<\/div>\n\t\t<\/div>\n\t\t\t\t\t<\/div>\n\t\t<\/section>\n\t\t\t\t\t<\/div>\n\t\t<\/div>\n\t\t\t\t\t<\/div>\n\t\t<\/section>\n\t\t\t\t<section class=\"elementor-section elementor-top-section elementor-element elementor-element-1b14ba4 elementor-section-height-min-height elementor-section-boxed elementor-section-height-default elementor-section-items-middle\" data-id=\"1b14ba4\" data-element_type=\"section\" data-settings=\"{&quot;background_background&quot;:&quot;classic&quot;}\">\n\t\t\t\t\t\t<div class=\"elementor-container elementor-column-gap-default\">\n\t\t\t\t\t<div class=\"elementor-column elementor-col-100 elementor-top-column elementor-element elementor-element-24a732a\" data-id=\"24a732a\" data-element_type=\"column\">\n\t\t\t<div class=\"elementor-widget-wrap elementor-element-populated\">\n\t\t\t\t\t\t<div class=\"elementor-element elementor-element-a0dcfd3 elementor-widget elementor-widget-heading\" data-id=\"a0dcfd3\" data-element_type=\"widget\" data-widget_type=\"heading.default\">\n\t\t\t\t<div class=\"elementor-widget-container\">\n\t\t\t\t\t<h2 class=\"elementor-heading-title elementor-size-default translation-block\">Alle <br><b>Pakete anschauen!<\/b><\/h2>\t\t\t\t<\/div>\n\t\t\t\t<\/div>\n\t\t\t\t<div class=\"elementor-element elementor-element-aecd2c5 elementor-align-right elementor-widget elementor-widget-button\" data-id=\"aecd2c5\" data-element_type=\"widget\" data-widget_type=\"button.default\">\n\t\t\t\t<div class=\"elementor-widget-container\">\n\t\t\t\t\t\t\t\t\t<div class=\"elementor-button-wrapper\">\n\t\t\t\t\t<a class=\"elementor-button elementor-button-link elementor-size-sm\" href=\"#\">\n\t\t\t\t\t\t<span class=\"elementor-button-content-wrapper\">\n\t\t\t\t\t\t<span class=\"elementor-button-icon\">\n\t\t\t\t<i aria-hidden=\"true\" class=\"fas fa-angle-right\"><\/i>\t\t\t<\/span>\n\t\t\t\t\t\t\t\t\t<span class=\"elementor-button-text\">Siehe<\/span>\n\t\t\t\t\t<\/span>\n\t\t\t\t\t<\/a>\n\t\t\t\t<\/div>\n\t\t\t\t\t\t\t\t<\/div>\n\t\t\t\t<\/div>\n\t\t\t\t\t<\/div>\n\t\t<\/div>\n\t\t\t\t\t<\/div>\n\t\t<\/section>\n\t\t\t\t<\/div>","protected":false},"excerpt":{"rendered":"<p>SELBSTBETREUUNG Mahlzeiten Nehmen Sie sich Zeit f\u00fcr sich selbst, Ihre Familie oder Freunde. SIE SIND HERZLICH EINGELADEN, BEI UNS ZU SCHLEMMEN UND KOSTBARE MOMENTE MIT IHNEN UNBESCHWERT ZU VERBRINGEN!  Bei mehr als 5 Personen ist eine Reservierung unter der Nummer +386 2 56 52 002 oder hotel@bioterme.si obligatorisch. SELBSTBEDIENUNG FR\u00dcHST\u00dcCK (auch Bio-Fr\u00fchst\u00fcck) jeden Tag zwischen 7 und 10 Uhr - 15,00 \u20ac\/Person SELBSTBEDIENUNG MITTAGESSEN jeden Tag zwischen 12 und [...]<\/p>","protected":false},"author":1,"featured_media":0,"parent":0,"menu_order":0,"comment_status":"closed","ping_status":"closed","template":"elementor_header_footer","meta":{"footnotes":""},"class_list":["post-896","page","type-page","status-publish","hentry"],"_links":{"self":[{"href":"https:\/\/bioterme.si\/de\/wp-json\/wp\/v2\/pages\/896","targetHints":{"allow":["GET"]}}],"collection":[{"href":"https:\/\/bioterme.si\/de\/wp-json\/wp\/v2\/pages"}],"about":[{"href":"https:\/\/bioterme.si\/de\/wp-json\/wp\/v2\/types\/page"}],"author":[{"embeddable":true,"href":"https:\/\/bioterme.si\/de\/wp-json\/wp\/v2\/users\/1"}],"replies":[{"embeddable":true,"href":"https:\/\/bioterme.si\/de\/wp-json\/wp\/v2\/comments?post=896"}],"version-history":[{"count":58,"href":"https:\/\/bioterme.si\/de\/wp-json\/wp\/v2\/pages\/896\/revisions"}],"predecessor-version":[{"id":6750,"href":"https:\/\/bioterme.si\/de\/wp-json\/wp\/v2\/pages\/896\/revisions\/6750"}],"wp:attachment":[{"href":"https:\/\/bioterme.si\/de\/wp-json\/wp\/v2\/media?parent=896"}],"curies":[{"name":"wp","href":"https:\/\/api.w.org\/{rel}","templated":true}]}}