{"id":6001,"date":"2024-11-27T09:54:57","date_gmt":"2024-11-27T09:54:57","guid":{"rendered":"https:\/\/bioterme.si\/?page_id=6001"},"modified":"2025-07-01T11:47:59","modified_gmt":"2025-07-01T11:47:59","slug":"posta-slovenije-e-polnilnica-in-bankomat","status":"publish","type":"page","link":"https:\/\/bioterme.si\/en\/posta-slovenije-e-polnilnica-in-bankomat\/","title":{"rendered":"Post Office of Slovenia, E-charging point and ATM"},"content":{"rendered":"<div data-elementor-type=\"wp-page\" data-elementor-id=\"6001\" class=\"elementor elementor-6001\" data-elementor-post-type=\"page\">\n\t\t\t\t\t\t<section class=\"elementor-section elementor-top-section elementor-element elementor-element-fbcabbc elementor-section-height-min-height elementor-section-boxed elementor-section-height-default elementor-section-items-middle\" data-id=\"fbcabbc\" data-element_type=\"section\" data-settings=\"{&quot;background_background&quot;:&quot;classic&quot;}\">\n\t\t\t\t\t\t<div class=\"elementor-container elementor-column-gap-default\">\n\t\t\t\t\t<div class=\"elementor-column elementor-col-100 elementor-top-column elementor-element elementor-element-7ac1ac3\" data-id=\"7ac1ac3\" data-element_type=\"column\">\n\t\t\t<div class=\"elementor-widget-wrap\">\n\t\t\t\t\t\t\t<\/div>\n\t\t<\/div>\n\t\t\t\t\t<\/div>\n\t\t<\/section>\n\t\t\t\t<section class=\"elementor-section elementor-top-section elementor-element elementor-element-352e272 elementor-section-height-min-height elementor-section-boxed elementor-section-height-default elementor-section-items-middle\" data-id=\"352e272\" data-element_type=\"section\" data-settings=\"{&quot;background_background&quot;:&quot;classic&quot;}\">\n\t\t\t\t\t\t<div class=\"elementor-container elementor-column-gap-default\">\n\t\t\t\t\t<div class=\"elementor-column elementor-col-100 elementor-top-column elementor-element elementor-element-b6af3ec\" data-id=\"b6af3ec\" data-element_type=\"column\">\n\t\t\t<div class=\"elementor-widget-wrap elementor-element-populated\">\n\t\t\t\t\t\t<div class=\"elementor-element elementor-element-c9fdec9 elementor-widget-divider--view-line elementor-widget elementor-widget-divider\" data-id=\"c9fdec9\" data-element_type=\"widget\" data-widget_type=\"divider.default\">\n\t\t\t\t<div class=\"elementor-widget-container\">\n\t\t\t\t\t\t\t<div class=\"elementor-divider\">\n\t\t\t<span class=\"elementor-divider-separator\">\n\t\t\t\t\t\t<\/span>\n\t\t<\/div>\n\t\t\t\t\t\t<\/div>\n\t\t\t\t<\/div>\n\t\t\t\t<div class=\"elementor-element elementor-element-e58a613 elementor-widget elementor-widget-heading\" data-id=\"e58a613\" data-element_type=\"widget\" data-widget_type=\"heading.default\">\n\t\t\t\t<div class=\"elementor-widget-container\">\n\t\t\t\t\t<h2 class=\"elementor-heading-title elementor-size-default\"><b>POST OF SLOVENIA<\/b>, <b>E-FILLER,<\/b> <b>ATM <b><\/b><\/b>AND <b>TRADE<\/b><\/h2>\t\t\t\t<\/div>\n\t\t\t\t<\/div>\n\t\t\t\t<div class=\"elementor-element elementor-element-a3a3871 elementor-widget elementor-widget-text-editor\" data-id=\"a3a3871\" data-element_type=\"widget\" data-widget_type=\"text-editor.default\">\n\t\t\t\t<div class=\"elementor-widget-container\">\n\t\t\t\t\t\t\t\t\t<p style=\"font-weight: 400;\"><strong>The Bioterme complex also has a post office, e-charging station, ATM and shop.<\/strong><\/p>\n<p><span style=\"font-weight: 400;\">From <\/span><b>Post of Slovenia&nbsp;<\/b>and<b> Biolek shop<\/b>&nbsp;are located in the Hotel Bioterme,&nbsp;<\/p>\n<p>more specifically in the connecting corridor between the hotel reception and the thermal park reception.&nbsp;<\/p>\n<p style=\"\"><span style=\"font-weight: 400;\">At<\/span><b>&nbsp;Post Slovenije<\/b> You can also withdraw cash, buy postcards from Bioterm and souvenirs from Prlekija.<\/p>\n<p style=\"font-weight: 400;\"><strong>The Post Office is open:<\/strong><\/p>\n<p>Monday, Tuesday and Friday from 8am - 1pm,<\/p>\n<p>Wednesdays and Thursdays from 1pm - 6pm.<\/p>\n<p>Saturday: closed!<\/p><p><b>Shop Biolek<\/b> offers a wide range of small items you might have forgotten at home (swimwear,&nbsp;<\/p><p>baby swim nappies, flip-flops, sun cream), souvenirs and a newspaper.&nbsp;<\/p><p><span style=\"font-weight: 700;\">Opening hours:<\/span><\/p><p>Monday - Thursday: 9am - 12pm<\/p><p>Friday, Saturday: 9am-12pm and 4-7pm.<\/p><p>Sunday: closed!<\/p>\n<p><strong>E-charger with two charging points<\/strong><b> <\/b><span style=\"font-weight: 400;\">is located in the covered car park opposite the Bioterme Hotel.<\/span><\/p>\n<p style=\"font-weight: 400;\">To top up, you must show your ID at the hotel reception, where you will receive a top-up card.<\/p>\n<p style=\"font-weight: 400;\">The ID will be retained until the card is returned and the top-up payment is made.&nbsp;<\/p>\n<p style=\"font-weight: 400;\"><strong>Charging can be done between 6am and 10pm.<\/strong><\/p>\n<p><strong>ATM<\/strong> Gorenjska banka is located on the left side of the entrance to Hotel Bioterme. <strong style=\"font-weight: 400;\">It is accessible 24 hours a day.<\/strong><\/p>\t\t\t\t\t\t\t\t<\/div>\n\t\t\t\t<\/div>\n\t\t<div class=\"elementor-element elementor-element-6445fec e-flex e-con-boxed e-con e-parent\" data-id=\"6445fec\" data-element_type=\"container\">\n\t\t\t\t\t<div class=\"e-con-inner\">\n\t\t<div class=\"elementor-element elementor-element-1f72c3c e-flex e-con-boxed e-con e-child\" data-id=\"1f72c3c\" data-element_type=\"container\">\n\t\t\t\t\t<div class=\"e-con-inner\">\n\t\t\t\t<div class=\"elementor-element elementor-element-3ff7b57 elementor-widget elementor-widget-image\" data-id=\"3ff7b57\" data-element_type=\"widget\" data-widget_type=\"image.default\">\n\t\t\t\t<div class=\"elementor-widget-container\">\n\t\t\t\t\t\t\t\t\t\t\t\t\t\t\t<img decoding=\"async\" width=\"206\" height=\"206\" src=\"https:\/\/bioterme.si\/wp-content\/uploads\/2024\/11\/461173089_1036933398436172_8670169757494972921_n.jpg\" class=\"attachment-large size-large wp-image-6004\" alt=\"\" srcset=\"https:\/\/bioterme.si\/wp-content\/uploads\/2024\/11\/461173089_1036933398436172_8670169757494972921_n.jpg 206w, https:\/\/bioterme.si\/wp-content\/uploads\/2024\/11\/461173089_1036933398436172_8670169757494972921_n-150x150.jpg 150w, https:\/\/bioterme.si\/wp-content\/uploads\/2024\/11\/461173089_1036933398436172_8670169757494972921_n-12x12.jpg 12w\" sizes=\"(max-width: 206px) 100vw, 206px\" \/>\t\t\t\t\t\t\t\t\t\t\t\t\t\t\t<\/div>\n\t\t\t\t<\/div>\n\t\t\t\t\t<\/div>\n\t\t\t\t<\/div>\n\t\t<div class=\"elementor-element elementor-element-47d2a22 e-flex e-con-boxed e-con e-child\" data-id=\"47d2a22\" data-element_type=\"container\">\n\t\t\t\t\t<div class=\"e-con-inner\">\n\t\t\t\t<div class=\"elementor-element elementor-element-baed8c1 elementor-widget elementor-widget-image\" data-id=\"baed8c1\" data-element_type=\"widget\" data-widget_type=\"image.default\">\n\t\t\t\t<div class=\"elementor-widget-container\">\n\t\t\t\t\t\t\t\t\t\t\t\t\t\t\t<img decoding=\"async\" width=\"206\" height=\"206\" src=\"https:\/\/bioterme.si\/wp-content\/uploads\/2024\/11\/460832728_1036932655102913_997676715339360252_n.jpg\" class=\"attachment-large size-large wp-image-6003\" alt=\"\" srcset=\"https:\/\/bioterme.si\/wp-content\/uploads\/2024\/11\/460832728_1036932655102913_997676715339360252_n.jpg 206w, https:\/\/bioterme.si\/wp-content\/uploads\/2024\/11\/460832728_1036932655102913_997676715339360252_n-150x150.jpg 150w, https:\/\/bioterme.si\/wp-content\/uploads\/2024\/11\/460832728_1036932655102913_997676715339360252_n-12x12.jpg 12w\" sizes=\"(max-width: 206px) 100vw, 206px\" \/>\t\t\t\t\t\t\t\t\t\t\t\t\t\t\t<\/div>\n\t\t\t\t<\/div>\n\t\t\t\t\t<\/div>\n\t\t\t\t<\/div>\n\t\t\t\t\t<\/div>\n\t\t\t\t<\/div>\n\t\t\t\t\t<\/div>\n\t\t<\/div>\n\t\t\t\t\t<\/div>\n\t\t<\/section>\n\t\t\t\t<\/div>","protected":false},"excerpt":{"rendered":"<p>PO\u0160TA SLOVENIJE, E-POLNILNICA, BANKOMAT IN TRGOVINA V sklopu kompleksa Bioterme se nahajajo tudi po\u0161ta, e-polnilnica, bankomat in trgovina. Izpostava Po\u0161te Slovenije&nbsp;in trgovina Biolek&nbsp;se nahajata v hotelu Bioterme,&nbsp; natan\u010dneje v veznem hodniku med recepcijo hotela in recepcijo termalnega parka.&nbsp; Na&nbsp;Po\u0161ti Slovenije lahko dvignete tudi gotovino, kupite razglednice iz Bioterm in spomin\u010dke iz Prlekije. Po\u0161ta obratuje: Ponedeljek, [&hellip;]<\/p>","protected":false},"author":3,"featured_media":0,"parent":0,"menu_order":0,"comment_status":"closed","ping_status":"closed","template":"","meta":{"footnotes":""},"class_list":["post-6001","page","type-page","status-publish","hentry"],"_links":{"self":[{"href":"https:\/\/bioterme.si\/en\/wp-json\/wp\/v2\/pages\/6001","targetHints":{"allow":["GET"]}}],"collection":[{"href":"https:\/\/bioterme.si\/en\/wp-json\/wp\/v2\/pages"}],"about":[{"href":"https:\/\/bioterme.si\/en\/wp-json\/wp\/v2\/types\/page"}],"author":[{"embeddable":true,"href":"https:\/\/bioterme.si\/en\/wp-json\/wp\/v2\/users\/3"}],"replies":[{"embeddable":true,"href":"https:\/\/bioterme.si\/en\/wp-json\/wp\/v2\/comments?post=6001"}],"version-history":[{"count":32,"href":"https:\/\/bioterme.si\/en\/wp-json\/wp\/v2\/pages\/6001\/revisions"}],"predecessor-version":[{"id":7865,"href":"https:\/\/bioterme.si\/en\/wp-json\/wp\/v2\/pages\/6001\/revisions\/7865"}],"wp:attachment":[{"href":"https:\/\/bioterme.si\/en\/wp-json\/wp\/v2\/media?parent=6001"}],"curies":[{"name":"wp","href":"https:\/\/api.w.org\/{rel}","templated":true}]}}