{"id":10303,"date":"2026-02-02T00:37:39","date_gmt":"2026-02-02T00:37:39","guid":{"rendered":"https:\/\/bioterme.si\/?page_id=10303"},"modified":"2026-02-02T00:42:33","modified_gmt":"2026-02-02T00:42:33","slug":"bosonoga-pot-in-energijske-tocke","status":"publish","type":"page","link":"https:\/\/bioterme.si\/it\/bosonoga-pot-in-energijske-tocke\/","title":{"rendered":"Sentiero dei piedi scalzi e punti energetici"},"content":{"rendered":"<div data-elementor-type=\"wp-page\" data-elementor-id=\"10303\" class=\"elementor elementor-10303\" data-elementor-post-type=\"page\">\n\t\t\t\t\t\t<section class=\"elementor-section elementor-top-section elementor-element elementor-element-579532e elementor-section-height-min-height elementor-section-boxed elementor-section-height-default elementor-section-items-middle\" data-id=\"579532e\" data-element_type=\"section\" data-settings=\"{&quot;background_background&quot;:&quot;classic&quot;}\">\n\t\t\t\t\t\t\t<div class=\"elementor-background-overlay\"><\/div>\n\t\t\t\t\t\t\t<div class=\"elementor-container elementor-column-gap-default\">\n\t\t\t\t\t<div class=\"elementor-column elementor-col-100 elementor-top-column elementor-element elementor-element-92e1849\" data-id=\"92e1849\" data-element_type=\"column\">\n\t\t\t<div class=\"elementor-widget-wrap elementor-element-populated\">\n\t\t\t\t\t\t<div class=\"elementor-element elementor-element-4d060d1 elementor-widget elementor-widget-heading\" data-id=\"4d060d1\" data-element_type=\"widget\" data-widget_type=\"heading.default\">\n\t\t\t\t<div class=\"elementor-widget-container\">\n\t\t\t\t\t<h1 class=\"elementor-heading-title elementor-size-default\">Percorso a piedi nudi e punti energetici<\/h1>\t\t\t\t<\/div>\n\t\t\t\t<\/div>\n\t\t\t\t\t<\/div>\n\t\t<\/div>\n\t\t\t\t\t<\/div>\n\t\t<\/section>\n\t\t<div class=\"elementor-element elementor-element-a5029df e-flex e-con-boxed e-con e-parent\" data-id=\"a5029df\" data-element_type=\"container\" data-settings=\"{&quot;background_background&quot;:&quot;classic&quot;}\">\n\t\t\t\t\t<div class=\"e-con-inner\">\n\t\t<div class=\"elementor-element elementor-element-45a2ed4 e-con-full e-flex e-con e-child\" data-id=\"45a2ed4\" data-element_type=\"container\">\n\t\t<div class=\"elementor-element elementor-element-7f32809 e-con-full e-flex e-con e-child\" data-id=\"7f32809\" data-element_type=\"container\">\n\t\t<div class=\"elementor-element elementor-element-bc58550 e-con-full e-flex e-con e-child\" data-id=\"bc58550\" data-element_type=\"container\">\n\t\t\t\t<div class=\"elementor-element elementor-element-289fdd7 elementor-widget elementor-widget-text-editor\" data-id=\"289fdd7\" data-element_type=\"widget\" data-widget_type=\"text-editor.default\">\n\t\t\t\t<div class=\"elementor-widget-container\">\n\t\t\t\t\t\t\t\t\t<p>Il Sentiero dei piedi nudi e i punti energetici si trovano in un ambiente naturale tra la piscina all'aperto Bioterm e il resort glamping Son\u010dna dolina. <br \/><br \/>Creati come transizione pacifica tra acqua, terra e relax nella natura, permettono un contatto consapevole con il movimento, la terra e il proprio corpo. <br \/><br \/>L'esperienza \u00e8 aperta a tutti i bagnanti, compresi i visitatori giornalieri.<\/p><p>Un complemento semplice ma efficace a una pausa termale per un maggiore benessere.<\/p><p><strong>Un benessere che avviene in modo naturale, dove gi\u00e0 siete.<\/strong><\/p>\t\t\t\t\t\t\t\t<\/div>\n\t\t\t\t<\/div>\n\t\t\t\t<\/div>\n\t\t\t\t<div class=\"elementor-element elementor-element-37fa61a elementor-widget__width-initial elementor-widget elementor-widget-image\" data-id=\"37fa61a\" data-element_type=\"widget\" data-widget_type=\"image.default\">\n\t\t\t\t<div class=\"elementor-widget-container\">\n\t\t\t\t\t\t\t\t\t\t\t\t\t\t\t<img fetchpriority=\"high\" decoding=\"async\" width=\"2560\" height=\"1920\" src=\"https:\/\/bioterme.si\/wp-content\/uploads\/2026\/02\/IMG_20250808_085217-scaled.jpg\" class=\"attachment-full size-full wp-image-10307\" alt=\"\" srcset=\"https:\/\/bioterme.si\/wp-content\/uploads\/2026\/02\/IMG_20250808_085217-scaled.jpg 2560w, https:\/\/bioterme.si\/wp-content\/uploads\/2026\/02\/IMG_20250808_085217-300x225.jpg 300w, https:\/\/bioterme.si\/wp-content\/uploads\/2026\/02\/IMG_20250808_085217-1024x768.jpg 1024w, https:\/\/bioterme.si\/wp-content\/uploads\/2026\/02\/IMG_20250808_085217-768x576.jpg 768w, https:\/\/bioterme.si\/wp-content\/uploads\/2026\/02\/IMG_20250808_085217-1536x1152.jpg 1536w, https:\/\/bioterme.si\/wp-content\/uploads\/2026\/02\/IMG_20250808_085217-2048x1536.jpg 2048w, https:\/\/bioterme.si\/wp-content\/uploads\/2026\/02\/IMG_20250808_085217-16x12.jpg 16w\" sizes=\"(max-width: 2560px) 100vw, 2560px\" \/>\t\t\t\t\t\t\t\t\t\t\t\t\t\t\t<\/div>\n\t\t\t\t<\/div>\n\t\t\t\t<\/div>\n\t\t\t\t<\/div>\n\t\t\t\t\t<\/div>\n\t\t\t\t<\/div>\n\t\t\t\t<section class=\"elementor-section elementor-top-section elementor-element elementor-element-1175980 elementor-section-height-min-height elementor-section-boxed elementor-section-height-default elementor-section-items-middle\" data-id=\"1175980\" data-element_type=\"section\" data-settings=\"{&quot;background_background&quot;:&quot;classic&quot;}\">\n\t\t\t\t\t\t<div class=\"elementor-container elementor-column-gap-default\">\n\t\t\t\t\t<div class=\"elementor-column elementor-col-100 elementor-top-column elementor-element elementor-element-4b5c0ec\" data-id=\"4b5c0ec\" data-element_type=\"column\">\n\t\t\t<div class=\"elementor-widget-wrap elementor-element-populated\">\n\t\t\t\t\t\t<div class=\"elementor-element elementor-element-c691853 elementor-widget elementor-widget-heading\" data-id=\"c691853\" data-element_type=\"widget\" data-widget_type=\"heading.default\">\n\t\t\t\t<div class=\"elementor-widget-container\">\n\t\t\t\t\t<h2 class=\"elementor-heading-title elementor-size-default translation-block\">Controllare<br><b>tutti i pacchetti!<\/b><\/h2>\t\t\t\t<\/div>\n\t\t\t\t<\/div>\n\t\t\t\t<div class=\"elementor-element elementor-element-5e3cc1a elementor-align-right elementor-widget elementor-widget-button\" data-id=\"5e3cc1a\" data-element_type=\"widget\" data-widget_type=\"button.default\">\n\t\t\t\t<div class=\"elementor-widget-container\">\n\t\t\t\t\t\t\t\t\t<div class=\"elementor-button-wrapper\">\n\t\t\t\t\t<a class=\"elementor-button elementor-button-link elementor-size-sm\" href=\"#\">\n\t\t\t\t\t\t<span class=\"elementor-button-content-wrapper\">\n\t\t\t\t\t\t<span class=\"elementor-button-icon\">\n\t\t\t\t<i aria-hidden=\"true\" class=\"fas fa-angle-right\"><\/i>\t\t\t<\/span>\n\t\t\t\t\t\t\t\t\t<span class=\"elementor-button-text\">Controllo<\/span>\n\t\t\t\t\t<\/span>\n\t\t\t\t\t<\/a>\n\t\t\t\t<\/div>\n\t\t\t\t\t\t\t\t<\/div>\n\t\t\t\t<\/div>\n\t\t\t\t\t<\/div>\n\t\t<\/div>\n\t\t\t\t\t<\/div>\n\t\t<\/section>\n\t\t\t\t<\/div>","protected":false},"excerpt":{"rendered":"<p>Bosonoga pot in energijske to\u010dke Bosonoga pot in energijske to\u010dke se nahajajo v naravnem okolju med zunanjim kopali\u0161\u010dem Bioterm in glamping naseljem Son\u010dna dolina. Ustvarjene so kot miren prehod med vodo, zemljo in sprostitvijo v naravi ter omogo\u010dajo zavesten stik z gibanjem, zemljo in lastnim telesom. Do\u017eivetje je na voljo vsem kopalcem, tudi dnevnim obiskovalcem. [&hellip;]<\/p>","protected":false},"author":9,"featured_media":0,"parent":0,"menu_order":0,"comment_status":"closed","ping_status":"closed","template":"","meta":{"footnotes":""},"class_list":["post-10303","page","type-page","status-publish","hentry"],"_links":{"self":[{"href":"https:\/\/bioterme.si\/it\/wp-json\/wp\/v2\/pages\/10303","targetHints":{"allow":["GET"]}}],"collection":[{"href":"https:\/\/bioterme.si\/it\/wp-json\/wp\/v2\/pages"}],"about":[{"href":"https:\/\/bioterme.si\/it\/wp-json\/wp\/v2\/types\/page"}],"author":[{"embeddable":true,"href":"https:\/\/bioterme.si\/it\/wp-json\/wp\/v2\/users\/9"}],"replies":[{"embeddable":true,"href":"https:\/\/bioterme.si\/it\/wp-json\/wp\/v2\/comments?post=10303"}],"version-history":[{"count":4,"href":"https:\/\/bioterme.si\/it\/wp-json\/wp\/v2\/pages\/10303\/revisions"}],"predecessor-version":[{"id":10311,"href":"https:\/\/bioterme.si\/it\/wp-json\/wp\/v2\/pages\/10303\/revisions\/10311"}],"wp:attachment":[{"href":"https:\/\/bioterme.si\/it\/wp-json\/wp\/v2\/media?parent=10303"}],"curies":[{"name":"wp","href":"https:\/\/api.w.org\/{rel}","templated":true}]}}