{"id":6001,"date":"2024-11-27T09:54:57","date_gmt":"2024-11-27T09:54:57","guid":{"rendered":"https:\/\/bioterme.si\/?page_id=6001"},"modified":"2025-07-01T11:47:59","modified_gmt":"2025-07-01T11:47:59","slug":"posta-slovenije-e-polnilnica-in-bankomat","status":"publish","type":"page","link":"https:\/\/bioterme.si\/it\/posta-slovenije-e-polnilnica-in-bankomat\/","title":{"rendered":"Ufficio postale della Slovenia, punto di ricarica elettronica e bancomat"},"content":{"rendered":"<div data-elementor-type=\"wp-page\" data-elementor-id=\"6001\" class=\"elementor elementor-6001\" data-elementor-post-type=\"page\">\n\t\t\t\t\t\t<section class=\"elementor-section elementor-top-section elementor-element elementor-element-fbcabbc elementor-section-height-min-height elementor-section-boxed elementor-section-height-default elementor-section-items-middle\" data-id=\"fbcabbc\" data-element_type=\"section\" data-settings=\"{&quot;background_background&quot;:&quot;classic&quot;}\">\n\t\t\t\t\t\t<div class=\"elementor-container elementor-column-gap-default\">\n\t\t\t\t\t<div class=\"elementor-column elementor-col-100 elementor-top-column elementor-element elementor-element-7ac1ac3\" data-id=\"7ac1ac3\" data-element_type=\"column\">\n\t\t\t<div class=\"elementor-widget-wrap\">\n\t\t\t\t\t\t\t<\/div>\n\t\t<\/div>\n\t\t\t\t\t<\/div>\n\t\t<\/section>\n\t\t\t\t<section class=\"elementor-section elementor-top-section elementor-element elementor-element-352e272 elementor-section-height-min-height elementor-section-boxed elementor-section-height-default elementor-section-items-middle\" data-id=\"352e272\" data-element_type=\"section\" data-settings=\"{&quot;background_background&quot;:&quot;classic&quot;}\">\n\t\t\t\t\t\t<div class=\"elementor-container elementor-column-gap-default\">\n\t\t\t\t\t<div class=\"elementor-column elementor-col-100 elementor-top-column elementor-element elementor-element-b6af3ec\" data-id=\"b6af3ec\" data-element_type=\"column\">\n\t\t\t<div class=\"elementor-widget-wrap elementor-element-populated\">\n\t\t\t\t\t\t<div class=\"elementor-element elementor-element-c9fdec9 elementor-widget-divider--view-line elementor-widget elementor-widget-divider\" data-id=\"c9fdec9\" data-element_type=\"widget\" data-widget_type=\"divider.default\">\n\t\t\t\t<div class=\"elementor-widget-container\">\n\t\t\t\t\t\t\t<div class=\"elementor-divider\">\n\t\t\t<span class=\"elementor-divider-separator\">\n\t\t\t\t\t\t<\/span>\n\t\t<\/div>\n\t\t\t\t\t\t<\/div>\n\t\t\t\t<\/div>\n\t\t\t\t<div class=\"elementor-element elementor-element-e58a613 elementor-widget elementor-widget-heading\" data-id=\"e58a613\" data-element_type=\"widget\" data-widget_type=\"heading.default\">\n\t\t\t\t<div class=\"elementor-widget-container\">\n\t\t\t\t\t<h2 class=\"elementor-heading-title elementor-size-default\"><b>POSTA DELLA SLOVENIA<\/b>, <b>E-FILLER,<\/b> <b>ATM <b><\/b><\/b>E <b>COMMERCIO<\/b><\/h2>\t\t\t\t<\/div>\n\t\t\t\t<\/div>\n\t\t\t\t<div class=\"elementor-element elementor-element-a3a3871 elementor-widget elementor-widget-text-editor\" data-id=\"a3a3871\" data-element_type=\"widget\" data-widget_type=\"text-editor.default\">\n\t\t\t\t<div class=\"elementor-widget-container\">\n\t\t\t\t\t\t\t\t\t<p style=\"font-weight: 400;\"><strong>Il complesso Bioterme dispone anche di un ufficio postale, una stazione di ricarica elettronica, un bancomat e un negozio.<\/strong><\/p>\n<p><span style=\"font-weight: 400;\">Da <\/span><b>Posta della Slovenia&nbsp;<\/b>e<b> Negozio Biolek<\/b>&nbsp;si trovano nell'Hotel Bioterme,&nbsp;<\/p>\n<p>in particolare nel corridoio di collegamento tra la reception dell'hotel e la reception del parco termale.&nbsp;<\/p>\n<p style=\"\"><span style=\"font-weight: 400;\">A<\/span><b>&nbsp;Posta Slovena<\/b> \u00c8 inoltre possibile prelevare contanti, acquistare cartoline da Bioterm e souvenir da Prlekija.<\/p>\n<p style=\"font-weight: 400;\"><strong>L'ufficio postale \u00e8 aperto:<\/strong><\/p>\n<p>Luned\u00ec, marted\u00ec e venerd\u00ec dalle 8.00 alle 13.00,<\/p>\n<p>Mercoled\u00ec e gioved\u00ec dalle 13:00 alle 18:00.<\/p>\n<p>Sabato: chiuso!<\/p><p><b>Acquista Biolek<\/b> offre una vasta gamma di piccoli oggetti che potreste aver dimenticato a casa (costumi da bagno,&nbsp;<\/p><p>pannolini per bambini, infradito, crema solare), souvenir e un giornale.&nbsp;<\/p><p><span style=\"font-weight: 700;\">Orari di apertura:<\/span><\/p><p>Luned\u00ec - gioved\u00ec: 9.00 - 12.00<\/p><p>Venerd\u00ec e sabato: 9.00-12.00 e 16.00-19.00.<\/p><p>Domenica: chiuso!<\/p>\n<p><strong>E-charger con due punti di ricarica<\/strong><b> <\/b><span style=\"font-weight: 400;\">si trova nel parcheggio coperto di fronte all'Hotel Bioterme.<\/span><\/p>\n<p style=\"font-weight: 400;\">Per effettuare la ricarica \u00e8 necessario esibire un documento d'identit\u00e0 alla reception dell'hotel, dove si ricever\u00e0 una carta di ricarica.<\/p>\n<p style=\"font-weight: 400;\">Il documento d'identit\u00e0 sar\u00e0 conservato fino alla restituzione della carta e al pagamento della ricarica.&nbsp;<\/p>\n<p style=\"font-weight: 400;\"><strong>La ricarica pu\u00f2 essere effettuata tra le 6.00 e le 22.00.<\/strong><\/p>\n<p><strong>BANCOMAT<\/strong> La Gorenjska banka si trova sul lato sinistro dell'ingresso dell'Hotel Bioterme. <strong style=\"font-weight: 400;\">\u00c8 accessibile 24 ore su 24.<\/strong><\/p>\t\t\t\t\t\t\t\t<\/div>\n\t\t\t\t<\/div>\n\t\t<div class=\"elementor-element elementor-element-6445fec e-flex e-con-boxed e-con e-parent\" data-id=\"6445fec\" data-element_type=\"container\">\n\t\t\t\t\t<div class=\"e-con-inner\">\n\t\t<div class=\"elementor-element elementor-element-1f72c3c e-flex e-con-boxed e-con e-child\" data-id=\"1f72c3c\" data-element_type=\"container\">\n\t\t\t\t\t<div class=\"e-con-inner\">\n\t\t\t\t<div class=\"elementor-element elementor-element-3ff7b57 elementor-widget elementor-widget-image\" data-id=\"3ff7b57\" data-element_type=\"widget\" data-widget_type=\"image.default\">\n\t\t\t\t<div class=\"elementor-widget-container\">\n\t\t\t\t\t\t\t\t\t\t\t\t\t\t\t<img decoding=\"async\" width=\"206\" height=\"206\" src=\"https:\/\/bioterme.si\/wp-content\/uploads\/2024\/11\/461173089_1036933398436172_8670169757494972921_n.jpg\" class=\"attachment-large size-large wp-image-6004\" alt=\"\" srcset=\"https:\/\/bioterme.si\/wp-content\/uploads\/2024\/11\/461173089_1036933398436172_8670169757494972921_n.jpg 206w, https:\/\/bioterme.si\/wp-content\/uploads\/2024\/11\/461173089_1036933398436172_8670169757494972921_n-150x150.jpg 150w, https:\/\/bioterme.si\/wp-content\/uploads\/2024\/11\/461173089_1036933398436172_8670169757494972921_n-12x12.jpg 12w\" sizes=\"(max-width: 206px) 100vw, 206px\" \/>\t\t\t\t\t\t\t\t\t\t\t\t\t\t\t<\/div>\n\t\t\t\t<\/div>\n\t\t\t\t\t<\/div>\n\t\t\t\t<\/div>\n\t\t<div class=\"elementor-element elementor-element-47d2a22 e-flex e-con-boxed e-con e-child\" data-id=\"47d2a22\" data-element_type=\"container\">\n\t\t\t\t\t<div class=\"e-con-inner\">\n\t\t\t\t<div class=\"elementor-element elementor-element-baed8c1 elementor-widget elementor-widget-image\" data-id=\"baed8c1\" data-element_type=\"widget\" data-widget_type=\"image.default\">\n\t\t\t\t<div class=\"elementor-widget-container\">\n\t\t\t\t\t\t\t\t\t\t\t\t\t\t\t<img decoding=\"async\" width=\"206\" height=\"206\" src=\"https:\/\/bioterme.si\/wp-content\/uploads\/2024\/11\/460832728_1036932655102913_997676715339360252_n.jpg\" class=\"attachment-large size-large wp-image-6003\" alt=\"\" srcset=\"https:\/\/bioterme.si\/wp-content\/uploads\/2024\/11\/460832728_1036932655102913_997676715339360252_n.jpg 206w, https:\/\/bioterme.si\/wp-content\/uploads\/2024\/11\/460832728_1036932655102913_997676715339360252_n-150x150.jpg 150w, https:\/\/bioterme.si\/wp-content\/uploads\/2024\/11\/460832728_1036932655102913_997676715339360252_n-12x12.jpg 12w\" sizes=\"(max-width: 206px) 100vw, 206px\" \/>\t\t\t\t\t\t\t\t\t\t\t\t\t\t\t<\/div>\n\t\t\t\t<\/div>\n\t\t\t\t\t<\/div>\n\t\t\t\t<\/div>\n\t\t\t\t\t<\/div>\n\t\t\t\t<\/div>\n\t\t\t\t\t<\/div>\n\t\t<\/div>\n\t\t\t\t\t<\/div>\n\t\t<\/section>\n\t\t\t\t<\/div>","protected":false},"excerpt":{"rendered":"<p>UFFICIO POSTALE, E-FILLING, ATM E NEGOZIO Il complesso Bioterme dispone anche di ufficio postale, e-filling, ATM e negozio. L'ufficio postale della Slovenia e il negozio Biolek si trovano nell'hotel Bioterme, pi\u00f9 precisamente nel corridoio di collegamento tra la reception dell'hotel e la reception del parco termale.  Presso l'Ufficio postale della Slovenia \u00e8 possibile prelevare contanti, acquistare cartoline di Bioterme e souvenir di Prlekija. Luned\u00ec, [...]<\/p>","protected":false},"author":3,"featured_media":0,"parent":0,"menu_order":0,"comment_status":"closed","ping_status":"closed","template":"","meta":{"footnotes":""},"class_list":["post-6001","page","type-page","status-publish","hentry"],"_links":{"self":[{"href":"https:\/\/bioterme.si\/it\/wp-json\/wp\/v2\/pages\/6001","targetHints":{"allow":["GET"]}}],"collection":[{"href":"https:\/\/bioterme.si\/it\/wp-json\/wp\/v2\/pages"}],"about":[{"href":"https:\/\/bioterme.si\/it\/wp-json\/wp\/v2\/types\/page"}],"author":[{"embeddable":true,"href":"https:\/\/bioterme.si\/it\/wp-json\/wp\/v2\/users\/3"}],"replies":[{"embeddable":true,"href":"https:\/\/bioterme.si\/it\/wp-json\/wp\/v2\/comments?post=6001"}],"version-history":[{"count":32,"href":"https:\/\/bioterme.si\/it\/wp-json\/wp\/v2\/pages\/6001\/revisions"}],"predecessor-version":[{"id":7865,"href":"https:\/\/bioterme.si\/it\/wp-json\/wp\/v2\/pages\/6001\/revisions\/7865"}],"wp:attachment":[{"href":"https:\/\/bioterme.si\/it\/wp-json\/wp\/v2\/media?parent=6001"}],"curies":[{"name":"wp","href":"https:\/\/api.w.org\/{rel}","templated":true}]}}