{"id":614,"date":"2023-02-07T12:40:20","date_gmt":"2023-02-07T12:40:20","guid":{"rendered":"https:\/\/online-narocanje.si\/?page_id=614"},"modified":"2026-02-18T08:08:47","modified_gmt":"2026-02-18T08:08:47","slug":"splosne-dolocbe","status":"publish","type":"page","link":"https:\/\/bioterme.si\/it\/splosne-dolocbe\/","title":{"rendered":"Disposizioni generali"},"content":{"rendered":"<div data-elementor-type=\"wp-page\" data-elementor-id=\"614\" class=\"elementor elementor-614\" data-elementor-post-type=\"page\">\n\t\t\t\t\t\t<section class=\"elementor-section elementor-top-section elementor-element elementor-element-41e7c18 elementor-section-height-min-height elementor-section-boxed elementor-section-height-default elementor-section-items-middle\" data-id=\"41e7c18\" data-element_type=\"section\" data-settings=\"{&quot;background_background&quot;:&quot;classic&quot;}\">\n\t\t\t\t\t\t<div class=\"elementor-container elementor-column-gap-default\">\n\t\t\t\t\t<div class=\"elementor-column elementor-col-100 elementor-top-column elementor-element elementor-element-34a5f3b\" data-id=\"34a5f3b\" data-element_type=\"column\">\n\t\t\t<div class=\"elementor-widget-wrap\">\n\t\t\t\t\t\t\t<\/div>\n\t\t<\/div>\n\t\t\t\t\t<\/div>\n\t\t<\/section>\n\t\t\t\t<section class=\"elementor-section elementor-top-section elementor-element elementor-element-7fa9a82 elementor-section-height-min-height elementor-section-boxed elementor-section-height-default elementor-section-items-middle\" data-id=\"7fa9a82\" data-element_type=\"section\" data-settings=\"{&quot;background_background&quot;:&quot;classic&quot;}\">\n\t\t\t\t\t\t<div class=\"elementor-container elementor-column-gap-default\">\n\t\t\t\t\t<div class=\"elementor-column elementor-col-100 elementor-top-column elementor-element elementor-element-e81d27c\" data-id=\"e81d27c\" data-element_type=\"column\">\n\t\t\t<div class=\"elementor-widget-wrap elementor-element-populated\">\n\t\t\t\t\t\t<div class=\"elementor-element elementor-element-776040d elementor-widget elementor-widget-heading\" data-id=\"776040d\" data-element_type=\"widget\" data-widget_type=\"heading.default\">\n\t\t\t\t<div class=\"elementor-widget-container\">\n\t\t\t\t\t<h2 class=\"elementor-heading-title elementor-size-default\">DISPOSIZIONI DI LEGGE<\/h2>\t\t\t\t<\/div>\n\t\t\t\t<\/div>\n\t\t\t\t<div class=\"elementor-element elementor-element-fa614ef elementor-widget elementor-widget-heading\" data-id=\"fa614ef\" data-element_type=\"widget\" data-widget_type=\"heading.default\">\n\t\t\t\t<div class=\"elementor-widget-container\">\n\t\t\t\t\t<h2 class=\"elementor-heading-title elementor-size-default\">CANCELLAZIONI<\/h2>\t\t\t\t<\/div>\n\t\t\t\t<\/div>\n\t\t\t\t<div class=\"elementor-element elementor-element-23d0a15 elementor-widget elementor-widget-text-editor\" data-id=\"23d0a15\" data-element_type=\"widget\" data-widget_type=\"text-editor.default\">\n\t\t\t\t<div class=\"elementor-widget-container\">\n\t\t\t\t\t\t\t\t\t<p>Bioterme Mala Nedelja si impegna a prestare la dovuta attenzione nella progettazione del proprio sito web per garantire che le informazioni in esso contenute siano accurate e aggiornate, ma non si assume alcuna responsabilit\u00e0 per la loro accuratezza o integrit\u00e0. Tutti gli utenti utilizzano i contenuti a proprio rischio e pericolo. Bioterme Mala Nedelja non sar\u00e0 responsabile di eventuali danni derivanti dall'accesso, dall'uso o dall'impossibilit\u00e0 di utilizzare le informazioni contenute in questo sito web o di eventuali errori od omissioni nel suo contenuto.<\/p><p>L'ospite ha il diritto di prenotare il pacchetto. Se l'ospite cancella il pacchetto prenotato, Bioterme Mala Nedelja ha diritto al rimborso delle spese di cancellazione. L'importo della tassa di cancellazione dipende dal periodo in cui l'ospite ha presentato la cancellazione. In caso di cancellazione, Bioterme Mala Nedelja ha diritto alle seguenti percentuali del prezzo del pacchetto:<\/p><ul><li>cancellazione fino a 15 giorni prima dell'arrivo - 10 % del pacchetto<\/li><li>Da 14 a 4 giorni prima dell'arrivo - 30 % della disposizione<\/li><li>3-2 giorni prima dell'arrivo - 80 % della disposizione<\/li><li>1 giorno prima dell'arrivo, giorno di arrivo o mancato arrivo alla data della prenotazione - 100 % dell'arrangiamento<\/li><li>In caso di modifica delle date, l'acconto gi\u00e0 versato sar\u00e0 trasferito alle nuove date.<\/li><\/ul>\t\t\t\t\t\t\t\t<\/div>\n\t\t\t\t<\/div>\n\t\t\t\t<div class=\"elementor-element elementor-element-e353afc elementor-widget elementor-widget-text-editor\" data-id=\"e353afc\" data-element_type=\"widget\" data-widget_type=\"text-editor.default\">\n\t\t\t\t<div class=\"elementor-widget-container\">\n\t\t\t\t\t\t\t\t\t<p>Gli ospiti possono prenotare a lungo termine o a breve termine. Le prenotazioni a lungo termine sono quelle effettuate dal cliente almeno 15 giorni prima dell'arrivo, mentre le prenotazioni a breve termine sono quelle effettuate dal cliente meno di 15 giorni prima dell'arrivo e fino al momento dell'arrivo.<\/p><p>In caso di prenotazione a lungo termine, l'acconto deve essere versato entro 7 giorni lavorativi dalla data di prenotazione, mentre in caso di prenotazione a breve termine deve essere versato entro 3 giorni dalla data di prenotazione. Nel caso in cui l'ospite cancelli il pacchetto prenotato su propria richiesta o per cause di forza maggiore, senza che Bioterm Mala Nedelja abbia motivo di fornire un servizio inadeguato, l'ospite non avr\u00e0 diritto ad alcun risarcimento o riduzione del prezzo.<\/p><p class=\"translation-block\">La cancellazione deve essere inviata per iscritto a Bioterme Mala Nedelja, Moravci v Slovenskih goricah 34 b, 9243 Mala Nedelja o via e-mail a <a href=\"mailto:hotel@bioterme.si\" target=\"_self\"><strong>hotel@bioterme.si<\/strong><\/a>.<\/p><p>In caso di rimborso giustificato del deposito, quest'ultimo sar\u00e0 rimborsato sul conto di transazione dell'ospite entro 30 giorni dalla data di ricezione della cancellazione.<\/p><h3><a href=\"https:\/\/bioterme.si\/it\/obvestilo-o-video-nadzoru\/\">Avviso di videosorveglianza<\/a><\/h3><p>Ljutomer, 24\/04\/2017<\/p>\t\t\t\t\t\t\t\t<\/div>\n\t\t\t\t<\/div>\n\t\t\t\t<section class=\"elementor-section elementor-inner-section elementor-element elementor-element-077de20 elementor-section-full_width elementor-section-height-default elementor-section-height-default\" data-id=\"077de20\" data-element_type=\"section\">\n\t\t\t\t\t\t<div class=\"elementor-container elementor-column-gap-default\">\n\t\t\t\t\t<div class=\"elementor-column elementor-col-50 elementor-inner-column elementor-element elementor-element-74736d2\" data-id=\"74736d2\" data-element_type=\"column\">\n\t\t\t<div class=\"elementor-widget-wrap elementor-element-populated\">\n\t\t\t\t\t\t<div class=\"elementor-element elementor-element-e7e171d elementor-widget elementor-widget-text-editor\" data-id=\"e7e171d\" data-element_type=\"widget\" data-widget_type=\"text-editor.default\">\n\t\t\t\t<div class=\"elementor-widget-container\">\n\t\t\t\t\t\t\t\t\t<p>Preparato da:<br \/>Mateja Zadravec<\/p>\t\t\t\t\t\t\t\t<\/div>\n\t\t\t\t<\/div>\n\t\t\t\t\t<\/div>\n\t\t<\/div>\n\t\t\t\t<div class=\"elementor-column elementor-col-50 elementor-inner-column elementor-element elementor-element-e914970\" data-id=\"e914970\" data-element_type=\"column\">\n\t\t\t<div class=\"elementor-widget-wrap elementor-element-populated\">\n\t\t\t\t\t\t<div class=\"elementor-element elementor-element-b840f79 elementor-widget elementor-widget-text-editor\" data-id=\"b840f79\" data-element_type=\"widget\" data-widget_type=\"text-editor.default\">\n\t\t\t\t<div class=\"elementor-widget-container\">\n\t\t\t\t\t\t\t\t\t<p>Segrap d.o.o., Ljutomer<br \/>Direttore: Miran Blagovi\u010d<\/p>\t\t\t\t\t\t\t\t<\/div>\n\t\t\t\t<\/div>\n\t\t\t\t\t<\/div>\n\t\t<\/div>\n\t\t\t\t\t<\/div>\n\t\t<\/section>\n\t\t\t\t\t<\/div>\n\t\t<\/div>\n\t\t\t\t\t<\/div>\n\t\t<\/section>\n\t\t\t\t<\/div>","protected":false},"excerpt":{"rendered":"<p>DISPOSIZIONI LEGALI RISERVATEZZA DISCLAIMER Bioterme Mala Nedelja si impegna a prestare la dovuta attenzione nella progettazione del proprio sito web per garantire che le informazioni in esso contenute siano accurate e aggiornate, ma non si assume alcuna responsabilit\u00e0 per la loro accuratezza o completezza. Tutti gli utenti utilizzano i contenuti a proprio rischio e pericolo. Bioterme Mala Nedelja non sar\u00e0 responsabile di eventuali danni derivanti dall'accesso, dall'uso o [...]<\/p>","protected":false},"author":1,"featured_media":0,"parent":0,"menu_order":0,"comment_status":"closed","ping_status":"closed","template":"elementor_header_footer","meta":{"footnotes":""},"class_list":["post-614","page","type-page","status-publish","hentry"],"_links":{"self":[{"href":"https:\/\/bioterme.si\/it\/wp-json\/wp\/v2\/pages\/614","targetHints":{"allow":["GET"]}}],"collection":[{"href":"https:\/\/bioterme.si\/it\/wp-json\/wp\/v2\/pages"}],"about":[{"href":"https:\/\/bioterme.si\/it\/wp-json\/wp\/v2\/types\/page"}],"author":[{"embeddable":true,"href":"https:\/\/bioterme.si\/it\/wp-json\/wp\/v2\/users\/1"}],"replies":[{"embeddable":true,"href":"https:\/\/bioterme.si\/it\/wp-json\/wp\/v2\/comments?post=614"}],"version-history":[{"count":25,"href":"https:\/\/bioterme.si\/it\/wp-json\/wp\/v2\/pages\/614\/revisions"}],"predecessor-version":[{"id":10453,"href":"https:\/\/bioterme.si\/it\/wp-json\/wp\/v2\/pages\/614\/revisions\/10453"}],"wp:attachment":[{"href":"https:\/\/bioterme.si\/it\/wp-json\/wp\/v2\/media?parent=614"}],"curies":[{"name":"wp","href":"https:\/\/api.w.org\/{rel}","templated":true}]}}