{"id":6775,"date":"2025-03-20T09:34:00","date_gmt":"2025-03-20T09:34:00","guid":{"rendered":"https:\/\/bioterme.si\/?page_id=6775"},"modified":"2025-04-15T10:39:43","modified_gmt":"2025-04-15T10:39:43","slug":"delujemo-okolju-prijazno","status":"publish","type":"page","link":"https:\/\/bioterme.si\/it\/delujemo-okolju-prijazno\/","title":{"rendered":"Lavoriamo nel rispetto dell'ambiente"},"content":{"rendered":"<div data-elementor-type=\"wp-page\" data-elementor-id=\"6775\" class=\"elementor elementor-6775\" data-elementor-post-type=\"page\">\n\t\t\t\t<div class=\"elementor-element elementor-element-4c4be41 e-flex e-con-boxed e-con e-parent\" data-id=\"4c4be41\" data-element_type=\"container\" data-settings=\"{&quot;background_background&quot;:&quot;classic&quot;}\">\n\t\t\t\t\t<div class=\"e-con-inner\">\n\t\t<div class=\"elementor-element elementor-element-53f8588 e-con-full e-flex e-con e-child\" data-id=\"53f8588\" data-element_type=\"container\">\n\t\t\t\t<div class=\"elementor-element elementor-element-9176191 elementor-widget elementor-widget-heading\" data-id=\"9176191\" data-element_type=\"widget\" data-widget_type=\"heading.default\">\n\t\t\t\t<div class=\"elementor-widget-container\">\n\t\t\t\t\t<h2 class=\"elementor-heading-title elementor-size-default\"><b>Lavoriamo nel rispetto dell'ambiente<\/b><\/h2>\t\t\t\t<\/div>\n\t\t\t\t<\/div>\n\t\t\t\t<\/div>\n\t\t\t\t\t<\/div>\n\t\t\t\t<\/div>\n\t\t\t\t<section class=\"elementor-section elementor-top-section elementor-element elementor-element-3347674 elementor-section-height-min-height elementor-section-boxed elementor-section-height-default elementor-section-items-middle\" data-id=\"3347674\" data-element_type=\"section\" data-settings=\"{&quot;background_background&quot;:&quot;classic&quot;}\">\n\t\t\t\t\t\t<div class=\"elementor-container elementor-column-gap-default\">\n\t\t\t\t\t<div class=\"elementor-column elementor-col-100 elementor-top-column elementor-element elementor-element-063e9e0\" data-id=\"063e9e0\" data-element_type=\"column\">\n\t\t\t<div class=\"elementor-widget-wrap elementor-element-populated\">\n\t\t\t\t\t\t<div class=\"elementor-element elementor-element-c4bc09e elementor-widget-divider--view-line elementor-widget elementor-widget-divider\" data-id=\"c4bc09e\" data-element_type=\"widget\" data-widget_type=\"divider.default\">\n\t\t\t\t<div class=\"elementor-widget-container\">\n\t\t\t\t\t\t\t<div class=\"elementor-divider\">\n\t\t\t<span class=\"elementor-divider-separator\">\n\t\t\t\t\t\t<\/span>\n\t\t<\/div>\n\t\t\t\t\t\t<\/div>\n\t\t\t\t<\/div>\n\t\t\t\t<div class=\"elementor-element elementor-element-d72cbc2 elementor-widget elementor-widget-heading\" data-id=\"d72cbc2\" data-element_type=\"widget\" data-widget_type=\"heading.default\">\n\t\t\t\t<div class=\"elementor-widget-container\">\n\t\t\t\t\t<h2 class=\"elementor-heading-title elementor-size-default\">Il nostro impegno <b>turismo sostenibile<\/b><\/h2>\t\t\t\t<\/div>\n\t\t\t\t<\/div>\n\t\t\t\t<div class=\"elementor-element elementor-element-33dbc64 elementor-widget elementor-widget-text-editor\" data-id=\"33dbc64\" data-element_type=\"widget\" data-widget_type=\"text-editor.default\">\n\t\t\t\t<div class=\"elementor-widget-container\">\n\t\t\t\t\t\t\t\t\t<p>Il patrimonio naturale dell'ambiente ci offre l'opportunit\u00e0 di seguire le tendenze del turismo sostenibile e le tendenze che Bioterme \u00e8 fortemente impegnata a seguire nella sua attivit\u00e0 - con l'obiettivo di mantenere la natura in buona forma per le generazioni a venire.<\/p><p>All'Hotel Bioterme dimostriamo il nostro rispetto per questo ottenendo il marchio Ecolabel fiore o Ecolabel. <strong>Eco margherita <\/strong>e il segno <strong>Slovenia Alloggio verde<\/strong>La stessa storia viene seguita nel glamping resort di Son\u010dna dolina. Entrambi i marchi sono un vantaggio per la nostra attivit\u00e0 e riflettono il fatto che il complesso turistico \u00e8 costruito con materiali rispettosi dell'ambiente e dell'uomo e che questo \u00e8 il nostro modo di fare business.<\/p><p>La missione principale dell'Eco-Daisy \u00e8 quella di risparmiare tutte le risorse (elettricit\u00e0, acqua, energia per il riscaldamento e il raffreddamento, prodotti per la pulizia, carta, ecc.), di riutilizzare il maggior numero possibile di prodotti (da noi o donandoli a qualcuno) e di riciclarli.<\/p>\t\t\t\t\t\t\t\t<\/div>\n\t\t\t\t<\/div>\n\t\t\t\t\t<\/div>\n\t\t<\/div>\n\t\t\t\t\t<\/div>\n\t\t<\/section>\n\t\t<div class=\"elementor-element elementor-element-dd8eef6 e-flex e-con-boxed e-con e-parent\" data-id=\"dd8eef6\" data-element_type=\"container\" data-settings=\"{&quot;background_background&quot;:&quot;classic&quot;}\">\n\t\t\t\t\t<div class=\"e-con-inner\">\n\t\t<div class=\"elementor-element elementor-element-d864696 e-con-full e-flex e-con e-child\" data-id=\"d864696\" data-element_type=\"container\">\n\t\t\t\t<div class=\"elementor-element elementor-element-668110c elementor-widget elementor-widget-image\" data-id=\"668110c\" data-element_type=\"widget\" data-widget_type=\"image.default\">\n\t\t\t\t<div class=\"elementor-widget-container\">\n\t\t\t\t\t\t\t\t\t\t\t\t\t\t\t<img fetchpriority=\"high\" decoding=\"async\" width=\"800\" height=\"640\" src=\"https:\/\/bioterme.si\/wp-content\/uploads\/2025\/03\/2148884835-1024x819.jpg\" class=\"attachment-large size-large wp-image-6777\" alt=\"\" srcset=\"https:\/\/bioterme.si\/wp-content\/uploads\/2025\/03\/2148884835-1024x819.jpg 1024w, https:\/\/bioterme.si\/wp-content\/uploads\/2025\/03\/2148884835-300x240.jpg 300w, https:\/\/bioterme.si\/wp-content\/uploads\/2025\/03\/2148884835-768x614.jpg 768w, https:\/\/bioterme.si\/wp-content\/uploads\/2025\/03\/2148884835-15x12.jpg 15w, https:\/\/bioterme.si\/wp-content\/uploads\/2025\/03\/2148884835.jpg 1500w\" sizes=\"(max-width: 800px) 100vw, 800px\" \/>\t\t\t\t\t\t\t\t\t\t\t\t\t\t\t<\/div>\n\t\t\t\t<\/div>\n\t\t\t\t<\/div>\n\t\t<div class=\"elementor-element elementor-element-04b6757 e-con-full e-flex e-con e-child\" data-id=\"04b6757\" data-element_type=\"container\">\n\t\t\t\t<div class=\"elementor-element elementor-element-a1cc378 elementor-widget-divider--view-line elementor-widget elementor-widget-divider\" data-id=\"a1cc378\" data-element_type=\"widget\" data-widget_type=\"divider.default\">\n\t\t\t\t<div class=\"elementor-widget-container\">\n\t\t\t\t\t\t\t<div class=\"elementor-divider\">\n\t\t\t<span class=\"elementor-divider-separator\">\n\t\t\t\t\t\t<\/span>\n\t\t<\/div>\n\t\t\t\t\t\t<\/div>\n\t\t\t\t<\/div>\n\t\t\t\t<div class=\"elementor-element elementor-element-67e3ff8 elementor-widget elementor-widget-heading\" data-id=\"67e3ff8\" data-element_type=\"widget\" data-widget_type=\"heading.default\">\n\t\t\t\t<div class=\"elementor-widget-container\">\n\t\t\t\t\t<h2 class=\"elementor-heading-title elementor-size-default\">La nostra pratica <b>vita sostenibile<\/b><\/h2>\t\t\t\t<\/div>\n\t\t\t\t<\/div>\n\t\t\t\t<div class=\"elementor-element elementor-element-b79ec94 elementor-widget elementor-widget-text-editor\" data-id=\"b79ec94\" data-element_type=\"widget\" data-widget_type=\"text-editor.default\">\n\t\t\t\t<div class=\"elementor-widget-container\">\n\t\t\t\t\t\t\t\t\t<p>Le nostre azioni chiave per una vita pi\u00f9 sana ed ecologica:<\/p>\n<ul>\n<li>Tutte le camere dell'hotel sono arredate con materiali naturali; il legno \u00e8 cerato e le pareti dipinte con tinture biologiche,<\/li>\n<li>L'acqua termale viene utilizzata anche per riscaldare l'hotel,<\/li>\n<li>Meno di un terzo dell'elettricit\u00e0 di cui abbiamo bisogno \u00e8 generato dai nostri pannelli solari,<\/li>\n<li>La pianta dell'hotel consente una maggiore illuminazione naturale, favorendo cos\u00ec il risparmio energetico,<\/li>\n<li>incoraggiare la cooperazione con i produttori locali,<\/li>\n<li><span style=\"background-color: transparent; color: var( --e-global-color-primary );\">utilizziamo prodotti per la pulizia a base naturale,<\/span><\/li>\n<li>Tutti i rifiuti dell'hotel vengono trattati nel compattatore dell'hotel stesso,<\/li>\n<li>Inoltre, il suo impianto di trattamento delle acque reflue tratta le acque reflue delle piscine per gli sciacquoni dei bagni.<\/li>\n<\/ul>\t\t\t\t\t\t\t\t<\/div>\n\t\t\t\t<\/div>\n\t\t\t\t<\/div>\n\t\t\t\t\t<\/div>\n\t\t\t\t<\/div>\n\t\t<div class=\"elementor-element elementor-element-29944b9 e-flex e-con-boxed e-con e-parent\" data-id=\"29944b9\" data-element_type=\"container\" data-settings=\"{&quot;background_background&quot;:&quot;classic&quot;}\">\n\t\t\t\t\t<div class=\"e-con-inner\">\n\t\t<div class=\"elementor-element elementor-element-89a1541 e-con-full e-flex e-con e-child\" data-id=\"89a1541\" data-element_type=\"container\">\n\t\t\t\t<div class=\"elementor-element elementor-element-c41abec elementor-widget-divider--view-line elementor-widget elementor-widget-divider\" data-id=\"c41abec\" data-element_type=\"widget\" data-widget_type=\"divider.default\">\n\t\t\t\t<div class=\"elementor-widget-container\">\n\t\t\t\t\t\t\t<div class=\"elementor-divider\">\n\t\t\t<span class=\"elementor-divider-separator\">\n\t\t\t\t\t\t<\/span>\n\t\t<\/div>\n\t\t\t\t\t\t<\/div>\n\t\t\t\t<\/div>\n\t\t\t\t<div class=\"elementor-element elementor-element-161730b elementor-widget elementor-widget-heading\" data-id=\"161730b\" data-element_type=\"widget\" data-widget_type=\"heading.default\">\n\t\t\t\t<div class=\"elementor-widget-container\">\n\t\t\t\t\t<h2 class=\"elementor-heading-title elementor-size-default\"><b>Sostenibilit\u00e0 <\/b>- un valore per tutti noi<\/h2>\t\t\t\t<\/div>\n\t\t\t\t<\/div>\n\t\t\t\t<div class=\"elementor-element elementor-element-107d138 elementor-widget elementor-widget-text-editor\" data-id=\"107d138\" data-element_type=\"widget\" data-widget_type=\"text-editor.default\">\n\t\t\t\t<div class=\"elementor-widget-container\">\n\t\t\t\t\t\t\t\t\t<p>Anche i dipendenti si sono identificati con entrambi i simboli, per questo motivo istruiamo accuratamente tutti i dipendenti sull'attivit\u00e0 sostenibile e ci aspettiamo che partecipino attivamente all'attuazione delle misure.<\/p><p>Il nostro ruolo essenziale \u00e8 quello di dare l'esempio ai nostri ospiti e incoraggiarli a comportarsi in modo rispettoso dell'ambiente, quindi siamo molto contenti se gli ospiti seguono queste missioni durante il loro soggiorno. Siamo ancora pi\u00f9 soddisfatti se adottano pratiche sostenibili nella loro vita quotidiana.<\/p><p>Il nostro compito \u00e8 anche quello di raccogliere suggerimenti su come migliorare il nostro modo di operare in modo sostenibile, e accogliamo ogni suggerimento.<\/p>\t\t\t\t\t\t\t\t<\/div>\n\t\t\t\t<\/div>\n\t\t\t\t<\/div>\n\t\t<div class=\"elementor-element elementor-element-0ef2489 e-con-full e-flex e-con e-child\" data-id=\"0ef2489\" data-element_type=\"container\">\n\t\t\t\t<div class=\"elementor-element elementor-element-ba5eb3c elementor-widget elementor-widget-image\" data-id=\"ba5eb3c\" data-element_type=\"widget\" data-widget_type=\"image.default\">\n\t\t\t\t<div class=\"elementor-widget-container\">\n\t\t\t\t\t\t\t\t\t\t\t\t\t\t\t<img decoding=\"async\" width=\"800\" height=\"534\" src=\"https:\/\/bioterme.si\/wp-content\/uploads\/2025\/03\/15276-1024x683.jpg\" class=\"attachment-large size-large wp-image-6792\" alt=\"\" srcset=\"https:\/\/bioterme.si\/wp-content\/uploads\/2025\/03\/15276-1024x683.jpg 1024w, https:\/\/bioterme.si\/wp-content\/uploads\/2025\/03\/15276-300x200.jpg 300w, https:\/\/bioterme.si\/wp-content\/uploads\/2025\/03\/15276-768x512.jpg 768w, https:\/\/bioterme.si\/wp-content\/uploads\/2025\/03\/15276-18x12.jpg 18w, https:\/\/bioterme.si\/wp-content\/uploads\/2025\/03\/15276.jpg 1500w\" sizes=\"(max-width: 800px) 100vw, 800px\" \/>\t\t\t\t\t\t\t\t\t\t\t\t\t\t\t<\/div>\n\t\t\t\t<\/div>\n\t\t\t\t<\/div>\n\t\t\t\t\t<\/div>\n\t\t\t\t<\/div>\n\t\t<div class=\"elementor-element elementor-element-55e3aec e-flex e-con-boxed e-con e-parent\" data-id=\"55e3aec\" data-element_type=\"container\" data-settings=\"{&quot;background_background&quot;:&quot;classic&quot;}\">\n\t\t\t\t\t<div class=\"e-con-inner\">\n\t\t<div class=\"elementor-element elementor-element-239eb51 e-con-full e-flex e-con e-child\" data-id=\"239eb51\" data-element_type=\"container\">\n\t\t\t\t<div class=\"elementor-element elementor-element-8e5b765 elementor-widget elementor-widget-text-editor\" data-id=\"8e5b765\" data-element_type=\"widget\" data-widget_type=\"text-editor.default\">\n\t\t\t\t<div class=\"elementor-widget-container\">\n\t\t\t\t\t\t\t\t\t<p>Per assicurarci di essere il pi\u00f9 possibile sostenibili e preservare la natura, invitiamo tutti i nostri dipendenti, residenti e ospiti a fare lo stesso a casa loro, come noi facciamo con le nostre risorse. \u00c8 l'unico modo per mantenere il nostro pianeta blu una casa sicura e piacevole per le generazioni a venire.<\/p><p><strong>CERCHIAMO TUTTI DI COGLIERE NUOVE OPPORTUNIT\u00c0 PER DIVENTARE ECOLOGICI!<\/strong><\/p>\t\t\t\t\t\t\t\t<\/div>\n\t\t\t\t<\/div>\n\t\t\t\t<\/div>\n\t\t\t\t\t<\/div>\n\t\t\t\t<\/div>\n\t\t\t\t<\/div>","protected":false},"excerpt":{"rendered":"<p>Siamo rispettosi dell'ambiente Il nostro impegno per il turismo sostenibile Il patrimonio naturale dell'ambiente ci offre l'opportunit\u00e0 di seguire le linee guida e le tendenze del turismo sostenibile a cui Bioterme \u00e8 fortemente impegnata nella sua attivit\u00e0 - con l'obiettivo di mantenere la natura in buono stato per le generazioni future. Noi di Bioterme dimostriamo il nostro rispetto per questo [...]<\/p>","protected":false},"author":9,"featured_media":0,"parent":0,"menu_order":0,"comment_status":"closed","ping_status":"closed","template":"","meta":{"footnotes":""},"class_list":["post-6775","page","type-page","status-publish","hentry"],"_links":{"self":[{"href":"https:\/\/bioterme.si\/it\/wp-json\/wp\/v2\/pages\/6775","targetHints":{"allow":["GET"]}}],"collection":[{"href":"https:\/\/bioterme.si\/it\/wp-json\/wp\/v2\/pages"}],"about":[{"href":"https:\/\/bioterme.si\/it\/wp-json\/wp\/v2\/types\/page"}],"author":[{"embeddable":true,"href":"https:\/\/bioterme.si\/it\/wp-json\/wp\/v2\/users\/9"}],"replies":[{"embeddable":true,"href":"https:\/\/bioterme.si\/it\/wp-json\/wp\/v2\/comments?post=6775"}],"version-history":[{"count":31,"href":"https:\/\/bioterme.si\/it\/wp-json\/wp\/v2\/pages\/6775\/revisions"}],"predecessor-version":[{"id":7108,"href":"https:\/\/bioterme.si\/it\/wp-json\/wp\/v2\/pages\/6775\/revisions\/7108"}],"wp:attachment":[{"href":"https:\/\/bioterme.si\/it\/wp-json\/wp\/v2\/media?parent=6775"}],"curies":[{"name":"wp","href":"https:\/\/api.w.org\/{rel}","templated":true}]}}