{"id":8519,"date":"2025-09-06T00:29:27","date_gmt":"2025-09-06T00:29:27","guid":{"rendered":"https:\/\/bioterme.si\/?page_id=8519"},"modified":"2026-04-02T12:21:49","modified_gmt":"2026-04-02T12:21:49","slug":"najem-glamping-hisk","status":"publish","type":"page","link":"https:\/\/bioterme.si\/it\/najem-glamping-hisk\/","title":{"rendered":"Capanne glamping in affitto"},"content":{"rendered":"<div data-elementor-type=\"wp-page\" data-elementor-id=\"8519\" class=\"elementor elementor-8519\" data-elementor-post-type=\"page\">\n\t\t\t\t<div class=\"elementor-element elementor-element-bdcc29d e-flex e-con-boxed e-con e-parent\" data-id=\"bdcc29d\" data-element_type=\"container\" data-settings=\"{&quot;background_background&quot;:&quot;classic&quot;}\">\n\t\t\t\t\t<div class=\"e-con-inner\">\n\t\t\t\t<div class=\"elementor-element elementor-element-992e5be elementor-widget elementor-widget-heading\" data-id=\"992e5be\" data-element_type=\"widget\" data-widget_type=\"heading.default\">\n\t\t\t\t<div class=\"elementor-widget-container\">\n\t\t\t\t\t<h2 class=\"elementor-heading-title elementor-size-default\">Case e tende glamping<\/h2>\t\t\t\t<\/div>\n\t\t\t\t<\/div>\n\t\t\t\t\t<\/div>\n\t\t\t\t<\/div>\n\t\t<div class=\"elementor-element elementor-element-61266b9 e-flex e-con-boxed e-con e-parent\" data-id=\"61266b9\" data-element_type=\"container\" data-settings=\"{&quot;background_background&quot;:&quot;classic&quot;}\">\n\t\t\t\t\t<div class=\"e-con-inner\">\n\t\t<div class=\"elementor-element elementor-element-a5ba424 e-con-full e-flex e-con e-child\" data-id=\"a5ba424\" data-element_type=\"container\">\n\t\t\t\t<div class=\"elementor-element elementor-element-aee090d elementor-widget elementor-widget-heading\" data-id=\"aee090d\" data-element_type=\"widget\" data-widget_type=\"heading.default\">\n\t\t\t\t<div class=\"elementor-widget-container\">\n\t\t\t\t\t<h2 class=\"elementor-heading-title elementor-size-default\"><b>Capanne\/tende glamping in affitto<\/b><\/h2>\t\t\t\t<\/div>\n\t\t\t\t<\/div>\n\t\t\t\t<div class=\"elementor-element elementor-element-4432089 e-n-tabs-none elementor-widget elementor-widget-n-tabs\" data-id=\"4432089\" data-element_type=\"widget\" data-settings=\"{&quot;tabs_justify_horizontal_mobile&quot;:&quot;start&quot;,&quot;tabs_justify_horizontal&quot;:&quot;end&quot;,&quot;horizontal_scroll&quot;:&quot;disable&quot;}\" data-widget_type=\"nested-tabs.default\">\n\t\t\t\t<div class=\"elementor-widget-container\">\n\t\t\t\t\t\t\t<div class=\"e-n-tabs\" data-widget-number=\"71508105\" aria-label=\"Schede. Aprire gli elementi con Invio o Spazio, chiuderli con Escape e scorrere con i tasti freccia.\">\n\t\t\t<div class=\"e-n-tabs-heading\" role=\"tablist\">\n\t\t\t\t\t<button id=\"e-n-tab-title-715081051\" data-tab-title-id=\"e-n-tab-title-715081051\" class=\"e-n-tab-title\" aria-selected=\"true\" data-tab-index=\"1\" role=\"tab\" tabindex=\"0\" aria-controls=\"e-n-tab-content-715081051\" style=\"--n-tabs-title-order: 1;\">\n\t\t\t\t\t\t<span class=\"e-n-tab-title-text\">\n\t\t\t\t13.1. - 24.6.2026\t\t\t<\/span>\n\t\t<\/button>\n\t\t\t\t<button id=\"e-n-tab-title-715081052\" data-tab-title-id=\"e-n-tab-title-715081052\" class=\"e-n-tab-title\" aria-selected=\"false\" data-tab-index=\"2\" role=\"tab\" tabindex=\"-1\" aria-controls=\"e-n-tab-content-715081052\" style=\"--n-tabs-title-order: 2;\">\n\t\t\t\t\t\t<span class=\"e-n-tab-title-text\">\n\t\t\t\t24.6. - 30.8.2026\t\t\t<\/span>\n\t\t<\/button>\n\t\t\t\t\t<\/div>\n\t\t\t<div class=\"e-n-tabs-content\">\n\t\t\t\t<div id=\"e-n-tab-content-715081051\" role=\"tabpanel\" aria-labelledby=\"e-n-tab-title-715081051\" data-tab-index=\"1\" style=\"--n-tabs-title-order: 1;\" class=\"e-active elementor-element elementor-element-c14e245 e-con-full e-flex e-con e-child\" data-id=\"c14e245\" data-element_type=\"container\">\n\t\t<div class=\"elementor-element elementor-element-6305edc e-flex e-con-boxed e-con e-child\" data-id=\"6305edc\" data-element_type=\"container\" data-settings=\"{&quot;background_background&quot;:&quot;classic&quot;}\">\n\t\t\t\t\t<div class=\"e-con-inner\">\n\t\t\t\t<div class=\"elementor-element elementor-element-0280bed elementor-widget elementor-widget-text-editor\" data-id=\"0280bed\" data-element_type=\"widget\" data-widget_type=\"text-editor.default\">\n\t\t\t\t<div class=\"elementor-widget-container\">\n\t\t\t\t\t\t\t\t\t<p>Capanne e tende in affitto fuori dalle vacanze (con piscina, parcheggio, wifi, animazione, fitness)<\/p><table><tbody><tr><td width=\"132\"><h5><strong>CASA\/SHOT<\/strong><\/h5><div><strong>Le tende sono aperte durante la stagione estiva (26.4. - 30.9.).<\/strong><\/div><\/td><td width=\"94\"><h5><strong>NOLEGGIO GIORNALIERO PER<\/strong><\/h5><h5><strong>6 PERSONE\u00a0<\/strong><\/h5><\/td><td width=\"95\"><h5><strong>NOLEGGIO GIORNALIERO PER<\/strong><\/h5><h5><strong>4 PERSONE\u00a0<\/strong><\/h5><\/td><td width=\"85\"><h5><strong>NOLEGGIO GIORNALIERO PER\u00a0<\/strong><\/h5><h5><strong>2 PERSONE\u00a0<\/strong><\/h5><\/td><\/tr><tr><td width=\"132\"><p>TRA LE SETTIMANE<\/p><\/td><td width=\"94\"><p>209,00 EUR<\/p><\/td><td width=\"95\"><p>149,00 EUR<\/p><\/td><td width=\"85\"><p>79,00 EUR<\/p><\/td><\/tr><tr><td width=\"132\"><p>WEEKEND<\/p><\/td><td width=\"94\"><p>259,00 EUR<\/p><\/td><td width=\"95\"><p>179,00 EUR<\/p><\/td><td width=\"85\"><p>89,00 EUR<\/p><\/td><\/tr><\/tbody><\/table>\t\t\t\t\t\t\t\t<\/div>\n\t\t\t\t<\/div>\n\t\t\t\t\t<\/div>\n\t\t\t\t<\/div>\n\t\t\t\t<\/div>\n\t\t<div id=\"e-n-tab-content-715081052\" role=\"tabpanel\" aria-labelledby=\"e-n-tab-title-715081052\" data-tab-index=\"2\" style=\"--n-tabs-title-order: 2;\" class=\"elementor-element elementor-element-1d41b82 e-con-full e-flex e-con e-child\" data-id=\"1d41b82\" data-element_type=\"container\">\n\t\t<div class=\"elementor-element elementor-element-246f92d e-flex e-con-boxed e-con e-child\" data-id=\"246f92d\" data-element_type=\"container\" data-settings=\"{&quot;background_background&quot;:&quot;classic&quot;}\">\n\t\t\t\t\t<div class=\"e-con-inner\">\n\t\t\t\t<div class=\"elementor-element elementor-element-3e8c54f elementor-widget elementor-widget-text-editor\" data-id=\"3e8c54f\" data-element_type=\"widget\" data-widget_type=\"text-editor.default\">\n\t\t\t\t<div class=\"elementor-widget-container\">\n\t\t\t\t\t\t\t\t\t<p>Capanne e tende in affitto fuori dalle vacanze (con piscina, parcheggio, wifi, animazione, fitness)<\/p><table><tbody><tr><td width=\"132\"><h5><strong>CASA\/SHOT<\/strong><\/h5><div><strong>Le tende sono aperte durante la stagione estiva (26.4. - 30.9.).<\/strong><\/div><\/td><td width=\"94\"><h5><strong>NOLEGGIO GIORNALIERO PER<\/strong><\/h5><h5><strong>6 PERSONE\u00a0<\/strong><\/h5><\/td><td width=\"95\"><h5><strong>NOLEGGIO GIORNALIERO PER<\/strong><\/h5><h5><strong>4 PERSONE\u00a0<\/strong><\/h5><\/td><td width=\"85\"><h5><strong>NOLEGGIO GIORNALIERO PER\u00a0<\/strong><\/h5><h5><strong>2 PERSONE\u00a0<\/strong><\/h5><\/td><\/tr><tr><td width=\"132\"><p>TRA LE SETTIMANE<\/p><\/td><td width=\"94\"><p>229,00 EUR\u00a0<\/p><\/td><td width=\"95\"><p>169,00 EUR<\/p><\/td><td width=\"85\"><p>89,00 EUR<\/p><\/td><\/tr><tr><td width=\"132\"><p>WEEKEND<\/p><\/td><td width=\"94\"><p>279,00 EUR<\/p><\/td><td width=\"95\"><p>189,00 EUR<\/p><\/td><td width=\"85\"><p>99,00 EUR<\/p><\/td><\/tr><\/tbody><\/table>\t\t\t\t\t\t\t\t<\/div>\n\t\t\t\t<\/div>\n\t\t\t\t\t<\/div>\n\t\t\t\t<\/div>\n\t\t\t\t<\/div>\n\t\t\t\t\t<\/div>\n\t\t<\/div>\n\t\t\t\t\t\t<\/div>\n\t\t\t\t<\/div>\n\t\t\t\t<\/div>\n\t\t\t\t\t<\/div>\n\t\t\t\t<\/div>\n\t\t<div class=\"elementor-element elementor-element-586c476 e-con-full elementor-hidden-desktop elementor-hidden-tablet elementor-hidden-mobile e-flex e-con e-child\" data-id=\"586c476\" data-element_type=\"container\">\n\t\t\t\t<div class=\"elementor-element elementor-element-706c91c elementor-widget elementor-widget-heading\" data-id=\"706c91c\" data-element_type=\"widget\" data-widget_type=\"heading.default\">\n\t\t\t\t<div class=\"elementor-widget-container\">\n\t\t\t\t\t<h2 class=\"elementor-heading-title elementor-size-default\"><b>Capanne\/tende glamping in affitto<\/b><br><br>10.1. - 24.6.2026<\/h2>\t\t\t\t<\/div>\n\t\t\t\t<\/div>\n\t\t\t\t<div class=\"elementor-element elementor-element-766f6f4 elementor-widget elementor-widget-text-editor\" data-id=\"766f6f4\" data-element_type=\"widget\" data-widget_type=\"text-editor.default\">\n\t\t\t\t<div class=\"elementor-widget-container\">\n\t\t\t\t\t\t\t\t\t<p>Capanne e tende in affitto fuori dalle vacanze (con piscina, parcheggio, wifi, animazione, fitness)<\/p><table><tbody><tr><td width=\"132\"><h5><strong>CASA\/SHOT<\/strong><\/h5><div><strong>Le tende sono aperte durante la stagione estiva (26.4. - 30.9.).<\/strong><\/div><\/td><td width=\"94\"><h5><strong>NOLEGGIO GIORNALIERO PER<\/strong><\/h5><h5><strong>6 PERSONE in EUR<\/strong><\/h5><\/td><td width=\"95\"><h5><strong>NOLEGGIO GIORNALIERO PER<\/strong><\/h5><h5><strong>4 PERSONE in EUR<\/strong><\/h5><\/td><td width=\"85\"><h5><strong>NOLEGGIO GIORNALIERO PER\u00a0<\/strong><\/h5><h5><strong>2 PERSONE in EUR<\/strong><\/h5><\/td><\/tr><tr><td width=\"132\"><p>TRA LE SETTIMANE<\/p><\/td><td width=\"94\"><p>209,00\u00a0<\/p><\/td><td width=\"95\"><p>149,00<\/p><\/td><td width=\"85\"><p>79,00<\/p><\/td><\/tr><tr><td width=\"132\"><p>WEEKEND<\/p><\/td><td width=\"94\"><p>259,00<\/p><\/td><td width=\"95\"><p>179,00<\/p><\/td><td width=\"85\"><p>89,00<\/p><\/td><\/tr><\/tbody><\/table>\t\t\t\t\t\t\t\t<\/div>\n\t\t\t\t<\/div>\n\t\t\t\t<\/div>\n\t\t<div class=\"elementor-element elementor-element-4e67d4a e-flex e-con-boxed e-con e-parent\" data-id=\"4e67d4a\" data-element_type=\"container\" data-settings=\"{&quot;background_background&quot;:&quot;classic&quot;}\">\n\t\t\t\t\t<div class=\"e-con-inner\">\n\t\t<div class=\"elementor-element elementor-element-f1696d9 e-con-full e-flex e-con e-child\" data-id=\"f1696d9\" data-element_type=\"container\">\n\t\t\t\t<div class=\"elementor-element elementor-element-aac8c42 elementor-widget elementor-widget-heading\" data-id=\"aac8c42\" data-element_type=\"widget\" data-widget_type=\"heading.default\">\n\t\t\t\t<div class=\"elementor-widget-container\">\n\t\t\t\t\t<h2 class=\"elementor-heading-title elementor-size-default translation-block\">TUTTO SULLA <b>COMPAGNIA<\/b><\/h2>\t\t\t\t<\/div>\n\t\t\t\t<\/div>\n\t\t\t\t<div class=\"elementor-element elementor-element-3af12cc elementor-tabs-view-horizontal elementor-widget elementor-widget-tabs\" data-id=\"3af12cc\" data-element_type=\"widget\" data-widget_type=\"tabs.default\">\n\t\t\t\t<div class=\"elementor-widget-container\">\n\t\t\t\t\t\t\t<div class=\"elementor-tabs\">\n\t\t\t<div class=\"elementor-tabs-wrapper\" role=\"tablist\" >\n\t\t\t\t\t\t\t\t\t<div id=\"elementor-tab-title-6181\" class=\"elementor-tab-title elementor-tab-desktop-title\" aria-selected=\"true\" data-tab=\"1\" role=\"tab\" tabindex=\"0\" aria-controls=\"elementor-tab-content-6181\" aria-expanded=\"false\">+ IL PREZZO INCLUDE:<\/div>\n\t\t\t\t\t\t\t\t\t<div id=\"elementor-tab-title-6182\" class=\"elementor-tab-title elementor-tab-desktop-title\" aria-selected=\"false\" data-tab=\"2\" role=\"tab\" tabindex=\"-1\" aria-controls=\"elementor-tab-content-6182\" aria-expanded=\"false\">+ SUPPLEMENTI OBBLIGATORI:<\/div>\n\t\t\t\t\t\t\t\t\t<div id=\"elementor-tab-title-6183\" class=\"elementor-tab-title elementor-tab-desktop-title\" aria-selected=\"false\" data-tab=\"3\" role=\"tab\" tabindex=\"-1\" aria-controls=\"elementor-tab-content-6183\" aria-expanded=\"false\">+ EVENTUALI INTEGRAZIONI:<\/div>\n\t\t\t\t\t\t\t<\/div>\n\t\t\t<div class=\"elementor-tabs-content-wrapper\" role=\"tablist\" aria-orientation=\"vertical\">\n\t\t\t\t\t\t\t\t\t<div class=\"elementor-tab-title elementor-tab-mobile-title\" aria-selected=\"true\" data-tab=\"1\" role=\"tab\" tabindex=\"0\" aria-controls=\"elementor-tab-content-6181\" aria-expanded=\"false\">+ IL PREZZO INCLUDE:<\/div>\n\t\t\t\t\t<div id=\"elementor-tab-content-6181\" class=\"elementor-tab-content elementor-clearfix\" data-tab=\"1\" role=\"tabpanel\" aria-labelledby=\"elementor-tab-title-6181\" tabindex=\"0\" hidden=\"false\"><ul>\n<li>sistemazione in una casa\/tenda glamping,<\/li>\n<li>nuoto illimitato nelle piscine del parco termale (anche il giorno di arrivo e di partenza),<\/li>\n<li>accesso al centro fitness,<\/li>\n<li style=\"font-size: 16px;\">accesso al mondo delle saune una volta ogni due giorni (supplemento di 9,90 \u20ac a persona il giorno della partenza per l'utilizzo della sauna dopo le 15:00),<\/li>\n<li style=\"font-size: 16px;\">accappatoio,&nbsp;<\/li>\n<li>programma di animazione,<\/li>\n<li>Wi-Fi gratuito,<\/li>\n<li>Parcheggio coperto gratuito,<\/li>\n<li>30% sconto sui massaggi classici,&nbsp;<\/li>\n<li>Promuovere l'equilibrio, la coordinazione e il coordinamento sul percorso a piedi nudi,<\/li>\n<li>rafforzare l'energia della pace interiore e dell'armonia nei punti energetici,<\/li>\n<li>servizi per gli ospiti Bioterm presso fornitori locali,<\/li><li style=\"font-size: 16px;\">per gli ospiti del glamping un'esperienza di pesca gratuita: un'esperienza Catch and Release.<\/li>\n<\/ul><\/div>\n\t\t\t\t\t\t\t\t\t<div class=\"elementor-tab-title elementor-tab-mobile-title\" aria-selected=\"false\" data-tab=\"2\" role=\"tab\" tabindex=\"-1\" aria-controls=\"elementor-tab-content-6182\" aria-expanded=\"false\">+ SUPPLEMENTI OBBLIGATORI:<\/div>\n\t\t\t\t\t<div id=\"elementor-tab-content-6182\" class=\"elementor-tab-content elementor-clearfix\" data-tab=\"2\" role=\"tabpanel\" aria-labelledby=\"elementor-tab-title-6182\" tabindex=\"0\" hidden=\"hidden\"><ul><li>tassa di soggiorno: \u20ac 2,50 a persona a notte, bambini da 7 a 17,99 anni \u20ac 1,25 a notte,<\/li><li>quota d'iscrizione \u20ac 2,50 (dai 4 anni),<\/li><li>Villa glamping con vasca da bagno in terrazza \u20ac 12,00 a notte.<\/li><\/ul><\/div>\n\t\t\t\t\t\t\t\t\t<div class=\"elementor-tab-title elementor-tab-mobile-title\" aria-selected=\"false\" data-tab=\"3\" role=\"tab\" tabindex=\"-1\" aria-controls=\"elementor-tab-content-6183\" aria-expanded=\"false\">+ EVENTUALI INTEGRAZIONI:<\/div>\n\t\t\t\t\t<div id=\"elementor-tab-content-6183\" class=\"elementor-tab-content elementor-clearfix\" data-tab=\"3\" role=\"tabpanel\" aria-labelledby=\"elementor-tab-title-6183\" tabindex=\"0\" hidden=\"hidden\"><ul><li>Colazione \u20ac 15,00 a persona a notte,<\/li><li>pranzo \u20ac 18,00 a persona per notte,<\/li><li>Cena 20,00 a persona per notte,<\/li><li>garage: \u20ac 5,00 a notte,<\/li><li>Check-out tardivo fino alle 16:00 \u20ac 35,00 per unit\u00e0,<\/li><li>arrivo anticipato dalle 08:00, \u20ac 35,00 per unit\u00e0,<\/li><li>unit\u00e0 glamping pi\u00f9 grande \u20ac 12,00 a notte,<\/li><li>colazione servita nell'area glamping \u20ac 6,00 a persona,<\/li><li>Gli animali domestici fino a 15 kg pagano un supplemento di 20,00 \u20ac a notte (solo in alcune unit\u00e0 del glamping resort),<\/li><li>Accappatoio \u20ac 5,00 a persona,<\/li><li>degustazione di 4 vini di un produttore locale \u20ac 10,00 a persona,<\/li><li>Visita dell'alveare terapeutico con degustazione di prodotti \u20ac 8,00 a persona,<\/li><li>Sessioni di yoga di 45 minuti 3 volte a settimana, una visita \u20ac 10,00 a persona,<\/li><li>Noleggio bastoncini da nordic walking \u20ac 3,00 per utilizzo.<\/li><\/ul><\/div>\n\t\t\t\t\t\t\t<\/div>\n\t\t<\/div>\n\t\t\t\t\t\t<\/div>\n\t\t\t\t<\/div>\n\t\t\t\t<\/div>\n\t\t\t\t\t<\/div>\n\t\t\t\t<\/div>\n\t\t\t\t<section class=\"elementor-section elementor-top-section elementor-element elementor-element-8ac94bd elementor-section-height-min-height elementor-section-boxed elementor-section-height-default elementor-section-items-middle\" data-id=\"8ac94bd\" data-element_type=\"section\" data-settings=\"{&quot;background_background&quot;:&quot;classic&quot;}\">\n\t\t\t\t\t\t<div class=\"elementor-container elementor-column-gap-default\">\n\t\t\t\t\t<div class=\"elementor-column elementor-col-100 elementor-top-column elementor-element elementor-element-d07faa0\" data-id=\"d07faa0\" data-element_type=\"column\">\n\t\t\t<div class=\"elementor-widget-wrap elementor-element-populated\">\n\t\t\t\t\t\t<div class=\"elementor-element elementor-element-99d8098 elementor-widget elementor-widget-heading\" data-id=\"99d8098\" data-element_type=\"widget\" data-widget_type=\"heading.default\">\n\t\t\t\t<div class=\"elementor-widget-container\">\n\t\t\t\t\t<h2 class=\"elementor-heading-title elementor-size-default translation-block\">Controllare<br><b>tutti i pacchetti!<\/b><\/h2>\t\t\t\t<\/div>\n\t\t\t\t<\/div>\n\t\t\t\t<div class=\"elementor-element elementor-element-b59627f elementor-align-right elementor-widget elementor-widget-button\" data-id=\"b59627f\" data-element_type=\"widget\" data-widget_type=\"button.default\">\n\t\t\t\t<div class=\"elementor-widget-container\">\n\t\t\t\t\t\t\t\t\t<div class=\"elementor-button-wrapper\">\n\t\t\t\t\t<a class=\"elementor-button elementor-button-link elementor-size-sm\" href=\"https:\/\/bioterme.si\/it\/paketi\/\">\n\t\t\t\t\t\t<span class=\"elementor-button-content-wrapper\">\n\t\t\t\t\t\t<span class=\"elementor-button-icon\">\n\t\t\t\t<i aria-hidden=\"true\" class=\"fas fa-angle-right\"><\/i>\t\t\t<\/span>\n\t\t\t\t\t\t\t\t\t<span class=\"elementor-button-text\">Controllo<\/span>\n\t\t\t\t\t<\/span>\n\t\t\t\t\t<\/a>\n\t\t\t\t<\/div>\n\t\t\t\t\t\t\t\t<\/div>\n\t\t\t\t<\/div>\n\t\t\t\t\t<\/div>\n\t\t<\/div>\n\t\t\t\t\t<\/div>\n\t\t<\/section>\n\t\t\t\t<section class=\"elementor-section elementor-top-section elementor-element elementor-element-e880c7c elementor-section-boxed elementor-section-height-default elementor-section-height-default\" data-id=\"e880c7c\" data-element_type=\"section\" data-settings=\"{&quot;background_background&quot;:&quot;classic&quot;}\">\n\t\t\t\t\t\t<div class=\"elementor-container elementor-column-gap-default\">\n\t\t\t\t\t<div class=\"elementor-column elementor-col-100 elementor-top-column elementor-element elementor-element-e26e0c5\" data-id=\"e26e0c5\" data-element_type=\"column\">\n\t\t\t<div class=\"elementor-widget-wrap elementor-element-populated\">\n\t\t\t\t\t\t<div class=\"elementor-element elementor-element-d0e811b elementor-widget elementor-widget-text-editor\" data-id=\"d0e811b\" data-element_type=\"widget\" data-widget_type=\"text-editor.default\">\n\t\t\t\t<div class=\"elementor-widget-container\">\n\t\t\t\t\t\t\t\t\t<p><strong>INFORMAZIONI DI CONTATTO:<\/strong><\/p>\n<p>BIOTERME Mala Nedelja, Moravci v Slovenskih goricah 34b, SI - 9243 Mala Nedelja<\/p>\n<p><strong>T: +386 2 56 52 000; E: <a href=\"mailto:booking@bioterme.si\">booking@bioterme.si<\/a><\/strong><br><strong>www.bioterme.si<\/strong><\/p>\t\t\t\t\t\t\t\t<\/div>\n\t\t\t\t<\/div>\n\t\t\t\t\t<\/div>\n\t\t<\/div>\n\t\t\t\t\t<\/div>\n\t\t<\/section>\n\t\t\t\t<\/div>","protected":false},"excerpt":{"rendered":"<p>Glamping hi\u0161ke in \u0161otori Najem Glamping hi\u0161k \/ \u0161otorov 13.1. &#8211; 24.6.2026 24.6. &#8211; 30.8.2026 Najem hi\u0161k in \u0161otorov izven praznikov in po\u010ditnic (s kopanjem, parkiri\u0161\u010dem, wifi, animacijo, fitnes) HI\u0160KA\/\u0160OTOR \u0160otori so odprti v poletni sezoni (26.4. &#8211; 30.9.). DNEVNI NAJEM ZA 6 OSEB\u00a0 DNEVNI NAJEM ZA 4 OSEBE\u00a0 DNEVNI NAJEM ZA\u00a0 2 OSEBI\u00a0 MED [&hellip;]<\/p>","protected":false},"author":9,"featured_media":0,"parent":0,"menu_order":0,"comment_status":"closed","ping_status":"closed","template":"","meta":{"footnotes":""},"class_list":["post-8519","page","type-page","status-publish","hentry"],"_links":{"self":[{"href":"https:\/\/bioterme.si\/it\/wp-json\/wp\/v2\/pages\/8519","targetHints":{"allow":["GET"]}}],"collection":[{"href":"https:\/\/bioterme.si\/it\/wp-json\/wp\/v2\/pages"}],"about":[{"href":"https:\/\/bioterme.si\/it\/wp-json\/wp\/v2\/types\/page"}],"author":[{"embeddable":true,"href":"https:\/\/bioterme.si\/it\/wp-json\/wp\/v2\/users\/9"}],"replies":[{"embeddable":true,"href":"https:\/\/bioterme.si\/it\/wp-json\/wp\/v2\/comments?post=8519"}],"version-history":[{"count":37,"href":"https:\/\/bioterme.si\/it\/wp-json\/wp\/v2\/pages\/8519\/revisions"}],"predecessor-version":[{"id":10802,"href":"https:\/\/bioterme.si\/it\/wp-json\/wp\/v2\/pages\/8519\/revisions\/10802"}],"wp:attachment":[{"href":"https:\/\/bioterme.si\/it\/wp-json\/wp\/v2\/media?parent=8519"}],"curies":[{"name":"wp","href":"https:\/\/api.w.org\/{rel}","templated":true}]}}