{"id":3252,"date":"2023-05-02T15:17:02","date_gmt":"2023-05-02T15:17:02","guid":{"rendered":"https:\/\/bioterme.si\/?page_id=3252"},"modified":"2023-05-02T15:39:24","modified_gmt":"2023-05-02T15:39:24","slug":"obvestilo-o-video-nadzoru","status":"publish","type":"page","link":"https:\/\/bioterme.si\/sl\/obvestilo-o-video-nadzoru\/","title":{"rendered":"Obvestilo o video nadzoru"},"content":{"rendered":"\t\t<div data-elementor-type=\"wp-page\" data-elementor-id=\"3252\" class=\"elementor elementor-3252\" data-elementor-post-type=\"page\">\n\t\t\t\t\t\t<section class=\"elementor-section elementor-top-section elementor-element elementor-element-52e53a2d elementor-section-height-min-height elementor-section-boxed elementor-section-height-default elementor-section-items-middle\" data-id=\"52e53a2d\" data-element_type=\"section\" data-settings=\"{&quot;background_background&quot;:&quot;classic&quot;}\">\n\t\t\t\t\t\t<div class=\"elementor-container elementor-column-gap-default\">\n\t\t\t\t\t<div class=\"elementor-column elementor-col-100 elementor-top-column elementor-element elementor-element-a95677c\" data-id=\"a95677c\" data-element_type=\"column\">\n\t\t\t<div class=\"elementor-widget-wrap\">\n\t\t\t\t\t\t\t<\/div>\n\t\t<\/div>\n\t\t\t\t\t<\/div>\n\t\t<\/section>\n\t\t\t\t<section class=\"elementor-section elementor-top-section elementor-element elementor-element-636cb794 elementor-section-height-min-height elementor-section-boxed elementor-section-height-default elementor-section-items-middle\" data-id=\"636cb794\" data-element_type=\"section\" data-settings=\"{&quot;background_background&quot;:&quot;classic&quot;}\">\n\t\t\t\t\t\t<div class=\"elementor-container elementor-column-gap-default\">\n\t\t\t\t\t<div class=\"elementor-column elementor-col-100 elementor-top-column elementor-element elementor-element-54a4b8fc\" data-id=\"54a4b8fc\" data-element_type=\"column\">\n\t\t\t<div class=\"elementor-widget-wrap elementor-element-populated\">\n\t\t\t\t\t\t<div class=\"elementor-element elementor-element-5e0c0a25 elementor-widget elementor-widget-heading\" data-id=\"5e0c0a25\" data-element_type=\"widget\" data-widget_type=\"heading.default\">\n\t\t\t\t<div class=\"elementor-widget-container\">\n\t\t\t\t\t<h2 class=\"elementor-heading-title elementor-size-default\">Obvestilo o video nadzoru<\/h2>\t\t\t\t<\/div>\n\t\t\t\t<\/div>\n\t\t\t\t<div class=\"elementor-element elementor-element-560aa82 elementor-widget elementor-widget-text-editor\" data-id=\"560aa82\" data-element_type=\"widget\" data-widget_type=\"text-editor.default\">\n\t\t\t\t<div class=\"elementor-widget-container\">\n\t\t\t\t\t\t\t\t\t<p><b>OBVESTILO O VIDEO NADZORU v Segrap, d.o.o., Glavni trg 13, Ljutomer<\/b><\/p><p><span style=\"font-weight: 400;\">Obvestilo vsebuje osnovne informacije o sistemu video nadzora Segrap d.o.o. in se uporablja v informativne namene. Konkretneje je video nadzor urejen z Globalnim SOP za video nadzor in Pravilnikom o video nadzoru.<\/span><\/p><h3><b>1. Upravljavec zbirke podatkov<\/b><\/h3><p><span style=\"font-weight: 400;\">Upravljavec zbirke podatkov je Segrap d.o.o. Kontaktni podatki so navedeni spodaj v tem dokumentu.<\/span><\/p><h3><b>2. Kratki opis pokritosti sistema video nadzora<\/b><\/h3><p><span style=\"font-weight: 400;\">Lokacije kamer in koti snemanja so odrejeni na osnovi analize nevarnosti in so kamere postavljene samo na najbolj pomembnih mestih v zgradbah in zven njih, kot so vhodi v objekte, stranski vhodi v objekte in pomembnej\u0161ih conah (tehni\u010dni del), ki zahtevajo dodatno varovanje.<\/span><\/p><h3><b>3. Pravni temelj za video nadzor<\/b><\/h3><p><span style=\"font-weight: 400;\">Uporaba na\u0161ega video nadzora je nujna za upravljanje in vodenje poslovne dejavnosti (za za\u0161\u010dito, varnost in kontrolo pristopov), kot je ugotovljeno v odlo\u010ditvi o uvedbi sistema video nadzora in imenovanju poobla\u0161\u010denega delavca za video nadzor z dne 6.3.2023.\u00a0<\/span><\/p><p><span style=\"font-weight: 400;\">Skladno s Splo\u0161no uredbo o varstvu podatkov (Uredba EU 2016\/679 Evropskega parlamenta in Sveta z dne 27. aprila 2016 o varstvu posameznikov pri obdelavi osebnih podatkov in o prostem pretoku takih podatkov ter o razveljavitvi Direktive 95\/46\/ES, se video nadzor sme izvajati samo z namenom, ki je nujen in utemeljen za za\u0161\u010dito oseb in premo\u017eenja, \u010de ne prevladajo interesi snemane osebe, ki so v nasprotju z obdelavo podatkov.<\/span><\/p><p><span style=\"font-weight: 400;\">Z vsem zgoraj navedenim ima Segrap d.o.o. zakonski temelj in jasne postopke za svoj sistem video nadzora.<\/span><\/p><h3><b>4. Zbrani podatki in namen video nadzora<\/b><\/h3><p><b>Zbrani podatki: <\/b><span style=\"font-weight: 400;\">posneti materiali (digitalni posnetki z zabele\u017eenim \u010dasom, datumom in lokacijo).<\/span><\/p><p><b>Namen:<\/b><span style=\"font-weight: 400;\"> Segrap d.o.o. upravlja s sistemom video nadzora z namenom zavarovanja: varnosti, za\u0161\u010dite in nadzora poslovnih zgradb in prostorov ter za\u0161\u010dita in varnost zaposlenih, obiskovalcev, premo\u017eenja, arhiva in dokumentov, ki se nahajajo ali so shranjeni v prostorih Segrap d.o.o. Namen sistema je tudi prepre\u010devanje in obvladovanje incidentov in isto\u010dasno prepre\u010devanje njihovih pojavov. S pomo\u010djo sistema se, \u010de je to potrebno, omogo\u010da zbiranje potrebnih elementov za izvedbo preiskav o ekscesih ter analizo mo\u017enih nevarnosti.\u00a0<\/span><\/p><p><b>Omejevanje namena:<\/b><span style=\"font-weight: 400;\"> Segrap ne nadzira obmo\u010dja zaradi vdora v zasebnost. Nadzor je omejen na najmanj\u0161i mogo\u010d obseg. Sistem se ne uporablja za nadziranje dela zaposlenih ali prisotnosti. Sistem se tudi ne uporablja kot orodje za preiskovanje ali prisilnih postopkih razen, \u010de gre za varnostni incident ali kaznivo dejanje.\u00a0<\/span><\/p><h3><b>5.\u00a0 Kdo ima pristop k posnetkom video nadzora, komu smejo biti pokazani<\/b><\/h3><p><b>Kdo ima dostop do podatkov: <\/b><span style=\"font-weight: 400;\">Direktor Segrap-a Miran Blagovi\u010d, pomo\u010dnik direktorja Nenad Blagovi\u010d in tehni\u010dni direktor Janez Ro\u017emarin.<\/span><\/p><p><b>Vpogled in prenos podatkov:<\/b><span style=\"font-weight: 400;\"> Informacije, zbrane v okviru video-nadzornega sistema, se lahko posredujejo varnostnim, pravosodnim organom in organom pregona Republike Slovenije za namene preiskav ali pregona kaznivih dejanj. Vsi prenosi in razkritja izven podjetja Segrap d.o.o. so dokumentirani in predmet stroge ocene nujnosti takega prenosa.<\/span><\/p><h3><b>6. Kako se podatki varujejo in hranijo<\/b><\/h3><p><span style=\"font-weight: 400;\">Nenehno se uvajajo tehni\u010dni in fizi\u010dni ukrepi z namenom jamstva varnosti sistema in varovanja podatkov. Pristop posnetkom video nadzora in\/ali tehni\u010dni strukturi sistema je omejen na poobla\u0161\u010dene osebe, le-tem pa je dovoljen pristop v skladu z njihovimi pooblastili.\u00a0<\/span><\/p><h3><b>7. Kako dolgo se posnetki hranijo\u00a0<\/b><\/h3><p><span style=\"font-weight: 400;\">Posneti materiali se hranijo najve\u010d 3 mesece. \u010ce je posnetek potrebno hraniti zaradi nadaljnje preiskave ali kot dokaz nekega varnostnega incidenta, se lahko hrani dokler traja preiskava, vendar najve\u010d deset let.<\/span><\/p><h3><b>8. Kako osebe katerih podatki se obdelujejo lahko preverijo obdelavo njihovih podatkov ali zahtevajo izbris svojih podatkov ali vlo\u017eijo prito\u017ebo<\/b><\/h3><p><span style=\"font-weight: 400;\">Vsa vpra\u0161anja o sistemu video nadzora in obdelavi osebnih podatkov se lahko po\u0161ljejo Segrap, d.o.o. Ob\u010dani imajo pravico vpogleda svojih osebnih podatkov ter pravico popraviti svoje osebne podatke in dopolniti pod dolo\u010denimi pogoji navedenimi v zakonu o varstvu osebnih podatkov in Pravilniku o video nadzoru. Vsaka zahteva za vpogled, popravek, blokiranje in\/ali izbris osebnih podatkov je potrebno poslati na naslov:\u00a0<\/span><\/p><p><span style=\"font-weight: 400;\">Segrap, d.o.o.<\/span><\/p><p><span style=\"font-weight: 400;\">Glavni trg 13<\/span><\/p><p><span style=\"font-weight: 400;\">9240 Ljutomer<\/span><\/p><p><span style=\"font-weight: 400;\">Naslov e-po\u0161te:\u00a0<\/span><a href=\"mailto:info@segrap.si\"><span style=\"font-weight: 400;\">info@segrap.si<\/span><\/a><span style=\"font-weight: 400;\">\u00a0<\/span><\/p><p><span style=\"font-weight: 400;\">Tel.+386 2 585 1700<\/span><\/p><p><span style=\"font-weight: 400;\">Vsak posameznik ima pravico vlo\u017eiti prito\u017ebo pri Informacijskem poobla\u0161\u010dencu R Slovenije na E mail : <\/span><a href=\"mailto:gp.@ip-rs.si\"><span style=\"font-weight: 400;\">gp.@ip-rs.si<\/span><\/a><span style=\"font-weight: 400;\">., \u010de smatra, da mu je pri obdelavi osebnih podatkov Segrap d.o.o. kr\u0161il njegove pravice iz Splo\u0161ne uredbe o varstvu osebnih podatkov\u00a0 in Zakon o varstvu osebnih podatkov.\u00a0<\/span><\/p><p><span style=\"font-weight: 400;\">Pred vlo\u017eitvijo prito\u017ebe vsem svetujemo, da se najprej obrnejo na Segrap d.o.o. (kontaktni podatki so navedeni zgoraj).\u00a0<\/span><\/p><p>\u00a0<\/p><p><span style=\"font-weight: 400;\">Ljutomer, 6.3.2023<\/span><\/p>\t\t\t\t\t\t\t\t<\/div>\n\t\t\t\t<\/div>\n\t\t\t\t<section class=\"elementor-section elementor-inner-section elementor-element elementor-element-7d866df0 elementor-section-full_width elementor-section-height-default elementor-section-height-default\" data-id=\"7d866df0\" data-element_type=\"section\">\n\t\t\t\t\t\t<div class=\"elementor-container elementor-column-gap-default\">\n\t\t\t\t\t<div class=\"elementor-column elementor-col-50 elementor-inner-column elementor-element elementor-element-30aca054\" data-id=\"30aca054\" data-element_type=\"column\">\n\t\t\t<div class=\"elementor-widget-wrap\">\n\t\t\t\t\t\t\t<\/div>\n\t\t<\/div>\n\t\t\t\t<div class=\"elementor-column elementor-col-50 elementor-inner-column elementor-element elementor-element-11bce2a5\" data-id=\"11bce2a5\" data-element_type=\"column\">\n\t\t\t<div class=\"elementor-widget-wrap elementor-element-populated\">\n\t\t\t\t\t\t<div class=\"elementor-element elementor-element-e3673c4 elementor-widget elementor-widget-text-editor\" data-id=\"e3673c4\" data-element_type=\"widget\" data-widget_type=\"text-editor.default\">\n\t\t\t\t<div class=\"elementor-widget-container\">\n\t\t\t\t\t\t\t\t\t<p>Segrap d. o. o., Ljutomer<br \/>Direktor: Miran Blagovi\u010d<\/p>\t\t\t\t\t\t\t\t<\/div>\n\t\t\t\t<\/div>\n\t\t\t\t\t<\/div>\n\t\t<\/div>\n\t\t\t\t\t<\/div>\n\t\t<\/section>\n\t\t\t\t\t<\/div>\n\t\t<\/div>\n\t\t\t\t\t<\/div>\n\t\t<\/section>\n\t\t\t\t<\/div>\n\t\t","protected":false},"excerpt":{"rendered":"<p>Obvestilo o video nadzoru OBVESTILO O VIDEO NADZORU v Segrap, d.o.o., Glavni trg 13, Ljutomer Obvestilo vsebuje osnovne informacije o sistemu video nadzora Segrap d.o.o. in se uporablja v informativne namene. Konkretneje je video nadzor urejen z Globalnim SOP za video nadzor in Pravilnikom o video nadzoru. 1. Upravljavec zbirke podatkov Upravljavec zbirke podatkov je [&hellip;]<\/p>\n","protected":false},"author":1,"featured_media":0,"parent":0,"menu_order":0,"comment_status":"closed","ping_status":"closed","template":"elementor_header_footer","meta":{"footnotes":""},"class_list":["post-3252","page","type-page","status-publish","hentry"],"_links":{"self":[{"href":"https:\/\/bioterme.si\/sl\/wp-json\/wp\/v2\/pages\/3252","targetHints":{"allow":["GET"]}}],"collection":[{"href":"https:\/\/bioterme.si\/sl\/wp-json\/wp\/v2\/pages"}],"about":[{"href":"https:\/\/bioterme.si\/sl\/wp-json\/wp\/v2\/types\/page"}],"author":[{"embeddable":true,"href":"https:\/\/bioterme.si\/sl\/wp-json\/wp\/v2\/users\/1"}],"replies":[{"embeddable":true,"href":"https:\/\/bioterme.si\/sl\/wp-json\/wp\/v2\/comments?post=3252"}],"version-history":[{"count":7,"href":"https:\/\/bioterme.si\/sl\/wp-json\/wp\/v2\/pages\/3252\/revisions"}],"predecessor-version":[{"id":3263,"href":"https:\/\/bioterme.si\/sl\/wp-json\/wp\/v2\/pages\/3252\/revisions\/3263"}],"wp:attachment":[{"href":"https:\/\/bioterme.si\/sl\/wp-json\/wp\/v2\/media?parent=3252"}],"curies":[{"name":"wp","href":"https:\/\/api.w.org\/{rel}","templated":true}]}}