{"id":6775,"date":"2025-03-20T09:34:00","date_gmt":"2025-03-20T09:34:00","guid":{"rendered":"https:\/\/bioterme.si\/?page_id=6775"},"modified":"2025-04-15T10:39:43","modified_gmt":"2025-04-15T10:39:43","slug":"delujemo-okolju-prijazno","status":"publish","type":"page","link":"https:\/\/bioterme.si\/sl\/delujemo-okolju-prijazno\/","title":{"rendered":"Delujemo okolju prijazno"},"content":{"rendered":"\t\t<div data-elementor-type=\"wp-page\" data-elementor-id=\"6775\" class=\"elementor elementor-6775\" data-elementor-post-type=\"page\">\n\t\t\t\t<div class=\"elementor-element elementor-element-4c4be41 e-flex e-con-boxed e-con e-parent\" data-id=\"4c4be41\" data-element_type=\"container\" data-settings=\"{&quot;background_background&quot;:&quot;classic&quot;}\">\n\t\t\t\t\t<div class=\"e-con-inner\">\n\t\t<div class=\"elementor-element elementor-element-53f8588 e-con-full e-flex e-con e-child\" data-id=\"53f8588\" data-element_type=\"container\">\n\t\t\t\t<div class=\"elementor-element elementor-element-9176191 elementor-widget elementor-widget-heading\" data-id=\"9176191\" data-element_type=\"widget\" data-widget_type=\"heading.default\">\n\t\t\t\t<div class=\"elementor-widget-container\">\n\t\t\t\t\t<h2 class=\"elementor-heading-title elementor-size-default\"><b>Delujemo okolju prijazno<\/b><\/h2>\t\t\t\t<\/div>\n\t\t\t\t<\/div>\n\t\t\t\t<\/div>\n\t\t\t\t\t<\/div>\n\t\t\t\t<\/div>\n\t\t\t\t<section class=\"elementor-section elementor-top-section elementor-element elementor-element-3347674 elementor-section-height-min-height elementor-section-boxed elementor-section-height-default elementor-section-items-middle\" data-id=\"3347674\" data-element_type=\"section\" data-settings=\"{&quot;background_background&quot;:&quot;classic&quot;}\">\n\t\t\t\t\t\t<div class=\"elementor-container elementor-column-gap-default\">\n\t\t\t\t\t<div class=\"elementor-column elementor-col-100 elementor-top-column elementor-element elementor-element-063e9e0\" data-id=\"063e9e0\" data-element_type=\"column\">\n\t\t\t<div class=\"elementor-widget-wrap elementor-element-populated\">\n\t\t\t\t\t\t<div class=\"elementor-element elementor-element-c4bc09e elementor-widget-divider--view-line elementor-widget elementor-widget-divider\" data-id=\"c4bc09e\" data-element_type=\"widget\" data-widget_type=\"divider.default\">\n\t\t\t\t<div class=\"elementor-widget-container\">\n\t\t\t\t\t\t\t<div class=\"elementor-divider\">\n\t\t\t<span class=\"elementor-divider-separator\">\n\t\t\t\t\t\t<\/span>\n\t\t<\/div>\n\t\t\t\t\t\t<\/div>\n\t\t\t\t<\/div>\n\t\t\t\t<div class=\"elementor-element elementor-element-d72cbc2 elementor-widget elementor-widget-heading\" data-id=\"d72cbc2\" data-element_type=\"widget\" data-widget_type=\"heading.default\">\n\t\t\t\t<div class=\"elementor-widget-container\">\n\t\t\t\t\t<h2 class=\"elementor-heading-title elementor-size-default\">Na\u0161a zaveza <b>trajnostnemu turizmu<\/b><\/h2>\t\t\t\t<\/div>\n\t\t\t\t<\/div>\n\t\t\t\t<div class=\"elementor-element elementor-element-33dbc64 elementor-widget elementor-widget-text-editor\" data-id=\"33dbc64\" data-element_type=\"widget\" data-widget_type=\"text-editor.default\">\n\t\t\t\t<div class=\"elementor-widget-container\">\n\t\t\t\t\t\t\t\t\t<p>Naravna dedi\u0161\u010dina okolja nam daje prilo\u017enost slediti usmeritvam in trendom trajnostnega turizma, katerim\u00a0 se Bioterme mo\u010dno zavezujemo pri svojem poslovanju &#8211; s prizadevanji ohraniti naravo v dobri formi tudi za naslednje generacije.<\/p><p>V hotelu Bioterme spo\u0161tovanje le te izkazujemo s pridobitvijo znaka za okolje Ecolabel flower oz. <strong>Eko marjetica <\/strong>in znakom <strong>Slovenia Green Accommodation<\/strong>, pridobljenim v skladu z Zeleno shemo slovenskega turizma. Enaki zgodbi sledimo tudi v glamping naselju Son\u010dna dolina. Oba znaka predstavljata prednost na\u0161ega poslovanja in sta odraz tega, da je turisti\u010dni kompleks zgrajen z okolju in \u010dloveku prijaznimi materiali, in da na tak\u0161en na\u010din tudi poslujemo.<\/p><p>Poglavitno poslanstvo Eko marjetice je var\u010devanje z vsemi viri (elektrika, voda, energija za gretje in hlajenje, \u010distila, papir\u2026), ponovna uporaba \u010dim ve\u010d izdelkov (pri nas ali da komu podarimo) in njihova predelava.<\/p>\t\t\t\t\t\t\t\t<\/div>\n\t\t\t\t<\/div>\n\t\t\t\t\t<\/div>\n\t\t<\/div>\n\t\t\t\t\t<\/div>\n\t\t<\/section>\n\t\t<div class=\"elementor-element elementor-element-dd8eef6 e-flex e-con-boxed e-con e-parent\" data-id=\"dd8eef6\" data-element_type=\"container\" data-settings=\"{&quot;background_background&quot;:&quot;classic&quot;}\">\n\t\t\t\t\t<div class=\"e-con-inner\">\n\t\t<div class=\"elementor-element elementor-element-d864696 e-con-full e-flex e-con e-child\" data-id=\"d864696\" data-element_type=\"container\">\n\t\t\t\t<div class=\"elementor-element elementor-element-668110c elementor-widget elementor-widget-image\" data-id=\"668110c\" data-element_type=\"widget\" data-widget_type=\"image.default\">\n\t\t\t\t<div class=\"elementor-widget-container\">\n\t\t\t\t\t\t\t\t\t\t\t\t\t\t\t<img fetchpriority=\"high\" decoding=\"async\" width=\"800\" height=\"640\" src=\"https:\/\/bioterme.si\/wp-content\/uploads\/2025\/03\/2148884835-1024x819.jpg\" class=\"attachment-large size-large wp-image-6777\" alt=\"\" srcset=\"https:\/\/bioterme.si\/wp-content\/uploads\/2025\/03\/2148884835-1024x819.jpg 1024w, https:\/\/bioterme.si\/wp-content\/uploads\/2025\/03\/2148884835-300x240.jpg 300w, https:\/\/bioterme.si\/wp-content\/uploads\/2025\/03\/2148884835-768x614.jpg 768w, https:\/\/bioterme.si\/wp-content\/uploads\/2025\/03\/2148884835-15x12.jpg 15w, https:\/\/bioterme.si\/wp-content\/uploads\/2025\/03\/2148884835.jpg 1500w\" sizes=\"(max-width: 800px) 100vw, 800px\" \/>\t\t\t\t\t\t\t\t\t\t\t\t\t\t\t<\/div>\n\t\t\t\t<\/div>\n\t\t\t\t<\/div>\n\t\t<div class=\"elementor-element elementor-element-04b6757 e-con-full e-flex e-con e-child\" data-id=\"04b6757\" data-element_type=\"container\">\n\t\t\t\t<div class=\"elementor-element elementor-element-a1cc378 elementor-widget-divider--view-line elementor-widget elementor-widget-divider\" data-id=\"a1cc378\" data-element_type=\"widget\" data-widget_type=\"divider.default\">\n\t\t\t\t<div class=\"elementor-widget-container\">\n\t\t\t\t\t\t\t<div class=\"elementor-divider\">\n\t\t\t<span class=\"elementor-divider-separator\">\n\t\t\t\t\t\t<\/span>\n\t\t<\/div>\n\t\t\t\t\t\t<\/div>\n\t\t\t\t<\/div>\n\t\t\t\t<div class=\"elementor-element elementor-element-67e3ff8 elementor-widget elementor-widget-heading\" data-id=\"67e3ff8\" data-element_type=\"widget\" data-widget_type=\"heading.default\">\n\t\t\t\t<div class=\"elementor-widget-container\">\n\t\t\t\t\t<h2 class=\"elementor-heading-title elementor-size-default\">Na\u0161a praksa <b>trajnostnega bivanja<\/b><\/h2>\t\t\t\t<\/div>\n\t\t\t\t<\/div>\n\t\t\t\t<div class=\"elementor-element elementor-element-b79ec94 elementor-widget elementor-widget-text-editor\" data-id=\"b79ec94\" data-element_type=\"widget\" data-widget_type=\"text-editor.default\">\n\t\t\t\t<div class=\"elementor-widget-container\">\n\t\t\t\t\t\t\t\t\t<p>Na\u0161i poglavitni ukrepi za bolj zdravo in okolju prijazno bivanje:<\/p>\n<ul>\n<li>vse hotelske sobe so opremljene z naravnimi materiali; les je povoskana in stene pobarvane z bio-barvami,<\/li>\n<li>termalna voda se uporablja tudi za ogrevanje hotela,<\/li>\n<li>slabo tretjino potrebne elektri\u010dne energije proizvedemo z lastnimi son\u010dnimi celicami,<\/li>\n<li>tloris hotela omogo\u010da v ve\u010dji meri dnevno osvetlitev z naravno svetlobo in s tem vzpodbuja var\u010devanje z elektri\u010dno energijo,<\/li>\n<li>vzpodbujamo sodelovanje z lokalnimi pridelovalci,<\/li>\n<li><span style=\"background-color: transparent; color: var( --e-global-color-primary );\">uporabljamo \u010distila na naravni osnovi,<\/span><\/li>\n<li>vsi hotelski odpadki so obdelani v lastni stiskalnici odpadkov,<\/li>\n<li>lastna \u010distilna naprava pa pripravi odpadno vodo iz bazenov za splakovanje toalet.<\/li>\n<\/ul>\t\t\t\t\t\t\t\t<\/div>\n\t\t\t\t<\/div>\n\t\t\t\t<\/div>\n\t\t\t\t\t<\/div>\n\t\t\t\t<\/div>\n\t\t<div class=\"elementor-element elementor-element-29944b9 e-flex e-con-boxed e-con e-parent\" data-id=\"29944b9\" data-element_type=\"container\" data-settings=\"{&quot;background_background&quot;:&quot;classic&quot;}\">\n\t\t\t\t\t<div class=\"e-con-inner\">\n\t\t<div class=\"elementor-element elementor-element-89a1541 e-con-full e-flex e-con e-child\" data-id=\"89a1541\" data-element_type=\"container\">\n\t\t\t\t<div class=\"elementor-element elementor-element-c41abec elementor-widget-divider--view-line elementor-widget elementor-widget-divider\" data-id=\"c41abec\" data-element_type=\"widget\" data-widget_type=\"divider.default\">\n\t\t\t\t<div class=\"elementor-widget-container\">\n\t\t\t\t\t\t\t<div class=\"elementor-divider\">\n\t\t\t<span class=\"elementor-divider-separator\">\n\t\t\t\t\t\t<\/span>\n\t\t<\/div>\n\t\t\t\t\t\t<\/div>\n\t\t\t\t<\/div>\n\t\t\t\t<div class=\"elementor-element elementor-element-161730b elementor-widget elementor-widget-heading\" data-id=\"161730b\" data-element_type=\"widget\" data-widget_type=\"heading.default\">\n\t\t\t\t<div class=\"elementor-widget-container\">\n\t\t\t\t\t<h2 class=\"elementor-heading-title elementor-size-default\"><b>Trajnost <\/b>\u2013 vrednota vseh nas<\/h2>\t\t\t\t<\/div>\n\t\t\t\t<\/div>\n\t\t\t\t<div class=\"elementor-element elementor-element-107d138 elementor-widget elementor-widget-text-editor\" data-id=\"107d138\" data-element_type=\"widget\" data-widget_type=\"text-editor.default\">\n\t\t\t\t<div class=\"elementor-widget-container\">\n\t\t\t\t\t\t\t\t\t<p>Z obema znakoma smo se poistovetili tudi zaposleni, zato vsakega zaposlenega o trajnostnem poslovanju skrbno pou\u010dimo in pri\u010dakujemo, da zaposleni pri izvajanju ukrepov aktivno sodelujejo.<\/p><p>Na\u0161a bistvena naloga je dajati v navedenih ukrepih gostom vzor in jih vzpodbujati k okolju prijaznemu vedenju, zato smo zelo veseli, \u010de gostje med \u010dasom bivanje navedena poslanstva tudi sami upo\u0161tevajo. \u0160e bolj veseli smo, \u010de na\u010din trajnostnega delovanja prenesejo v svoje vsakdanje \u017eivljenje.<\/p><p>Na\u0161a naloga je tudi zbirati predloge, kako na\u010din trajnostnega poslovanja \u0161e izbolj\u0161ati, zato smo vsakega predloga \u0161e kako veseli.<\/p>\t\t\t\t\t\t\t\t<\/div>\n\t\t\t\t<\/div>\n\t\t\t\t<\/div>\n\t\t<div class=\"elementor-element elementor-element-0ef2489 e-con-full e-flex e-con e-child\" data-id=\"0ef2489\" data-element_type=\"container\">\n\t\t\t\t<div class=\"elementor-element elementor-element-ba5eb3c elementor-widget elementor-widget-image\" data-id=\"ba5eb3c\" data-element_type=\"widget\" data-widget_type=\"image.default\">\n\t\t\t\t<div class=\"elementor-widget-container\">\n\t\t\t\t\t\t\t\t\t\t\t\t\t\t\t<img decoding=\"async\" width=\"800\" height=\"534\" src=\"https:\/\/bioterme.si\/wp-content\/uploads\/2025\/03\/15276-1024x683.jpg\" class=\"attachment-large size-large wp-image-6792\" alt=\"\" srcset=\"https:\/\/bioterme.si\/wp-content\/uploads\/2025\/03\/15276-1024x683.jpg 1024w, https:\/\/bioterme.si\/wp-content\/uploads\/2025\/03\/15276-300x200.jpg 300w, https:\/\/bioterme.si\/wp-content\/uploads\/2025\/03\/15276-768x512.jpg 768w, https:\/\/bioterme.si\/wp-content\/uploads\/2025\/03\/15276-18x12.jpg 18w, https:\/\/bioterme.si\/wp-content\/uploads\/2025\/03\/15276.jpg 1500w\" sizes=\"(max-width: 800px) 100vw, 800px\" \/>\t\t\t\t\t\t\t\t\t\t\t\t\t\t\t<\/div>\n\t\t\t\t<\/div>\n\t\t\t\t<\/div>\n\t\t\t\t\t<\/div>\n\t\t\t\t<\/div>\n\t\t<div class=\"elementor-element elementor-element-55e3aec e-flex e-con-boxed e-con e-parent\" data-id=\"55e3aec\" data-element_type=\"container\" data-settings=\"{&quot;background_background&quot;:&quot;classic&quot;}\">\n\t\t\t\t\t<div class=\"e-con-inner\">\n\t\t<div class=\"elementor-element elementor-element-239eb51 e-con-full e-flex e-con e-child\" data-id=\"239eb51\" data-element_type=\"container\">\n\t\t\t\t<div class=\"elementor-element elementor-element-8e5b765 elementor-widget elementor-widget-text-editor\" data-id=\"8e5b765\" data-element_type=\"widget\" data-widget_type=\"text-editor.default\">\n\t\t\t\t<div class=\"elementor-widget-container\">\n\t\t\t\t\t\t\t\t\t<p>Da bomo v najve\u010dji mo\u017eni meri poskrbeli za trajno ravnanje in ohranili naravo, prijazno vabimo vse na\u0161e zaposlene, okoli\u0161ke prebivalce, in tudi na\u0161e goste, da enako, kot ravnamo z viri mi, ravnajo tudi doma. Le tako bomo ohranili na\u0161 modri planet kot varen in prijeten dom tudi za naslednje rodove.<\/p><p><strong>POSTANIMO VSI ISKALCI NOVIH PRILO\u017dNOSTI ZA OKOLJU PRIJAZNO DELOVANJE!<\/strong><\/p>\t\t\t\t\t\t\t\t<\/div>\n\t\t\t\t<\/div>\n\t\t\t\t<\/div>\n\t\t\t\t\t<\/div>\n\t\t\t\t<\/div>\n\t\t\t\t<\/div>\n\t\t","protected":false},"excerpt":{"rendered":"<p>Delujemo okolju prijazno Na\u0161a zaveza trajnostnemu turizmu Naravna dedi\u0161\u010dina okolja nam daje prilo\u017enost slediti usmeritvam in trendom trajnostnega turizma, katerim\u00a0 se Bioterme mo\u010dno zavezujemo pri svojem poslovanju &#8211; s prizadevanji ohraniti naravo v dobri formi tudi za naslednje generacije. V hotelu Bioterme spo\u0161tovanje le te izkazujemo s pridobitvijo znaka za okolje Ecolabel flower oz. Eko [&hellip;]<\/p>\n","protected":false},"author":9,"featured_media":0,"parent":0,"menu_order":0,"comment_status":"closed","ping_status":"closed","template":"","meta":{"footnotes":""},"class_list":["post-6775","page","type-page","status-publish","hentry"],"_links":{"self":[{"href":"https:\/\/bioterme.si\/sl\/wp-json\/wp\/v2\/pages\/6775","targetHints":{"allow":["GET"]}}],"collection":[{"href":"https:\/\/bioterme.si\/sl\/wp-json\/wp\/v2\/pages"}],"about":[{"href":"https:\/\/bioterme.si\/sl\/wp-json\/wp\/v2\/types\/page"}],"author":[{"embeddable":true,"href":"https:\/\/bioterme.si\/sl\/wp-json\/wp\/v2\/users\/9"}],"replies":[{"embeddable":true,"href":"https:\/\/bioterme.si\/sl\/wp-json\/wp\/v2\/comments?post=6775"}],"version-history":[{"count":31,"href":"https:\/\/bioterme.si\/sl\/wp-json\/wp\/v2\/pages\/6775\/revisions"}],"predecessor-version":[{"id":7108,"href":"https:\/\/bioterme.si\/sl\/wp-json\/wp\/v2\/pages\/6775\/revisions\/7108"}],"wp:attachment":[{"href":"https:\/\/bioterme.si\/sl\/wp-json\/wp\/v2\/media?parent=6775"}],"curies":[{"name":"wp","href":"https:\/\/api.w.org\/{rel}","templated":true}]}}