{"id":737,"date":"2023-02-09T09:58:08","date_gmt":"2023-02-09T09:58:08","guid":{"rendered":"https:\/\/online-narocanje.si\/?page_id=737"},"modified":"2026-01-14T20:20:44","modified_gmt":"2026-01-14T20:20:44","slug":"fitnes","status":"publish","type":"page","link":"https:\/\/bioterme.si\/sl\/fitnes\/","title":{"rendered":"Fitnes"},"content":{"rendered":"\t\t<div data-elementor-type=\"wp-page\" data-elementor-id=\"737\" class=\"elementor elementor-737\" data-elementor-post-type=\"page\">\n\t\t\t\t\t\t<section class=\"elementor-section elementor-top-section elementor-element elementor-element-8949fad elementor-section-height-min-height elementor-section-boxed elementor-section-height-default elementor-section-items-middle\" data-id=\"8949fad\" data-element_type=\"section\" data-settings=\"{&quot;background_background&quot;:&quot;classic&quot;}\">\n\t\t\t\t\t\t<div class=\"elementor-container elementor-column-gap-default\">\n\t\t\t\t\t<div class=\"elementor-column elementor-col-100 elementor-top-column elementor-element elementor-element-b17d81d\" data-id=\"b17d81d\" data-element_type=\"column\">\n\t\t\t<div class=\"elementor-widget-wrap elementor-element-populated\">\n\t\t\t\t\t\t<div class=\"elementor-element elementor-element-a010033 elementor-widget elementor-widget-heading\" data-id=\"a010033\" data-element_type=\"widget\" data-widget_type=\"heading.default\">\n\t\t\t\t<div class=\"elementor-widget-container\">\n\t\t\t\t\t<h2 class=\"elementor-heading-title elementor-size-default\">fitnes<\/h2>\t\t\t\t<\/div>\n\t\t\t\t<\/div>\n\t\t\t\t\t<\/div>\n\t\t<\/div>\n\t\t\t\t\t<\/div>\n\t\t<\/section>\n\t\t\t\t<section class=\"elementor-section elementor-top-section elementor-element elementor-element-bc02674 elementor-section-height-min-height elementor-section-boxed elementor-section-height-default elementor-section-items-middle\" data-id=\"bc02674\" data-element_type=\"section\" data-settings=\"{&quot;background_background&quot;:&quot;classic&quot;}\">\n\t\t\t\t\t\t<div class=\"elementor-container elementor-column-gap-default\">\n\t\t\t\t\t<div class=\"elementor-column elementor-col-100 elementor-top-column elementor-element elementor-element-07ef5e0\" data-id=\"07ef5e0\" data-element_type=\"column\">\n\t\t\t<div class=\"elementor-widget-wrap elementor-element-populated\">\n\t\t\t\t\t\t<div class=\"elementor-element elementor-element-8c03326 elementor-widget-divider--view-line elementor-widget elementor-widget-divider\" data-id=\"8c03326\" data-element_type=\"widget\" data-widget_type=\"divider.default\">\n\t\t\t\t<div class=\"elementor-widget-container\">\n\t\t\t\t\t\t\t<div class=\"elementor-divider\">\n\t\t\t<span class=\"elementor-divider-separator\">\n\t\t\t\t\t\t<\/span>\n\t\t<\/div>\n\t\t\t\t\t\t<\/div>\n\t\t\t\t<\/div>\n\t\t\t\t<div class=\"elementor-element elementor-element-a3ffca5 elementor-widget elementor-widget-heading\" data-id=\"a3ffca5\" data-element_type=\"widget\" data-widget_type=\"heading.default\">\n\t\t\t\t<div class=\"elementor-widget-container\">\n\t\t\t\t\t<h2 class=\"elementor-heading-title elementor-size-default\">Vadba <b>v fitnesu<\/b><\/h2>\t\t\t\t<\/div>\n\t\t\t\t<\/div>\n\t\t\t\t<div class=\"elementor-element elementor-element-cffb99c elementor-widget elementor-widget-text-editor\" data-id=\"cffb99c\" data-element_type=\"widget\" data-widget_type=\"text-editor.default\">\n\t\t\t\t<div class=\"elementor-widget-container\">\n\t\t\t\t\t\t\t\t\t<p>Vadba v fitnesu je primerna za vsa \u017eivljenjska obdobja, za oba spola in razli\u010dne stopnje telesne pripravljenosti. Vadba je preprosta saj ne potrebujemo posebnih \u0161portnih znanj, hkrati pa imamo mo\u017enost vplivati na mi\u0161ice celotnega telesa. Te\u017eavnost vadbe je prilagojena posamezniku, kar pomeni, da je varnost pri vadbi velika in mo\u017enost po\u0161kodb zelo majhna.<\/p>\t\t\t\t\t\t\t\t<\/div>\n\t\t\t\t<\/div>\n\t\t\t\t\t<\/div>\n\t\t<\/div>\n\t\t\t\t\t<\/div>\n\t\t<\/section>\n\t\t\t\t<section class=\"elementor-section elementor-top-section elementor-element elementor-element-3fc25ee elementor-section-boxed elementor-section-height-default elementor-section-height-default\" data-id=\"3fc25ee\" data-element_type=\"section\" data-settings=\"{&quot;background_background&quot;:&quot;classic&quot;}\">\n\t\t\t\t\t\t<div class=\"elementor-container elementor-column-gap-default\">\n\t\t\t\t\t<div class=\"elementor-column elementor-col-50 elementor-top-column elementor-element elementor-element-257b4f6\" data-id=\"257b4f6\" data-element_type=\"column\">\n\t\t\t<div class=\"elementor-widget-wrap elementor-element-populated\">\n\t\t\t\t\t\t<div class=\"elementor-element elementor-element-e5615df elementor-widget elementor-widget-image\" data-id=\"e5615df\" data-element_type=\"widget\" data-widget_type=\"image.default\">\n\t\t\t\t<div class=\"elementor-widget-container\">\n\t\t\t\t\t\t\t\t\t\t\t\t\t\t\t<img fetchpriority=\"high\" decoding=\"async\" width=\"800\" height=\"584\" src=\"https:\/\/bioterme.si\/wp-content\/uploads\/2023\/02\/Rectangle-12-13-1024x748.jpg\" class=\"attachment-large size-large wp-image-745\" alt=\"\" srcset=\"https:\/\/bioterme.si\/wp-content\/uploads\/2023\/02\/Rectangle-12-13-1024x748.jpg 1024w, https:\/\/bioterme.si\/wp-content\/uploads\/2023\/02\/Rectangle-12-13-300x219.jpg 300w, https:\/\/bioterme.si\/wp-content\/uploads\/2023\/02\/Rectangle-12-13-768x561.jpg 768w, https:\/\/bioterme.si\/wp-content\/uploads\/2023\/02\/Rectangle-12-13.jpg 1040w\" sizes=\"(max-width: 800px) 100vw, 800px\" \/>\t\t\t\t\t\t\t\t\t\t\t\t\t\t\t<\/div>\n\t\t\t\t<\/div>\n\t\t\t\t\t<\/div>\n\t\t<\/div>\n\t\t\t\t<div class=\"elementor-column elementor-col-50 elementor-top-column elementor-element elementor-element-8844d29\" data-id=\"8844d29\" data-element_type=\"column\">\n\t\t\t<div class=\"elementor-widget-wrap elementor-element-populated\">\n\t\t\t\t\t\t<div class=\"elementor-element elementor-element-6fc9e15 elementor-widget elementor-widget-text-editor\" data-id=\"6fc9e15\" data-element_type=\"widget\" data-widget_type=\"text-editor.default\">\n\t\t\t\t<div class=\"elementor-widget-container\">\n\t\t\t\t\t\t\t\t\t<p>Vadba v fitnesu pod strokovnim vodstvom omogo\u010da, da vade\u010di dose\u017ee zadane cilje v najkraj\u0161em mo\u017enem \u010dasu na varen na\u010din.<br \/><br \/>Dodatni programi so izoblikovani in prilagojeni va\u0161im sposobnostim. Ob tem se upo\u0161teva va\u0161e zdravstveno stanje, spol, starost, predhodne izku\u0161nje z vadbo ter seveda \u017eelje in cilje vade\u010dega.<\/p>\t\t\t\t\t\t\t\t<\/div>\n\t\t\t\t<\/div>\n\t\t\t\t\t<\/div>\n\t\t<\/div>\n\t\t\t\t\t<\/div>\n\t\t<\/section>\n\t\t\t\t<section class=\"elementor-section elementor-top-section elementor-element elementor-element-8da44ba elementor-section-full_width elementor-section-height-default elementor-section-height-default\" data-id=\"8da44ba\" data-element_type=\"section\" data-settings=\"{&quot;background_background&quot;:&quot;classic&quot;}\">\n\t\t\t\t\t\t<div class=\"elementor-container elementor-column-gap-default\">\n\t\t\t\t\t<div class=\"elementor-column elementor-col-100 elementor-top-column elementor-element elementor-element-247962c\" data-id=\"247962c\" data-element_type=\"column\">\n\t\t\t<div class=\"elementor-widget-wrap elementor-element-populated\">\n\t\t\t\t\t\t<div class=\"elementor-element elementor-element-b77e4dc elementor--h-position-center elementor--v-position-middle elementor-pagination-position-inside elementor-widget elementor-widget-slides\" data-id=\"b77e4dc\" data-element_type=\"widget\" data-settings=\"{&quot;navigation&quot;:&quot;dots&quot;,&quot;autoplay&quot;:&quot;yes&quot;,&quot;pause_on_hover&quot;:&quot;yes&quot;,&quot;pause_on_interaction&quot;:&quot;yes&quot;,&quot;autoplay_speed&quot;:5000,&quot;infinite&quot;:&quot;yes&quot;,&quot;transition&quot;:&quot;slide&quot;,&quot;transition_speed&quot;:500}\" data-widget_type=\"slides.default\">\n\t\t\t\t<div class=\"elementor-widget-container\">\n\t\t\t\t\t\t\t\t\t<div class=\"elementor-swiper\">\n\t\t\t\t\t<div class=\"elementor-slides-wrapper elementor-main-swiper swiper\" role=\"region\" aria-roledescription=\"carousel\" aria-label=\"Slides\" dir=\"ltr\" data-animation=\"fadeInUp\">\n\t\t\t\t<div class=\"swiper-wrapper elementor-slides\">\n\t\t\t\t\t\t\t\t\t\t<div class=\"elementor-repeater-item-4932e38 swiper-slide\" role=\"group\" aria-roledescription=\"slide\"><div class=\"swiper-slide-bg\" role=\"img\"><\/div><div class=\"swiper-slide-inner\" ><div class=\"swiper-slide-contents\"><div class=\"elementor-slide-description\">L<\/div><\/div><\/div><\/div><div class=\"elementor-repeater-item-e916a7d swiper-slide\" role=\"group\" aria-roledescription=\"slide\"><div class=\"swiper-slide-bg\" role=\"img\"><\/div><div class=\"swiper-slide-inner\" ><div class=\"swiper-slide-contents\"><div class=\"elementor-slide-description\">L<\/div><\/div><\/div><\/div><div class=\"elementor-repeater-item-2a27bbe swiper-slide\" role=\"group\" aria-roledescription=\"slide\"><div class=\"swiper-slide-bg\" role=\"img\"><\/div><div class=\"swiper-slide-inner\" ><div class=\"swiper-slide-contents\"><div class=\"elementor-slide-description\">L<\/div><\/div><\/div><\/div><div class=\"elementor-repeater-item-b420d01 swiper-slide\" role=\"group\" aria-roledescription=\"slide\"><div class=\"swiper-slide-bg\" role=\"img\"><\/div><div class=\"swiper-slide-inner\" ><div class=\"swiper-slide-contents\"><div class=\"elementor-slide-description\">L<\/div><\/div><\/div><\/div>\t\t\t\t<\/div>\n\t\t\t\t\t\t\t\t\t\t\t\t\t\t\t\t\t\t\t\t<div class=\"swiper-pagination\"><\/div>\n\t\t\t\t\t\t\t\t\t\t\t\t<\/div>\n\t\t\t\t<\/div>\n\t\t\t\t\t\t\t\t<\/div>\n\t\t\t\t<\/div>\n\t\t\t\t\t<\/div>\n\t\t<\/div>\n\t\t\t\t\t<\/div>\n\t\t<\/section>\n\t\t\t\t<section class=\"elementor-section elementor-top-section elementor-element elementor-element-15cd9d0 elementor-section-boxed elementor-section-height-default elementor-section-height-default\" data-id=\"15cd9d0\" data-element_type=\"section\" data-settings=\"{&quot;background_background&quot;:&quot;classic&quot;}\">\n\t\t\t\t\t\t<div class=\"elementor-container elementor-column-gap-default\">\n\t\t\t\t\t<div class=\"elementor-column elementor-col-100 elementor-top-column elementor-element elementor-element-2bd9f98\" data-id=\"2bd9f98\" data-element_type=\"column\">\n\t\t\t<div class=\"elementor-widget-wrap elementor-element-populated\">\n\t\t\t\t\t\t<div class=\"elementor-element elementor-element-8d25036 elementor-widget-divider--view-line elementor-widget elementor-widget-divider\" data-id=\"8d25036\" data-element_type=\"widget\" data-widget_type=\"divider.default\">\n\t\t\t\t<div class=\"elementor-widget-container\">\n\t\t\t\t\t\t\t<div class=\"elementor-divider\">\n\t\t\t<span class=\"elementor-divider-separator\">\n\t\t\t\t\t\t<\/span>\n\t\t<\/div>\n\t\t\t\t\t\t<\/div>\n\t\t\t\t<\/div>\n\t\t\t\t<div class=\"elementor-element elementor-element-d5917ee elementor-widget elementor-widget-heading\" data-id=\"d5917ee\" data-element_type=\"widget\" data-widget_type=\"heading.default\">\n\t\t\t\t<div class=\"elementor-widget-container\">\n\t\t\t\t\t<h2 class=\"elementor-heading-title elementor-size-default\">Aktualna <b>ponudba<\/b><\/h2>\t\t\t\t<\/div>\n\t\t\t\t<\/div>\n\t\t\t\t\t<\/div>\n\t\t<\/div>\n\t\t\t\t\t<\/div>\n\t\t<\/section>\n\t\t\t\t<section class=\"elementor-section elementor-top-section elementor-element elementor-element-928b8ca elementor-section-boxed elementor-section-height-default elementor-section-height-default\" data-id=\"928b8ca\" data-element_type=\"section\" data-settings=\"{&quot;background_background&quot;:&quot;classic&quot;}\">\n\t\t\t\t\t\t<div class=\"elementor-container elementor-column-gap-default\">\n\t\t\t\t\t<div class=\"elementor-column elementor-col-100 elementor-top-column elementor-element elementor-element-6e1e745\" data-id=\"6e1e745\" data-element_type=\"column\">\n\t\t\t<div class=\"elementor-widget-wrap elementor-element-populated\">\n\t\t\t\t\t\t<div class=\"elementor-element elementor-element-b9e04c8 elementor-widget elementor-widget-ucaddon_uc_card_post_carousel\" data-id=\"b9e04c8\" data-element_type=\"widget\" data-widget_type=\"ucaddon_uc_card_post_carousel.default\">\n\t\t\t\t<div class=\"elementor-widget-container\">\n\t\t\t\t\t\n<!-- start Post Carousel Lite -->\n\t\t<link id='font-awesome-css' href='https:\/\/bioterme.si\/wp-content\/plugins\/unlimited-elements-for-elementor\/assets_libraries\/font-awesome6\/fontawesome-all.min.css' type='text\/css' rel='stylesheet' >\n\t\t<link id='font-awesome-4-shim-css' href='https:\/\/bioterme.si\/wp-content\/plugins\/unlimited-elements-for-elementor\/assets_libraries\/font-awesome6\/fontawesome-v4-shims.min.css' type='text\/css' rel='stylesheet' >\n\t\t<link id='owl-carousel-css' href='https:\/\/bioterme.si\/wp-content\/plugins\/unlimited-elements-for-elementor\/assets_libraries\/owl-carousel-new\/assets\/owl.carousel.css' type='text\/css' rel='stylesheet' >\n\n<style>\/* widget: Post Carousel Lite *\/\n\n#uc_uc_card_post_carousel_elementor_b9e04c8 *{\n  box-sizing:border-box;\n}\n#uc_uc_card_post_carousel_elementor_b9e04c8{\n  position:relative;\n  min-height:1px;\n}\n#uc_uc_card_post_carousel_elementor_b9e04c8 .uc_image_carousel_content{\n\ttext-align:left;\n    display: flex;\n     flex-flow: column nowrap;\n}\n#uc_uc_card_post_carousel_elementor_b9e04c8 .ue_post_carousel_item\n{\n  overflow:hidden;\n  \n}\n\n#uc_uc_card_post_carousel_elementor_b9e04c8 .ue_post_btn_holder\n{\n  margin-top:auto;\n}\n\n#uc_uc_card_post_carousel_elementor_b9e04c8 .uc_more_btn{\n\n  display:inline-block;\n  text-align:center;\n  text-decoration:none;\n} \n\n.uc_overlay_image_carousel .uc_more_btn{\n  text-decoration:none;\n  display:inline-block;\n}\n\n.uc_overlay_image_carousel .uc_post_title{\n  font-size:21px;\n  text-decoration:none;\n}\n\n#uc_uc_card_post_carousel_elementor_b9e04c8 .owl-nav .owl-prev{\n    position:absolute;\n    display:inline-block;\n    text-align:center;\n}\n#uc_uc_card_post_carousel_elementor_b9e04c8 .owl-nav .owl-next{\n  position:absolute;\n  display:inline-block;\n  text-align:center;\n}\n\n\n#uc_uc_card_post_carousel_elementor_b9e04c8 .owl-dots {\noverflow:hidden;\ndisplay:false !important;\ntext-align:center;\n}\n\n#uc_uc_card_post_carousel_elementor_b9e04c8 .owl-dot {\nborder-radius:50%;\ndisplay:inline-block;\n}\n\n<\/style>\n\n<div class=\"uc_overlay_image_carousel\" id=\"uc_uc_card_post_carousel_elementor_b9e04c8\" data-custom-sethtml=\"true\" >\n   <div class=\"uc_carousel owl-carousel owl-theme uc-items-wrapper\">\n   \t\t<div class=\"uc_image_carousel_container_holder ue_post_carousel_item ue-SEZONSKA PONUDBA\">\n  <div class=\"uc_image_carousel_placeholder\">\n    <a href=\"https:\/\/bioterme.si\/sl\/termalni-oddih\/\"><div style=\"background-image:url(https:\/\/bioterme.si\/wp-content\/uploads\/2025\/08\/28.07.2025-Bioterme-Session-3-13-768x512.jpg); background-size:cover; background-position:center; height:200px;\"><\/div><\/a>\n  <\/div>\n\n  <div class=\"uc_image_carousel_content\" >\n                <a href=\"https:\/\/bioterme.si\/sl\/termalni-oddih\/\" style=\"text-decoration:none;\"><div class=\"uc_post_title\" style=\"text-decoration:none;\">Termalni oddih<\/div><\/a>    <div class=\"ue_post_intro\">Termalni paketi \u017ee od 51\u20ac naprej.<\/div>    <div class=\"ue_post_btn_holder\"><a class=\"uc_more_btn\"  href=\"https:\/\/bioterme.si\/sl\/termalni-oddih\/\">Preveri<\/a><\/div>  <\/div>\n<\/div>\n<div class=\"uc_image_carousel_container_holder ue_post_carousel_item ue-Paketi\">\n  <div class=\"uc_image_carousel_placeholder\">\n    <a href=\"https:\/\/bioterme.si\/sl\/pocitnice-in-prazniki-za-druzine\/\"><div style=\"background-image:url(https:\/\/bioterme.si\/wp-content\/uploads\/2026\/01\/Druzina-v-bazenu_2025-1-768x432.jpg); background-size:cover; background-position:center; height:200px;\"><\/div><\/a>\n  <\/div>\n\n  <div class=\"uc_image_carousel_content\" >\n                <a href=\"https:\/\/bioterme.si\/sl\/pocitnice-in-prazniki-za-druzine\/\" style=\"text-decoration:none;\"><div class=\"uc_post_title\" style=\"text-decoration:none;\">Po\u010ditnice in prazniki za dru\u017eine<\/div><\/a>    <div class=\"ue_post_intro\">Po\u010ditni\u0161ka akcija za dru\u017eine, cena \u017ee od 79\u20ac naprej.<\/div>    <div class=\"ue_post_btn_holder\"><a class=\"uc_more_btn\"  href=\"https:\/\/bioterme.si\/sl\/pocitnice-in-prazniki-za-druzine\/\">Preveri<\/a><\/div>  <\/div>\n<\/div>\n<div class=\"uc_image_carousel_container_holder ue_post_carousel_item ue-SEZONSKA PONUDBA\">\n  <div class=\"uc_image_carousel_placeholder\">\n    <a href=\"https:\/\/bioterme.si\/sl\/murski-wellness\/\"><div style=\"background-image:url(https:\/\/bioterme.si\/wp-content\/uploads\/2024\/01\/DCD_Mura_02-05-2022_16-02-07_DSC_6431-\u2013-kopija-768x292.jpg); background-size:cover; background-position:center; height:200px;\"><\/div><\/a>\n  <\/div>\n\n  <div class=\"uc_image_carousel_content\" >\n                <a href=\"https:\/\/bioterme.si\/sl\/murski-wellness\/\" style=\"text-decoration:none;\"><div class=\"uc_post_title\" style=\"text-decoration:none;\">M\u00fcrski wellness<\/div><\/a>    <div class=\"ue_post_intro\">Murski wellness \u2013 sprostitveni paket za dva \u017ee od 399 \u20ac naprej.<\/div>    <div class=\"ue_post_btn_holder\"><a class=\"uc_more_btn\"  href=\"https:\/\/bioterme.si\/sl\/murski-wellness\/\">Preveri<\/a><\/div>  <\/div>\n<\/div>\n<div class=\"uc_image_carousel_container_holder ue_post_carousel_item ue-Paketi\">\n  <div class=\"uc_image_carousel_placeholder\">\n    <a href=\"https:\/\/bioterme.si\/sl\/prlekija-vabi-2\/\"><div style=\"background-image:url(https:\/\/bioterme.si\/wp-content\/uploads\/2023\/05\/JBA_0987_jeruzalem_jurebanfi-768x512.jpg); background-size:cover; background-position:center; height:200px;\"><\/div><\/a>\n  <\/div>\n\n  <div class=\"uc_image_carousel_content\" >\n                <a href=\"https:\/\/bioterme.si\/sl\/prlekija-vabi-2\/\" style=\"text-decoration:none;\"><div class=\"uc_post_title\" style=\"text-decoration:none;\">Prlekija vabi<\/div><\/a>    <div class=\"ue_post_intro\">Prlekija vabi \u2013 paket razvajanja za dva \u017ee od 479 \u20ac naprej.<\/div>    <div class=\"ue_post_btn_holder\"><a class=\"uc_more_btn\"  href=\"https:\/\/bioterme.si\/sl\/prlekija-vabi-2\/\">Preveri<\/a><\/div>  <\/div>\n<\/div>\n<div class=\"uc_image_carousel_container_holder ue_post_carousel_item ue-Paketi\">\n  <div class=\"uc_image_carousel_placeholder\">\n    <a href=\"https:\/\/bioterme.si\/sl\/razvajajta-se-skupaj\/\"><div style=\"background-image:url(https:\/\/bioterme.si\/wp-content\/uploads\/2026\/01\/27.07.2025-Bioterme-Session-1-66-768x512.jpg); background-size:cover; background-position:center; height:200px;\"><\/div><\/a>\n  <\/div>\n\n  <div class=\"uc_image_carousel_content\" >\n                <a href=\"https:\/\/bioterme.si\/sl\/razvajajta-se-skupaj\/\" style=\"text-decoration:none;\"><div class=\"uc_post_title\" style=\"text-decoration:none;\">Razvajajta se skupaj<\/div><\/a>    <div class=\"ue_post_intro\">Romanti\u010dni paketi za oddih v dvoje \u2013 razvajanje \u017ee od 459 \u20ac naprej.<\/div>    <div class=\"ue_post_btn_holder\"><a class=\"uc_more_btn\"  href=\"https:\/\/bioterme.si\/sl\/razvajajta-se-skupaj\/\">Preveri<\/a><\/div>  <\/div>\n<\/div>\n<div class=\"uc_image_carousel_container_holder ue_post_carousel_item ue-Paketi\">\n  <div class=\"uc_image_carousel_placeholder\">\n    <a href=\"https:\/\/bioterme.si\/sl\/poslovno-bivanje\/\"><div style=\"background-image:url(https:\/\/bioterme.si\/wp-content\/uploads\/2023\/03\/Group-98-5-768x267.jpg); background-size:cover; background-position:center; height:200px;\"><\/div><\/a>\n  <\/div>\n\n  <div class=\"uc_image_carousel_content\" >\n                <a href=\"https:\/\/bioterme.si\/sl\/poslovno-bivanje\/\" style=\"text-decoration:none;\"><div class=\"uc_post_title\" style=\"text-decoration:none;\">Poslovno bivanje<\/div><\/a>    <div class=\"ue_post_intro\">Paketi poslovnega bivanja \u017ee od 79\u20ac naprej.<\/div>    <div class=\"ue_post_btn_holder\"><a class=\"uc_more_btn\"  href=\"https:\/\/bioterme.si\/sl\/poslovno-bivanje\/\">Preveri<\/a><\/div>  <\/div>\n<\/div>\n<div class=\"uc_image_carousel_container_holder ue_post_carousel_item ue-Paketi\">\n  <div class=\"uc_image_carousel_placeholder\">\n    <a href=\"https:\/\/bioterme.si\/sl\/darilni-boni\/\"><div style=\"background-image:url(https:\/\/bioterme.si\/wp-content\/uploads\/2026\/03\/501143-768x384.jpg); background-size:cover; background-position:center; height:200px;\"><\/div><\/a>\n  <\/div>\n\n  <div class=\"uc_image_carousel_content\" >\n                <a href=\"https:\/\/bioterme.si\/sl\/darilni-boni\/\" style=\"text-decoration:none;\"><div class=\"uc_post_title\" style=\"text-decoration:none;\">Darilni boni<\/div><\/a>    <div class=\"ue_post_intro\">Darilni boni \u2013 podarite izku\u0161njo, ki ostane v spominu.<\/div>    <div class=\"ue_post_btn_holder\"><a class=\"uc_more_btn\"  href=\"https:\/\/bioterme.si\/sl\/darilni-boni\/\">Preveri<\/a><\/div>  <\/div>\n<\/div>\n<div class=\"uc_image_carousel_container_holder ue_post_carousel_item ue-Paketi\">\n  <div class=\"uc_image_carousel_placeholder\">\n    <a href=\"https:\/\/bioterme.si\/sl\/otroski-rojstni-dnevi-v-biotermah\/\"><div style=\"background-image:url(https:\/\/bioterme.si\/wp-content\/uploads\/2026\/03\/26363-768x512.jpg); background-size:cover; background-position:center; height:200px;\"><\/div><\/a>\n  <\/div>\n\n  <div class=\"uc_image_carousel_content\" >\n                <a href=\"https:\/\/bioterme.si\/sl\/otroski-rojstni-dnevi-v-biotermah\/\" style=\"text-decoration:none;\"><div class=\"uc_post_title\" style=\"text-decoration:none;\">Otro\u0161ki rojstni dnevi v Biotermah<\/div><\/a>    <div class=\"ue_post_intro\">Otro\u0161ki rojstni dnevi \u2013 nepozabna zabava za najmlaj\u0161e.<\/div>    <div class=\"ue_post_btn_holder\"><a class=\"uc_more_btn\"  href=\"https:\/\/bioterme.si\/sl\/otroski-rojstni-dnevi-v-biotermah\/\">Preveri<\/a><\/div>  <\/div>\n<\/div>\n<div class=\"uc_image_carousel_container_holder ue_post_carousel_item ue-Paketi\">\n  <div class=\"uc_image_carousel_placeholder\">\n    <a href=\"https:\/\/bioterme.si\/sl\/ajurveda-vikend-paket\/\"><div style=\"background-image:url(https:\/\/bioterme.si\/wp-content\/uploads\/2023\/04\/J9A6996-2-768x412.jpg); background-size:cover; background-position:center; height:200px;\"><\/div><\/a>\n  <\/div>\n\n  <div class=\"uc_image_carousel_content\" >\n                <a href=\"https:\/\/bioterme.si\/sl\/ajurveda-vikend-paket\/\" style=\"text-decoration:none;\"><div class=\"uc_post_title\" style=\"text-decoration:none;\">AJURVEDA VIKEND PAKET<\/div><\/a>    <div class=\"ue_post_intro\">Ayurveda vikend paket \u2013 sprostitveni pobeg in ravnovesje telesa od 229 \u20ac naprej<\/div>    <div class=\"ue_post_btn_holder\"><a class=\"uc_more_btn\"  href=\"https:\/\/bioterme.si\/sl\/ajurveda-vikend-paket\/\">Preveri<\/a><\/div>  <\/div>\n<\/div>\n<div class=\"uc_image_carousel_container_holder ue_post_carousel_item ue-Paketi\">\n  <div class=\"uc_image_carousel_placeholder\">\n    <a href=\"https:\/\/bioterme.si\/sl\/senior-paket\/\"><div style=\"background-image:url(https:\/\/bioterme.si\/wp-content\/uploads\/2023\/03\/28.07.2025-Bioterme-Session-3-16-768x512.jpg); background-size:cover; background-position:center; height:200px;\"><\/div><\/a>\n  <\/div>\n\n  <div class=\"uc_image_carousel_content\" >\n                <a href=\"https:\/\/bioterme.si\/sl\/senior-paket\/\" style=\"text-decoration:none;\"><div class=\"uc_post_title\" style=\"text-decoration:none;\">Senior paket<\/div><\/a>    <div class=\"ue_post_intro\">Senior paket \u2013 udobje in sprostitev \u017ee od 50\u20ac naprej.<\/div>    <div class=\"ue_post_btn_holder\"><a class=\"uc_more_btn\"  href=\"https:\/\/bioterme.si\/sl\/senior-paket\/\">Preveri<\/a><\/div>  <\/div>\n<\/div>\n\n   <\/div>\t\n<\/div>\n\n<!-- --->\n<!-- --->\n<!-- --->\n<!-- end Post Carousel Lite -->\t\t\t\t<\/div>\n\t\t\t\t<\/div>\n\t\t\t\t\t<\/div>\n\t\t<\/div>\n\t\t\t\t\t<\/div>\n\t\t<\/section>\n\t\t\t\t<section class=\"elementor-section elementor-top-section elementor-element elementor-element-c9b5743 elementor-section-boxed elementor-section-height-default elementor-section-height-default\" data-id=\"c9b5743\" data-element_type=\"section\" data-settings=\"{&quot;background_background&quot;:&quot;classic&quot;}\">\n\t\t\t\t\t\t<div class=\"elementor-container elementor-column-gap-default\">\n\t\t\t\t\t<div class=\"elementor-column elementor-col-100 elementor-top-column elementor-element elementor-element-3361742\" data-id=\"3361742\" data-element_type=\"column\">\n\t\t\t<div class=\"elementor-widget-wrap elementor-element-populated\">\n\t\t\t\t\t\t<div class=\"elementor-element elementor-element-327f979 elementor-align-right elementor-widget elementor-widget-button\" data-id=\"327f979\" data-element_type=\"widget\" data-widget_type=\"button.default\">\n\t\t\t\t<div class=\"elementor-widget-container\">\n\t\t\t\t\t\t\t\t\t<div class=\"elementor-button-wrapper\">\n\t\t\t\t\t<a class=\"elementor-button elementor-button-link elementor-size-sm\" href=\"https:\/\/bioterme.si\/paketi\/\">\n\t\t\t\t\t\t<span class=\"elementor-button-content-wrapper\">\n\t\t\t\t\t\t<span class=\"elementor-button-icon\">\n\t\t\t\t<i aria-hidden=\"true\" class=\"fas fa-angle-right\"><\/i>\t\t\t<\/span>\n\t\t\t\t\t\t\t\t\t<span class=\"elementor-button-text\">Vsa ponudba<\/span>\n\t\t\t\t\t<\/span>\n\t\t\t\t\t<\/a>\n\t\t\t\t<\/div>\n\t\t\t\t\t\t\t\t<\/div>\n\t\t\t\t<\/div>\n\t\t\t\t\t<\/div>\n\t\t<\/div>\n\t\t\t\t\t<\/div>\n\t\t<\/section>\n\t\t\t\t<\/div>\n\t\t","protected":false},"excerpt":{"rendered":"<p>fitnes Vadba v fitnesu Vadba v fitnesu je primerna za vsa \u017eivljenjska obdobja, za oba spola in razli\u010dne stopnje telesne pripravljenosti. Vadba je preprosta saj ne potrebujemo posebnih \u0161portnih znanj, hkrati pa imamo mo\u017enost vplivati na mi\u0161ice celotnega telesa. Te\u017eavnost vadbe je prilagojena posamezniku, kar pomeni, da je varnost pri vadbi velika in mo\u017enost po\u0161kodb [&hellip;]<\/p>\n","protected":false},"author":1,"featured_media":0,"parent":0,"menu_order":0,"comment_status":"closed","ping_status":"closed","template":"elementor_header_footer","meta":{"footnotes":""},"class_list":["post-737","page","type-page","status-publish","hentry"],"_links":{"self":[{"href":"https:\/\/bioterme.si\/sl\/wp-json\/wp\/v2\/pages\/737","targetHints":{"allow":["GET"]}}],"collection":[{"href":"https:\/\/bioterme.si\/sl\/wp-json\/wp\/v2\/pages"}],"about":[{"href":"https:\/\/bioterme.si\/sl\/wp-json\/wp\/v2\/types\/page"}],"author":[{"embeddable":true,"href":"https:\/\/bioterme.si\/sl\/wp-json\/wp\/v2\/users\/1"}],"replies":[{"embeddable":true,"href":"https:\/\/bioterme.si\/sl\/wp-json\/wp\/v2\/comments?post=737"}],"version-history":[{"count":28,"href":"https:\/\/bioterme.si\/sl\/wp-json\/wp\/v2\/pages\/737\/revisions"}],"predecessor-version":[{"id":10067,"href":"https:\/\/bioterme.si\/sl\/wp-json\/wp\/v2\/pages\/737\/revisions\/10067"}],"wp:attachment":[{"href":"https:\/\/bioterme.si\/sl\/wp-json\/wp\/v2\/media?parent=737"}],"curies":[{"name":"wp","href":"https:\/\/api.w.org\/{rel}","templated":true}]}}