{"id":896,"date":"2023-02-09T11:31:49","date_gmt":"2023-02-09T11:31:49","guid":{"rendered":"https:\/\/online-narocanje.si\/?page_id=896"},"modified":"2025-03-14T16:29:51","modified_gmt":"2025-03-14T16:29:51","slug":"samopostrezno-vikend-kosilo","status":"publish","type":"page","link":"https:\/\/bioterme.si\/sl\/samopostrezno-vikend-kosilo\/","title":{"rendered":"Samopostre\u017eno vikend kosilo"},"content":{"rendered":"\t\t<div data-elementor-type=\"wp-page\" data-elementor-id=\"896\" class=\"elementor elementor-896\" data-elementor-post-type=\"page\">\n\t\t\t\t\t\t<section class=\"elementor-section elementor-top-section elementor-element elementor-element-e67479a elementor-section-height-min-height elementor-section-boxed elementor-section-height-default elementor-section-items-middle\" data-id=\"e67479a\" data-element_type=\"section\" data-settings=\"{&quot;background_background&quot;:&quot;classic&quot;}\">\n\t\t\t\t\t\t<div class=\"elementor-container elementor-column-gap-default\">\n\t\t\t\t\t<div class=\"elementor-column elementor-col-100 elementor-top-column elementor-element elementor-element-97f2410\" data-id=\"97f2410\" data-element_type=\"column\">\n\t\t\t<div class=\"elementor-widget-wrap elementor-element-populated\">\n\t\t\t\t\t\t<div class=\"elementor-element elementor-element-3824589 elementor-widget elementor-widget-heading\" data-id=\"3824589\" data-element_type=\"widget\" data-widget_type=\"heading.default\">\n\t\t\t\t<div class=\"elementor-widget-container\">\n\t\t\t\t\t<h2 class=\"elementor-heading-title elementor-size-default\">SAMOPOSTRE\u017dNi<\/h2>\t\t\t\t<\/div>\n\t\t\t\t<\/div>\n\t\t\t\t<div class=\"elementor-element elementor-element-fc35039 elementor-widget elementor-widget-heading\" data-id=\"fc35039\" data-element_type=\"widget\" data-widget_type=\"heading.default\">\n\t\t\t\t<div class=\"elementor-widget-container\">\n\t\t\t\t\t<h2 class=\"elementor-heading-title elementor-size-default\">Obroki<\/h2>\t\t\t\t<\/div>\n\t\t\t\t<\/div>\n\t\t\t\t\t<\/div>\n\t\t<\/div>\n\t\t\t\t\t<\/div>\n\t\t<\/section>\n\t\t\t\t<section class=\"elementor-section elementor-top-section elementor-element elementor-element-5f24ab9 elementor-section-height-min-height elementor-section-boxed elementor-section-height-default elementor-section-items-middle\" data-id=\"5f24ab9\" data-element_type=\"section\" data-settings=\"{&quot;background_background&quot;:&quot;classic&quot;}\">\n\t\t\t\t\t\t<div class=\"elementor-container elementor-column-gap-default\">\n\t\t\t\t\t<div class=\"elementor-column elementor-col-100 elementor-top-column elementor-element elementor-element-ae7b214\" data-id=\"ae7b214\" data-element_type=\"column\">\n\t\t\t<div class=\"elementor-widget-wrap\">\n\t\t\t\t\t\t\t<\/div>\n\t\t<\/div>\n\t\t\t\t\t<\/div>\n\t\t<\/section>\n\t\t\t\t<section class=\"elementor-section elementor-top-section elementor-element elementor-element-2e883aa elementor-section-height-min-height elementor-section-boxed elementor-section-height-default elementor-section-items-middle\" data-id=\"2e883aa\" data-element_type=\"section\" data-settings=\"{&quot;background_background&quot;:&quot;classic&quot;}\">\n\t\t\t\t\t\t<div class=\"elementor-container elementor-column-gap-default\">\n\t\t\t\t\t<div class=\"elementor-column elementor-col-100 elementor-top-column elementor-element elementor-element-9be585a\" data-id=\"9be585a\" data-element_type=\"column\">\n\t\t\t<div class=\"elementor-widget-wrap elementor-element-populated\">\n\t\t\t\t\t\t<div class=\"elementor-element elementor-element-cbb608c elementor-widget elementor-widget-text-editor\" data-id=\"cbb608c\" data-element_type=\"widget\" data-widget_type=\"text-editor.default\">\n\t\t\t\t<div class=\"elementor-widget-container\">\n\t\t\t\t\t\t\t\t\t<p><b>VZEMITE SI \u010cAS ZASE, SVOJO DRU\u017dINO ALI PRIJATELJE. VABLJENI, DA JIH POGOSTITE PRI NAS IN PRE\u017dIVITE DRAGOCENE TRENUTKE Z NJIMI BREZSKRBNO!<\/b><\/p>\n<p>&nbsp;Za ve\u010d kot 5 oseb&nbsp;<span style=\"color: var( --e-global-color-primary );\">OBVEZNE REZERVACIJE<\/span><span style=\"color: var( --e-global-color-primary );\">&nbsp;na:<\/span><strong style=\"color: var( --e-global-color-primary );\">&nbsp;+386&nbsp;<a href=\"tel:026562002\">2 56 52 002&nbsp;<\/a><\/strong><span style=\"color: var( --e-global-color-primary );\">ali <\/span><strong style=\"color: var( --e-global-color-primary );\"><a href=\"mailto:hotel@bioterme.si\">hotel@bioterme.si<\/a><\/strong><span style=\"color: var( --e-global-color-primary );\">.<\/span><\/p>\t\t\t\t\t\t\t\t<\/div>\n\t\t\t\t<\/div>\n\t\t\t\t<section class=\"elementor-section elementor-inner-section elementor-element elementor-element-f0c1e1d elementor-section-full_width elementor-section-height-default elementor-section-height-default\" data-id=\"f0c1e1d\" data-element_type=\"section\" data-settings=\"{&quot;background_background&quot;:&quot;classic&quot;}\">\n\t\t\t\t\t\t<div class=\"elementor-container elementor-column-gap-default\">\n\t\t\t\t\t<div class=\"elementor-column elementor-col-50 elementor-inner-column elementor-element elementor-element-9db64f7\" data-id=\"9db64f7\" data-element_type=\"column\">\n\t\t\t<div class=\"elementor-widget-wrap elementor-element-populated\">\n\t\t\t\t\t\t<div class=\"elementor-element elementor-element-8708dfd elementor-widget elementor-widget-heading\" data-id=\"8708dfd\" data-element_type=\"widget\" data-widget_type=\"heading.default\">\n\t\t\t\t<div class=\"elementor-widget-container\">\n\t\t\t\t\t<h2 class=\"elementor-heading-title elementor-size-default\"><b>SAMOPOSTRE\u017dNI ZAJTRK (tudi bio zajtrk) <\/b> vsak dan med 7<b>.<\/b> in <b>10. <\/b>uro - 15,00 \u20ac\/osebo<br><br><span style=\"color: var( --e-global-color-primary );font-weight: 700\">SAMOPOSTRE\u017dNO KOSILO <\/span><span style=\"color: var( --e-global-color-primary )\"> vsak dan med <\/span><span style=\"color: var( --e-global-color-primary );font-weight: 700\">12.<\/span><span style=\"color: var( --e-global-color-primary )\"> in <\/span><span style=\"color: var( --e-global-color-primary );font-weight: 700\">14.<\/span><span style=\"color: var( --e-global-color-primary )\"> uro - 18,00 \u20ac\/osebo<\/span><br><br><span style=\"color: var( --e-global-color-primary )\"><b>SAMOPOSTRE\u017dNA VE\u010cERJA <\/b> vsak dan med <\/span><span style=\"color: var( --e-global-color-primary );font-weight: 700\">17.30<\/span><span style=\"color: var( --e-global-color-primary )\"> in 20<\/span><span style=\"color: var( --e-global-color-primary );font-weight: 700\">.<\/span><span style=\"color: var( --e-global-color-primary )\"> uro - 20,00 \u20ac\/osebo<\/span><\/h2>\t\t\t\t<\/div>\n\t\t\t\t<\/div>\n\t\t\t\t<div class=\"elementor-element elementor-element-0f307ca elementor-widget elementor-widget-heading\" data-id=\"0f307ca\" data-element_type=\"widget\" data-widget_type=\"heading.default\">\n\t\t\t\t<div class=\"elementor-widget-container\">\n\t\t\t\t\t<h2 class=\"elementor-heading-title elementor-size-default\"><br>Otroci do 4. leta imajo kosilo BREZPLA\u010cNO, od 4. leta do 14. leta 30% popust.<\/h2>\t\t\t\t<\/div>\n\t\t\t\t<\/div>\n\t\t\t\t\t<\/div>\n\t\t<\/div>\n\t\t\t\t<div class=\"elementor-column elementor-col-50 elementor-inner-column elementor-element elementor-element-471ae89\" data-id=\"471ae89\" data-element_type=\"column\">\n\t\t\t<div class=\"elementor-widget-wrap elementor-element-populated\">\n\t\t\t\t\t\t<div class=\"elementor-element elementor-element-1037c5d elementor-align-right elementor-mobile-align-left elementor-hidden-desktop elementor-hidden-tablet elementor-hidden-mobile elementor-widget elementor-widget-button\" data-id=\"1037c5d\" data-element_type=\"widget\" data-widget_type=\"button.default\">\n\t\t\t\t<div class=\"elementor-widget-container\">\n\t\t\t\t\t\t\t\t\t<div class=\"elementor-button-wrapper\">\n\t\t\t\t\t<a class=\"elementor-button elementor-button-link elementor-size-sm\" href=\"#\">\n\t\t\t\t\t\t<span class=\"elementor-button-content-wrapper\">\n\t\t\t\t\t\t\t\t\t<span class=\"elementor-button-text\">Rezerviraj<\/span>\n\t\t\t\t\t<\/span>\n\t\t\t\t\t<\/a>\n\t\t\t\t<\/div>\n\t\t\t\t\t\t\t\t<\/div>\n\t\t\t\t<\/div>\n\t\t\t\t\t<\/div>\n\t\t<\/div>\n\t\t\t\t\t<\/div>\n\t\t<\/section>\n\t\t\t\t\t<\/div>\n\t\t<\/div>\n\t\t\t\t\t<\/div>\n\t\t<\/section>\n\t\t\t\t<section class=\"elementor-section elementor-top-section elementor-element elementor-element-1b14ba4 elementor-section-height-min-height elementor-section-boxed elementor-section-height-default elementor-section-items-middle\" data-id=\"1b14ba4\" data-element_type=\"section\" data-settings=\"{&quot;background_background&quot;:&quot;classic&quot;}\">\n\t\t\t\t\t\t<div class=\"elementor-container elementor-column-gap-default\">\n\t\t\t\t\t<div class=\"elementor-column elementor-col-100 elementor-top-column elementor-element elementor-element-24a732a\" data-id=\"24a732a\" data-element_type=\"column\">\n\t\t\t<div class=\"elementor-widget-wrap elementor-element-populated\">\n\t\t\t\t\t\t<div class=\"elementor-element elementor-element-a0dcfd3 elementor-widget elementor-widget-heading\" data-id=\"a0dcfd3\" data-element_type=\"widget\" data-widget_type=\"heading.default\">\n\t\t\t\t<div class=\"elementor-widget-container\">\n\t\t\t\t\t<h2 class=\"elementor-heading-title elementor-size-default\">Preverite<br><b>vse pakete!<\/b><\/h2>\t\t\t\t<\/div>\n\t\t\t\t<\/div>\n\t\t\t\t<div class=\"elementor-element elementor-element-aecd2c5 elementor-align-right elementor-widget elementor-widget-button\" data-id=\"aecd2c5\" data-element_type=\"widget\" data-widget_type=\"button.default\">\n\t\t\t\t<div class=\"elementor-widget-container\">\n\t\t\t\t\t\t\t\t\t<div class=\"elementor-button-wrapper\">\n\t\t\t\t\t<a class=\"elementor-button elementor-button-link elementor-size-sm\" href=\"#\">\n\t\t\t\t\t\t<span class=\"elementor-button-content-wrapper\">\n\t\t\t\t\t\t<span class=\"elementor-button-icon\">\n\t\t\t\t<i aria-hidden=\"true\" class=\"fas fa-angle-right\"><\/i>\t\t\t<\/span>\n\t\t\t\t\t\t\t\t\t<span class=\"elementor-button-text\">Preverite<\/span>\n\t\t\t\t\t<\/span>\n\t\t\t\t\t<\/a>\n\t\t\t\t<\/div>\n\t\t\t\t\t\t\t\t<\/div>\n\t\t\t\t<\/div>\n\t\t\t\t\t<\/div>\n\t\t<\/div>\n\t\t\t\t\t<\/div>\n\t\t<\/section>\n\t\t\t\t<\/div>\n\t\t","protected":false},"excerpt":{"rendered":"<p>SAMOPOSTRE\u017dNi Obroki VZEMITE SI \u010cAS ZASE, SVOJO DRU\u017dINO ALI PRIJATELJE. VABLJENI, DA JIH POGOSTITE PRI NAS IN PRE\u017dIVITE DRAGOCENE TRENUTKE Z NJIMI BREZSKRBNO! &nbsp;Za ve\u010d kot 5 oseb&nbsp;OBVEZNE REZERVACIJE&nbsp;na:&nbsp;+386&nbsp;2 56 52 002&nbsp;ali hotel@bioterme.si. SAMOPOSTRE\u017dNI ZAJTRK (tudi bio zajtrk) vsak dan med 7. in 10. uro &#8211; 15,00 \u20ac\/osebo SAMOPOSTRE\u017dNO KOSILO vsak dan med 12. in [&hellip;]<\/p>\n","protected":false},"author":1,"featured_media":0,"parent":0,"menu_order":0,"comment_status":"closed","ping_status":"closed","template":"elementor_header_footer","meta":{"footnotes":""},"class_list":["post-896","page","type-page","status-publish","hentry"],"_links":{"self":[{"href":"https:\/\/bioterme.si\/sl\/wp-json\/wp\/v2\/pages\/896","targetHints":{"allow":["GET"]}}],"collection":[{"href":"https:\/\/bioterme.si\/sl\/wp-json\/wp\/v2\/pages"}],"about":[{"href":"https:\/\/bioterme.si\/sl\/wp-json\/wp\/v2\/types\/page"}],"author":[{"embeddable":true,"href":"https:\/\/bioterme.si\/sl\/wp-json\/wp\/v2\/users\/1"}],"replies":[{"embeddable":true,"href":"https:\/\/bioterme.si\/sl\/wp-json\/wp\/v2\/comments?post=896"}],"version-history":[{"count":58,"href":"https:\/\/bioterme.si\/sl\/wp-json\/wp\/v2\/pages\/896\/revisions"}],"predecessor-version":[{"id":6750,"href":"https:\/\/bioterme.si\/sl\/wp-json\/wp\/v2\/pages\/896\/revisions\/6750"}],"wp:attachment":[{"href":"https:\/\/bioterme.si\/sl\/wp-json\/wp\/v2\/media?parent=896"}],"curies":[{"name":"wp","href":"https:\/\/api.w.org\/{rel}","templated":true}]}}